{"id":541,"date":"2022-03-22T22:15:48","date_gmt":"2022-03-22T21:15:48","guid":{"rendered":"https:\/\/www.saccarta.it\/?page_id=541"},"modified":"2023-03-31T15:09:38","modified_gmt":"2023-03-31T13:09:38","slug":"home-2","status":"publish","type":"page","link":"https:\/\/www.saccarta.it\/it\/","title":{"rendered":"HOME"},"content":{"rendered":"<p>[vc_row css_animation=&#8221;&#8221; row_type=&#8221;row&#8221; use_row_as_full_screen_section=&#8221;no&#8221; type=&#8221;full_width&#8221; angled_section=&#8221;no&#8221; text_align=&#8221;left&#8221; background_image_as_pattern=&#8221;without_pattern&#8221;][vc_column][vc_single_image image=&#8221;456&#8243; img_size=&#8221;full&#8221; alignment=&#8221;center&#8221; qode_css_animation=&#8221;&#8221;][\/vc_column][\/vc_row][vc_row css_animation=&#8221;&#8221; row_type=&#8221;row&#8221; use_row_as_full_screen_section=&#8221;no&#8221; type=&#8221;full_width&#8221; angled_section=&#8221;no&#8221; text_align=&#8221;left&#8221; background_image_as_pattern=&#8221;without_pattern&#8221; z_index=&#8221;&#8221;][vc_column][vc_row_inner row_type=&#8221;row&#8221; type=&#8221;grid&#8221; text_align=&#8221;left&#8221; css_animation=&#8221;&#8221; css=&#8221;.vc_custom_1637600408822{padding-bottom: 30px !important;}&#8221;][vc_column_inner css=&#8221;.vc_custom_1516708323803{margin-top: -130px !important;}&#8221; offset=&#8221;vc_col-lg-7 vc_col-md-7&#8243;][\/vc_column_inner][vc_column_inner offset=&#8221;vc_col-lg-5 vc_col-md-5&#8243;][\/vc_column_inner][\/vc_row_inner][vc_row_inner row_type=&#8221;row&#8221; type=&#8221;grid&#8221; text_align=&#8221;left&#8221; css_animation=&#8221;&#8221; css=&#8221;.vc_custom_1637079292113{padding-bottom: 30px !important;}&#8221;][vc_column_inner offset=&#8221;vc_col-lg-6 vc_col-md-6&#8243;][qode_elements_holder number_of_columns=&#8221;one_column&#8221;][qode_elements_holder_item vertical_alignment=&#8221;top&#8221; advanced_animations=&#8221;no&#8221; item_padding=&#8221;40px 0px 40px 0px&#8221;][vc_column_text]<\/p>\n<h3>La nostra storia<\/h3>\n<p>[\/vc_column_text][vc_empty_space height=&#8221;22px&#8221;][vc_column_text]Fondata nel 1948, Saccarta Spa, \u00e8 una delle principali aziende italiane specializzata nella produzione di sacchi di carta a grande contenuto.<\/p>\n<p>&nbsp;<\/p>\n<p>Presenti in tutta l\u2019Italia e in larga parte d\u2019Europa, offriamo soluzioni di imballaggio \u201csu misura\u201d in grado di soddisfare le specifiche esigenze di ogni cliente, di ogni prodotto, in ogni mercato.<\/p>\n<p>&nbsp;<\/p>\n<p>Dopo oltre 70 anni e miliardi di sacchi prodotti sempre all\u2019insegna degli stessi valori aziendali, il nostro successo \u00e8 quello di aver messo a punto non solo una tecnologia di imballaggio di eccellente qualit\u00e0, ma anche un servizio impeccabile per la completa soddisfazione del cliente.[\/vc_column_text][\/qode_elements_holder_item][\/qode_elements_holder][\/vc_column_inner][vc_column_inner offset=&#8221;vc_col-lg-6 vc_col-md-6&#8243;][vc_empty_space height=&#8221;22px&#8221;][vc_empty_space height=&#8221;22px&#8221;][vc_video link=&#8221;https:\/\/youtu.be\/Rk-FCBXDVk8&#8243;][vc_empty_space height=&#8221;22px&#8221;][\/vc_column_inner][\/vc_row_inner][vc_row_inner row_type=&#8221;row&#8221; type=&#8221;grid&#8221; text_align=&#8221;left&#8221; css_animation=&#8221;&#8221; el_class=&#8221;counter-row&#8221; css=&#8221;.vc_custom_1647983828507{margin-top: 10px !important;margin-bottom: 30px !important;}&#8221;][vc_column_inner css=&#8221;.vc_custom_1516708615725{border-top-width: 1px !important;border-bottom-width: 1px !important;border-left-width: 1px !important;padding-top: 30px !important;background-color: #ffffff !important;border-left-color: #ebeae9 !important;border-left-style: solid !important;border-top-color: #ebeae9 !important;border-top-style: solid !important;border-bottom-color: #ebeae9 !important;border-bottom-style: solid !important;}&#8221; offset=&#8221;vc_col-lg-3 vc_col-md-3&#8243;]<div class=\"q_counter_holder  center\" style=\"\" data-digit=\"+1000\"><span class=\"counter  random\" style=\"color: #2c7b20;font-size: 55px;font-weight: 700;\">+1000<\/span><p class=\"counter_text\" style=\"font-size: 16px;font-weight: 400;color: #323a45;\">Clienti Serviti<\/p><\/div>[vc_empty_space height=&#8221;36px&#8221;][\/vc_column_inner][vc_column_inner css=&#8221;.vc_custom_1516708622662{border-top-width: 1px !important;border-bottom-width: 1px !important;padding-top: 30px !important;background-color: #ffffff !important;border-top-color: #ebeae9 !important;border-top-style: solid !important;border-bottom-color: #ebeae9 !important;border-bottom-style: solid !important;}&#8221; offset=&#8221;vc_col-lg-3 vc_col-md-3&#8243;]<div class=\"q_counter_holder  center\" style=\"\" data-digit=\"+70\"><span class=\"counter  random\" style=\"color: #2c7b20;font-size: 55px;font-weight: 700;\">+70<\/span><p class=\"counter_text\" style=\"font-size: 16px;font-weight: 400;color: #323a45;\">Anni di Esperienza nel settore<\/p><\/div>[vc_empty_space height=&#8221;36px&#8221;][\/vc_column_inner][vc_column_inner css=&#8221;.vc_custom_1516708629777{border-top-width: 1px !important;border-bottom-width: 1px !important;padding-top: 30px !important;background-color: #ffffff !important;border-top-color: #ebeae9 !important;border-top-style: solid !important;border-bottom-color: #ebeae9 !important;border-bottom-style: solid !important;}&#8221; offset=&#8221;vc_col-lg-3 vc_col-md-3&#8243;]<div class=\"q_counter_holder  center\" style=\"\" data-digit=\"10\"><span class=\"counter  random\" style=\"color: #2c7b20;font-size: 55px;font-weight: 700;\">10<\/span><p class=\"counter_text\" style=\"font-size: 16px;font-weight: 400;color: #323a45;\">Colori per Stampe performanti<\/p><\/div>[vc_empty_space height=&#8221;36px&#8221;][\/vc_column_inner][vc_column_inner css=&#8221;.vc_custom_1516708636956{border-top-width: 1px !important;border-right-width: 1px !important;border-bottom-width: 1px !important;padding-top: 30px !important;background-color: #ffffff !important;border-right-color: #ebeae9 !important;border-right-style: solid !important;border-top-color: #ebeae9 !important;border-top-style: solid !important;border-bottom-color: #ebeae9 !important;border-bottom-style: solid !important;}&#8221; offset=&#8221;vc_col-lg-3 vc_col-md-3&#8243;]<div class=\"q_counter_holder  center\" style=\"\" data-digit=\"5\"><span class=\"counter  random\" style=\"color: #2c7b20;font-size: 55px;font-weight: 700;\">5<\/span><p class=\"counter_text\" style=\"font-size: 16px;font-weight: 400;color: #323a45;\">Moderne linee di Produzione<\/p><\/div>[vc_empty_space height=&#8221;36px&#8221;][\/vc_column_inner][\/vc_row_inner][vc_row_inner row_type=&#8221;row&#8221; type=&#8221;grid&#8221; text_align=&#8221;left&#8221; css_animation=&#8221;&#8221;][vc_column_inner][vc_text_separator title=&#8221;<\/p>\n<h2>I nostri prodotti<\/h2>\n<p>&#8221; css_animation=&#8221;fadeIn&#8221; border=&#8221;no&#8221; title_color=&#8221;#000000&#8243; background_color=&#8221;#fcfcfc&#8221; el_class=&#8221;prodotti_title&#8221;][\/vc_column_inner][\/vc_row_inner][vc_row_inner row_type=&#8221;row&#8221; type=&#8221;grid&#8221; text_align=&#8221;left&#8221; css_animation=&#8221;&#8221; css=&#8221;.vc_custom_1637079785072{margin-top: 30px !important;}&#8221;][vc_column_inner width=&#8221;1\/4&#8243;]<div class=\"qode-info-card\">\n\t\t\t<div class=\"qode-info-card-image\" style=\"background-color:#fff\">\n\t\t\t<img decoding=\"async\" src=\"https:\/\/www.saccarta.it\/wp-content\/uploads\/2022\/02\/BOCCA-APERTA.jpeg\" alt=\"\" \/>\n\t\t<\/div>\n\t\t<div class=\"qode-info-card-text-holder\" style=\"background-color:#fff\">\n\t\t\t\t\t<h4 class=\"qode-info-card-title\" >\n\t\t\t\tSacchi a Bocca Aperta\t\t\t<\/h4>\n\t\t\t\t\t\t\t<p class=\"qode-info-card-text\" >\n\t\t\t\t\u00c8 la tipologia di sacco pi\u00f9 tradizionale ed \u00e8 largamente diffuso in tutti i settori industriali.\t\t\t<\/p>\n\t\t\t<\/div>\n\t\t\t<div class=\"qode-info-card-link-holder\">\n\t\t\t<a itemprop=\"url\" class=\"qode-qbutton-main-color qode-qbutton-full-width qode-qbutton-square\" href=\"https:\/\/www.saccarta.it\/sacchi-a-bocca-aperta\/\" target=\"_self\" style=\"background-color:#2c7b20;height:40px;line-height:40px\"><span>SCOPRI DI PIU&#039;<\/span><\/a>\n\t\t<\/div>\n\t<\/div>[vc_empty_space][\/vc_column_inner][vc_column_inner width=&#8221;1\/4&#8243;]<div class=\"qode-info-card\">\n\t\t\t<div class=\"qode-info-card-image\" style=\"background-color:#fff\">\n\t\t\t<img decoding=\"async\" src=\"https:\/\/www.saccarta.it\/wp-content\/uploads\/2021\/11\/PINCH-BOTTOM-BAG.jpg\" alt=\"\" \/>\n\t\t<\/div>\n\t\t<div class=\"qode-info-card-text-holder\" style=\"background-color:#fff\">\n\t\t\t\t\t<h4 class=\"qode-info-card-title\" >\n\t\t\t\tSacchi Pinch\t\t\t<\/h4>\n\t\t\t\t\t\t\t<p class=\"qode-info-card-text\" >\n\t\t\t\tCon o senza i soffietti laterali, i sacchi pinch sono sacchi innovativi ed ermetici.\t\t\t<\/p>\n\t\t\t<\/div>\n\t\t\t<div class=\"qode-info-card-link-holder\">\n\t\t\t<a itemprop=\"url\" class=\"qode-qbutton-main-color qode-qbutton-full-width qode-qbutton-square\" href=\"https:\/\/www.saccarta.it\/sacchi-pinch\/\" target=\"_self\" style=\"background-color:#2c7b20;height:40px;line-height:40px\"><span>Scopri di pi\u00f9<\/span><\/a>\n\t\t<\/div>\n\t<\/div>[vc_empty_space][\/vc_column_inner][vc_column_inner width=&#8221;1\/4&#8243;]<div class=\"qode-info-card\">\n\t\t\t<div class=\"qode-info-card-image\" style=\"background-color:#fff\">\n\t\t\t<img decoding=\"async\" src=\"https:\/\/www.saccarta.it\/wp-content\/uploads\/2022\/03\/SACCO-A-VALVOLA.jpg\" alt=\"\" \/>\n\t\t<\/div>\n\t\t<div class=\"qode-info-card-text-holder\" style=\"background-color:#fff\">\n\t\t\t\t\t<h4 class=\"qode-info-card-title\" >\n\t\t\t\tSacchi a Valvola\t\t\t<\/h4>\n\t\t\t\t\t\t\t<p class=\"qode-info-card-text\" >\n\t\t\t\tE&#039; il sacco pi\u00f9 utilizzato in tutti i settori industriali, progettato per riempimenti a grande velocit\u00e0.\t\t\t<\/p>\n\t\t\t<\/div>\n\t\t\t<div class=\"qode-info-card-link-holder\">\n\t\t\t<a itemprop=\"url\" class=\"qode-qbutton-main-color qode-qbutton-full-width qode-qbutton-square\" href=\"https:\/\/www.saccarta.it\/sacchi-a-valvola\/\" target=\"_self\" style=\"background-color:#2c7b20;height:40px;line-height:40px\"><span>Scopri di pi\u00f9<\/span><\/a>\n\t\t<\/div>\n\t<\/div>[vc_empty_space][\/vc_column_inner][vc_column_inner width=&#8221;1\/4&#8243;]<div class=\"qode-info-card\">\n\t\t\t<div class=\"qode-info-card-image\" style=\"background-color:#fff\">\n\t\t\t<img decoding=\"async\" src=\"https:\/\/www.saccarta.it\/wp-content\/uploads\/2022\/02\/CUCITO.jpeg\" alt=\"\" \/>\n\t\t<\/div>\n\t\t<div class=\"qode-info-card-text-holder\" style=\"background-color:#fff\">\n\t\t\t\t\t<h4 class=\"qode-info-card-title\" >\n\t\t\t\tSacchi Cuciti\t\t\t<\/h4>\n\t\t\t\t\t\t\t<p class=\"qode-info-card-text\" >\n\t\t\t\tE&#039; la forma pi\u00f9 semplice di sacco, simile al tradizionale sacco fatto di iuta.\t\t\t<\/p>\n\t\t\t<\/div>\n\t\t\t<div class=\"qode-info-card-link-holder\">\n\t\t\t<a itemprop=\"url\" class=\"qode-qbutton-main-color qode-qbutton-full-width qode-qbutton-square\" href=\"https:\/\/www.saccarta.it\/sacchi-cuciti\/\" target=\"_self\" style=\"background-color:#2c7b20;height:40px;line-height:40px\"><span>Scopri di pi\u00f9<\/span><\/a>\n\t\t<\/div>\n\t<\/div>[vc_empty_space][\/vc_column_inner][\/vc_row_inner][vc_row_inner row_type=&#8221;row&#8221; type=&#8221;grid&#8221; text_align=&#8221;left&#8221; css_animation=&#8221;&#8221; css=&#8221;.vc_custom_1637079189547{margin-top: 40px !important;background-color: #ffffff !important;}&#8221;][vc_column_inner offset=&#8221;vc_col-lg-4 vc_col-md-4&#8243; css=&#8221;.vc_custom_1637078984787{background-color: #ffffff !important;}&#8221;]<div class='q_icon_with_title large custom_icon_image '><div class=\"icon_holder \" style=\" \"><img decoding=\"async\" itemprop=\"image\" style=\"\" src=\"https:\/\/www.saccarta.it\/wp-content\/uploads\/2022\/02\/icona-09.png\" alt=\"\"><\/div><div class=\"icon_text_holder\" style=\"\"><div class=\"icon_text_inner\" style=\"\"><h4 class=\"icon_title\" style=\"font-weight: 500;\">Il sacco \u00e8 il nostro core business<\/h4><p style=''>Il nostro core business \u00e8 la produzione dei sacchi di carta e non la produzione di carta e in nome di questa attivit\u00e0 consacriamo tutte le nostre energie e risorse.<\/p><\/div><\/div><\/div>[vc_empty_space height=&#8221;36px&#8221;][\/vc_column_inner][vc_column_inner offset=&#8221;vc_col-lg-4 vc_col-md-4&#8243; css=&#8221;.vc_custom_1637079009675{background-color: #ffffff !important;}&#8221;]<div class='q_icon_with_title large custom_icon_image '><div class=\"icon_holder \" style=\" \"><img decoding=\"async\" itemprop=\"image\" style=\"\" src=\"https:\/\/www.saccarta.it\/wp-content\/uploads\/2022\/02\/icona-03.png\" alt=\"\"><\/div><div class=\"icon_text_holder\" style=\"\"><div class=\"icon_text_inner\" style=\"\"><h4 class=\"icon_title\" style=\"font-weight: 500;\">Performance all'avanguardia<\/h4><p style=''>La robustezza, la planarit\u00e0 e l'ermeticit\u00e0 dei nostri imballi permettono di ottenere la massima velocit\u00e0 di insacco e una pallettizzazione perfetta.<\/p><\/div><\/div><\/div>[vc_empty_space height=&#8221;36px&#8221;][\/vc_column_inner][vc_column_inner offset=&#8221;vc_col-lg-4 vc_col-md-4&#8243; css=&#8221;.vc_custom_1637079016759{background-color: #ffffff !important;}&#8221;]<div class='q_icon_with_title large custom_icon_image '><div class=\"icon_holder \" style=\" \"><img decoding=\"async\" itemprop=\"image\" style=\"\" src=\"https:\/\/www.saccarta.it\/wp-content\/uploads\/2022\/02\/icona-04.png\" alt=\"\"><\/div><div class=\"icon_text_holder\" style=\"\"><div class=\"icon_text_inner\" style=\"\"><h4 class=\"icon_title\" style=\"font-weight: 500;\">Disponibilit\u00e0 delle migliori carte<\/h4><p style=''>Utilizziamo la migliore carta disponibile sul mercato in funzione delle esigenze dei clienti, senza alcuna restrizione. La carta \u00e8 un materiale naturale, rinnovabile e riciclabile.<\/p><\/div><\/div><\/div>[vc_empty_space height=&#8221;36px&#8221;][\/vc_column_inner][\/vc_row_inner][vc_row_inner row_type=&#8221;row&#8221; type=&#8221;grid&#8221; text_align=&#8221;left&#8221; css_animation=&#8221;&#8221; css=&#8221;.vc_custom_1637079161214{background-color: #ffffff !important;}&#8221;][vc_column_inner offset=&#8221;vc_col-lg-4 vc_col-md-4&#8243; css=&#8221;.vc_custom_1637079023267{background-color: #ffffff !important;}&#8221;]<div class='q_icon_with_title large custom_icon_image '><div class=\"icon_holder \" style=\" \"><img decoding=\"async\" itemprop=\"image\" style=\"\" src=\"https:\/\/www.saccarta.it\/wp-content\/uploads\/2022\/02\/icona-05.png\" alt=\"\"><\/div><div class=\"icon_text_holder\" style=\"\"><div class=\"icon_text_inner\" style=\"\"><h4 class=\"icon_title\" style=\"font-weight: 500;\">Qualit\u00e0, Sicurezza e Servizio<\/h4><p style=''>Abbiamo un sistema qualit\u00e0 certificato da pi\u00f9 di 25 anni. Garantiamo risposte rapide, un servizio eccellente e soluzioni create su misura.<\/p><\/div><\/div><\/div>[vc_empty_space height=&#8221;36px&#8221;][\/vc_column_inner][vc_column_inner offset=&#8221;vc_col-lg-4 vc_col-md-4&#8243; css=&#8221;.vc_custom_1637079030349{background-color: #ffffff !important;}&#8221;]<div class='q_icon_with_title large custom_icon_image '><div class=\"icon_holder \" style=\" \"><img decoding=\"async\" itemprop=\"image\" style=\"\" src=\"https:\/\/www.saccarta.it\/wp-content\/uploads\/2022\/02\/icona-06.png\" alt=\"\"><\/div><div class=\"icon_text_holder\" style=\"\"><div class=\"icon_text_inner\" style=\"\"><h4 class=\"icon_title\" style=\"font-weight: 500;\">Stampe di eccellente qualit\u00e0<\/h4><p style=''>La nostra eccellente qualit\u00e0 di stampa permette di promuovere il vostro brand sul mercato nel migliore dei modi; stampiamo fino a 10 colori a base acqua con verniciatura standard o verniciatura antiscivolo.<\/p><\/div><\/div><\/div>[vc_empty_space height=&#8221;36px&#8221;][\/vc_column_inner][vc_column_inner offset=&#8221;vc_col-lg-4 vc_col-md-4&#8243; css=&#8221;.vc_custom_1637079036443{background-color: #ffffff !important;}&#8221;]<div class='q_icon_with_title large custom_icon_image '><div class=\"icon_holder \" style=\" \"><img decoding=\"async\" itemprop=\"image\" style=\"\" src=\"https:\/\/www.saccarta.it\/wp-content\/uploads\/2022\/02\/icona_01.png\" alt=\"\"><\/div><div class=\"icon_text_holder\" style=\"\"><div class=\"icon_text_inner\" style=\"\"><h4 class=\"icon_title\" style=\"font-weight: 500;\">Innovazione<\/h4><p style=''>Siamo costantemente alla ricerca di soluzioni innovative e ``green`` per la completa soddisfazione del cliente<\/p><\/div><\/div><\/div>[vc_empty_space height=&#8221;36px&#8221;][\/vc_column_inner][\/vc_row_inner][\/vc_column][\/vc_row][vc_row css_animation=&#8221;&#8221; row_type=&#8221;row&#8221; use_row_as_full_screen_section=&#8221;no&#8221; type=&#8221;grid&#8221; angled_section=&#8221;no&#8221; text_align=&#8221;center&#8221; background_image_as_pattern=&#8221;without_pattern&#8221; z_index=&#8221;&#8221;][vc_column][vc_column_text]<div data-post-id=\"747\" class=\"insert-page insert-page-747 \"><style type=\"text\/css\" data-type=\"vc_custom-css\">@media only screen and (min-width: 769px){\r\n    .counter-row .q_counter_holder.center{\r\n        position: relative;\r\n    }\r\n\r\n    .counter-row .q_counter_holder.center:after{\r\n        content: '';\r\n        position: absolute;\r\n        right: -10px;\r\n        top: 50%;\r\n        width: 1px;\r\n        height: 96px;\r\n        background-color: #ebeae9;\r\n        transform: translateY(-50%);\r\n    }\r\n\r\n    .counter-row .section_inner_margin .vc_column_container:last-child .q_counter_holder.center:after{\r\n        display: none;\r\n    }\r\n}\r\n.qode-info-card .qode-info-card-text-holder{\r\npadding-top: 42px;\r\n}\r\n\r\n.qode-info-card .qode-info-card-link-holder .qode-qbutton-square{\r\nfont-size: 16px;\r\nfont-weight: 800;\r\n}\r\n\r\n.qode_content_slider .flex-control-nav{\r\nmargin-top: 20px;\r\n}\r\n\r\n.qode-info-card .qode-info-card-text-holder{\r\nborder: 1px solid #ebeae9;\r\nborder-bottom: none;\r\n}\r\n\r\n.qode-info-card .qode-info-card-link-holder{\r\nborder: 1px solid #ebeae9;\r\nborder-top: none;\r\n}\r\n\r\n.q_icon_with_title.small.custom_icon_image .icon_text_holder{\r\npadding-left: 82px;\r\n}\r\n\r\n.q_icon_with_title.small.custom_icon_image .icon_text_holder .icon_title{\r\nline-height: 35px;\r\nmargin-bottom: 14px;\r\n}\r\n\r\n.qode-info-card .qode-info-card-text{\r\nmargin-top: 26px;\r\n}\r\n\r\n@media only screen and (max-width: 1000px){\r\n.qode_content_slider .flex-viewport{\r\noverflow: visible!important;\r\n}\r\n}\r\n\r\n.qode-info-card .qode-info-card-text{\r\nfont-size: 16px;\r\n}\r\n\r\n.qode_video_box .qode_video_image:hover img{\r\ntransform: none;\r\n}\r\n\r\n.qode_video_box .qode_video_image::after{\r\nbackground-color: rgba(255,255,255,.15); \r\n} \r\n\r\n.qode-info-card .qode-qbutton-main-color:before {\r\n    background-color: #fd7059;\r\n}<\/style><style type=\"text\/css\" data-type=\"vc_shortcodes-custom-css\">.vc_custom_1661974930179{margin-top: 30px !important;padding-bottom: 30px !important;}.vc_custom_1661974827405{padding-left: 50px !important;}.vc_custom_1661974930179{margin-top: 30px !important;padding-bottom: 30px !important;}.vc_custom_1661974827405{padding-left: 50px !important;}.vc_custom_1661974930179{margin-top: 30px !important;padding-bottom: 30px !important;}.vc_custom_1661974827405{padding-left: 50px !important;}.vc_custom_1661974930179{margin-top: 30px !important;padding-bottom: 30px !important;}.vc_custom_1661974827405{padding-left: 50px !important;}<\/style><p>[vc_row css_animation=&#8221;&#8221; row_type=&#8221;row&#8221; use_row_as_full_screen_section=&#8221;no&#8221; type=&#8221;grid&#8221; angled_section=&#8221;no&#8221; text_align=&#8221;center&#8221; background_image_as_pattern=&#8221;without_pattern&#8221; z_index=&#8221;&#8221;][vc_column][vc_row_inner row_type=&#8221;row&#8221; type=&#8221;grid&#8221; text_align=&#8221;left&#8221; css_animation=&#8221;&#8221; css=&#8221;.vc_custom_1661974930179{margin-top: 30px !important;padding-bottom: 30px !important;}&#8221;][vc_column_inner offset=&#8221;vc_col-lg-6 vc_col-md-6&#8243;][vc_empty_space height=&#8221;22px&#8221;][vc_video link=&#8221;https:\/\/youtu.be\/N8-asrdfX1Q&#8221;][vc_empty_space height=&#8221;22px&#8221;][\/vc_column_inner][vc_column_inner offset=&#8221;vc_col-lg-6 vc_col-md-6&#8243; css=&#8221;.vc_custom_1661974827405{padding-left: 50px !important;}&#8221;][qode_elements_holder number_of_columns=&#8221;one_column&#8221;][qode_elements_holder_item vertical_alignment=&#8221;top&#8221; advanced_animations=&#8221;no&#8221; item_padding=&#8221;40px 0px 40px 0px&#8221;][vc_column_text]<\/p>\n<h4>Indirizzo:<\/h4>\n<p>Via Tonale 50 20823 Copreno di Lentate sul Seveso (MB)[\/vc_column_text][vc_empty_space height=&#8221;20px&#8221;][vc_column_text]<\/p>\n<h4>Telefono:<\/h4>\n<p>+39 0362 577511[\/vc_column_text][vc_empty_space height=&#8221;20px&#8221;][vc_column_text]<\/p>\n<h4>Fax:<\/h4>\n<p>+39 0362 564211[\/vc_column_text][vc_empty_space height=&#8221;20px&#8221;][vc_column_text]<\/p>\n<h4>Email:<\/h4>\n<p><a href=\"mailto:comm@saccarta.it\">comm@saccarta.it<\/a>[\/vc_column_text][\/qode_elements_holder_item][\/qode_elements_holder][\/vc_column_inner][\/vc_row_inner][\/vc_column][\/vc_row]<\/p>\n<\/div>[\/vc_column_text][\/vc_column][\/vc_row]<\/p>\n","protected":false},"excerpt":{"rendered":"<p>[vc_row css_animation=&#8221;&#8221; row_type=&#8221;row&#8221; use_row_as_full_screen_section=&#8221;no&#8221; type=&#8221;full_width&#8221; angled_section=&#8221;no&#8221; text_align=&#8221;left&#8221; background_image_as_pattern=&#8221;without_pattern&#8221;][vc_column][vc_single_image image=&#8221;456&#8243; img_size=&#8221;full&#8221; alignment=&#8221;center&#8221; qode_css_animation=&#8221;&#8221;][\/vc_column][\/vc_row][vc_row css_animation=&#8221;&#8221; row_type=&#8221;row&#8221; use_row_as_full_screen_section=&#8221;no&#8221; type=&#8221;full_width&#8221; angled_section=&#8221;no&#8221; text_align=&#8221;left&#8221; background_image_as_pattern=&#8221;without_pattern&#8221; z_index=&#8221;&#8221;][vc_column][vc_row_inner row_type=&#8221;row&#8221; type=&#8221;grid&#8221; text_align=&#8221;left&#8221; css_animation=&#8221;&#8221; css=&#8221;.vc_custom_1637600408822{padding-bottom: 30px !important;}&#8221;][vc_column_inner css=&#8221;.vc_custom_1516708323803{margin-top: -130px !important;}&#8221; offset=&#8221;vc_col-lg-7 vc_col-md-7&#8243;][\/vc_column_inner][vc_column_inner offset=&#8221;vc_col-lg-5 vc_col-md-5&#8243;][\/vc_column_inner][\/vc_row_inner][vc_row_inner row_type=&#8221;row&#8221; type=&#8221;grid&#8221; text_align=&#8221;left&#8221; css_animation=&#8221;&#8221; css=&#8221;.vc_custom_1637079292113{padding-bottom: 30px !important;}&#8221;][vc_column_inner offset=&#8221;vc_col-lg-6 vc_col-md-6&#8243;][qode_elements_holder number_of_columns=&#8221;one_column&#8221;][qode_elements_holder_item vertical_alignment=&#8221;top&#8221;&#8230;<\/p>\n","protected":false},"author":1,"featured_media":0,"parent":0,"menu_order":0,"comment_status":"closed","ping_status":"closed","template":"full_width.php","meta":{"footnotes":""},"class_list":["post-541","page","type-page","status-publish","hentry"],"_links":{"self":[{"href":"https:\/\/www.saccarta.it\/it\/wp-json\/wp\/v2\/pages\/541","targetHints":{"allow":["GET"]}}],"collection":[{"href":"https:\/\/www.saccarta.it\/it\/wp-json\/wp\/v2\/pages"}],"about":[{"href":"https:\/\/www.saccarta.it\/it\/wp-json\/wp\/v2\/types\/page"}],"author":[{"embeddable":true,"href":"https:\/\/www.saccarta.it\/it\/wp-json\/wp\/v2\/users\/1"}],"replies":[{"embeddable":true,"href":"https:\/\/www.saccarta.it\/it\/wp-json\/wp\/v2\/comments?post=541"}],"version-history":[{"count":28,"href":"https:\/\/www.saccarta.it\/it\/wp-json\/wp\/v2\/pages\/541\/revisions"}],"predecessor-version":[{"id":930,"href":"https:\/\/www.saccarta.it\/it\/wp-json\/wp\/v2\/pages\/541\/revisions\/930"}],"wp:attachment":[{"href":"https:\/\/www.saccarta.it\/it\/wp-json\/wp\/v2\/media?parent=541"}],"curies":[{"name":"wp","href":"https:\/\/api.w.org\/{rel}","templated":true}]}}