{"id":443,"date":"2021-11-22T23:48:00","date_gmt":"2021-11-22T22:48:00","guid":{"rendered":"https:\/\/www.saccarta.it\/?page_id=443"},"modified":"2023-10-09T13:41:52","modified_gmt":"2023-10-09T11:41:52","slug":"finestra","status":"publish","type":"page","link":"https:\/\/www.saccarta.it\/it\/finestra\/","title":{"rendered":"FINESTRA"},"content":{"rendered":"<p>[vc_row css_animation=&#8221;&#8221; row_type=&#8221;row&#8221; use_row_as_full_screen_section=&#8221;no&#8221; type=&#8221;full_width&#8221; angled_section=&#8221;no&#8221; text_align=&#8221;left&#8221; background_image_as_pattern=&#8221;without_pattern&#8221;][vc_column][vc_empty_space][\/vc_column][\/vc_row][vc_row css_animation=&#8221;&#8221; row_type=&#8221;row&#8221; use_row_as_full_screen_section=&#8221;no&#8221; type=&#8221;grid&#8221; angled_section=&#8221;no&#8221; text_align=&#8221;left&#8221; background_image_as_pattern=&#8221;without_pattern&#8221; z_index=&#8221;&#8221;][vc_column width=&#8221;1\/2&#8243;][vc_single_image image=&#8221;474&#8243; img_size=&#8221;full&#8221; alignment=&#8221;center&#8221; qode_css_animation=&#8221;&#8221;][\/vc_column][vc_column width=&#8221;1\/2&#8243;][vc_column_text]<\/p>\n<h2 style=\"text-align: left;\">FINESTRA<\/h2>\n<p>[\/vc_column_text][vc_empty_space][vc_column_text]Il sacco finestra, nato in sostituzione del sacco di plastica dalla stretta collaborazione con un importante cliente della nutrizione animale e brevettato da Saccarta, \u00e8 un sacco interamente in carta con l\u2019inserimento di una finestra di polietilene trasparente. Questo prodotto innovativo unisce i punti forza della carta e della plastica ed \u00e8 la risposta a diversi bisogni:<\/p>\n<p>&nbsp;<\/p>\n<p>&#8211; Permette di vedere il prodotto contenuto nel sacco \u2013 grazie alla trasparenza della finestra in polietilene<\/p>\n<p>&#8211; Evita la creazione di germinazione del prodotto e la formazione di muffe \u2013 grazie all\u2019intrinseca traspirabilit\u00e0 della carta<\/p>\n<p>&#8211; Protegge il prodotto da insetti ed altri contaminanti esterni \u2013 grazie alla traspirabilit\u00e0 della carta non sono necessarie forature (che erano invece essenziali nel sacco di plastica).<\/p>\n<p>&nbsp;<\/p>\n<p>Rispetto ad un sacco interamente in plastica, il sacco finestra garantisce maggiori velocit\u00e0 di insacco, una migliore pallettizzazione, un ridotto impatto ambientale ed \u00e8 inoltre un ottimo strumento di marketing grazie alla sua perfetta stampabilit\u00e0.<\/p>\n<p>&nbsp;<\/p>\n<p>La finestra pu\u00f2 essere applicata sul sacco bocca aperta o sul sacco a valvola.[\/vc_column_text][vc_empty_space]<a  itemprop=\"url\" href=\"https:\/\/www.saccarta.it\/prodotti\/\" target=\"_self\"  class=\"qbutton  small default\" style=\"\">TORNA AI PRODOTTI<\/a>[\/vc_column][\/vc_row][vc_row css_animation=&#8221;&#8221; row_type=&#8221;row&#8221; use_row_as_full_screen_section=&#8221;no&#8221; type=&#8221;full_width&#8221; angled_section=&#8221;no&#8221; text_align=&#8221;left&#8221; background_image_as_pattern=&#8221;without_pattern&#8221;][vc_column][vc_empty_space][\/vc_column][\/vc_row][vc_row css_animation=&#8221;&#8221; row_type=&#8221;row&#8221; use_row_as_full_screen_section=&#8221;no&#8221; type=&#8221;grid&#8221; angled_section=&#8221;no&#8221; text_align=&#8221;left&#8221; background_image_as_pattern=&#8221;without_pattern&#8221; z_index=&#8221;&#8221; css=&#8221;.vc_custom_1637620829695{margin-top: 30px !important;padding-top: 20px !important;background-color: #ffffff !important;}&#8221;][vc_column][vc_column_text]<\/p>\n<h4 style=\"text-align: center;\">Scopri le altre Specialit\u00e0<\/h4>\n<p>[\/vc_column_text][vc_separator type=&#8221;normal&#8221;][\/vc_column][\/vc_row][vc_row css_animation=&#8221;&#8221; row_type=&#8221;row&#8221; use_row_as_full_screen_section=&#8221;no&#8221; type=&#8221;grid&#8221; angled_section=&#8221;no&#8221; text_align=&#8221;center&#8221; background_image_as_pattern=&#8221;without_pattern&#8221; z_index=&#8221;&#8221; css=&#8221;.vc_custom_1637620499422{background-color: #ffffff !important;}&#8221;][vc_column width=&#8221;1\/5&#8243;][vc_single_image image=&#8221;420&#8243; img_size=&#8221;full&#8221; alignment=&#8221;center&#8221; onclick=&#8221;custom_link&#8221; qode_css_animation=&#8221;&#8221; link=&#8221;https:\/\/www.saccarta.it\/sacchi-con-carte-sandwich-barriera\/&#8221;][vc_empty_space]<a  itemprop=\"url\" href=\"https:\/\/www.saccarta.it\/sacchi-con-carte-sandwich-barriera\/\" target=\"_self\"  class=\"qbutton  small default button_full\" style=\"\">CARTE SANDWICH \/ BARRIERA<\/a>[vc_empty_space][\/vc_column][vc_column width=&#8221;1\/5&#8243;][vc_single_image image=&#8221;419&#8243; img_size=&#8221;full&#8221; alignment=&#8221;center&#8221; onclick=&#8221;custom_link&#8221; qode_css_animation=&#8221;&#8221; link=&#8221;https:\/\/www.saccarta.it\/tubolare-pe\/&#8221;][vc_empty_space]<a  itemprop=\"url\" href=\"https:\/\/www.saccarta.it\/tubolare-pe\/\" target=\"_self\"  class=\"qbutton  small default button_full\" style=\"\">TUBOLARE PE<\/a>[vc_empty_space][\/vc_column][vc_column width=&#8221;1\/5&#8243;][vc_single_image image=&#8221;473&#8243; img_size=&#8221;full&#8221; alignment=&#8221;center&#8221; onclick=&#8221;custom_link&#8221; qode_css_animation=&#8221;&#8221; link=&#8221;https:\/\/www.saccarta.it\/valvole-termosaldate\/&#8221;][vc_empty_space]<a  itemprop=\"url\" href=\"https:\/\/www.saccarta.it\/valvole-termosaldate\/\" target=\"_self\"  class=\"qbutton  small default button_full\" style=\"\">VALVOLE TERMOSALDATE<\/a>[vc_empty_space][\/vc_column][vc_column width=&#8221;1\/5&#8243;][vc_single_image image=&#8221;421&#8243; img_size=&#8221;full&#8221; alignment=&#8221;center&#8221; onclick=&#8221;custom_link&#8221; qode_css_animation=&#8221;&#8221; link=&#8221;https:\/\/www.saccarta.it\/maniglia\/&#8221;][vc_empty_space]<a  itemprop=\"url\" href=\"https:\/\/www.saccarta.it\/maniglia\/\" target=\"_self\"  class=\"qbutton  small default button_full\" style=\"\">MANIGLIA<\/a>[vc_empty_space][\/vc_column][vc_column width=&#8221;1\/5&#8243;][vc_single_image image=&#8221;475&#8243; img_size=&#8221;full&#8221; alignment=&#8221;center&#8221; onclick=&#8221;custom_link&#8221; qode_css_animation=&#8221;&#8221; link=&#8221;https:\/\/www.saccarta.it\/easy-open\/&#8221;][vc_empty_space]<a  itemprop=\"url\" href=\"https:\/\/www.saccarta.it\/easy-open\/\" target=\"_self\"  class=\"qbutton  small default button_full\" style=\"\">EASY OPEN<\/a>[vc_empty_space][\/vc_column][\/vc_row][vc_row css_animation=&#8221;&#8221; row_type=&#8221;row&#8221; use_row_as_full_screen_section=&#8221;no&#8221; type=&#8221;full_width&#8221; angled_section=&#8221;no&#8221; text_align=&#8221;left&#8221; background_image_as_pattern=&#8221;without_pattern&#8221;][vc_column][vc_empty_space][\/vc_column][\/vc_row]<\/p>\n","protected":false},"excerpt":{"rendered":"<p>[vc_row css_animation=&#8221;&#8221; row_type=&#8221;row&#8221; use_row_as_full_screen_section=&#8221;no&#8221; type=&#8221;full_width&#8221; angled_section=&#8221;no&#8221; text_align=&#8221;left&#8221; background_image_as_pattern=&#8221;without_pattern&#8221;][vc_column][vc_empty_space][\/vc_column][\/vc_row][vc_row css_animation=&#8221;&#8221; row_type=&#8221;row&#8221; use_row_as_full_screen_section=&#8221;no&#8221; type=&#8221;grid&#8221; angled_section=&#8221;no&#8221; text_align=&#8221;left&#8221; background_image_as_pattern=&#8221;without_pattern&#8221; z_index=&#8221;&#8221;][vc_column width=&#8221;1\/2&#8243;][vc_single_image image=&#8221;474&#8243; img_size=&#8221;full&#8221; alignment=&#8221;center&#8221; qode_css_animation=&#8221;&#8221;][\/vc_column][vc_column width=&#8221;1\/2&#8243;][vc_column_text] FINESTRA [\/vc_column_text][vc_empty_space][vc_column_text]Il sacco finestra, nato in sostituzione del sacco di plastica dalla stretta collaborazione con un importante cliente della nutrizione animale e brevettato&#8230;<\/p>\n","protected":false},"author":1,"featured_media":0,"parent":0,"menu_order":0,"comment_status":"closed","ping_status":"closed","template":"full_width.php","meta":{"footnotes":""},"class_list":["post-443","page","type-page","status-publish","hentry"],"_links":{"self":[{"href":"https:\/\/www.saccarta.it\/it\/wp-json\/wp\/v2\/pages\/443","targetHints":{"allow":["GET"]}}],"collection":[{"href":"https:\/\/www.saccarta.it\/it\/wp-json\/wp\/v2\/pages"}],"about":[{"href":"https:\/\/www.saccarta.it\/it\/wp-json\/wp\/v2\/types\/page"}],"author":[{"embeddable":true,"href":"https:\/\/www.saccarta.it\/it\/wp-json\/wp\/v2\/users\/1"}],"replies":[{"embeddable":true,"href":"https:\/\/www.saccarta.it\/it\/wp-json\/wp\/v2\/comments?post=443"}],"version-history":[{"count":19,"href":"https:\/\/www.saccarta.it\/it\/wp-json\/wp\/v2\/pages\/443\/revisions"}],"predecessor-version":[{"id":952,"href":"https:\/\/www.saccarta.it\/it\/wp-json\/wp\/v2\/pages\/443\/revisions\/952"}],"wp:attachment":[{"href":"https:\/\/www.saccarta.it\/it\/wp-json\/wp\/v2\/media?parent=443"}],"curies":[{"name":"wp","href":"https:\/\/api.w.org\/{rel}","templated":true}]}}