{"id":432,"date":"2021-11-22T18:24:24","date_gmt":"2021-11-22T17:24:24","guid":{"rendered":"https:\/\/www.saccarta.it\/?page_id=432"},"modified":"2023-03-17T15:48:30","modified_gmt":"2023-03-17T14:48:30","slug":"mercati-2","status":"publish","type":"page","link":"https:\/\/www.saccarta.it\/it\/mercati\/","title":{"rendered":"MERCATI"},"content":{"rendered":"<p>[vc_row css_animation=&#8221;&#8221; row_type=&#8221;row&#8221; use_row_as_full_screen_section=&#8221;no&#8221; type=&#8221;full_width&#8221; angled_section=&#8221;no&#8221; text_align=&#8221;left&#8221; background_image_as_pattern=&#8221;without_pattern&#8221;][vc_column][vc_single_image image=&#8221;454&#8243; img_size=&#8221;full&#8221; qode_css_animation=&#8221;&#8221;][\/vc_column][\/vc_row][vc_row css_animation=&#8221;&#8221; row_type=&#8221;row&#8221; use_row_as_full_screen_section=&#8221;no&#8221; type=&#8221;grid&#8221; angled_section=&#8221;no&#8221; text_align=&#8221;left&#8221; background_image_as_pattern=&#8221;without_pattern&#8221; z_index=&#8221;&#8221;][vc_column][vc_empty_space][vc_column_text]<\/p>\n<h2><b>I NOSTRI MERCATI <\/b><\/h2>\n<p>[\/vc_column_text][vc_empty_space height=&#8221;16px&#8221;][vc_column_text]La possibilit\u00e0 di realizzare ogni tipo di sacco di carta industriale, combinata con il know-how acquisito con la produzione di sacchi speciali, e l\u2019implementazione di un sistema qualit\u00e0 radicato nella cultura aziendale, nel pieno rispetto delle norme e dei regolamenti europei, ha permesso a Saccarta di affermare la sua presenza in tutta l\u2019Italia e in larga parte d\u2019Europa e di sviluppare giorno dopo giorno una positiva collaborazione con ogni tipo di clientela al fine di rendere sempre pi\u00f9 efficiente l\u2019acquisto e l\u2019uso del sacco di carta in tutti i settori industriali.[\/vc_column_text][\/vc_column][\/vc_row][vc_row css_animation=&#8221;&#8221; row_type=&#8221;row&#8221; use_row_as_full_screen_section=&#8221;no&#8221; type=&#8221;full_width&#8221; angled_section=&#8221;no&#8221; text_align=&#8221;left&#8221; background_image_as_pattern=&#8221;without_pattern&#8221;][vc_column]<div class=\"qode-workflow  qode-workflow-animate\">\n    <span class=\"main-line\" style=\"background-color:#2c7b20;\"><\/span>\n    <div class=\"qode-workflow-item\">\n    <span class=\"line\" style=\"background-color:#2c7b20;\"><\/span>\n    <div class=\"qode-workflow-item-inner \">\n        <div class=\"qode-workflow-image left\">\n            <img loading=\"lazy\" decoding=\"async\" width=\"800\" height=\"1200\" src=\"https:\/\/www.saccarta.it\/wp-content\/uploads\/2021\/11\/saccarta_edilizia.jpg\" class=\"attachment-full size-full\" alt=\"\" srcset=\"https:\/\/www.saccarta.it\/wp-content\/uploads\/2021\/11\/saccarta_edilizia.jpg 800w, https:\/\/www.saccarta.it\/wp-content\/uploads\/2021\/11\/saccarta_edilizia-200x300.jpg 200w, https:\/\/www.saccarta.it\/wp-content\/uploads\/2021\/11\/saccarta_edilizia-683x1024.jpg 683w, https:\/\/www.saccarta.it\/wp-content\/uploads\/2021\/11\/saccarta_edilizia-768x1152.jpg 768w, https:\/\/www.saccarta.it\/wp-content\/uploads\/2021\/11\/saccarta_edilizia-700x1050.jpg 700w\" sizes=\"auto, (max-width: 800px) 100vw, 800px\" \/>        <\/div>\n        <div class=\"qode-workflow-text\">\n            <span class=\"circle\" style=\"border-color:#2c7b20;background-color:#2c7b20;\"><\/span>\n                            <h4>Edilizia<\/h4>\n                                                    <p class=\"text\">Nell\u2019ambito dell\u2019<b>Edilizia<\/b>, Saccarta \u00e8 in grado di produrre sacchi idonei a contenere prodotti come:<\/p>\n<p>- Cemento<br \/>\n- Premiscelati<br \/>\n- Leganti idraulici<br \/>\n- Gessi<br \/>\n- Carbonati<\/p>\n<p>I sacchi pi\u00f9 utilizzati in questo settore risultano i sacchi a valvola in cui pu\u00f2 essere impiegata la specialit\u00e0 della valvola termosaldante che rinvenendo con il calore garantisce migliori performance di riempimento ed ermeticit\u00e0 del sacco.<\/p>\n<p>La maniglia \u00e8 un ulteriore specialit\u00e0 spesso usata in questo ambito per i prodotti del fai da te: si inserisce sul fondo del sacco e consente una capacit\u00e0 di carico e trasporto di circa 10\/15kg<\/p>\n                    <\/div>\n    <\/div>\n<\/div><div class=\"qode-workflow-item\">\n    <span class=\"line\" style=\"background-color:#2c7b20;\"><\/span>\n    <div class=\"qode-workflow-item-inner reverse\">\n        <div class=\"qode-workflow-image right\">\n            <img loading=\"lazy\" decoding=\"async\" width=\"800\" height=\"1200\" src=\"https:\/\/www.saccarta.it\/wp-content\/uploads\/2021\/11\/saccarta_alimenti.jpg\" class=\"attachment-full size-full\" alt=\"\" srcset=\"https:\/\/www.saccarta.it\/wp-content\/uploads\/2021\/11\/saccarta_alimenti.jpg 800w, https:\/\/www.saccarta.it\/wp-content\/uploads\/2021\/11\/saccarta_alimenti-200x300.jpg 200w, https:\/\/www.saccarta.it\/wp-content\/uploads\/2021\/11\/saccarta_alimenti-683x1024.jpg 683w, https:\/\/www.saccarta.it\/wp-content\/uploads\/2021\/11\/saccarta_alimenti-768x1152.jpg 768w, https:\/\/www.saccarta.it\/wp-content\/uploads\/2021\/11\/saccarta_alimenti-700x1050.jpg 700w\" sizes=\"auto, (max-width: 800px) 100vw, 800px\" \/>        <\/div>\n        <div class=\"qode-workflow-text\">\n            <span class=\"circle\" style=\"border-color:#2c7b20;background-color:#2c7b20;\"><\/span>\n                            <h4>Alimentazione Umana<\/h4>\n                                                    <p class=\"text\">Per quanto riguarda i prodotti destinati all\u2019<b>Alimentazione Umana<\/b>, Saccarta ha esperienza nella produzione di sacchi per contenere svariate tipologie di prodotto tra cui:<\/p>\n<p>- Farine<br \/>\n- Latte in polvere<br \/>\n- Prodotti per la panificazione<br \/>\n- Spezie<br \/>\n- Zucchero<\/p>\n<p>Tutti i nostri sacchi sono certificati in termini di conformit\u00e0 al contatto alimentare come da normative Europee in essere.<\/p>\n<p>In questo settore, i sacchi maggiormente utilizzati sono i sacchi a bocca aperta, a cui pu\u00f2 essere inserita la specialit\u00e0 del tubolare in PE (adatto soprattutto per prodotti alimentari come latte in polvere), sacchi pinch con chiusura hot-melt e sacchi a valvola (sempre pi\u00f9 spesso termosaldante).<\/p>\n                    <\/div>\n    <\/div>\n<\/div><div class=\"qode-workflow-item\">\n    <span class=\"line\" style=\"background-color:#2c7b20;\"><\/span>\n    <div class=\"qode-workflow-item-inner \">\n        <div class=\"qode-workflow-image left\">\n            <img loading=\"lazy\" decoding=\"async\" width=\"800\" height=\"1200\" src=\"https:\/\/www.saccarta.it\/wp-content\/uploads\/2021\/11\/saccarta_chimica.jpg\" class=\"attachment-full size-full\" alt=\"\" srcset=\"https:\/\/www.saccarta.it\/wp-content\/uploads\/2021\/11\/saccarta_chimica.jpg 800w, https:\/\/www.saccarta.it\/wp-content\/uploads\/2021\/11\/saccarta_chimica-200x300.jpg 200w, https:\/\/www.saccarta.it\/wp-content\/uploads\/2021\/11\/saccarta_chimica-683x1024.jpg 683w, https:\/\/www.saccarta.it\/wp-content\/uploads\/2021\/11\/saccarta_chimica-768x1152.jpg 768w, https:\/\/www.saccarta.it\/wp-content\/uploads\/2021\/11\/saccarta_chimica-700x1050.jpg 700w\" sizes=\"auto, (max-width: 800px) 100vw, 800px\" \/>        <\/div>\n        <div class=\"qode-workflow-text\">\n            <span class=\"circle\" style=\"border-color:#2c7b20;background-color:#2c7b20;\"><\/span>\n                            <h4>Industria Chimica<\/h4>\n                                                    <p class=\"text\">Nel settore dell\u2019<b>Industria Chimica<\/b>, Saccarta produce sacchi per l\u2019imballaggio di:<\/p>\n<p>- Prodotti chimici in polvere<br \/>\n- Polimeri<br \/>\n- Colle<br \/>\n- Pigmenti<br \/>\n- Detergenti<br \/>\n- Prodotti farmaceutici<\/p>\n<p>In questo settore, la gamma di prodotti offerta \u00e8 molto vasta. I sacchi maggiormente utilizzati sono i sacchi a valvola termosaldante e sacchi a bocca aperta o pinch bottom, a cui pu\u00f2 essere inserita la specialit\u00e0 del tubolare di polietilene o della carta alluminata per una maggiore protezione del prodotto insaccato.<\/p>\n<p>Se necessario, offriamo inoltre la possibilit\u00e0 per materiali pericolosi di omologare il sacco con omologazione UN IMDG\/ADR\/RID nel pieno rispetto delle vigenti normative Europee.<\/p>\n                    <\/div>\n    <\/div>\n<\/div><div class=\"qode-workflow-item\">\n    <span class=\"line\" style=\"background-color:#2c7b20;\"><\/span>\n    <div class=\"qode-workflow-item-inner reverse\">\n        <div class=\"qode-workflow-image right\">\n            <img loading=\"lazy\" decoding=\"async\" width=\"800\" height=\"1200\" src=\"https:\/\/www.saccarta.it\/wp-content\/uploads\/2021\/11\/saccarta_margimi.jpg\" class=\"attachment-full size-full\" alt=\"\" srcset=\"https:\/\/www.saccarta.it\/wp-content\/uploads\/2021\/11\/saccarta_margimi.jpg 800w, https:\/\/www.saccarta.it\/wp-content\/uploads\/2021\/11\/saccarta_margimi-200x300.jpg 200w, https:\/\/www.saccarta.it\/wp-content\/uploads\/2021\/11\/saccarta_margimi-683x1024.jpg 683w, https:\/\/www.saccarta.it\/wp-content\/uploads\/2021\/11\/saccarta_margimi-768x1152.jpg 768w, https:\/\/www.saccarta.it\/wp-content\/uploads\/2021\/11\/saccarta_margimi-700x1050.jpg 700w\" sizes=\"auto, (max-width: 800px) 100vw, 800px\" \/>        <\/div>\n        <div class=\"qode-workflow-text\">\n            <span class=\"circle\" style=\"border-color:#2c7b20;background-color:#2c7b20;\"><\/span>\n                            <h4>Mangimi Animali<\/h4>\n                                                    <p class=\"text\">Nel settore dei <strong>Mangimi Animali<\/strong>, Saccarta ha esperienza nella produzione di sacchi per contenere svariate tipologie di prodotto:<\/p>\n<p>- Alimentazione animale<br \/>\n- Integratori<br \/>\n- Vitamine<br \/>\n- Prodotti farmaceutici veterinari<\/p>\n<p>Tutti i nostri sacchi sono certificati in termini di conformit\u00e0 al contatto alimentare come da normative Europee in essere.<\/p>\n<p>I sacchi maggiormente utilizzati in questo ambito sono i sacchi a bocca aperta a cui pu\u00f2 essere inserita la specialit\u00e0 della finestra in PE (brevettata da Saccarta) che permette di vedere il prodotto insaccato ed i sacchi pinch con spalmatura hot-melt.<\/p>\n                    <\/div>\n    <\/div>\n<\/div><div class=\"qode-workflow-item\">\n    <span class=\"line\" style=\"background-color:#2c7b20;\"><\/span>\n    <div class=\"qode-workflow-item-inner \">\n        <div class=\"qode-workflow-image left\">\n            <img loading=\"lazy\" decoding=\"async\" width=\"800\" height=\"1200\" src=\"https:\/\/www.saccarta.it\/wp-content\/uploads\/2021\/11\/saccarta_sementi.jpg\" class=\"attachment-full size-full\" alt=\"\" srcset=\"https:\/\/www.saccarta.it\/wp-content\/uploads\/2021\/11\/saccarta_sementi.jpg 800w, https:\/\/www.saccarta.it\/wp-content\/uploads\/2021\/11\/saccarta_sementi-200x300.jpg 200w, https:\/\/www.saccarta.it\/wp-content\/uploads\/2021\/11\/saccarta_sementi-683x1024.jpg 683w, https:\/\/www.saccarta.it\/wp-content\/uploads\/2021\/11\/saccarta_sementi-768x1152.jpg 768w, https:\/\/www.saccarta.it\/wp-content\/uploads\/2021\/11\/saccarta_sementi-700x1050.jpg 700w\" sizes=\"auto, (max-width: 800px) 100vw, 800px\" \/>        <\/div>\n        <div class=\"qode-workflow-text\">\n            <span class=\"circle\" style=\"border-color:#2c7b20;background-color:#2c7b20;\"><\/span>\n                            <h4>Sementi e Fertilizzanti<\/h4>\n                                                    <p class=\"text\">Infine, nel settore dei <b>Sementi e Fertilizzanti<\/b>, Saccarta produce sacchi per l\u2019imballaggio di:<\/p>\n<p>- Mais<br \/>\n- Soia<br \/>\n- Girasole<br \/>\n- Fertilizzanti<br \/>\n- Concimi<\/p>\n<p>I sacchi pi\u00f9 comunemente utilizzati sono i sacchi a bocca aperta e valvola.<\/p>\n<p>In entrambi i casi pu\u00f2 essere inserita la specialit\u00e0 dell\u2019easy open: una particolare costruzione del fondello esterno permette di aprire facilmente il sacco e rilasciare rapidamente il contenuto senza rischio di contaminazioni. Anche la specialit\u00e0 della finestra \u00e8 talvolta usata nel settore dei sementi.<\/p>\n                    <\/div>\n    <\/div>\n<\/div><div class=\"qode-workflow-item\">\n    <span class=\"line\" style=\"\"><\/span>\n    <div class=\"qode-workflow-item-inner \">\n        <div class=\"qode-workflow-image center\">\n                    <\/div>\n        <div class=\"qode-workflow-text\">\n            <span class=\"circle\" style=\"\"><\/span>\n                                            <\/div>\n    <\/div>\n<\/div><\/div>[\/vc_column][\/vc_row]<\/p>\n","protected":false},"excerpt":{"rendered":"<p>[vc_row css_animation=&#8221;&#8221; row_type=&#8221;row&#8221; use_row_as_full_screen_section=&#8221;no&#8221; type=&#8221;full_width&#8221; angled_section=&#8221;no&#8221; text_align=&#8221;left&#8221; background_image_as_pattern=&#8221;without_pattern&#8221;][vc_column][vc_single_image image=&#8221;454&#8243; img_size=&#8221;full&#8221; qode_css_animation=&#8221;&#8221;][\/vc_column][\/vc_row][vc_row css_animation=&#8221;&#8221; row_type=&#8221;row&#8221; use_row_as_full_screen_section=&#8221;no&#8221; type=&#8221;grid&#8221; angled_section=&#8221;no&#8221; text_align=&#8221;left&#8221; background_image_as_pattern=&#8221;without_pattern&#8221; z_index=&#8221;&#8221;][vc_column][vc_empty_space][vc_column_text] I NOSTRI MERCATI [\/vc_column_text][vc_empty_space height=&#8221;16px&#8221;][vc_column_text]La possibilit\u00e0 di realizzare ogni tipo di sacco di carta industriale, combinata con il know-how acquisito con la produzione di sacchi speciali,&#8230;<\/p>\n","protected":false},"author":1,"featured_media":0,"parent":0,"menu_order":0,"comment_status":"closed","ping_status":"closed","template":"full_width.php","meta":{"footnotes":""},"class_list":["post-432","page","type-page","status-publish","hentry"],"_links":{"self":[{"href":"https:\/\/www.saccarta.it\/it\/wp-json\/wp\/v2\/pages\/432","targetHints":{"allow":["GET"]}}],"collection":[{"href":"https:\/\/www.saccarta.it\/it\/wp-json\/wp\/v2\/pages"}],"about":[{"href":"https:\/\/www.saccarta.it\/it\/wp-json\/wp\/v2\/types\/page"}],"author":[{"embeddable":true,"href":"https:\/\/www.saccarta.it\/it\/wp-json\/wp\/v2\/users\/1"}],"replies":[{"embeddable":true,"href":"https:\/\/www.saccarta.it\/it\/wp-json\/wp\/v2\/comments?post=432"}],"version-history":[{"count":7,"href":"https:\/\/www.saccarta.it\/it\/wp-json\/wp\/v2\/pages\/432\/revisions"}],"predecessor-version":[{"id":886,"href":"https:\/\/www.saccarta.it\/it\/wp-json\/wp\/v2\/pages\/432\/revisions\/886"}],"wp:attachment":[{"href":"https:\/\/www.saccarta.it\/it\/wp-json\/wp\/v2\/media?parent=432"}],"curies":[{"name":"wp","href":"https:\/\/api.w.org\/{rel}","templated":true}]}}