{"id":424,"date":"2021-11-20T18:33:13","date_gmt":"2021-11-20T17:33:13","guid":{"rendered":"https:\/\/www.saccarta.it\/?page_id=424"},"modified":"2023-03-27T21:36:11","modified_gmt":"2023-03-27T19:36:11","slug":"sacchi-cuciti","status":"publish","type":"page","link":"https:\/\/www.saccarta.it\/it\/sacchi-cuciti\/","title":{"rendered":"SACCHI CUCITI"},"content":{"rendered":"<p>[vc_row css_animation=&#8221;&#8221; row_type=&#8221;row&#8221; use_row_as_full_screen_section=&#8221;no&#8221; type=&#8221;full_width&#8221; angled_section=&#8221;no&#8221; text_align=&#8221;left&#8221; background_image_as_pattern=&#8221;without_pattern&#8221;][vc_column][vc_empty_space][\/vc_column][\/vc_row][vc_row css_animation=&#8221;&#8221; row_type=&#8221;row&#8221; use_row_as_full_screen_section=&#8221;no&#8221; type=&#8221;grid&#8221; angled_section=&#8221;no&#8221; text_align=&#8221;left&#8221; background_image_as_pattern=&#8221;without_pattern&#8221; z_index=&#8221;&#8221;][vc_column width=&#8221;1\/2&#8243;][vc_column_text]<\/p>\n<h2 style=\"text-align: center;\">SACCHI CUCITI<\/h2>\n<p>[\/vc_column_text][vc_empty_space][vc_single_image image=&#8221;477&#8243; img_size=&#8221;full&#8221; alignment=&#8221;center&#8221; qode_css_animation=&#8221;&#8221;][\/vc_column][vc_column width=&#8221;1\/2&#8243;][vc_empty_space][vc_tabs style=&#8221;boxed&#8221;][vc_tab title=&#8221;IL PRODOTTO&#8221; tab_id=&#8221;c5b211a2-5995-5&#8243;][vc_column_text]\u00c8 la forma pi\u00f9 semplice di sacco, simile al tradizionale sacco fatto di iuta. Tuttavia per le sue specifiche caratteristiche tecniche resta indispensabile per una fascia della nostra clientela.[\/vc_column_text][\/vc_tab][vc_tab title=&#8221;CARATTERISTICHE OPZIONALI&#8221; tab_id=&#8221;dafd6ee0-7cda-5&#8243;][vc_column_text]- Sistema di piega a zeta: inserimento di un tubolare in polietilene, saldato sul fondo, in modo tale che la parte in politene del sacco sia pi\u00f9 lunga di quella di carta. Questo sistema permette un miglior riempimento del sacco e una pi\u00f9 agevole chiusura.<\/p>\n<p>&nbsp;<\/p>\n<p>&#8211; Ermeticit\u00e0 della cucitura: per evitare la fuoriuscita di materiali \u00e8 possibile applicare una striscia di carta saldata sulla cucitura stessa, ottenendo cos\u00ec una perfetta tenuta.[\/vc_column_text][\/vc_tab][vc_tab title=&#8221;SPECIFICHE&#8221; tab_id=&#8221;1636493297184-2-1&#8243;][vc_column_text]Larghezza: da cm. 18 a cm. 65<\/p>\n<p>Lunghezza: da cm. 25 a cm. 130<\/p>\n<p>Numero dei fogli: da 1 a 6 strati in carta o materiali accoppiati[\/vc_column_text][\/vc_tab][\/vc_tabs][vc_empty_space]<a  itemprop=\"url\" href=\"https:\/\/www.saccarta.it\/prodotti\/\" target=\"_self\"  class=\"qbutton  small default\" style=\"\">TORNA AI PRODOTTI<\/a>[\/vc_column][\/vc_row][vc_row css_animation=&#8221;&#8221; row_type=&#8221;row&#8221; use_row_as_full_screen_section=&#8221;no&#8221; type=&#8221;full_width&#8221; angled_section=&#8221;no&#8221; text_align=&#8221;left&#8221; background_image_as_pattern=&#8221;without_pattern&#8221;][vc_column][vc_empty_space][\/vc_column][\/vc_row][vc_row css_animation=&#8221;&#8221; row_type=&#8221;row&#8221; use_row_as_full_screen_section=&#8221;no&#8221; type=&#8221;grid&#8221; angled_section=&#8221;no&#8221; text_align=&#8221;left&#8221; background_image_as_pattern=&#8221;without_pattern&#8221; z_index=&#8221;&#8221; css=&#8221;.vc_custom_1637081587230{margin-top: 30px !important;background-color: #ffffff !important;}&#8221;][vc_column width=&#8221;1\/6&#8243;][\/vc_column][vc_column width=&#8221;2\/3&#8243;][vc_empty_space][vc_column_text]<\/p>\n<h4 style=\"text-align: center;\">ALTRI PRODOTTI<\/h4>\n<p>[\/vc_column_text][vc_separator type=&#8221;normal&#8221;][vc_row_inner row_type=&#8221;row&#8221; type=&#8221;full_width&#8221; text_align=&#8221;center&#8221; css_animation=&#8221;&#8221;][vc_column_inner width=&#8221;1\/3&#8243;][vc_single_image image=&#8221;476&#8243; img_size=&#8221;full&#8221; alignment=&#8221;center&#8221; onclick=&#8221;custom_link&#8221; qode_css_animation=&#8221;&#8221; link=&#8221;https:\/\/www.saccarta.it\/sacchi-a-bocca-aperta\/&#8221;][vc_empty_space]<a  itemprop=\"url\" href=\"https:\/\/www.saccarta.it\/sacchi-a-bocca-aperta\/\" target=\"_self\"  class=\"qbutton  small default button_full\" style=\"\">SACCHI A BOCCA APERTA<\/a>[vc_empty_space][\/vc_column_inner][vc_column_inner width=&#8221;1\/3&#8243;][vc_single_image image=&#8221;542&#8243; img_size=&#8221;full&#8221; alignment=&#8221;center&#8221; onclick=&#8221;custom_link&#8221; qode_css_animation=&#8221;&#8221; link=&#8221;https:\/\/www.saccarta.it\/sacchi-a-valvola\/&#8221;][vc_empty_space]<a  itemprop=\"url\" href=\"https:\/\/www.saccarta.it\/sacchi-a-valvola\" target=\"_self\"  class=\"qbutton  small default button_full\" style=\"\">SACCHI A VALVOLA<\/a>[vc_empty_space][\/vc_column_inner][vc_column_inner width=&#8221;1\/3&#8243;][vc_single_image image=&#8221;413&#8243; img_size=&#8221;full&#8221; alignment=&#8221;center&#8221; onclick=&#8221;custom_link&#8221; qode_css_animation=&#8221;&#8221; transition_delay=&#8221;0&#8243; link=&#8221;https:\/\/www.saccarta.it\/sacchi-pinch\/&#8221;][vc_empty_space]<a  itemprop=\"url\" href=\"https:\/\/www.saccarta.it\/sacchi-pinch\/\" target=\"_self\"  class=\"qbutton  small default button_full\" style=\"\">SACCHI PINCH<\/a>[vc_empty_space][\/vc_column_inner][\/vc_row_inner][\/vc_column][vc_column width=&#8221;1\/6&#8243;][\/vc_column][\/vc_row][vc_row css_animation=&#8221;&#8221; row_type=&#8221;row&#8221; use_row_as_full_screen_section=&#8221;no&#8221; type=&#8221;full_width&#8221; angled_section=&#8221;no&#8221; text_align=&#8221;left&#8221; background_image_as_pattern=&#8221;without_pattern&#8221;][vc_column][vc_empty_space][\/vc_column][\/vc_row]<\/p>\n","protected":false},"excerpt":{"rendered":"<p>[vc_row css_animation=&#8221;&#8221; row_type=&#8221;row&#8221; use_row_as_full_screen_section=&#8221;no&#8221; type=&#8221;full_width&#8221; angled_section=&#8221;no&#8221; text_align=&#8221;left&#8221; background_image_as_pattern=&#8221;without_pattern&#8221;][vc_column][vc_empty_space][\/vc_column][\/vc_row][vc_row css_animation=&#8221;&#8221; row_type=&#8221;row&#8221; use_row_as_full_screen_section=&#8221;no&#8221; type=&#8221;grid&#8221; angled_section=&#8221;no&#8221; text_align=&#8221;left&#8221; background_image_as_pattern=&#8221;without_pattern&#8221; z_index=&#8221;&#8221;][vc_column width=&#8221;1\/2&#8243;][vc_column_text] SACCHI CUCITI [\/vc_column_text][vc_empty_space][vc_single_image image=&#8221;477&#8243; img_size=&#8221;full&#8221; alignment=&#8221;center&#8221; qode_css_animation=&#8221;&#8221;][\/vc_column][vc_column width=&#8221;1\/2&#8243;][vc_empty_space][vc_tabs style=&#8221;boxed&#8221;][vc_tab title=&#8221;IL PRODOTTO&#8221; tab_id=&#8221;c5b211a2-5995-5&#8243;][vc_column_text]\u00c8 la forma pi\u00f9 semplice di sacco, simile al tradizionale sacco fatto di iuta. Tuttavia per le&#8230;<\/p>\n","protected":false},"author":1,"featured_media":0,"parent":0,"menu_order":0,"comment_status":"closed","ping_status":"closed","template":"full_width.php","meta":{"footnotes":""},"class_list":["post-424","page","type-page","status-publish","hentry"],"_links":{"self":[{"href":"https:\/\/www.saccarta.it\/it\/wp-json\/wp\/v2\/pages\/424","targetHints":{"allow":["GET"]}}],"collection":[{"href":"https:\/\/www.saccarta.it\/it\/wp-json\/wp\/v2\/pages"}],"about":[{"href":"https:\/\/www.saccarta.it\/it\/wp-json\/wp\/v2\/types\/page"}],"author":[{"embeddable":true,"href":"https:\/\/www.saccarta.it\/it\/wp-json\/wp\/v2\/users\/1"}],"replies":[{"embeddable":true,"href":"https:\/\/www.saccarta.it\/it\/wp-json\/wp\/v2\/comments?post=424"}],"version-history":[{"count":11,"href":"https:\/\/www.saccarta.it\/it\/wp-json\/wp\/v2\/pages\/424\/revisions"}],"predecessor-version":[{"id":919,"href":"https:\/\/www.saccarta.it\/it\/wp-json\/wp\/v2\/pages\/424\/revisions\/919"}],"wp:attachment":[{"href":"https:\/\/www.saccarta.it\/it\/wp-json\/wp\/v2\/media?parent=424"}],"curies":[{"name":"wp","href":"https:\/\/api.w.org\/{rel}","templated":true}]}}