{"id":349,"date":"2021-11-09T22:38:31","date_gmt":"2021-11-09T21:38:31","guid":{"rendered":"https:\/\/www.saccarta.it\/?page_id=349"},"modified":"2023-10-09T13:45:49","modified_gmt":"2023-10-09T11:45:49","slug":"sacchi-a-valvola","status":"publish","type":"page","link":"https:\/\/www.saccarta.it\/it\/sacchi-a-valvola\/","title":{"rendered":"SACCHI A VALVOLA"},"content":{"rendered":"<p>[vc_row css_animation=&#8221;&#8221; row_type=&#8221;row&#8221; use_row_as_full_screen_section=&#8221;no&#8221; type=&#8221;full_width&#8221; angled_section=&#8221;no&#8221; text_align=&#8221;left&#8221; background_image_as_pattern=&#8221;without_pattern&#8221;][vc_column][vc_empty_space][\/vc_column][\/vc_row][vc_row css_animation=&#8221;&#8221; row_type=&#8221;row&#8221; use_row_as_full_screen_section=&#8221;no&#8221; type=&#8221;grid&#8221; angled_section=&#8221;no&#8221; text_align=&#8221;left&#8221; background_image_as_pattern=&#8221;without_pattern&#8221; z_index=&#8221;&#8221;][vc_column width=&#8221;1\/2&#8243;][vc_column_text]<\/p>\n<h2 style=\"text-align: center;\">SACCHI A VALVOLA<\/h2>\n<p>[\/vc_column_text][vc_empty_space][vc_single_image image=&#8221;542&#8243; img_size=&#8221;full&#8221; alignment=&#8221;center&#8221; qode_css_animation=&#8221;&#8221;][\/vc_column][vc_column width=&#8221;1\/2&#8243;][vc_empty_space][vc_tabs style=&#8221;boxed&#8221;][vc_tab title=&#8221;PRODOTTO&#8221; tab_id=&#8221;c5b211a2-5995-5&#8243;][vc_column_text]E&#8217; il sacco pi\u00f9 utilizzato in tutti i settori industriali, progettato per riempimenti a grande velocit\u00e0. Esistono diversi tipi di valvola a seconda del livello richiesto di ermeticit\u00e0 e pulizia: le valvole possono essere a chiusura automatica grazie alla pressione esercitata dal prodotto durante il riempimento, a chiusura mediante incollatura e a chiusura mediante saldatura (con calore o con ultrasuoni).<\/p>\n<p>&nbsp;<\/p>\n<p>I sacchi a valvola, per la loro costruzione, garantiscono un&#8217;ottima pallettizzazione.<br \/>\nPer una migliore protezione dall&#8217;umidit\u00e0 possono essere incorporati strati di carta politenata o film di polietilene.[\/vc_column_text][\/vc_tab][vc_tab title=&#8221;CARATTERISTICHE OPZIONALI&#8221; tab_id=&#8221;dafd6ee0-7cda-5&#8243;][vc_column_text]\u2013 Applicazione del fondello interno: migliora la tenuta del sacco alle polveri ed impedisce la fuoriuscita del prodotto.<\/p>\n<p>&nbsp;<\/p>\n<p>\u2013 Maniglia: il fondello esterno pu\u00f2 essere prodotto con materiali speciali che lo rendono idoneo ad essere utilizzato come maniglia, con una capacit\u00e0 di carico e trasporto di circa 10\/15kg.<\/p>\n<p>&nbsp;<\/p>\n<p>\u2013 Vari sistemi di disaerazione: per raggiungere la massima velocit\u00e0 di riempimento.<\/p>\n<p>&nbsp;<\/p>\n<p>\u2013 Apertura facilitata (Easy Open): una particolare costruzione del fondello esterno permette di aprire facilmente il sacco e rilasciare rapidamente il contenuto.<\/p>\n<p>&nbsp;<\/p>\n<p>\u2013 Valvola saldante: per una chiusura ermetica del sacco e per migliorare la protezione del prodotto.<\/p>\n<p>&nbsp;<\/p>\n<p>\u2013 Finestra: applicazione di una finestra trasparente realizzata in polietilene (PE) che permette di vedere il prodotto insaccato.[\/vc_column_text][\/vc_tab][vc_tab title=&#8221;SPECIFICHE&#8221; tab_id=&#8221;1636493297184-2-1&#8243;][vc_column_text]Larghezza: da 18 a 72 cm<\/p>\n<p>Fondo\/larghezza valvola: da 8 a 22 cm<\/p>\n<p>Lunghezza: da 25 a 130 cm<\/p>\n<p>Numero di fogli: da 1 a 6 strati in carta o materiali accoppiati[\/vc_column_text][\/vc_tab][\/vc_tabs][vc_empty_space]<a  itemprop=\"url\" href=\"https:\/\/www.saccarta.it\/prodotti\" target=\"_self\"  class=\"qbutton  small default\" style=\"\">TORNA AI PRODOTTI<\/a>[\/vc_column][\/vc_row][vc_row css_animation=&#8221;&#8221; row_type=&#8221;row&#8221; use_row_as_full_screen_section=&#8221;no&#8221; type=&#8221;full_width&#8221; angled_section=&#8221;no&#8221; text_align=&#8221;left&#8221; background_image_as_pattern=&#8221;without_pattern&#8221;][vc_column][vc_empty_space][\/vc_column][\/vc_row][vc_row css_animation=&#8221;&#8221; row_type=&#8221;row&#8221; use_row_as_full_screen_section=&#8221;no&#8221; type=&#8221;grid&#8221; angled_section=&#8221;no&#8221; text_align=&#8221;left&#8221; background_image_as_pattern=&#8221;without_pattern&#8221; z_index=&#8221;&#8221; css=&#8221;.vc_custom_1637081587230{margin-top: 30px !important;background-color: #ffffff !important;}&#8221;][vc_column width=&#8221;1\/6&#8243;][\/vc_column][vc_column width=&#8221;2\/3&#8243;][vc_empty_space][vc_column_text]<\/p>\n<h4 style=\"text-align: center;\">ALTRI PRODOTTI<\/h4>\n<p>[\/vc_column_text][vc_separator type=&#8221;normal&#8221;][vc_row_inner row_type=&#8221;row&#8221; type=&#8221;full_width&#8221; text_align=&#8221;center&#8221; css_animation=&#8221;&#8221;][vc_column_inner width=&#8221;1\/3&#8243;][vc_single_image image=&#8221;476&#8243; img_size=&#8221;full&#8221; alignment=&#8221;center&#8221; onclick=&#8221;custom_link&#8221; qode_css_animation=&#8221;&#8221; link=&#8221;https:\/\/www.saccarta.it\/sacchi-a-bocca-aperta\/&#8221;][vc_empty_space]<a  itemprop=\"url\" href=\"https:\/\/www.saccarta.it\/sacchi-a-bocca-aperta\/\" target=\"_self\"  class=\"qbutton  small default button_full\" style=\"\">SACCI A BOCCA APERTA<\/a>[vc_empty_space][\/vc_column_inner][vc_column_inner width=&#8221;1\/3&#8243;][vc_single_image image=&#8221;413&#8243; img_size=&#8221;full&#8221; alignment=&#8221;center&#8221; onclick=&#8221;custom_link&#8221; qode_css_animation=&#8221;&#8221; link=&#8221;https:\/\/www.saccarta.it\/sacchi-pinch\/&#8221;][vc_empty_space]<a  itemprop=\"url\" href=\"https:\/\/www.saccarta.it\/sacchi-pinch\/\" target=\"_self\"  class=\"qbutton  small default button_full\" style=\"\">SACCHI PINCH<\/a>[vc_empty_space][\/vc_column_inner][vc_column_inner width=&#8221;1\/3&#8243;][vc_single_image image=&#8221;477&#8243; img_size=&#8221;full&#8221; alignment=&#8221;center&#8221; onclick=&#8221;custom_link&#8221; qode_css_animation=&#8221;&#8221; link=&#8221;https:\/\/www.saccarta.it\/sacchi-cuciti\/&#8221;][vc_empty_space]<a  itemprop=\"url\" href=\"https:\/\/www.saccarta.it\/sacchi-cuciti\/\" target=\"_self\"  class=\"qbutton  small default button_full\" style=\"\">SACCHI CUCITI<\/a>[vc_empty_space][\/vc_column_inner][\/vc_row_inner][\/vc_column][vc_column width=&#8221;1\/6&#8243;][\/vc_column][\/vc_row][vc_row css_animation=&#8221;&#8221; row_type=&#8221;row&#8221; use_row_as_full_screen_section=&#8221;no&#8221; type=&#8221;full_width&#8221; angled_section=&#8221;no&#8221; text_align=&#8221;left&#8221; background_image_as_pattern=&#8221;without_pattern&#8221;][vc_column][vc_empty_space][\/vc_column][\/vc_row]<\/p>\n","protected":false},"excerpt":{"rendered":"<p>[vc_row css_animation=&#8221;&#8221; row_type=&#8221;row&#8221; use_row_as_full_screen_section=&#8221;no&#8221; type=&#8221;full_width&#8221; angled_section=&#8221;no&#8221; text_align=&#8221;left&#8221; background_image_as_pattern=&#8221;without_pattern&#8221;][vc_column][vc_empty_space][\/vc_column][\/vc_row][vc_row css_animation=&#8221;&#8221; row_type=&#8221;row&#8221; use_row_as_full_screen_section=&#8221;no&#8221; type=&#8221;grid&#8221; angled_section=&#8221;no&#8221; text_align=&#8221;left&#8221; background_image_as_pattern=&#8221;without_pattern&#8221; z_index=&#8221;&#8221;][vc_column width=&#8221;1\/2&#8243;][vc_column_text] SACCHI A VALVOLA [\/vc_column_text][vc_empty_space][vc_single_image image=&#8221;542&#8243; img_size=&#8221;full&#8221; alignment=&#8221;center&#8221; qode_css_animation=&#8221;&#8221;][\/vc_column][vc_column width=&#8221;1\/2&#8243;][vc_empty_space][vc_tabs style=&#8221;boxed&#8221;][vc_tab title=&#8221;PRODOTTO&#8221; tab_id=&#8221;c5b211a2-5995-5&#8243;][vc_column_text]E&#8217; il sacco pi\u00f9 utilizzato in tutti i settori industriali, progettato per riempimenti a grande velocit\u00e0. Esistono&#8230;<\/p>\n","protected":false},"author":1,"featured_media":0,"parent":0,"menu_order":0,"comment_status":"closed","ping_status":"closed","template":"full_width.php","meta":{"footnotes":""},"class_list":["post-349","page","type-page","status-publish","hentry"],"_links":{"self":[{"href":"https:\/\/www.saccarta.it\/it\/wp-json\/wp\/v2\/pages\/349","targetHints":{"allow":["GET"]}}],"collection":[{"href":"https:\/\/www.saccarta.it\/it\/wp-json\/wp\/v2\/pages"}],"about":[{"href":"https:\/\/www.saccarta.it\/it\/wp-json\/wp\/v2\/types\/page"}],"author":[{"embeddable":true,"href":"https:\/\/www.saccarta.it\/it\/wp-json\/wp\/v2\/users\/1"}],"replies":[{"embeddable":true,"href":"https:\/\/www.saccarta.it\/it\/wp-json\/wp\/v2\/comments?post=349"}],"version-history":[{"count":18,"href":"https:\/\/www.saccarta.it\/it\/wp-json\/wp\/v2\/pages\/349\/revisions"}],"predecessor-version":[{"id":956,"href":"https:\/\/www.saccarta.it\/it\/wp-json\/wp\/v2\/pages\/349\/revisions\/956"}],"wp:attachment":[{"href":"https:\/\/www.saccarta.it\/it\/wp-json\/wp\/v2\/media?parent=349"}],"curies":[{"name":"wp","href":"https:\/\/api.w.org\/{rel}","templated":true}]}}