{"id":3,"date":"2021-11-01T07:58:32","date_gmt":"2021-11-01T06:58:32","guid":{"rendered":"https:\/\/www.saccarta.it\/?page_id=3"},"modified":"2022-04-06T11:23:20","modified_gmt":"2022-04-06T09:23:20","slug":"privacy-policy","status":"publish","type":"page","link":"https:\/\/www.saccarta.it\/it\/privacy-policy\/","title":{"rendered":"Privacy policy"},"content":{"rendered":"<p>[vc_row css_animation=&#8221;&#8221; row_type=&#8221;row&#8221; use_row_as_full_screen_section=&#8221;no&#8221; type=&#8221;grid&#8221; angled_section=&#8221;no&#8221; text_align=&#8221;left&#8221; background_image_as_pattern=&#8221;without_pattern&#8221; css=&#8221;.vc_custom_1637758113116{background-color: #ffffff !important;}&#8221; z_index=&#8221;&#8221;][vc_column][vc_empty_space][vc_column_text]<\/p>\n<h2><strong>INFORMATIVA PRIVACY<\/strong><\/h2>\n<p>[\/vc_column_text][vc_empty_space height=&#8221;16px&#8221;][vc_column_text]<\/p>\n<p>Link al Regolamento Generale per la Protezione dei Dati Personali n. 2016\/679 (GDPR)<br \/>\nIn adempimento agli artt. 13 (per i dati raccolti presso l\u2019interessato) e 14 (per i dati non raccolti presso l\u2019interessato) del Regolamento UE 2016\/679 (GDPR) si rendono agli Utenti del sito web sito https:\/\/www.saccarta.it\/ le seguenti informazioni, che si riferiscono esclusivamente al trattamento eseguito attraverso detto Sito Web e non tramite altri siti web eventualmente visitati tramite link dal presente, per i quali si suggerisce di prendere visione delle relative informative rese dai rispettivi Titolari.<br \/>\nLo scopo dell\u2019informativa privacy \u00e8 di fornire la massima trasparenza relativamente alle informazioni che il sito raccoglie e agli scopi e le modalit\u00e0 di utilizzo.<\/p>\n<p>[\/vc_column_text][vc_empty_space][vc_column_text]<\/p>\n<p>1 \u2013\u00a0<strong>Titolare del trattamento<\/strong><br \/>\nSACCARTA S.P.A con Sede legale in Via Casati Felice 20 \u2013 20124 Milano (MI), Italia (la \u201cSociet\u00e0\u201d, \u201c https:\/\/www.saccarta.it\/ o il \u201cTitolare del Trattamento\u201d), in qualit\u00e0 di titolare del trattamento dei dati personali degli utenti del sito web https:\/\/www.saccarta.it\/ garantisce il rispetto della disciplina in materia di protezione dei dati personali fornendo le seguenti informazioni circa il trattamento dei dati comunicati o comunque raccolti nel corso della navigazione sul presente sito, ai sensi dell\u2019art. 13 del D.Lgs. 196\/2003 e ai sensi degli artt. 13 e 14 del Regolamento UE 2016\/679 del 27 aprile 2016.<br \/>\n\u00c8 possibile contattare il Titolare del Trattamento utilizzando i seguenti recapiti:<\/p>\n<p>Tel: + 39 0362577502<br \/>\nFax: + 39 0362564211<br \/>\nEmail: privacy@saccarta.it<br \/>\nPec: saccarta.privacy@pec.it<\/p>\n<p>Il responsabile del Trattamento dati \u00e8 il Legale Rappresentante Protempore<br \/>\nIl Responsabile di Sistema \u00e8 FB CONSULTING SRL<\/p>\n<p>[\/vc_column_text][vc_empty_space][vc_column_text]<\/p>\n<p>2 \u2013\u00a0<strong>Base giuridica del trattamento<\/strong><br \/>\nIl trattamento dei dati personali si fonda sul diritto di informazione, sull\u2019adempimento degli obblighi contrattuali o di contatto sociale, ovvero laddove necessario sul consenso mediante la libera e consapevole compilazione degli appositi campi informativi nei form dedicati.<br \/>\nIl conferimento dei dati e quindi il consenso alla raccolta e al trattamento dei dati sono facoltativi.<br \/>\nL\u2019Utente pu\u00f2 negare il consenso, e pu\u00f2 revocare in qualsiasi momento un consenso gi\u00e0 fornito (cliccando sul link Cookie Policy a fondo pagina, o tramite le impostazioni del browser con riferimento ai cookies). Tuttavia, negare il consenso pu\u00f2 comportare l\u2019impossibilit\u00e0 di erogare alcuni servizi e l\u2019esperienza di navigazione del sito potrebbe essere ridotta.<\/p>\n<p>[\/vc_column_text][vc_empty_space][vc_column_text]<\/p>\n<p>3 \u2013\u00a0<strong>Finalit\u00e0 del trattamento e modalit\u00e0<\/strong><br \/>\nPer trattamento di dati personali si intende qualsiasi operazione o insieme di operazioni, compiute con o senza l\u2019ausilio di processi automatizzati e applicate a dati personali o insiemi di dati personali.<br \/>\nI dati personali degli Utenti del Sito Web https:\/\/www.saccarta.it\/ saranno oggetto di trattamento nei modi e nelle forme prescritti dal GDPR, per lo svolgimento delle funzionalit\u00e0 proprie del Sito Web, con particolare, ma non esclusivo, riferimento alle procedure ivi descritte di raccolta dati, form contatti, eventuale iter di registrazione \/ accesso area riservata, iscrizione alla newsletter e simili.<\/p>\n<p>Il trattamento dei dati raccolti dal sito, oltre alle finalit\u00e0 connesse, strumentali e necessarie alla fornitura del servizio, \u00e8 volto alle seguenti finalit\u00e0:<br \/>\n&#8211; Dar seguito alle specifiche richieste rivolte al Titolare dall\u2019Utente tramite il Sito Web e i suoi strumenti di comunicazione (moduli di contatto, moduli di richiesta di informazione su prodotti e servizi e similari);<br \/>\n&#8211; Eventuale iscrizione alla newsletter (ove previsto) ed il conseguente invio di comunicazioni commerciali ed informative varie concernenti il settore nel quale opera il Titolare, con apposito consenso prestato dall\u2019utente;<br \/>\n&#8211; Per comunicazioni di natura informativa relative ai servizi dello stesso Titolare, a seguito della richiesta di informazioni tramite messaggi di posta elettronica o compilazione del form contatti e di altri strumenti di comunicazione;<br \/>\n&#8211; Per altre finalit\u00e0 accessorie o collegate a quelle sopra indicate e comunque rientranti nell\u2019ambito delle attivit\u00e0 del Sito Web, ivi compresa la Geo localizzazione sulla mappa;<br \/>\n&#8211; Per il trattamento dell\u2019indirizzo di posta elettronica, fornito dall\u2019interessato nel contesto della vendita di un prodotto o di un servizio, finalizzato anche all\u2019invio, senza ulteriore consenso, di comunicazioni per la successiva vendita diretta di prodotti o servizi analoghi a quelli oggetto della vendita stessa;<br \/>\n&#8211; Per raccolta di dati e informazioni in forma esclusivamente aggregata e anonima al fine di verificare il corretto funzionamento del sito, per migliorare il negozio online (ove previsto) e la piattaforma, nonch\u00e9 le prestazioni e le caratteristiche. Nessuna di queste informazioni \u00e8 correlata alla persona fisica-Utente del sito, e non ne consentono in alcun modo l\u2019identificazione.<br \/>\nI dati raccolti saranno trattati mediante strumenti elettronici o comunque automatizzati, informatici e telematici, o mediante elaborazioni manuali con logiche strettamente correlate alle finalit\u00e0 per le quali i dati personali sono stati raccolti e, comunque, in modo da garantire in ogni caso la sicurezza dei medesimi. I dati vengono conservati per il tempo strettamente necessario alla gestione delle finalit\u00e0 per le quali i dati stessi sono raccolti nel rispetto delle norme vigenti e degli obblighi di legge.<br \/>\nIl trattamento dei dati personali presso Via Casati Felice 20 \u2013 20124 Milano (MI) oppure nella Sede Operativa di Via Tonale, 50 Cap. 20030 Copreno di Lentate sul Seveso \u2013 (MB) \u2013 Italia sar\u00e0 eseguito esclusivamente dai nostri incaricati al Trattamento Dati, e verr\u00e0 fornito a Societ\u00e0 Terze solo su specifica richiesta ed esigenza (si veda paragrafo 5)<br \/>\nLa newsletter con contenuti promozionali (ove presente) \u00e8, invece, fornita direttamente dal titolare del trattamento, utilizzando MailUp che, elaborando dati per conto del titolare, \u00e8 responsabile del trattamento. MailUp utilizza web beacons al fine di rilevare l\u2019apertura di un messaggio, i click effettuati sui collegamenti ipertestuali contenuti all\u2019interno dell\u2019e-mail, da quale indirizzo IP o con quale tipo di browser viene aperta l\u2019e-mail, e altri dettagli simili. L\u2019Utente pu\u00f2 opporsi facilmente ad ulteriori invii di newsletter anche cliccando sull\u2019apposito link per la revoca del consenso, che \u00e8 presente in ciascuna e-mail contenente la newsletter. Effettuata la revoca del consenso, il Titolare invier\u00e0 all\u2019Utente un messaggio per confermare l\u2019avvenuta revoca del consenso.<\/p>\n<p>[\/vc_column_text][vc_empty_space][vc_column_text]<\/p>\n<p>4 \u2013<strong>\u00a0Dati raccolti<\/strong><br \/>\nIl presente sito raccoglie dati degli utenti in due modi.<br \/>\n4.1 \u2013 Dati raccolti in maniera automatizzata<br \/>\nDurante la navigazione sul sito web vengono normalmente acquisite una serie di informazioni relative ai sistemi informatici utilizzati dall\u2019utente. Queste sono per esempio:<br \/>\n&#8211; indirizzo internet protocol (IP);<br \/>\n&#8211; tipo di browser;<br \/>\n&#8211; nome dell\u2019internet service provider (ISP);<br \/>\n&#8211; data e orario di visita;<br \/>\n&#8211; pagina web di provenienza del visitatore (referral) e di uscita;<br \/>\n&#8211; eventualmente il numero di click e di pagina\/e visitata\/e;<br \/>\n&#8211; dati del dispositivo.<br \/>\nQuesti dati sono utilizzati a fini di statistica e analisi, in forma esclusivamente aggregata. Nessuna di queste informazioni \u00e8 correlata alla persona fisica-utente del sito, e non ne consentono in alcun modo l\u2019identificazione. L\u2019indirizzo IP \u00e8 utilizzato esclusivamente a fini di sicurezza e non \u00e8 incrociato con nessun altro dato.<br \/>\n4.2 \u2013 Dati conferiti volontariamente<br \/>\nIl sito pu\u00f2 raccogliere altri dati in caso di utilizzo volontario di servizi da parte degli utenti, quali servizi di commenti, di comunicazione (chat, moduli per contatti, invio newsletter), di acquisto (carrello). Queste sono per esempio:<br \/>\n&#8211; nome e cognome;<br \/>\n&#8211; username;<br \/>\n&#8211; indirizzo e-mail;<br \/>\n&#8211; indirizzo di residenza fisica;<br \/>\n&#8211; Indirizzo di spedizione merce (ove previsto per finalit\u00e0 di spedizione);<br \/>\n-profili social;<br \/>\n&#8211; locazione geografica.<br \/>\nQuesti dati sono forniti volontariamente dall\u2019Utente al momento della richiesta del servizio, e verranno utilizzati esclusivamente per l\u2019erogazione del servizio richiesto.<br \/>\nGli Utenti esentano il presente sito da qualsiasi responsabilit\u00e0 in merito ad eventuali violazioni delle leggi. Spetta all\u2019Utente verificare di avere i permessi per l\u2019immissione di dati personali di terzi o di contenuti tutelati dalle norme nazionali ed internazionali.<\/p>\n<p>[\/vc_column_text][vc_empty_space][vc_column_text]<\/p>\n<p>5 \u2013\u00a0<strong>Trasferimento dei dati raccolti a terze parti<\/strong><br \/>\nI dati rilevati dal sito non vengono forniti a terzi, a meno che non si tratti di legittima richiesta da parte dell\u2019autorit\u00e0 giudiziaria e nei soli casi previsti dalla legge. I dati per\u00f2 potranno essere forniti a terzi qualora ci\u00f2 sia necessario per la fornitura di uno specifico, oppure per l\u2019esecuzione di controlli di sicurezza o di ottimizzazione del sito.<br \/>\nL\u2019utente acconsente espressamente al trasferimento dei dati nelle ipotesi sottoindicate.<br \/>\n5.1 \u2013 Terzi fornitori di servizi<br \/>\nIl presente Sito Web potrebbe fornire alcuni dati personali a Consulenti, Web Agency e Software House per l\u2019esecuzione di controlli di sicurezza o di ottimizzazione del sito, alle autorit\u00e0 giudiziarie in caso di specifica richiesta, a societ\u00e0 terze che operano per conto del Titolare (per esempio spedizione di campioni o prodotti) oppure a piattaforma MailUp per l\u2019invio di newsletter.<br \/>\nNel caso di un e-commerce, Il presente Sito Web condivide i tuoi dati personali con la compagnia di spedizioni incaricata di consegnare la merce ordinata.<br \/>\nPer concludere il pagamento, forniamo i dati di pagamento necessari all\u2019istituto di credito o al fornitore di pagamento che abbiamo selezionato come responsabile della procedura di pagamento o al fornitore di servizi di pagamento selezionato durante la procedura di acquisto.<br \/>\nQuesti fornitori hanno accesso solo ai dati personali che sono necessari per svolgere i propri compiti.<br \/>\nGli stessi fornitori non possono utilizzare gli stessi dati per altri scopi e sono inoltre tenuti a trattare i dati personali in conformit\u00e0 a questa Informativa sulla privacy e delle istruzioni fornite dal Titolare, e ai sensi delle normative applicabili in materia di protezione dei dati personali.<br \/>\n5.2 \u2013 Trasferimenti di azienda<br \/>\nNell\u2019ipotesi in cui la propriet\u00e0 del sito o tutti i suoi beni vengano ceduti a terzi, oppure in caso di fusione, joint venture o riorganizzazione, i dati personali della clientela rientreranno naturalmente tra i beni trasferiti.<br \/>\n5.3 \u2013 Tutela dell\u2019azienda e altri soggetti<br \/>\nDivulghiamo dati relativi all\u2019account e altri dati personali solo nel caso in cui ci\u00f2 venga espressamente richiesto per legge; per far rispettare o applicare le nostre Condizioni generali di uso e vendita ed altri accordi; per tutelare nostri beni o diritti, nonch\u00e9 per la sicurezza dell\u2019azienda, dei nostri utenti o di altri soggetti. Questo include lo scambio di informazioni con altre societ\u00e0 ed organizzazioni che provvedono alla prevenzione di frodi o alla riduzione del rischio del credito. Ovviamente, questo non include la vendita, la condivisione o la divulgazione in altro modo di dati personali ricevuti dai clienti per finalit\u00e0 commerciali, in contrasto con gli impegni assunti in questa Informativa sulla privacy.<br \/>\nI Suoi dati non saranno in nessun caso ceduti a terzi per finalit\u00e0 di marketing.<br \/>\nI Suoi dati potrebbero essere oggetto di trasferimento verso Paesi terzi extra UE per i quali sono in vigore norme di \u201cassimilazione alla riservatezza e adeguatezze\u201d oppure con specifico accordo scritto \u201cin deroga\u201d ed entro i limiti in esso specificati od organizzazioni internazionali n\u00e9 verranno salvati su server ubicati in un paese terzo.<\/p>\n<p>[\/vc_column_text][vc_empty_space][vc_column_text]<\/p>\n<p>6 \u2013\u00a0<strong>Luogo del trattamento<\/strong><br \/>\nI dati raccolti dal sito sono trattati presso la sede del Titolare del Trattamento, e presso il datacenter del Web Hosting. Il web hosting si trova nello Spazio Economico Europeo e agisce in conformit\u00e0 delle norme europee.<\/p>\n<p>[\/vc_column_text][vc_empty_space][vc_column_text]<\/p>\n<p>7 \u2013\u00a0<strong>Periodo di conservazione dei dati<\/strong><br \/>\nI dati conferiti dall\u2019Interessato saranno conservati fino alla revoca espressa da parte dell\u2019Interessato, anche mediante azione sul proprio browser, pulizia dei cookie, richiesta espressa tramite e-mail o telefono al Titolare (si veda paragrafo specifico) o in altro modo manifestata.<br \/>\nI dati di navigazione saranno conservati per il tempo tecnico necessario all\u2019evasione delle funzioni per cui sono stati raccolti.<\/p>\n<p>[\/vc_column_text][vc_empty_space][vc_column_text]<\/p>\n<p>8 \u2013\u00a0<strong>Misure di sicurezza<\/strong><br \/>\nIl Titolare del trattamento tratta i dati dei visitatori\/utenti in maniera lecita e corretta, adottando le opportune misure di sicurezza volte ad impedire accessi non autorizzati, divulgazione, modifica o distruzione non autorizzata dei dati. Il trattamento viene effettuato mediante strumenti informatici e\/o telematici, con modalit\u00e0 organizzative e con logiche strettamente correlate alle finalit\u00e0 indicate.<br \/>\nCi impegniamo a tutelare la sicurezza dei tuoi dati personali durante il loro invio, utilizzando il software Secure Sockets Layer (SSL), che cripta le informazioni che inserisci.<br \/>\n\u00c8 importante che Voi adotti idonee protezioni contro l\u2019uso non autorizzato delle Vs. credenziali di accesso al sito.<\/p>\n<p>[\/vc_column_text][vc_empty_space][vc_column_text]<\/p>\n<p>9 \u2013\u00a0<strong>Diritti dell\u2019Utente\/Interessato del trattamento<\/strong><br \/>\nAi sensi del Regolamento europeo n. 679\/2016 (GDPR) e dell\u2019art. 7 del D. Lgs. 30 giugno 2003, n. 196, l\u2019Utente pu\u00f2, secondo le modalit\u00e0 e nei limiti previsti dalla vigente normativa, esercitare i seguenti diritti:<br \/>\n\u2022 opporsi in tutto o in parte, per motivi legittimi al trattamento dei dati personali che lo riguardano ai fini di invio di materiale pubblicitario o di vendita diretta o per il compimento di ricerche di mercato o di comunicazione commerciale;<br \/>\n&#8211; richiedere la conferma dell\u2019esistenza di dati personali che lo riguardano (diritto di accesso);<br \/>\n&#8211; conoscerne l\u2019origine;<br \/>\n&#8211; riceverne comunicazione intelligibile;<br \/>\n&#8211; avere informazioni circa la logica, le modalit\u00e0 e le finalit\u00e0 del trattamento;<br \/>\n&#8211; richiederne l\u2019aggiornamento, la rettifica, l\u2019integrazione, la cancellazione, la trasformazione in forma anonima, il blocco dei dati trattati in violazione di legge, ivi compresi quelli non pi\u00f9 necessari al perseguimento degli scopi per i quali sono stati raccolti;<br \/>\n&#8211; nei casi di trattamento basato su consenso, ricevere al solo costo dell\u2019eventuale supporto, i suoi dati forniti al titolare, in forma strutturata e leggibile da un elaboratore di dati e in un formato comunemente usato da un dispositivo elettronico;<br \/>\n&#8211; il diritto di presentare un reclamo all\u2019Autorit\u00e0 di controllo (Garante Privacy)<\/p>\n<p>http:\/\/www.garanteprivacy.it\/web\/guest\/home\/docweb\/-\/docweb-display\/docweb\/4535524);<\/p>\n<p>&#8211; nonch\u00e9, pi\u00f9 in generale, esercitare tutti i diritti che gli sono riconosciuti dalle vigenti disposizioni di legge.<br \/>\nTali diritti possono essere esercitati nelle forme e nei termini di cui all\u2019art. 12 del GDPR, mediante comunicazione scritta inviata al Titolare via e-mail all\u2019indirizzo: privacy@saccarta.it \u2013 saccarta.privacy@pec.it<br \/>\nLe richieste vanno rivolte al Titolare del trattamento o al Responsabile del trattamento.<\/p>\n<p>[\/vc_column_text][vc_empty_space][vc_column_text]<\/p>\n<p>10 \u2013\u00a0<strong>Reclami<\/strong><br \/>\nCiascun Interessato ha diritto di proporre reclamo ai sensi degli artt. 77 e seguenti del GDPR ad un\u2019autorit\u00e0 di controllo, che per lo Stato italiano \u00e8 individuato nel Garante per la protezione dei dati personali.<br \/>\nLe forme, le modalit\u00e0 ed i termini di proposizione delle azioni di reclamo sono previste e disciplinate dalla legislazione nazionale vigente. Il reclamo fa salve le azioni amministrative e giurisdizionali, che per lo Stato italiano possono proporsi alternativamente al medesimo Garante o al Tribunale competente.<\/p>\n<p>[\/vc_column_text][vc_empty_space][vc_column_text]<\/p>\n<p>11 \u2013\u00a0<strong>Profilazione<\/strong><br \/>\nI dati personali forniti attraverso i moduli NON sono oggetto di profilazione.<br \/>\nLa profilazione permette al Titolare di valutare determinati aspetti personali dell\u2019Interessato relativi in particolare alle sue preferenze, ai suoi interessi, ai suoi gusti con riferimento ai prodotti venduti ed alle attivit\u00e0 svolte dal Titolare, al fine di permettere al Titolare medesimo di offrire all\u2019Interessato un servizio di vendita pi\u00f9 specifico e mirato alle sue esigenze.<\/p>\n<p>[\/vc_column_text][vc_empty_space][vc_column_text]<\/p>\n<p>12 \u2013\u00a0<strong>Aggiornamenti<\/strong><br \/>\nLa presente informativa privacy \u00e8 aggiornata alla data del 11 Dicembre 2020<\/p>\n<p>[\/vc_column_text][\/vc_column][\/vc_row][vc_row css_animation=&#8221;&#8221; row_type=&#8221;row&#8221; use_row_as_full_screen_section=&#8221;no&#8221; type=&#8221;full_width&#8221; angled_section=&#8221;no&#8221; text_align=&#8221;left&#8221; background_image_as_pattern=&#8221;without_pattern&#8221;][vc_column][vc_empty_space][\/vc_column][\/vc_row]<\/p>\n","protected":false},"excerpt":{"rendered":"<p>[vc_row css_animation=&#8221;&#8221; row_type=&#8221;row&#8221; use_row_as_full_screen_section=&#8221;no&#8221; type=&#8221;grid&#8221; angled_section=&#8221;no&#8221; text_align=&#8221;left&#8221; background_image_as_pattern=&#8221;without_pattern&#8221; css=&#8221;.vc_custom_1637758113116{background-color: #ffffff !important;}&#8221; z_index=&#8221;&#8221;][vc_column][vc_empty_space][vc_column_text] INFORMATIVA PRIVACY [\/vc_column_text][vc_empty_space height=&#8221;16px&#8221;][vc_column_text] Link al Regolamento Generale per la Protezione dei Dati Personali n. 2016\/679 (GDPR) In adempimento agli artt. 13 (per i dati raccolti presso l\u2019interessato) e 14 (per i dati&#8230;<\/p>\n","protected":false},"author":1,"featured_media":0,"parent":0,"menu_order":0,"comment_status":"closed","ping_status":"open","template":"full_width.php","meta":{"footnotes":""},"class_list":["post-3","page","type-page","status-publish","hentry"],"_links":{"self":[{"href":"https:\/\/www.saccarta.it\/it\/wp-json\/wp\/v2\/pages\/3","targetHints":{"allow":["GET"]}}],"collection":[{"href":"https:\/\/www.saccarta.it\/it\/wp-json\/wp\/v2\/pages"}],"about":[{"href":"https:\/\/www.saccarta.it\/it\/wp-json\/wp\/v2\/types\/page"}],"author":[{"embeddable":true,"href":"https:\/\/www.saccarta.it\/it\/wp-json\/wp\/v2\/users\/1"}],"replies":[{"embeddable":true,"href":"https:\/\/www.saccarta.it\/it\/wp-json\/wp\/v2\/comments?post=3"}],"version-history":[{"count":2,"href":"https:\/\/www.saccarta.it\/it\/wp-json\/wp\/v2\/pages\/3\/revisions"}],"predecessor-version":[{"id":666,"href":"https:\/\/www.saccarta.it\/it\/wp-json\/wp\/v2\/pages\/3\/revisions\/666"}],"wp:attachment":[{"href":"https:\/\/www.saccarta.it\/it\/wp-json\/wp\/v2\/media?parent=3"}],"curies":[{"name":"wp","href":"https:\/\/api.w.org\/{rel}","templated":true}]}}