{"id":541,"date":"2022-03-22T22:15:48","date_gmt":"2022-03-22T21:15:48","guid":{"rendered":"https:\/\/www.saccarta.it\/?page_id=541"},"modified":"2023-03-31T15:09:38","modified_gmt":"2023-03-31T13:09:38","slug":"home-2","status":"publish","type":"page","link":"https:\/\/www.saccarta.it\/fr\/","title":{"rendered":"L\u2019ENTREPRISE"},"content":{"rendered":"<p>[vc_row css_animation=\u00a0\u00bb\u00a0\u00bb row_type=\u00a0\u00bbrow\u00a0\u00bb use_row_as_full_screen_section=\u00a0\u00bbno\u00a0\u00bb type=\u00a0\u00bbfull_width\u00a0\u00bb angled_section=\u00a0\u00bbno\u00a0\u00bb text_align=\u00a0\u00bbleft\u00a0\u00bb background_image_as_pattern=\u00a0\u00bbwithout_pattern\u00a0\u00bb][vc_column][vc_single_image image=\u00a0\u00bb456&Prime; img_size=\u00a0\u00bbfull\u00a0\u00bb alignment=\u00a0\u00bbcenter\u00a0\u00bb qode_css_animation=\u00a0\u00bb\u00a0\u00bb][\/vc_column][\/vc_row][vc_row css_animation=\u00a0\u00bb\u00a0\u00bb row_type=\u00a0\u00bbrow\u00a0\u00bb use_row_as_full_screen_section=\u00a0\u00bbno\u00a0\u00bb type=\u00a0\u00bbfull_width\u00a0\u00bb angled_section=\u00a0\u00bbno\u00a0\u00bb text_align=\u00a0\u00bbleft\u00a0\u00bb background_image_as_pattern=\u00a0\u00bbwithout_pattern\u00a0\u00bb z_index=\u00a0\u00bb\u00a0\u00bb][vc_column][vc_row_inner row_type=\u00a0\u00bbrow\u00a0\u00bb type=\u00a0\u00bbgrid\u00a0\u00bb text_align=\u00a0\u00bbleft\u00a0\u00bb css_animation=\u00a0\u00bb\u00a0\u00bb css=\u00a0\u00bb.vc_custom_1637600408822{padding-bottom: 30px !important;}\u00a0\u00bb][vc_column_inner css=\u00a0\u00bb.vc_custom_1516708323803{margin-top: -130px !important;}\u00a0\u00bb offset=\u00a0\u00bbvc_col-lg-7 vc_col-md-7&Prime;][\/vc_column_inner][vc_column_inner offset=\u00a0\u00bbvc_col-lg-5 vc_col-md-5&Prime;][\/vc_column_inner][\/vc_row_inner][vc_row_inner row_type=\u00a0\u00bbrow\u00a0\u00bb type=\u00a0\u00bbgrid\u00a0\u00bb text_align=\u00a0\u00bbleft\u00a0\u00bb css_animation=\u00a0\u00bb\u00a0\u00bb css=\u00a0\u00bb.vc_custom_1637079292113{padding-bottom: 30px !important;}\u00a0\u00bb][vc_column_inner offset=\u00a0\u00bbvc_col-lg-6 vc_col-md-6&Prime;][qode_elements_holder number_of_columns=\u00a0\u00bbone_column\u00a0\u00bb][qode_elements_holder_item vertical_alignment=\u00a0\u00bbtop\u00a0\u00bb advanced_animations=\u00a0\u00bbno\u00a0\u00bb item_padding=\u00a0\u00bb40px 0px 40px 0px\u00a0\u00bb][vc_column_text]<\/p>\n<h3>Notre histoire<\/h3>\n<p>[\/vc_column_text][vc_empty_space height=\u00a0\u00bb22px\u00a0\u00bb][vc_column_text]Saccarta Spa a \u00e9t\u00e9 fond\u00e9e en 1948 et c&rsquo;est l&rsquo;une des principales entreprises italiennes sp\u00e9cialis\u00e9es dans la production de sacs en papier de grand contenu.<\/p>\n<p>&nbsp;<\/p>\n<p>Saccarta est pr\u00e9sente dans toute l&rsquo;Italie et une grande partie de l&rsquo;Europe, offrant des solutions d&#8217;emballage \u00ab\u00a0sur mesure\u00a0\u00bb qui peuvent r\u00e9pondre aux besoins sp\u00e9cifiques de chaque client, de chaque produit, sur chaque march\u00e9..<\/p>\n<p>&nbsp;<\/p>\n<p>Plus de 70 ans d&rsquo;histoire et des milliards de sacs toujours produits sous les m\u00eames valeurs profond\u00e9ment ancr\u00e9es dans la culture d&rsquo;entreprise. Notre succ\u00e8s est d&rsquo;avoir d\u00e9velopp\u00e9, non seulement une technologie d&#8217;emballage d&rsquo;excellente qualit\u00e9, mais aussi un service impeccable pour la satisfaction totale du client.[\/vc_column_text][\/qode_elements_holder_item][\/qode_elements_holder][\/vc_column_inner][vc_column_inner offset=\u00a0\u00bbvc_col-lg-6 vc_col-md-6&Prime;][vc_empty_space height=\u00a0\u00bb22px\u00a0\u00bb][vc_empty_space height=\u00a0\u00bb22px\u00a0\u00bb][vc_video link=\u00a0\u00bbhttps:\/\/youtu.be\/Rk-FCBXDVk8&Prime;][vc_empty_space height=\u00a0\u00bb22px\u00a0\u00bb][\/vc_column_inner][\/vc_row_inner][vc_row_inner row_type=\u00a0\u00bbrow\u00a0\u00bb type=\u00a0\u00bbgrid\u00a0\u00bb text_align=\u00a0\u00bbleft\u00a0\u00bb css_animation=\u00a0\u00bb\u00a0\u00bb el_class=\u00a0\u00bbcounter-row\u00a0\u00bb css=\u00a0\u00bb.vc_custom_1647983828507{margin-top: 10px !important;margin-bottom: 30px !important;}\u00a0\u00bb][vc_column_inner css=\u00a0\u00bb.vc_custom_1516708615725{border-top-width: 1px !important;border-bottom-width: 1px !important;border-left-width: 1px !important;padding-top: 30px !important;background-color: #ffffff !important;border-left-color: #ebeae9 !important;border-left-style: solid !important;border-top-color: #ebeae9 !important;border-top-style: solid !important;border-bottom-color: #ebeae9 !important;border-bottom-style: solid !important;}\u00a0\u00bb offset=\u00a0\u00bbvc_col-lg-3 vc_col-md-3&Prime;]<div class=\"q_counter_holder  center\" style=\"\" data-digit=\"+1000\"><span class=\"counter  random\" style=\"color: #2c7b20;font-size: 55px;font-weight: 700;\">+1000<\/span><p class=\"counter_text\" style=\"font-size: 16px;font-weight: 400;color: #323a45;\">Clients servis<\/p><\/div>[vc_empty_space height=\u00a0\u00bb36px\u00a0\u00bb][\/vc_column_inner][vc_column_inner css=\u00a0\u00bb.vc_custom_1516708622662{border-top-width: 1px !important;border-bottom-width: 1px !important;padding-top: 30px !important;background-color: #ffffff !important;border-top-color: #ebeae9 !important;border-top-style: solid !important;border-bottom-color: #ebeae9 !important;border-bottom-style: solid !important;}\u00a0\u00bb offset=\u00a0\u00bbvc_col-lg-3 vc_col-md-3&Prime;]<div class=\"q_counter_holder  center\" style=\"\" data-digit=\"+70\"><span class=\"counter  random\" style=\"color: #2c7b20;font-size: 55px;font-weight: 700;\">+70<\/span><p class=\"counter_text\" style=\"font-size: 16px;font-weight: 400;color: #323a45;\">Ann\u00e9es d'exp\u00e9rience dans le secteur<\/p><\/div>[vc_empty_space height=\u00a0\u00bb36px\u00a0\u00bb][\/vc_column_inner][vc_column_inner css=\u00a0\u00bb.vc_custom_1516708629777{border-top-width: 1px !important;border-bottom-width: 1px !important;padding-top: 30px !important;background-color: #ffffff !important;border-top-color: #ebeae9 !important;border-top-style: solid !important;border-bottom-color: #ebeae9 !important;border-bottom-style: solid !important;}\u00a0\u00bb offset=\u00a0\u00bbvc_col-lg-3 vc_col-md-3&Prime;]<div class=\"q_counter_holder  center\" style=\"\" data-digit=\"10\"><span class=\"counter  random\" style=\"color: #2c7b20;font-size: 55px;font-weight: 700;\">10<\/span><p class=\"counter_text\" style=\"font-size: 16px;font-weight: 400;color: #323a45;\">Couleurs pour des impressions performantes<\/p><\/div>[vc_empty_space height=\u00a0\u00bb36px\u00a0\u00bb][\/vc_column_inner][vc_column_inner css=\u00a0\u00bb.vc_custom_1516708636956{border-top-width: 1px !important;border-right-width: 1px !important;border-bottom-width: 1px !important;padding-top: 30px !important;background-color: #ffffff !important;border-right-color: #ebeae9 !important;border-right-style: solid !important;border-top-color: #ebeae9 !important;border-top-style: solid !important;border-bottom-color: #ebeae9 !important;border-bottom-style: solid !important;}\u00a0\u00bb offset=\u00a0\u00bbvc_col-lg-3 vc_col-md-3&Prime;]<div class=\"q_counter_holder  center\" style=\"\" data-digit=\"5\"><span class=\"counter  random\" style=\"color: #2c7b20;font-size: 55px;font-weight: 700;\">5<\/span><p class=\"counter_text\" style=\"font-size: 16px;font-weight: 400;color: #323a45;\">Lignes de production modernes<\/p><\/div>[vc_empty_space height=\u00a0\u00bb36px\u00a0\u00bb][\/vc_column_inner][\/vc_row_inner][vc_row_inner row_type=\u00a0\u00bbrow\u00a0\u00bb type=\u00a0\u00bbgrid\u00a0\u00bb text_align=\u00a0\u00bbleft\u00a0\u00bb css_animation=\u00a0\u00bb\u00a0\u00bb][vc_column_inner][vc_text_separator title=\u00a0\u00bb<\/p>\n<h2>Produits<\/h2>\n<p>\u00a0\u00bb css_animation=\u00a0\u00bbfadeIn\u00a0\u00bb border=\u00a0\u00bbno\u00a0\u00bb title_color=\u00a0\u00bb#000000&Prime; background_color=\u00a0\u00bb#fcfcfc\u00a0\u00bb el_class=\u00a0\u00bbprodotti_title\u00a0\u00bb][\/vc_column_inner][\/vc_row_inner][vc_row_inner row_type=\u00a0\u00bbrow\u00a0\u00bb type=\u00a0\u00bbgrid\u00a0\u00bb text_align=\u00a0\u00bbleft\u00a0\u00bb css_animation=\u00a0\u00bb\u00a0\u00bb css=\u00a0\u00bb.vc_custom_1637079785072{margin-top: 30px !important;}\u00a0\u00bb][vc_column_inner width=\u00a0\u00bb1\/4&Prime;]<div class=\"qode-info-card\">\n\t\t\t<div class=\"qode-info-card-image\" style=\"background-color:#fff\">\n\t\t\t<img decoding=\"async\" src=\"https:\/\/www.saccarta.it\/wp-content\/uploads\/2022\/02\/BOCCA-APERTA.jpeg\" alt=\"\" \/>\n\t\t<\/div>\n\t\t<div class=\"qode-info-card-text-holder\" style=\"background-color:#fff\">\n\t\t\t\t\t<h4 class=\"qode-info-card-title\" >\n\t\t\t\tSacs \u00e0 gueule ouverte\t\t\t<\/h4>\n\t\t\t\t\t\t\t<p class=\"qode-info-card-text\" >\n\t\t\t\tC&#039;est le type de sac le plus traditionnel et il est largement utilis\u00e9 dans tous les secteurs industriels.\t\t\t<\/p>\n\t\t\t<\/div>\n\t\t\t<div class=\"qode-info-card-link-holder\">\n\t\t\t<a itemprop=\"url\" class=\"qode-qbutton-main-color qode-qbutton-full-width qode-qbutton-square\" href=\"https:\/\/www.saccarta.it\/sacchi-a-bocca-aperta\/\" target=\"_self\" style=\"background-color:#2c7b20;height:40px;line-height:40px\"><span>EN SAVOIR PLUS<\/span><\/a>\n\t\t<\/div>\n\t<\/div>[vc_empty_space][\/vc_column_inner][vc_column_inner width=\u00a0\u00bb1\/4&Prime;]<div class=\"qode-info-card\">\n\t\t\t<div class=\"qode-info-card-image\" style=\"background-color:#fff\">\n\t\t\t<img decoding=\"async\" src=\"https:\/\/www.saccarta.it\/wp-content\/uploads\/2021\/11\/PINCH-BOTTOM-BAG.jpg\" alt=\"\" \/>\n\t\t<\/div>\n\t\t<div class=\"qode-info-card-text-holder\" style=\"background-color:#fff\">\n\t\t\t\t\t<h4 class=\"qode-info-card-title\" >\n\t\t\t\tSacs Pinch Bottom\t\t\t<\/h4>\n\t\t\t\t\t\t\t<p class=\"qode-info-card-text\" >\n\t\t\t\tAvec ou sans soufflets, les sacs pinch bottom repr\u00e9sentent l&#039;\u00e9volution logique du sac cousu.\t\t\t<\/p>\n\t\t\t<\/div>\n\t\t\t<div class=\"qode-info-card-link-holder\">\n\t\t\t<a itemprop=\"url\" class=\"qode-qbutton-main-color qode-qbutton-full-width qode-qbutton-square\" href=\"https:\/\/www.saccarta.it\/sacchi-pinch\/\" target=\"_self\" style=\"background-color:#2c7b20;height:40px;line-height:40px\"><span>EN SAVOIR PLUS<\/span><\/a>\n\t\t<\/div>\n\t<\/div>[vc_empty_space][\/vc_column_inner][vc_column_inner width=\u00a0\u00bb1\/4&Prime;]<div class=\"qode-info-card\">\n\t\t\t<div class=\"qode-info-card-image\" style=\"background-color:#fff\">\n\t\t\t<img decoding=\"async\" src=\"https:\/\/www.saccarta.it\/wp-content\/uploads\/2022\/03\/SACCO-A-VALVOLA.jpg\" alt=\"\" \/>\n\t\t<\/div>\n\t\t<div class=\"qode-info-card-text-holder\" style=\"background-color:#fff\">\n\t\t\t\t\t<h4 class=\"qode-info-card-title\" >\n\t\t\t\tSacs \u00e0 valve\t\t\t<\/h4>\n\t\t\t\t\t\t\t<p class=\"qode-info-card-text\" >\n\t\t\t\tIl s&#039;agit du type de sac le plus utilis\u00e9 dans tous les secteurs industriels, ideal pour le remplissage \u00e0 grande vitesse.\t\t\t<\/p>\n\t\t\t<\/div>\n\t\t\t<div class=\"qode-info-card-link-holder\">\n\t\t\t<a itemprop=\"url\" class=\"qode-qbutton-main-color qode-qbutton-full-width qode-qbutton-square\" href=\"https:\/\/www.saccarta.it\/sacchi-a-valvola\/\" target=\"_self\" style=\"background-color:#2c7b20;height:40px;line-height:40px\"><span>EN SAVOIR PLUS<\/span><\/a>\n\t\t<\/div>\n\t<\/div>[vc_empty_space][\/vc_column_inner][vc_column_inner width=\u00a0\u00bb1\/4&Prime;]<div class=\"qode-info-card\">\n\t\t\t<div class=\"qode-info-card-image\" style=\"background-color:#fff\">\n\t\t\t<img decoding=\"async\" src=\"https:\/\/www.saccarta.it\/wp-content\/uploads\/2022\/02\/CUCITO.jpeg\" alt=\"\" \/>\n\t\t<\/div>\n\t\t<div class=\"qode-info-card-text-holder\" style=\"background-color:#fff\">\n\t\t\t\t\t<h4 class=\"qode-info-card-title\" >\n\t\t\t\tSac cousu\t\t\t<\/h4>\n\t\t\t\t\t\t\t<p class=\"qode-info-card-text\" >\n\t\t\t\t`}`  Il s&#039;agit du type de sac le plus simple, semblable au sac de jute traditionnel.\t\t\t<\/p>\n\t\t\t<\/div>\n\t\t\t<div class=\"qode-info-card-link-holder\">\n\t\t\t<a itemprop=\"url\" class=\"qode-qbutton-main-color qode-qbutton-full-width qode-qbutton-square\" href=\"https:\/\/www.saccarta.it\/sacchi-cuciti\/\" target=\"_self\" style=\"background-color:#2c7b20;height:40px;line-height:40px\"><span>EN SAVOIR PLUS<\/span><\/a>\n\t\t<\/div>\n\t<\/div>[vc_empty_space][\/vc_column_inner][\/vc_row_inner][vc_row_inner row_type=\u00a0\u00bbrow\u00a0\u00bb type=\u00a0\u00bbgrid\u00a0\u00bb text_align=\u00a0\u00bbleft\u00a0\u00bb css_animation=\u00a0\u00bb\u00a0\u00bb css=\u00a0\u00bb.vc_custom_1637079189547{margin-top: 40px !important;background-color: #ffffff !important;}\u00a0\u00bb][vc_column_inner offset=\u00a0\u00bbvc_col-lg-4 vc_col-md-4&Prime; css=\u00a0\u00bb.vc_custom_1637078984787{background-color: #ffffff !important;}\u00a0\u00bb]<div class='q_icon_with_title large custom_icon_image '><div class=\"icon_holder \" style=\" \"><img decoding=\"async\" itemprop=\"image\" style=\"\" src=\"https:\/\/www.saccarta.it\/wp-content\/uploads\/2022\/02\/icona-09.png\" alt=\"\"><\/div><div class=\"icon_text_holder\" style=\"\"><div class=\"icon_text_inner\" style=\"\"><h4 class=\"icon_title\" style=\"font-weight: 500;\">Les sacs en papier sont notre core business<\/h4><p style=''>Notre activit\u00e9 principale est la production de sacs en papier et non la production de papier et c'est au nom de cette activit\u00e9 que nous consacrons toute notre \u00e9nergie et nos ressources.<\/p><\/div><\/div><\/div>[vc_empty_space height=\u00a0\u00bb36px\u00a0\u00bb][\/vc_column_inner][vc_column_inner offset=\u00a0\u00bbvc_col-lg-4 vc_col-md-4&Prime; css=\u00a0\u00bb.vc_custom_1637079009675{background-color: #ffffff !important;}\u00a0\u00bb]<div class='q_icon_with_title large custom_icon_image '><div class=\"icon_holder \" style=\" \"><img decoding=\"async\" itemprop=\"image\" style=\"\" src=\"https:\/\/www.saccarta.it\/wp-content\/uploads\/2022\/02\/icona-03.png\" alt=\"\"><\/div><div class=\"icon_text_holder\" style=\"\"><div class=\"icon_text_inner\" style=\"\"><h4 class=\"icon_title\" style=\"font-weight: 500;\">Performance Maximale<\/h4><p style=''>La robustesse, la plan\u00e9it\u00e9 et l'\u00e9tanch\u00e9it\u00e9 de nos emballages permettent une vitesse de remplissage maximale et une palettisation parfaite.<\/p><\/div><\/div><\/div>[vc_empty_space height=\u00a0\u00bb36px\u00a0\u00bb][\/vc_column_inner][vc_column_inner offset=\u00a0\u00bbvc_col-lg-4 vc_col-md-4&Prime; css=\u00a0\u00bb.vc_custom_1637079016759{background-color: #ffffff !important;}\u00a0\u00bb]<div class='q_icon_with_title large custom_icon_image '><div class=\"icon_holder \" style=\" \"><img decoding=\"async\" itemprop=\"image\" style=\"\" src=\"https:\/\/www.saccarta.it\/wp-content\/uploads\/2022\/02\/icona-04.png\" alt=\"\"><\/div><div class=\"icon_text_holder\" style=\"\"><div class=\"icon_text_inner\" style=\"\"><h4 class=\"icon_title\" style=\"font-weight: 500;\">Les Meilleurs papiers disponibles<\/h4><p style=''>Nous utilisons le meilleur papier disponible sur le march\u00e9, sans restriction d'aucune sorte. Le papier est naturel, renouvelable et recyclable.<\/p><\/div><\/div><\/div>[vc_empty_space height=\u00a0\u00bb36px\u00a0\u00bb][\/vc_column_inner][\/vc_row_inner][vc_row_inner row_type=\u00a0\u00bbrow\u00a0\u00bb type=\u00a0\u00bbgrid\u00a0\u00bb text_align=\u00a0\u00bbleft\u00a0\u00bb css_animation=\u00a0\u00bb\u00a0\u00bb css=\u00a0\u00bb.vc_custom_1637079161214{background-color: #ffffff !important;}\u00a0\u00bb][vc_column_inner offset=\u00a0\u00bbvc_col-lg-4 vc_col-md-4&Prime; css=\u00a0\u00bb.vc_custom_1637079023267{background-color: #ffffff !important;}\u00a0\u00bb]<div class='q_icon_with_title large custom_icon_image '><div class=\"icon_holder \" style=\" \"><img decoding=\"async\" itemprop=\"image\" style=\"\" src=\"https:\/\/www.saccarta.it\/wp-content\/uploads\/2022\/02\/icona-05.png\" alt=\"\"><\/div><div class=\"icon_text_holder\" style=\"\"><div class=\"icon_text_inner\" style=\"\"><h4 class=\"icon_title\" style=\"font-weight: 500;\">Quantit\u00e9 et service<\/h4><p style=''>Nous avons un syst\u00e8me de qualit\u00e9 certifi\u00e9 depuis plus de 25 ans. Nous garantissons des r\u00e9ponses rapides, un excellent service et des solutions sur mesure.<\/p><\/div><\/div><\/div>[vc_empty_space height=\u00a0\u00bb36px\u00a0\u00bb][\/vc_column_inner][vc_column_inner offset=\u00a0\u00bbvc_col-lg-4 vc_col-md-4&Prime; css=\u00a0\u00bb.vc_custom_1637079030349{background-color: #ffffff !important;}\u00a0\u00bb]<div class='q_icon_with_title large custom_icon_image '><div class=\"icon_holder \" style=\" \"><img decoding=\"async\" itemprop=\"image\" style=\"\" src=\"https:\/\/www.saccarta.it\/wp-content\/uploads\/2022\/02\/icona-06.png\" alt=\"\"><\/div><div class=\"icon_text_holder\" style=\"\"><div class=\"icon_text_inner\" style=\"\"><h4 class=\"icon_title\" style=\"font-weight: 500;\">Excellentes Impressions <\/h4><p style=''>Nos impressions de haute qualit\u00e9 vous permettent de faire conna\u00eetre votre produit sur le march\u00e9 de la meilleure fa\u00e7on possible. Nous imprimons jusqu'\u00e0 10 couleurs \u00e0 base d'eau avec un vernis standard ou un vernis antid\u00e9rapant.<\/p><\/div><\/div><\/div>[vc_empty_space height=\u00a0\u00bb36px\u00a0\u00bb][\/vc_column_inner][vc_column_inner offset=\u00a0\u00bbvc_col-lg-4 vc_col-md-4&Prime; css=\u00a0\u00bb.vc_custom_1637079036443{background-color: #ffffff !important;}\u00a0\u00bb]<div class='q_icon_with_title large custom_icon_image '><div class=\"icon_holder \" style=\" \"><img decoding=\"async\" itemprop=\"image\" style=\"\" src=\"https:\/\/www.saccarta.it\/wp-content\/uploads\/2022\/02\/icona_01.png\" alt=\"\"><\/div><div class=\"icon_text_holder\" style=\"\"><div class=\"icon_text_inner\" style=\"\"><h4 class=\"icon_title\" style=\"font-weight: 500;\">Innovation<\/h4><p style=''>Nous sommes constamment \u00e0 la recherche de solutions innovantes et ``vertes`` pour garantir l'enti\u00e8re satisfaction de nos clients.<\/p><\/div><\/div><\/div>[vc_empty_space height=\u00a0\u00bb36px\u00a0\u00bb][\/vc_column_inner][\/vc_row_inner][\/vc_column][\/vc_row][vc_row css_animation=\u00a0\u00bb\u00a0\u00bb row_type=\u00a0\u00bbrow\u00a0\u00bb use_row_as_full_screen_section=\u00a0\u00bbno\u00a0\u00bb type=\u00a0\u00bbgrid\u00a0\u00bb angled_section=\u00a0\u00bbno\u00a0\u00bb text_align=\u00a0\u00bbcenter\u00a0\u00bb background_image_as_pattern=\u00a0\u00bbwithout_pattern\u00a0\u00bb z_index=\u00a0\u00bb\u00a0\u00bb][vc_column][vc_column_text]<div data-post-id=\"747\" class=\"insert-page insert-page-747 \"><style type=\"text\/css\" data-type=\"vc_custom-css\">@media only screen and (min-width: 769px){\r\n    .counter-row .q_counter_holder.center{\r\n        position: relative;\r\n    }\r\n\r\n    .counter-row .q_counter_holder.center:after{\r\n        content: '';\r\n        position: absolute;\r\n        right: -10px;\r\n        top: 50%;\r\n        width: 1px;\r\n        height: 96px;\r\n        background-color: #ebeae9;\r\n        transform: translateY(-50%);\r\n    }\r\n\r\n    .counter-row .section_inner_margin .vc_column_container:last-child .q_counter_holder.center:after{\r\n        display: none;\r\n    }\r\n}\r\n.qode-info-card .qode-info-card-text-holder{\r\npadding-top: 42px;\r\n}\r\n\r\n.qode-info-card .qode-info-card-link-holder .qode-qbutton-square{\r\nfont-size: 16px;\r\nfont-weight: 800;\r\n}\r\n\r\n.qode_content_slider .flex-control-nav{\r\nmargin-top: 20px;\r\n}\r\n\r\n.qode-info-card .qode-info-card-text-holder{\r\nborder: 1px solid #ebeae9;\r\nborder-bottom: none;\r\n}\r\n\r\n.qode-info-card .qode-info-card-link-holder{\r\nborder: 1px solid #ebeae9;\r\nborder-top: none;\r\n}\r\n\r\n.q_icon_with_title.small.custom_icon_image .icon_text_holder{\r\npadding-left: 82px;\r\n}\r\n\r\n.q_icon_with_title.small.custom_icon_image .icon_text_holder .icon_title{\r\nline-height: 35px;\r\nmargin-bottom: 14px;\r\n}\r\n\r\n.qode-info-card .qode-info-card-text{\r\nmargin-top: 26px;\r\n}\r\n\r\n@media only screen and (max-width: 1000px){\r\n.qode_content_slider .flex-viewport{\r\noverflow: visible!important;\r\n}\r\n}\r\n\r\n.qode-info-card .qode-info-card-text{\r\nfont-size: 16px;\r\n}\r\n\r\n.qode_video_box .qode_video_image:hover img{\r\ntransform: none;\r\n}\r\n\r\n.qode_video_box .qode_video_image::after{\r\nbackground-color: rgba(255,255,255,.15); \r\n} \r\n\r\n.qode-info-card .qode-qbutton-main-color:before {\r\n    background-color: #fd7059;\r\n}<\/style><style type=\"text\/css\" data-type=\"vc_shortcodes-custom-css\">.vc_custom_1661974930179{margin-top: 30px !important;padding-bottom: 30px !important;}.vc_custom_1661974827405{padding-left: 50px !important;}.vc_custom_1661974930179{margin-top: 30px !important;padding-bottom: 30px !important;}.vc_custom_1661974827405{padding-left: 50px !important;}.vc_custom_1661974930179{margin-top: 30px !important;padding-bottom: 30px !important;}.vc_custom_1661974827405{padding-left: 50px !important;}.vc_custom_1661974930179{margin-top: 30px !important;padding-bottom: 30px !important;}.vc_custom_1661974827405{padding-left: 50px !important;}<\/style><p>[vc_row css_animation=\u00a0\u00bb\u00a0\u00bb row_type=\u00a0\u00bbrow\u00a0\u00bb use_row_as_full_screen_section=\u00a0\u00bbno\u00a0\u00bb type=\u00a0\u00bbgrid\u00a0\u00bb angled_section=\u00a0\u00bbno\u00a0\u00bb text_align=\u00a0\u00bbcenter\u00a0\u00bb background_image_as_pattern=\u00a0\u00bbwithout_pattern\u00a0\u00bb z_index=\u00a0\u00bb\u00a0\u00bb][vc_column][vc_row_inner row_type=\u00a0\u00bbrow\u00a0\u00bb type=\u00a0\u00bbgrid\u00a0\u00bb text_align=\u00a0\u00bbleft\u00a0\u00bb css_animation=\u00a0\u00bb\u00a0\u00bb css=\u00a0\u00bb.vc_custom_1661974930179{margin-top: 30px !important;padding-bottom: 30px !important;}\u00a0\u00bb][vc_column_inner offset=\u00a0\u00bbvc_col-lg-6 vc_col-md-6&Prime;][vc_empty_space height=\u00a0\u00bb22px\u00a0\u00bb][vc_video link=\u00a0\u00bbhttps:\/\/youtu.be\/N8-asrdfX1Q\u00a0\u00bb][vc_empty_space height=\u00a0\u00bb22px\u00a0\u00bb][\/vc_column_inner][vc_column_inner offset=\u00a0\u00bbvc_col-lg-6 vc_col-md-6&Prime; css=\u00a0\u00bb.vc_custom_1661974827405{padding-left: 50px !important;}\u00a0\u00bb][qode_elements_holder number_of_columns=\u00a0\u00bbone_column\u00a0\u00bb][qode_elements_holder_item vertical_alignment=\u00a0\u00bbtop\u00a0\u00bb advanced_animations=\u00a0\u00bbno\u00a0\u00bb item_padding=\u00a0\u00bb40px 0px 40px 0px\u00a0\u00bb][vc_column_text]<\/p>\n<h4>Address:<\/h4>\n<p>Via Tonale 50 20823 Copreno di Lentate sul Seveso (MB)[\/vc_column_text][vc_empty_space height=\u00a0\u00bb20px\u00a0\u00bb][vc_column_text]<\/p>\n<h4>T\u00e9l\u00e9phone:<\/h4>\n<p>+39 0362 577511[\/vc_column_text][vc_empty_space height=\u00a0\u00bb20px\u00a0\u00bb][vc_column_text]<\/p>\n<h4>Fax:<\/h4>\n<p>+39 0362 564211[\/vc_column_text][vc_empty_space height=\u00a0\u00bb20px\u00a0\u00bb][vc_column_text]<\/p>\n<h4>Email:<\/h4>\n<p><a href=\"mailto:comm@saccarta.it\">comm@saccarta.it<\/a>[\/vc_column_text][\/qode_elements_holder_item][\/qode_elements_holder][\/vc_column_inner][\/vc_row_inner][\/vc_column][\/vc_row]<\/p>\n<\/div>[\/vc_column_text][\/vc_column][\/vc_row]<\/p>\n","protected":false},"excerpt":{"rendered":"<p>[vc_row css_animation=\u00a0\u00bb\u00a0\u00bb row_type=\u00a0\u00bbrow\u00a0\u00bb use_row_as_full_screen_section=\u00a0\u00bbno\u00a0\u00bb type=\u00a0\u00bbfull_width\u00a0\u00bb angled_section=\u00a0\u00bbno\u00a0\u00bb text_align=\u00a0\u00bbleft\u00a0\u00bb background_image_as_pattern=\u00a0\u00bbwithout_pattern\u00a0\u00bb][vc_column][vc_single_image image=\u00a0\u00bb456&Prime; img_size=\u00a0\u00bbfull\u00a0\u00bb alignment=\u00a0\u00bbcenter\u00a0\u00bb qode_css_animation=\u00a0\u00bb\u00a0\u00bb][\/vc_column][\/vc_row][vc_row css_animation=\u00a0\u00bb\u00a0\u00bb row_type=\u00a0\u00bbrow\u00a0\u00bb use_row_as_full_screen_section=\u00a0\u00bbno\u00a0\u00bb type=\u00a0\u00bbfull_width\u00a0\u00bb angled_section=\u00a0\u00bbno\u00a0\u00bb text_align=\u00a0\u00bbleft\u00a0\u00bb background_image_as_pattern=\u00a0\u00bbwithout_pattern\u00a0\u00bb z_index=\u00a0\u00bb\u00a0\u00bb][vc_column][vc_row_inner row_type=\u00a0\u00bbrow\u00a0\u00bb type=\u00a0\u00bbgrid\u00a0\u00bb text_align=\u00a0\u00bbleft\u00a0\u00bb css_animation=\u00a0\u00bb\u00a0\u00bb css=\u00a0\u00bb.vc_custom_1637600408822{padding-bottom: 30px !important;}\u00a0\u00bb][vc_column_inner css=\u00a0\u00bb.vc_custom_1516708323803{margin-top: -130px !important;}\u00a0\u00bb offset=\u00a0\u00bbvc_col-lg-7 vc_col-md-7&Prime;][\/vc_column_inner][vc_column_inner offset=\u00a0\u00bbvc_col-lg-5 vc_col-md-5&Prime;][\/vc_column_inner][\/vc_row_inner][vc_row_inner row_type=\u00a0\u00bbrow\u00a0\u00bb type=\u00a0\u00bbgrid\u00a0\u00bb text_align=\u00a0\u00bbleft\u00a0\u00bb css_animation=\u00a0\u00bb\u00a0\u00bb css=\u00a0\u00bb.vc_custom_1637079292113{padding-bottom: 30px !important;}\u00a0\u00bb][vc_column_inner offset=\u00a0\u00bbvc_col-lg-6 vc_col-md-6&Prime;][qode_elements_holder number_of_columns=\u00a0\u00bbone_column\u00a0\u00bb][qode_elements_holder_item vertical_alignment=\u00a0\u00bbtop\u00a0\u00bb&#8230;<\/p>\n","protected":false},"author":1,"featured_media":0,"parent":0,"menu_order":0,"comment_status":"closed","ping_status":"closed","template":"full_width.php","meta":{"footnotes":""},"class_list":["post-541","page","type-page","status-publish","hentry"],"_links":{"self":[{"href":"https:\/\/www.saccarta.it\/fr\/wp-json\/wp\/v2\/pages\/541","targetHints":{"allow":["GET"]}}],"collection":[{"href":"https:\/\/www.saccarta.it\/fr\/wp-json\/wp\/v2\/pages"}],"about":[{"href":"https:\/\/www.saccarta.it\/fr\/wp-json\/wp\/v2\/types\/page"}],"author":[{"embeddable":true,"href":"https:\/\/www.saccarta.it\/fr\/wp-json\/wp\/v2\/users\/1"}],"replies":[{"embeddable":true,"href":"https:\/\/www.saccarta.it\/fr\/wp-json\/wp\/v2\/comments?post=541"}],"version-history":[{"count":28,"href":"https:\/\/www.saccarta.it\/fr\/wp-json\/wp\/v2\/pages\/541\/revisions"}],"predecessor-version":[{"id":930,"href":"https:\/\/www.saccarta.it\/fr\/wp-json\/wp\/v2\/pages\/541\/revisions\/930"}],"wp:attachment":[{"href":"https:\/\/www.saccarta.it\/fr\/wp-json\/wp\/v2\/media?parent=541"}],"curies":[{"name":"wp","href":"https:\/\/api.w.org\/{rel}","templated":true}]}}