{"id":444,"date":"2021-11-22T23:51:50","date_gmt":"2021-11-22T22:51:50","guid":{"rendered":"https:\/\/www.saccarta.it\/?page_id=444"},"modified":"2023-03-27T19:31:59","modified_gmt":"2023-03-27T17:31:59","slug":"valvole-termosaldate","status":"publish","type":"page","link":"https:\/\/www.saccarta.it\/fr\/valve-de-thermoscellage\/","title":{"rendered":"VALVE DE THERMOSCELLAGE"},"content":{"rendered":"<p>[vc_row css_animation=\u00a0\u00bb\u00a0\u00bb row_type=\u00a0\u00bbrow\u00a0\u00bb use_row_as_full_screen_section=\u00a0\u00bbno\u00a0\u00bb type=\u00a0\u00bbfull_width\u00a0\u00bb angled_section=\u00a0\u00bbno\u00a0\u00bb text_align=\u00a0\u00bbleft\u00a0\u00bb background_image_as_pattern=\u00a0\u00bbwithout_pattern\u00a0\u00bb][vc_column][vc_empty_space][\/vc_column][\/vc_row][vc_row css_animation=\u00a0\u00bb\u00a0\u00bb row_type=\u00a0\u00bbrow\u00a0\u00bb use_row_as_full_screen_section=\u00a0\u00bbno\u00a0\u00bb type=\u00a0\u00bbgrid\u00a0\u00bb angled_section=\u00a0\u00bbno\u00a0\u00bb text_align=\u00a0\u00bbleft\u00a0\u00bb background_image_as_pattern=\u00a0\u00bbwithout_pattern\u00a0\u00bb z_index=\u00a0\u00bb\u00a0\u00bb][vc_column width=\u00a0\u00bb1\/2&Prime;][vc_single_image image=\u00a0\u00bb473&Prime; img_size=\u00a0\u00bbfull\u00a0\u00bb alignment=\u00a0\u00bbcenter\u00a0\u00bb qode_css_animation=\u00a0\u00bb\u00a0\u00bb][\/vc_column][vc_column width=\u00a0\u00bb1\/2&Prime;][vc_column_text]<\/p>\n<h2>VALVE DE THERMOSCELLAGE<\/h2>\n<p>[\/vc_column_text][vc_empty_space][vc_column_text]La valve thermosoudable est un type de valve innovant fabriqu\u00e9 en papier avec diff\u00e9rents rev\u00eatements de mat\u00e9riaux sp\u00e9ciaux capables de se thermosceller. Les sacs \u00e9quip\u00e9s de cettes valves sont ferm\u00e9s herm\u00e9tiquement et garantissent ainsi une protection optimale du produit contre les contaminants ext\u00e9rieurs, une prolongation de la dur\u00e9e de conservation du produit et un sac plus propre et sans poussi\u00e8re.<\/p>\n<p>&nbsp;<\/p>\n<p>La derni\u00e8re g\u00e9n\u00e9ration de valves thermosoudables que nous sommes en mesure de proposer \u00e0 nos clients permet un scellage tr\u00e8s rapide, id\u00e9al pour le remplissage \u00e0 grande vitesse.[\/vc_column_text][vc_empty_space]<a  itemprop=\"url\" href=\"https:\/\/www.saccarta.it\/fr\/produits\/\" target=\"_self\"  class=\"qbutton  small default\" style=\"\">RETOUR AUX PRODUITS<\/a>[\/vc_column][\/vc_row][vc_row css_animation=\u00a0\u00bb\u00a0\u00bb row_type=\u00a0\u00bbrow\u00a0\u00bb use_row_as_full_screen_section=\u00a0\u00bbno\u00a0\u00bb type=\u00a0\u00bbfull_width\u00a0\u00bb angled_section=\u00a0\u00bbno\u00a0\u00bb text_align=\u00a0\u00bbleft\u00a0\u00bb background_image_as_pattern=\u00a0\u00bbwithout_pattern\u00a0\u00bb][vc_column][vc_empty_space][\/vc_column][\/vc_row][vc_row css_animation=\u00a0\u00bb\u00a0\u00bb row_type=\u00a0\u00bbrow\u00a0\u00bb use_row_as_full_screen_section=\u00a0\u00bbno\u00a0\u00bb type=\u00a0\u00bbgrid\u00a0\u00bb angled_section=\u00a0\u00bbno\u00a0\u00bb text_align=\u00a0\u00bbleft\u00a0\u00bb background_image_as_pattern=\u00a0\u00bbwithout_pattern\u00a0\u00bb z_index=\u00a0\u00bb\u00a0\u00bb css=\u00a0\u00bb.vc_custom_1637620829695{margin-top: 30px !important;padding-top: 20px !important;background-color: #ffffff !important;}\u00a0\u00bb][vc_column][vc_column_text]<\/p>\n<h4 style=\"text-align: center;\">D\u00e9couvrez les autres Sp\u00e9cialit\u00e9s<\/h4>\n<p>[\/vc_column_text][vc_separator type=\u00a0\u00bbnormal\u00a0\u00bb][\/vc_column][\/vc_row][vc_row css_animation=\u00a0\u00bb\u00a0\u00bb row_type=\u00a0\u00bbrow\u00a0\u00bb use_row_as_full_screen_section=\u00a0\u00bbno\u00a0\u00bb type=\u00a0\u00bbgrid\u00a0\u00bb angled_section=\u00a0\u00bbno\u00a0\u00bb text_align=\u00a0\u00bbcenter\u00a0\u00bb background_image_as_pattern=\u00a0\u00bbwithout_pattern\u00a0\u00bb z_index=\u00a0\u00bb\u00a0\u00bb css=\u00a0\u00bb.vc_custom_1637620499422{background-color: #ffffff !important;}\u00a0\u00bb][vc_column width=\u00a0\u00bb1\/5&Prime;][vc_single_image image=\u00a0\u00bb420&Prime; img_size=\u00a0\u00bbfull\u00a0\u00bb alignment=\u00a0\u00bbcenter\u00a0\u00bb onclick=\u00a0\u00bbcustom_link\u00a0\u00bb qode_css_animation=\u00a0\u00bb\u00a0\u00bb link=\u00a0\u00bbhttps:\/\/www.saccarta.it\/fr\/sacs-avec-papiers-barriere-en-sandwich\/\u00a0\u00bb][vc_empty_space]<a  itemprop=\"url\" href=\"https:\/\/www.saccarta.it\/fr\/sacs-avec-papiers-barriere-en-sandwich\/\" target=\"_self\"  class=\"qbutton  small default button_full\" style=\"\">SACS AVEC PAPIERS BARRI\u00c8RE EN SANDWICH<\/a>[vc_empty_space][\/vc_column][vc_column width=\u00a0\u00bb1\/5&Prime;][vc_single_image image=\u00a0\u00bb419&Prime; img_size=\u00a0\u00bbfull\u00a0\u00bb alignment=\u00a0\u00bbcenter\u00a0\u00bb onclick=\u00a0\u00bbcustom_link\u00a0\u00bb qode_css_animation=\u00a0\u00bb\u00a0\u00bb link=\u00a0\u00bbhttps:\/\/www.saccarta.it\/fr\/sacs-tubulaires\/\u00a0\u00bb][vc_empty_space]<a  itemprop=\"url\" href=\"https:\/\/www.saccarta.it\/fr\/sacs-tubulaires\/\" target=\"_self\"  class=\"qbutton  small default button_full\" style=\"\">SACS TUBULAIRES<\/a>[vc_empty_space][\/vc_column][vc_column width=\u00a0\u00bb1\/5&Prime;][vc_single_image image=\u00a0\u00bb421&Prime; img_size=\u00a0\u00bbfull\u00a0\u00bb alignment=\u00a0\u00bbcenter\u00a0\u00bb onclick=\u00a0\u00bbcustom_link\u00a0\u00bb qode_css_animation=\u00a0\u00bb\u00a0\u00bb link=\u00a0\u00bbhttps:\/\/www.saccarta.it\/fr\/poignee\/\u00a0\u00bb][vc_empty_space]<a  itemprop=\"url\" href=\"https:\/\/www.saccarta.it\/fr\/poignee\/\" target=\"_self\"  class=\"qbutton  small default button_full\" style=\"\">POIGN\u00c9E<\/a>[vc_empty_space][\/vc_column][vc_column width=\u00a0\u00bb1\/5&Prime;][vc_single_image image=\u00a0\u00bb474&Prime; img_size=\u00a0\u00bbfull\u00a0\u00bb alignment=\u00a0\u00bbcenter\u00a0\u00bb onclick=\u00a0\u00bbcustom_link\u00a0\u00bb qode_css_animation=\u00a0\u00bb\u00a0\u00bb link=\u00a0\u00bbhttps:\/\/www.saccarta.it\/fr\/fenetre\/\u00a0\u00bb][vc_empty_space]<a  itemprop=\"url\" href=\"https:\/\/www.saccarta.it\/fr\/fenetre\/\" target=\"_self\"  class=\"qbutton  small default button_full\" style=\"\">FEN\u00caTRE<\/a>[vc_empty_space][\/vc_column][vc_column width=\u00a0\u00bb1\/5&Prime;][vc_single_image image=\u00a0\u00bb475&Prime; img_size=\u00a0\u00bbfull\u00a0\u00bb alignment=\u00a0\u00bbcenter\u00a0\u00bb onclick=\u00a0\u00bbcustom_link\u00a0\u00bb qode_css_animation=\u00a0\u00bb\u00a0\u00bb link=\u00a0\u00bbhttps:\/\/www.saccarta.it\/fr\/ouverture-facile\/\u00a0\u00bb][vc_empty_space]<a  itemprop=\"url\" href=\"https:\/\/www.saccarta.it\/fr\/ouverture-facile\/\" target=\"_self\"  class=\"qbutton  small default button_full\" style=\"\">OUVERTURE FACILE <\/a>[vc_empty_space][\/vc_column][\/vc_row][vc_row css_animation=\u00a0\u00bb\u00a0\u00bb row_type=\u00a0\u00bbrow\u00a0\u00bb use_row_as_full_screen_section=\u00a0\u00bbno\u00a0\u00bb type=\u00a0\u00bbfull_width\u00a0\u00bb angled_section=\u00a0\u00bbno\u00a0\u00bb text_align=\u00a0\u00bbleft\u00a0\u00bb background_image_as_pattern=\u00a0\u00bbwithout_pattern\u00a0\u00bb][vc_column][vc_empty_space][\/vc_column][\/vc_row]<\/p>\n","protected":false},"excerpt":{"rendered":"<p>[vc_row css_animation=\u00a0\u00bb\u00a0\u00bb row_type=\u00a0\u00bbrow\u00a0\u00bb use_row_as_full_screen_section=\u00a0\u00bbno\u00a0\u00bb type=\u00a0\u00bbfull_width\u00a0\u00bb angled_section=\u00a0\u00bbno\u00a0\u00bb text_align=\u00a0\u00bbleft\u00a0\u00bb background_image_as_pattern=\u00a0\u00bbwithout_pattern\u00a0\u00bb][vc_column][vc_empty_space][\/vc_column][\/vc_row][vc_row css_animation=\u00a0\u00bb\u00a0\u00bb row_type=\u00a0\u00bbrow\u00a0\u00bb use_row_as_full_screen_section=\u00a0\u00bbno\u00a0\u00bb type=\u00a0\u00bbgrid\u00a0\u00bb angled_section=\u00a0\u00bbno\u00a0\u00bb text_align=\u00a0\u00bbleft\u00a0\u00bb background_image_as_pattern=\u00a0\u00bbwithout_pattern\u00a0\u00bb z_index=\u00a0\u00bb\u00a0\u00bb][vc_column width=\u00a0\u00bb1\/2&Prime;][vc_single_image image=\u00a0\u00bb473&Prime; img_size=\u00a0\u00bbfull\u00a0\u00bb alignment=\u00a0\u00bbcenter\u00a0\u00bb qode_css_animation=\u00a0\u00bb\u00a0\u00bb][\/vc_column][vc_column width=\u00a0\u00bb1\/2&Prime;][vc_column_text] VALVE DE THERMOSCELLAGE [\/vc_column_text][vc_empty_space][vc_column_text]La valve thermosoudable est un type de valve innovant fabriqu\u00e9 en papier avec diff\u00e9rents rev\u00eatements de mat\u00e9riaux sp\u00e9ciaux capables de&#8230;<\/p>\n","protected":false},"author":1,"featured_media":0,"parent":0,"menu_order":0,"comment_status":"closed","ping_status":"closed","template":"full_width.php","meta":{"footnotes":""},"class_list":["post-444","page","type-page","status-publish","hentry"],"_links":{"self":[{"href":"https:\/\/www.saccarta.it\/fr\/wp-json\/wp\/v2\/pages\/444","targetHints":{"allow":["GET"]}}],"collection":[{"href":"https:\/\/www.saccarta.it\/fr\/wp-json\/wp\/v2\/pages"}],"about":[{"href":"https:\/\/www.saccarta.it\/fr\/wp-json\/wp\/v2\/types\/page"}],"author":[{"embeddable":true,"href":"https:\/\/www.saccarta.it\/fr\/wp-json\/wp\/v2\/users\/1"}],"replies":[{"embeddable":true,"href":"https:\/\/www.saccarta.it\/fr\/wp-json\/wp\/v2\/comments?post=444"}],"version-history":[{"count":9,"href":"https:\/\/www.saccarta.it\/fr\/wp-json\/wp\/v2\/pages\/444\/revisions"}],"predecessor-version":[{"id":907,"href":"https:\/\/www.saccarta.it\/fr\/wp-json\/wp\/v2\/pages\/444\/revisions\/907"}],"wp:attachment":[{"href":"https:\/\/www.saccarta.it\/fr\/wp-json\/wp\/v2\/media?parent=444"}],"curies":[{"name":"wp","href":"https:\/\/api.w.org\/{rel}","templated":true}]}}