{"id":443,"date":"2021-11-22T23:48:00","date_gmt":"2021-11-22T22:48:00","guid":{"rendered":"https:\/\/www.saccarta.it\/?page_id=443"},"modified":"2023-10-09T13:41:52","modified_gmt":"2023-10-09T11:41:52","slug":"finestra","status":"publish","type":"page","link":"https:\/\/www.saccarta.it\/fr\/fenetre\/","title":{"rendered":"FEN\u00caTRE"},"content":{"rendered":"<p>[vc_row css_animation=\u00a0\u00bb\u00a0\u00bb row_type=\u00a0\u00bbrow\u00a0\u00bb use_row_as_full_screen_section=\u00a0\u00bbno\u00a0\u00bb type=\u00a0\u00bbfull_width\u00a0\u00bb angled_section=\u00a0\u00bbno\u00a0\u00bb text_align=\u00a0\u00bbleft\u00a0\u00bb background_image_as_pattern=\u00a0\u00bbwithout_pattern\u00a0\u00bb][vc_column][vc_empty_space][\/vc_column][\/vc_row][vc_row css_animation=\u00a0\u00bb\u00a0\u00bb row_type=\u00a0\u00bbrow\u00a0\u00bb use_row_as_full_screen_section=\u00a0\u00bbno\u00a0\u00bb type=\u00a0\u00bbgrid\u00a0\u00bb angled_section=\u00a0\u00bbno\u00a0\u00bb text_align=\u00a0\u00bbleft\u00a0\u00bb background_image_as_pattern=\u00a0\u00bbwithout_pattern\u00a0\u00bb z_index=\u00a0\u00bb\u00a0\u00bb][vc_column width=\u00a0\u00bb1\/2&Prime;][vc_single_image image=\u00a0\u00bb474&Prime; img_size=\u00a0\u00bbfull\u00a0\u00bb alignment=\u00a0\u00bbcenter\u00a0\u00bb qode_css_animation=\u00a0\u00bb\u00a0\u00bb][\/vc_column][vc_column width=\u00a0\u00bb1\/2&Prime;][vc_column_text]<\/p>\n<h2 style=\"text-align: left;\">FEN\u00caTRE<\/h2>\n<p>[\/vc_column_text][vc_empty_space][vc_column_text]Il s&rsquo;agit d&rsquo;une application d&rsquo;une fen\u00eatre transparente en poly\u00e9thyl\u00e8ne (PE) qui permet de voir le produit \u00e0 l&rsquo;int\u00e9rieur du sac.<\/p>\n<p>Le sac \u00e0 fen\u00eatre, cr\u00e9\u00e9 en collaboration avec un important client du secteur de la nutrition animale et brevet\u00e9 par Saccarta, vise \u00e0 remplacer le sac en plastique. Il s&rsquo;agit d&rsquo;un sac enti\u00e8rement r\u00e9alis\u00e9 en papier avec l&rsquo;insertion d&rsquo;une fen\u00eatre transparente en poly\u00e9thyl\u00e8ne. Ce produit innovant combine les forces du papier et du plastique et r\u00e9pond \u00e0 diff\u00e9rents besoins :<\/p>\n<p>&nbsp;<\/p>\n<p>&#8211; Il permet de voir le produit contenu dans le sac &#8211; gr\u00e2ce \u00e0 la transparence de la fen\u00eatre en poly\u00e9thyl\u00e8ne.<\/p>\n<p>&#8211; Il emp\u00eache la germination du produit et la formation de moisissures &#8211; gr\u00e2ce \u00e0 la respirabilit\u00e9 intrins\u00e8que du papier<\/p>\n<p>&#8211; Il prot\u00e8ge le produit des insectes et autres contaminants ext\u00e9rieurs \u2013 gr\u00e2ce \u00e0 la respirabilit\u00e9 du papier, aucune perforation n\u2019est n\u00e9cessaire (qui \u00e9tait au contraire essentielle dans le sac en plastique).<\/p>\n<p>&nbsp;<\/p>\n<p>Par rapport \u00e0 un sac 100 % plastique, le sac \u00e0 fen\u00eatre garantit des vitesses d&rsquo;ensachage plus \u00e9lev\u00e9es, une meilleure palettisation, un impact environnemental r\u00e9duit et il constitue \u00e9galement un excellent outil de marketing gr\u00e2ce \u00e0 sa parfaite imprimabilit\u00e9.<\/p>\n<p>&nbsp;<\/p>\n<p>La fen\u00eatre peut \u00eatre appliqu\u00e9e sur le sac bouche ouverte ou sur le sac \u00e0 valve.[\/vc_column_text][vc_empty_space]<a  itemprop=\"url\" href=\"https:\/\/www.saccarta.it\/fr\/produits\/\" target=\"_self\"  class=\"qbutton  small default\" style=\"\">RETOUR AUX PRODUITS<\/a>[\/vc_column][\/vc_row][vc_row css_animation=\u00a0\u00bb\u00a0\u00bb row_type=\u00a0\u00bbrow\u00a0\u00bb use_row_as_full_screen_section=\u00a0\u00bbno\u00a0\u00bb type=\u00a0\u00bbfull_width\u00a0\u00bb angled_section=\u00a0\u00bbno\u00a0\u00bb text_align=\u00a0\u00bbleft\u00a0\u00bb background_image_as_pattern=\u00a0\u00bbwithout_pattern\u00a0\u00bb][vc_column][vc_empty_space][\/vc_column][\/vc_row][vc_row css_animation=\u00a0\u00bb\u00a0\u00bb row_type=\u00a0\u00bbrow\u00a0\u00bb use_row_as_full_screen_section=\u00a0\u00bbno\u00a0\u00bb type=\u00a0\u00bbgrid\u00a0\u00bb angled_section=\u00a0\u00bbno\u00a0\u00bb text_align=\u00a0\u00bbleft\u00a0\u00bb background_image_as_pattern=\u00a0\u00bbwithout_pattern\u00a0\u00bb z_index=\u00a0\u00bb\u00a0\u00bb css=\u00a0\u00bb.vc_custom_1637620829695{margin-top: 30px !important;padding-top: 20px !important;background-color: #ffffff !important;}\u00a0\u00bb][vc_column][vc_column_text]<\/p>\n<h4 style=\"text-align: center;\">D\u00e9couvrez les autres Sp\u00e9cialit\u00e9s<\/h4>\n<p>[\/vc_column_text][vc_separator type=\u00a0\u00bbnormal\u00a0\u00bb][\/vc_column][\/vc_row][vc_row css_animation=\u00a0\u00bb\u00a0\u00bb row_type=\u00a0\u00bbrow\u00a0\u00bb use_row_as_full_screen_section=\u00a0\u00bbno\u00a0\u00bb type=\u00a0\u00bbgrid\u00a0\u00bb angled_section=\u00a0\u00bbno\u00a0\u00bb text_align=\u00a0\u00bbcenter\u00a0\u00bb background_image_as_pattern=\u00a0\u00bbwithout_pattern\u00a0\u00bb z_index=\u00a0\u00bb\u00a0\u00bb css=\u00a0\u00bb.vc_custom_1637620499422{background-color: #ffffff !important;}\u00a0\u00bb][vc_column width=\u00a0\u00bb1\/5&Prime;][vc_single_image image=\u00a0\u00bb420&Prime; img_size=\u00a0\u00bbfull\u00a0\u00bb alignment=\u00a0\u00bbcenter\u00a0\u00bb onclick=\u00a0\u00bbcustom_link\u00a0\u00bb qode_css_animation=\u00a0\u00bb\u00a0\u00bb link=\u00a0\u00bbhttps:\/\/www.saccarta.it\/fr\/sacs-avec-papiers-barriere-en-sandwich\/\u00a0\u00bb][vc_empty_space]<a  itemprop=\"url\" href=\"https:\/\/www.saccarta.it\/fr\/sacs-avec-papiers-barriere-en-sandwich\/\" target=\"_self\"  class=\"qbutton  small default button_full\" style=\"\">SACS AVEC PAPIERS BARRI\u00c8RE EN SANDWICH<\/a>[vc_empty_space][\/vc_column][vc_column width=\u00a0\u00bb1\/5&Prime;][vc_single_image image=\u00a0\u00bb419&Prime; img_size=\u00a0\u00bbfull\u00a0\u00bb alignment=\u00a0\u00bbcenter\u00a0\u00bb onclick=\u00a0\u00bbcustom_link\u00a0\u00bb qode_css_animation=\u00a0\u00bb\u00a0\u00bb link=\u00a0\u00bbhttps:\/\/www.saccarta.it\/fr\/sacs-tubulaires\/\u00a0\u00bb][vc_empty_space]<a  itemprop=\"url\" href=\"https:\/\/www.saccarta.it\/fr\/sacs-tubulaires\/\" target=\"_self\"  class=\"qbutton  small default button_full\" style=\"\">SACS TUBULAIRES<\/a>[vc_empty_space][\/vc_column][vc_column width=\u00a0\u00bb1\/5&Prime;][vc_single_image image=\u00a0\u00bb473&Prime; img_size=\u00a0\u00bbfull\u00a0\u00bb alignment=\u00a0\u00bbcenter\u00a0\u00bb onclick=\u00a0\u00bbcustom_link\u00a0\u00bb qode_css_animation=\u00a0\u00bb\u00a0\u00bb link=\u00a0\u00bbhttps:\/\/www.saccarta.it\/fr\/valve-de-thermoscellage\/\u00a0\u00bb][vc_empty_space]<a  itemprop=\"url\" href=\"https:\/\/www.saccarta.it\/fr\/valve-de-thermoscellage\/\" target=\"_self\"  class=\"qbutton  small default button_full\" style=\"\">VALVE DE THERMOSCELLAGE<\/a>[vc_empty_space][\/vc_column][vc_column width=\u00a0\u00bb1\/5&Prime;][vc_single_image image=\u00a0\u00bb421&Prime; img_size=\u00a0\u00bbfull\u00a0\u00bb alignment=\u00a0\u00bbcenter\u00a0\u00bb onclick=\u00a0\u00bbcustom_link\u00a0\u00bb qode_css_animation=\u00a0\u00bb\u00a0\u00bb link=\u00a0\u00bbhttps:\/\/www.saccarta.it\/fr\/poignee\/\u00a0\u00bb][vc_empty_space]<a  itemprop=\"url\" href=\"https:\/\/www.saccarta.it\/fr\/poignee\/\" target=\"_self\"  class=\"qbutton  small default button_full\" style=\"\">POIGN\u00c9E<\/a>[vc_empty_space][\/vc_column][vc_column width=\u00a0\u00bb1\/5&Prime;][vc_single_image image=\u00a0\u00bb475&Prime; img_size=\u00a0\u00bbfull\u00a0\u00bb alignment=\u00a0\u00bbcenter\u00a0\u00bb onclick=\u00a0\u00bbcustom_link\u00a0\u00bb qode_css_animation=\u00a0\u00bb\u00a0\u00bb link=\u00a0\u00bbhttps:\/\/www.saccarta.it\/fr\/ouverture-facile\/\u00a0\u00bb][vc_empty_space]<a  itemprop=\"url\" href=\"https:\/\/www.saccarta.it\/fr\/ouverture-facile\/\" target=\"_self\"  class=\"qbutton  small default button_full\" style=\"\">OUVERTURE FACILE<\/a>[vc_empty_space][\/vc_column][\/vc_row][vc_row css_animation=\u00a0\u00bb\u00a0\u00bb row_type=\u00a0\u00bbrow\u00a0\u00bb use_row_as_full_screen_section=\u00a0\u00bbno\u00a0\u00bb type=\u00a0\u00bbfull_width\u00a0\u00bb angled_section=\u00a0\u00bbno\u00a0\u00bb text_align=\u00a0\u00bbleft\u00a0\u00bb background_image_as_pattern=\u00a0\u00bbwithout_pattern\u00a0\u00bb][vc_column][vc_empty_space][\/vc_column][\/vc_row]<\/p>\n","protected":false},"excerpt":{"rendered":"<p>[vc_row css_animation=\u00a0\u00bb\u00a0\u00bb row_type=\u00a0\u00bbrow\u00a0\u00bb use_row_as_full_screen_section=\u00a0\u00bbno\u00a0\u00bb type=\u00a0\u00bbfull_width\u00a0\u00bb angled_section=\u00a0\u00bbno\u00a0\u00bb text_align=\u00a0\u00bbleft\u00a0\u00bb background_image_as_pattern=\u00a0\u00bbwithout_pattern\u00a0\u00bb][vc_column][vc_empty_space][\/vc_column][\/vc_row][vc_row css_animation=\u00a0\u00bb\u00a0\u00bb row_type=\u00a0\u00bbrow\u00a0\u00bb use_row_as_full_screen_section=\u00a0\u00bbno\u00a0\u00bb type=\u00a0\u00bbgrid\u00a0\u00bb angled_section=\u00a0\u00bbno\u00a0\u00bb text_align=\u00a0\u00bbleft\u00a0\u00bb background_image_as_pattern=\u00a0\u00bbwithout_pattern\u00a0\u00bb z_index=\u00a0\u00bb\u00a0\u00bb][vc_column width=\u00a0\u00bb1\/2&Prime;][vc_single_image image=\u00a0\u00bb474&Prime; img_size=\u00a0\u00bbfull\u00a0\u00bb alignment=\u00a0\u00bbcenter\u00a0\u00bb qode_css_animation=\u00a0\u00bb\u00a0\u00bb][\/vc_column][vc_column width=\u00a0\u00bb1\/2&Prime;][vc_column_text] FEN\u00caTRE [\/vc_column_text][vc_empty_space][vc_column_text]Il s&rsquo;agit d&rsquo;une application d&rsquo;une fen\u00eatre transparente en poly\u00e9thyl\u00e8ne (PE) qui permet de voir le produit \u00e0 l&rsquo;int\u00e9rieur du sac. Le sac&#8230;<\/p>\n","protected":false},"author":1,"featured_media":0,"parent":0,"menu_order":0,"comment_status":"closed","ping_status":"closed","template":"full_width.php","meta":{"footnotes":""},"class_list":["post-443","page","type-page","status-publish","hentry"],"_links":{"self":[{"href":"https:\/\/www.saccarta.it\/fr\/wp-json\/wp\/v2\/pages\/443","targetHints":{"allow":["GET"]}}],"collection":[{"href":"https:\/\/www.saccarta.it\/fr\/wp-json\/wp\/v2\/pages"}],"about":[{"href":"https:\/\/www.saccarta.it\/fr\/wp-json\/wp\/v2\/types\/page"}],"author":[{"embeddable":true,"href":"https:\/\/www.saccarta.it\/fr\/wp-json\/wp\/v2\/users\/1"}],"replies":[{"embeddable":true,"href":"https:\/\/www.saccarta.it\/fr\/wp-json\/wp\/v2\/comments?post=443"}],"version-history":[{"count":19,"href":"https:\/\/www.saccarta.it\/fr\/wp-json\/wp\/v2\/pages\/443\/revisions"}],"predecessor-version":[{"id":952,"href":"https:\/\/www.saccarta.it\/fr\/wp-json\/wp\/v2\/pages\/443\/revisions\/952"}],"wp:attachment":[{"href":"https:\/\/www.saccarta.it\/fr\/wp-json\/wp\/v2\/media?parent=443"}],"curies":[{"name":"wp","href":"https:\/\/api.w.org\/{rel}","templated":true}]}}