{"id":432,"date":"2021-11-22T18:24:24","date_gmt":"2021-11-22T17:24:24","guid":{"rendered":"https:\/\/www.saccarta.it\/?page_id=432"},"modified":"2023-03-17T15:48:30","modified_gmt":"2023-03-17T14:48:30","slug":"mercati-2","status":"publish","type":"page","link":"https:\/\/www.saccarta.it\/fr\/marches\/","title":{"rendered":"MARCH\u00c9S"},"content":{"rendered":"<p>[vc_row css_animation=\u00a0\u00bb\u00a0\u00bb row_type=\u00a0\u00bbrow\u00a0\u00bb use_row_as_full_screen_section=\u00a0\u00bbno\u00a0\u00bb type=\u00a0\u00bbfull_width\u00a0\u00bb angled_section=\u00a0\u00bbno\u00a0\u00bb text_align=\u00a0\u00bbleft\u00a0\u00bb background_image_as_pattern=\u00a0\u00bbwithout_pattern\u00a0\u00bb][vc_column][vc_single_image image=\u00a0\u00bb454&Prime; img_size=\u00a0\u00bbfull\u00a0\u00bb qode_css_animation=\u00a0\u00bb\u00a0\u00bb][\/vc_column][\/vc_row][vc_row css_animation=\u00a0\u00bb\u00a0\u00bb row_type=\u00a0\u00bbrow\u00a0\u00bb use_row_as_full_screen_section=\u00a0\u00bbno\u00a0\u00bb type=\u00a0\u00bbgrid\u00a0\u00bb angled_section=\u00a0\u00bbno\u00a0\u00bb text_align=\u00a0\u00bbleft\u00a0\u00bb background_image_as_pattern=\u00a0\u00bbwithout_pattern\u00a0\u00bb z_index=\u00a0\u00bb\u00a0\u00bb][vc_column][vc_empty_space][vc_column_text]<\/p>\n<h2><b>NOS MARCH\u00c9S <\/b><\/h2>\n<p>[\/vc_column_text][vc_empty_space height=\u00a0\u00bb16px\u00a0\u00bb][vc_column_text]La possibilit\u00e9 de fabriquer tous les types de sacs en papier industriels, associ\u00e9e au savoir-faire acquis, et la mise en \u0153uvre d&rsquo;un syst\u00e8me de qualit\u00e9 ancr\u00e9 dans la culture de l&rsquo;entreprise, dans le plein respect des normes et r\u00e9glementations europ\u00e9ennes, ont permis \u00e0 Saccarta d&rsquo;\u00e9tablir sa pr\u00e9sence dans toute l&rsquo;Italie et dans une grande partie de l&rsquo;Europe et de d\u00e9velopper jour apr\u00e8s jour une collaboration positive avec tous les types de clients afin de rendre l&rsquo;achat et l&rsquo;utilisation de sacs en papier dans tous les secteurs industriels de plus en plus efficaces.[\/vc_column_text][\/vc_column][\/vc_row][vc_row css_animation=\u00a0\u00bb\u00a0\u00bb row_type=\u00a0\u00bbrow\u00a0\u00bb use_row_as_full_screen_section=\u00a0\u00bbno\u00a0\u00bb type=\u00a0\u00bbfull_width\u00a0\u00bb angled_section=\u00a0\u00bbno\u00a0\u00bb text_align=\u00a0\u00bbleft\u00a0\u00bb background_image_as_pattern=\u00a0\u00bbwithout_pattern\u00a0\u00bb][vc_column]<div class=\"qode-workflow  qode-workflow-animate\">\n    <span class=\"main-line\" style=\"background-color:#2c7b20;\"><\/span>\n    <div class=\"qode-workflow-item\">\n    <span class=\"line\" style=\"background-color:#2c7b20;\"><\/span>\n    <div class=\"qode-workflow-item-inner \">\n        <div class=\"qode-workflow-image left\">\n            <img loading=\"lazy\" decoding=\"async\" width=\"800\" height=\"1200\" src=\"https:\/\/www.saccarta.it\/wp-content\/uploads\/2021\/11\/saccarta_edilizia.jpg\" class=\"attachment-full size-full\" alt=\"\" srcset=\"https:\/\/www.saccarta.it\/wp-content\/uploads\/2021\/11\/saccarta_edilizia.jpg 800w, https:\/\/www.saccarta.it\/wp-content\/uploads\/2021\/11\/saccarta_edilizia-200x300.jpg 200w, https:\/\/www.saccarta.it\/wp-content\/uploads\/2021\/11\/saccarta_edilizia-683x1024.jpg 683w, https:\/\/www.saccarta.it\/wp-content\/uploads\/2021\/11\/saccarta_edilizia-768x1152.jpg 768w, https:\/\/www.saccarta.it\/wp-content\/uploads\/2021\/11\/saccarta_edilizia-700x1050.jpg 700w\" sizes=\"auto, (max-width: 800px) 100vw, 800px\" \/>        <\/div>\n        <div class=\"qode-workflow-text\">\n            <span class=\"circle\" style=\"border-color:#2c7b20;background-color:#2c7b20;\"><\/span>\n                            <h4>Mat\u00e9riaux de construction \/ Min\u00e9raux<\/h4>\n                                                    <p class=\"text\">Dans le domaine de la construction, Saccarta est en mesure de produire des sacs adapt\u00e9s pour contenir des produits tels que :<\/p>\n<p>- Ciment<br \/>\n- Pr\u00e9m\u00e9lang\u00e9s<br \/>\n- Liants hydrauliques<\/p>\n<p>Les sacs les plus utilis\u00e9s dans ce secteur sont les sacs \u00e0 valve dans lesquels la sp\u00e9cialit\u00e9 de la valve thermosoudable peut \u00eatre utilis\u00e9e pour garantir une meilleure performance de remplissage et de l\u2019\u00e9tanch\u00e9it\u00e9 du sac.<\/p>\n<p>La poign\u00e9e est une autre sp\u00e9cialit\u00e9 souvent utilis\u00e9e dans ce secteur, en particulier pour les produits de bricolage : elle s'adapte au fond du sac et permet une capacit\u00e9 de charge et de transport d'environ 10 \/ 15kg.<\/p>\n                    <\/div>\n    <\/div>\n<\/div><div class=\"qode-workflow-item\">\n    <span class=\"line\" style=\"background-color:#2c7b20;\"><\/span>\n    <div class=\"qode-workflow-item-inner reverse\">\n        <div class=\"qode-workflow-image right\">\n            <img loading=\"lazy\" decoding=\"async\" width=\"800\" height=\"1200\" src=\"https:\/\/www.saccarta.it\/wp-content\/uploads\/2021\/11\/saccarta_alimenti.jpg\" class=\"attachment-full size-full\" alt=\"\" srcset=\"https:\/\/www.saccarta.it\/wp-content\/uploads\/2021\/11\/saccarta_alimenti.jpg 800w, https:\/\/www.saccarta.it\/wp-content\/uploads\/2021\/11\/saccarta_alimenti-200x300.jpg 200w, https:\/\/www.saccarta.it\/wp-content\/uploads\/2021\/11\/saccarta_alimenti-683x1024.jpg 683w, https:\/\/www.saccarta.it\/wp-content\/uploads\/2021\/11\/saccarta_alimenti-768x1152.jpg 768w, https:\/\/www.saccarta.it\/wp-content\/uploads\/2021\/11\/saccarta_alimenti-700x1050.jpg 700w\" sizes=\"auto, (max-width: 800px) 100vw, 800px\" \/>        <\/div>\n        <div class=\"qode-workflow-text\">\n            <span class=\"circle\" style=\"border-color:#2c7b20;background-color:#2c7b20;\"><\/span>\n                            <h4>Nutrition Humaine<\/h4>\n                                                    <p class=\"text\">Pour les produits destin\u00e9s \u00e0 la nutrition humaine, Saccarta est en mesure de produire des sacs destin\u00e9s \u00e0 contenir diff\u00e9rents types de produits, notamment :<\/p>\n<p>- Farine<br \/>\n- Lait en poudre<br \/>\n- Produits de boulangerie<br \/>\n- \u00c9pices<br \/>\n- Le sucre<\/p>\n<p>Tous nos sacs sont certifi\u00e9s en termes de conformit\u00e9 au contact alimentaire, conform\u00e9ment \u00e0 la r\u00e9glementation europ\u00e9enne en vigueur.<\/p>\n<p>Dans ce secteur, les sacs les plus utilis\u00e9s sont les sacs \u00e0 gueule ouverte, auxquels on peut ajouter la sp\u00e9cialit\u00e9 gaine PE (particuli\u00e8rement adapt\u00e9e aux produits alimentaires tels que le lait en poudre), les sacs pinch bottom avec fermeture hot-melt et les sacs \u00e0 valve (de plus en plus souvent thermosoudables).<\/p>\n                    <\/div>\n    <\/div>\n<\/div><div class=\"qode-workflow-item\">\n    <span class=\"line\" style=\"background-color:#2c7b20;\"><\/span>\n    <div class=\"qode-workflow-item-inner \">\n        <div class=\"qode-workflow-image left\">\n            <img loading=\"lazy\" decoding=\"async\" width=\"800\" height=\"1200\" src=\"https:\/\/www.saccarta.it\/wp-content\/uploads\/2021\/11\/saccarta_chimica.jpg\" class=\"attachment-full size-full\" alt=\"\" srcset=\"https:\/\/www.saccarta.it\/wp-content\/uploads\/2021\/11\/saccarta_chimica.jpg 800w, https:\/\/www.saccarta.it\/wp-content\/uploads\/2021\/11\/saccarta_chimica-200x300.jpg 200w, https:\/\/www.saccarta.it\/wp-content\/uploads\/2021\/11\/saccarta_chimica-683x1024.jpg 683w, https:\/\/www.saccarta.it\/wp-content\/uploads\/2021\/11\/saccarta_chimica-768x1152.jpg 768w, https:\/\/www.saccarta.it\/wp-content\/uploads\/2021\/11\/saccarta_chimica-700x1050.jpg 700w\" sizes=\"auto, (max-width: 800px) 100vw, 800px\" \/>        <\/div>\n        <div class=\"qode-workflow-text\">\n            <span class=\"circle\" style=\"border-color:#2c7b20;background-color:#2c7b20;\"><\/span>\n                            <h4>Industrie Chimique<\/h4>\n                                                    <p class=\"text\">Dans l'industrie chimique, Saccarta produit des sacs pour le conditionnement de:<\/p>\n<p>- Produits chimiques en poudre<br \/>\n- Polym\u00e8res<br \/>\n- Colles<br \/>\n- Pigments<br \/>\n- D\u00e9tergents<br \/>\n- Produits pharmaceutiques<\/p>\n<p>Dans ce secteur, la gamme de produits propos\u00e9s est tr\u00e8s large. Les sacs les plus utilis\u00e9s sont les sacs \u00e0 valve thermosoudable et les sacs \u00e0 gueule ouverte, auxquels on peut ins\u00e9rer la sp\u00e9cialit\u00e9 du tube PE ou du papier aluminis\u00e9 pour une plus grande protection du produit.<\/p>\n<p>Si n\u00e9cessaire, pour les sacs contenant des mati\u00e8res dangereuses, nous offrons \u00e9galement la possibilit\u00e9 d'homologuer le sac avec l'homologation UN IMDG \/ ADR \/ RID dans le plein respect des r\u00e9glementations europ\u00e9ennes existantes.<\/p>\n                    <\/div>\n    <\/div>\n<\/div><div class=\"qode-workflow-item\">\n    <span class=\"line\" style=\"background-color:#2c7b20;\"><\/span>\n    <div class=\"qode-workflow-item-inner reverse\">\n        <div class=\"qode-workflow-image right\">\n            <img loading=\"lazy\" decoding=\"async\" width=\"800\" height=\"1200\" src=\"https:\/\/www.saccarta.it\/wp-content\/uploads\/2021\/11\/saccarta_margimi.jpg\" class=\"attachment-full size-full\" alt=\"\" srcset=\"https:\/\/www.saccarta.it\/wp-content\/uploads\/2021\/11\/saccarta_margimi.jpg 800w, https:\/\/www.saccarta.it\/wp-content\/uploads\/2021\/11\/saccarta_margimi-200x300.jpg 200w, https:\/\/www.saccarta.it\/wp-content\/uploads\/2021\/11\/saccarta_margimi-683x1024.jpg 683w, https:\/\/www.saccarta.it\/wp-content\/uploads\/2021\/11\/saccarta_margimi-768x1152.jpg 768w, https:\/\/www.saccarta.it\/wp-content\/uploads\/2021\/11\/saccarta_margimi-700x1050.jpg 700w\" sizes=\"auto, (max-width: 800px) 100vw, 800px\" \/>        <\/div>\n        <div class=\"qode-workflow-text\">\n            <span class=\"circle\" style=\"border-color:#2c7b20;background-color:#2c7b20;\"><\/span>\n                            <h4>Aliments pour animaux de compagnie<\/h4>\n                                                    <p class=\"text\">Dans le secteur des aliments pour animaux de compagnie, Saccarta produit des sacs pour le conditionnement de:<\/p>\n<p>- Alimentation animale<br \/>\n- Suppl\u00e9ments<br \/>\n- Vitamines<br \/>\n- Produits pharmaceutiques v\u00e9t\u00e9rinaires<\/p>\n<p>Tous nos sacs sont certifi\u00e9s en termes de conformit\u00e9 au contact alimentaire, conform\u00e9ment \u00e0 la r\u00e9glementation europ\u00e9enne en vigueur.<\/p>\n<p>Les sacs les plus utilis\u00e9s dans ce domaine sont les sacs pinch bottom et les sacs \u00e0 gueule ouverte dans lesquels la sp\u00e9cialit\u00e9 de la fen\u00eatre PE (brevet\u00e9e par Saccarta) peut \u00eatre ins\u00e9r\u00e9e pour permettre \u00e0 vos clients de voir le produit \u00e0 l'int\u00e9rieur du sac.<\/p>\n                    <\/div>\n    <\/div>\n<\/div><div class=\"qode-workflow-item\">\n    <span class=\"line\" style=\"background-color:#2c7b20;\"><\/span>\n    <div class=\"qode-workflow-item-inner \">\n        <div class=\"qode-workflow-image left\">\n            <img loading=\"lazy\" decoding=\"async\" width=\"800\" height=\"1200\" src=\"https:\/\/www.saccarta.it\/wp-content\/uploads\/2021\/11\/saccarta_sementi.jpg\" class=\"attachment-full size-full\" alt=\"\" srcset=\"https:\/\/www.saccarta.it\/wp-content\/uploads\/2021\/11\/saccarta_sementi.jpg 800w, https:\/\/www.saccarta.it\/wp-content\/uploads\/2021\/11\/saccarta_sementi-200x300.jpg 200w, https:\/\/www.saccarta.it\/wp-content\/uploads\/2021\/11\/saccarta_sementi-683x1024.jpg 683w, https:\/\/www.saccarta.it\/wp-content\/uploads\/2021\/11\/saccarta_sementi-768x1152.jpg 768w, https:\/\/www.saccarta.it\/wp-content\/uploads\/2021\/11\/saccarta_sementi-700x1050.jpg 700w\" sizes=\"auto, (max-width: 800px) 100vw, 800px\" \/>        <\/div>\n        <div class=\"qode-workflow-text\">\n            <span class=\"circle\" style=\"border-color:#2c7b20;background-color:#2c7b20;\"><\/span>\n                            <h4>Semences et Engrais<\/h4>\n                                                    <p class=\"text\">Enfin, dans le secteur des semences et des engrais, Saccarta produit des sacs pour le conditionnement de:<\/p>\n<p>- Mais<br \/>\n- Soja<br \/>\n- Tournesol<br \/>\n- Engrais<\/p>\n<p>Les sacs les plus utilis\u00e9s sont les sacs \u00e0 gueule ouverte et les sacs \u00e0 valve<\/p>\n<p>Dans les deux cas, la sp\u00e9cialit\u00e9 de l'ouverture facile peut \u00eatre ins\u00e9r\u00e9e : une construction particuli\u00e8re sur le fond du sac permet d'ouvrir facilement le sac et de lib\u00e9rer rapidement le contenu sans risque de contamination. La sp\u00e9cialit\u00e9 de la fen\u00eatre PE est \u00e9galement parfois utilis\u00e9e dans ce secteur.<\/p>\n                    <\/div>\n    <\/div>\n<\/div><div class=\"qode-workflow-item\">\n    <span class=\"line\" style=\"\"><\/span>\n    <div class=\"qode-workflow-item-inner \">\n        <div class=\"qode-workflow-image center\">\n                    <\/div>\n        <div class=\"qode-workflow-text\">\n            <span class=\"circle\" style=\"\"><\/span>\n                                            <\/div>\n    <\/div>\n<\/div><\/div>[\/vc_column][\/vc_row]<\/p>\n","protected":false},"excerpt":{"rendered":"<p>[vc_row css_animation=\u00a0\u00bb\u00a0\u00bb row_type=\u00a0\u00bbrow\u00a0\u00bb use_row_as_full_screen_section=\u00a0\u00bbno\u00a0\u00bb type=\u00a0\u00bbfull_width\u00a0\u00bb angled_section=\u00a0\u00bbno\u00a0\u00bb text_align=\u00a0\u00bbleft\u00a0\u00bb background_image_as_pattern=\u00a0\u00bbwithout_pattern\u00a0\u00bb][vc_column][vc_single_image image=\u00a0\u00bb454&Prime; img_size=\u00a0\u00bbfull\u00a0\u00bb qode_css_animation=\u00a0\u00bb\u00a0\u00bb][\/vc_column][\/vc_row][vc_row css_animation=\u00a0\u00bb\u00a0\u00bb row_type=\u00a0\u00bbrow\u00a0\u00bb use_row_as_full_screen_section=\u00a0\u00bbno\u00a0\u00bb type=\u00a0\u00bbgrid\u00a0\u00bb angled_section=\u00a0\u00bbno\u00a0\u00bb text_align=\u00a0\u00bbleft\u00a0\u00bb background_image_as_pattern=\u00a0\u00bbwithout_pattern\u00a0\u00bb z_index=\u00a0\u00bb\u00a0\u00bb][vc_column][vc_empty_space][vc_column_text] NOS MARCH\u00c9S [\/vc_column_text][vc_empty_space height=\u00a0\u00bb16px\u00a0\u00bb][vc_column_text]La possibilit\u00e9 de fabriquer tous les types de sacs en papier industriels, associ\u00e9e au savoir-faire acquis, et la mise en \u0153uvre d&rsquo;un syst\u00e8me&#8230;<\/p>\n","protected":false},"author":1,"featured_media":0,"parent":0,"menu_order":0,"comment_status":"closed","ping_status":"closed","template":"full_width.php","meta":{"footnotes":""},"class_list":["post-432","page","type-page","status-publish","hentry"],"_links":{"self":[{"href":"https:\/\/www.saccarta.it\/fr\/wp-json\/wp\/v2\/pages\/432","targetHints":{"allow":["GET"]}}],"collection":[{"href":"https:\/\/www.saccarta.it\/fr\/wp-json\/wp\/v2\/pages"}],"about":[{"href":"https:\/\/www.saccarta.it\/fr\/wp-json\/wp\/v2\/types\/page"}],"author":[{"embeddable":true,"href":"https:\/\/www.saccarta.it\/fr\/wp-json\/wp\/v2\/users\/1"}],"replies":[{"embeddable":true,"href":"https:\/\/www.saccarta.it\/fr\/wp-json\/wp\/v2\/comments?post=432"}],"version-history":[{"count":7,"href":"https:\/\/www.saccarta.it\/fr\/wp-json\/wp\/v2\/pages\/432\/revisions"}],"predecessor-version":[{"id":886,"href":"https:\/\/www.saccarta.it\/fr\/wp-json\/wp\/v2\/pages\/432\/revisions\/886"}],"wp:attachment":[{"href":"https:\/\/www.saccarta.it\/fr\/wp-json\/wp\/v2\/media?parent=432"}],"curies":[{"name":"wp","href":"https:\/\/api.w.org\/{rel}","templated":true}]}}