{"id":423,"date":"2021-11-20T18:28:43","date_gmt":"2021-11-20T17:28:43","guid":{"rendered":"https:\/\/www.saccarta.it\/?page_id=423"},"modified":"2023-03-27T20:16:19","modified_gmt":"2023-03-27T18:16:19","slug":"sacchi-pinch","status":"publish","type":"page","link":"https:\/\/www.saccarta.it\/fr\/sacs-pinch-bottom\/","title":{"rendered":"Sacs Pinch Bottom"},"content":{"rendered":"<p>[vc_row css_animation=\u00a0\u00bb\u00a0\u00bb row_type=\u00a0\u00bbrow\u00a0\u00bb use_row_as_full_screen_section=\u00a0\u00bbno\u00a0\u00bb type=\u00a0\u00bbfull_width\u00a0\u00bb angled_section=\u00a0\u00bbno\u00a0\u00bb text_align=\u00a0\u00bbleft\u00a0\u00bb background_image_as_pattern=\u00a0\u00bbwithout_pattern\u00a0\u00bb][vc_column][vc_empty_space][\/vc_column][\/vc_row][vc_row css_animation=\u00a0\u00bb\u00a0\u00bb row_type=\u00a0\u00bbrow\u00a0\u00bb use_row_as_full_screen_section=\u00a0\u00bbno\u00a0\u00bb type=\u00a0\u00bbgrid\u00a0\u00bb angled_section=\u00a0\u00bbno\u00a0\u00bb text_align=\u00a0\u00bbleft\u00a0\u00bb background_image_as_pattern=\u00a0\u00bbwithout_pattern\u00a0\u00bb z_index=\u00a0\u00bb\u00a0\u00bb][vc_column width=\u00a0\u00bb1\/2&Prime;][vc_column_text]<\/p>\n<h2 style=\"text-align: center;\">SACS PINCH<\/h2>\n<p>[\/vc_column_text][vc_empty_space][vc_single_image image=\u00a0\u00bb413&Prime; img_size=\u00a0\u00bbfull\u00a0\u00bb alignment=\u00a0\u00bbcenter\u00a0\u00bb qode_css_animation=\u00a0\u00bb\u00a0\u00bb][\/vc_column][vc_column width=\u00a0\u00bb1\/2&Prime;][vc_empty_space][vc_tabs style=\u00a0\u00bbboxed\u00a0\u00bb][vc_tab title=\u00a0\u00bbLE PRODUIT\u00a0\u00bb tab_id=\u00a0\u00bbc5b211a2-5995-5&Prime;][vc_column_text]Avec ou sans soufflets, les sacs pinch repr\u00e9sentent l&rsquo;\u00e9volution logique du sac cousu avec des am\u00e9liorations techniques et esth\u00e9tiques consid\u00e9rables. Le sac rempli prend une forme carr\u00e9e avec un fond stable, ce qui permet une excellente palettisation et une pr\u00e9sentation efficace du produit.<\/p>\n<p>&nbsp;<\/p>\n<p>Une large gamme de mat\u00e9riaux barri\u00e8res (par exemple, papier poly\u00e9thyl\u00e8ne, film lamin\u00e9 ou film poly\u00e9thyl\u00e8ne plac\u00e9 entre les couches de papier) est disponible pour une meilleure protection du produit et une isolation thermique maximale.[\/vc_column_text][\/vc_tab][vc_tab title=\u00a0\u00bbCARACT\u00c9RISTIQUES OPTIONNELLES\u00a0\u00bb tab_id=\u00a0\u00bbdafd6ee0-7cda-5&Prime;][vc_column_text]- Il est possible d&rsquo;appliquer une colle thermofusible sur l&rsquo;ouverture du sac, qui peut \u00eatre fondue \u00e0 chaud apr\u00e8s le remplissage, ce qui permet de fermer herm\u00e9tiquement le sac.<\/p>\n<p>&nbsp;<\/p>\n<p>&#8211; Fermeture herm\u00e9tique du fond : fermeture diagonale des coins et du fond pour permettre un meilleur remplissage et une meilleure palettisation du sac.<\/p>\n<p>&nbsp;<\/p>\n<p>&#8211; Ouverture facile : une construction sp\u00e9ciale du fond ext\u00e9rieur permet d&rsquo;ouvrir facilement le sac et de lib\u00e9rer rapidement son contenu.[\/vc_column_text][\/vc_tab][vc_tab title=\u00a0\u00bbSP\u00c9CIFICATIONS TECHNIQUES\u00a0\u00bb tab_id=\u00a0\u00bb1636493297184-2-1&Prime;][vc_column_text]Largeur: de 23 \u00e0 55 cm<br \/>\nLongueur : de 50 \u00e0 127 cm<br \/>\nSoufflet: de 2,5 \u00e0 11 cm<br \/>\nNombre de feuilles: de 1 \u00e0 4 feuilles de papier ou de mat\u00e9riaux stratifies<br \/>\n[\/vc_column_text][\/vc_tab][\/vc_tabs][vc_empty_space]<a  itemprop=\"url\" href=\"https:\/\/www.saccarta.it\/fr\/produits\/\" target=\"_self\"  class=\"qbutton  small default\" style=\"\">RETOUR AUX PRODUITS<\/a>[\/vc_column][\/vc_row][vc_row css_animation=\u00a0\u00bb\u00a0\u00bb row_type=\u00a0\u00bbrow\u00a0\u00bb use_row_as_full_screen_section=\u00a0\u00bbno\u00a0\u00bb type=\u00a0\u00bbfull_width\u00a0\u00bb angled_section=\u00a0\u00bbno\u00a0\u00bb text_align=\u00a0\u00bbleft\u00a0\u00bb background_image_as_pattern=\u00a0\u00bbwithout_pattern\u00a0\u00bb][vc_column][vc_empty_space][\/vc_column][\/vc_row][vc_row css_animation=\u00a0\u00bb\u00a0\u00bb row_type=\u00a0\u00bbrow\u00a0\u00bb use_row_as_full_screen_section=\u00a0\u00bbno\u00a0\u00bb type=\u00a0\u00bbgrid\u00a0\u00bb angled_section=\u00a0\u00bbno\u00a0\u00bb text_align=\u00a0\u00bbleft\u00a0\u00bb background_image_as_pattern=\u00a0\u00bbwithout_pattern\u00a0\u00bb z_index=\u00a0\u00bb\u00a0\u00bb css=\u00a0\u00bb.vc_custom_1637081587230{margin-top: 30px !important;background-color: #ffffff !important;}\u00a0\u00bb][vc_column width=\u00a0\u00bb1\/6&Prime;][\/vc_column][vc_column width=\u00a0\u00bb2\/3&Prime;][vc_empty_space][vc_column_text]<\/p>\n<h4 style=\"text-align: center;\">AUTRES PRODUITS<\/h4>\n<p>[\/vc_column_text][vc_separator type=\u00a0\u00bbnormal\u00a0\u00bb][vc_row_inner row_type=\u00a0\u00bbrow\u00a0\u00bb type=\u00a0\u00bbfull_width\u00a0\u00bb text_align=\u00a0\u00bbcenter\u00a0\u00bb css_animation=\u00a0\u00bb\u00a0\u00bb][vc_column_inner width=\u00a0\u00bb1\/3&Prime;][vc_single_image image=\u00a0\u00bb476&Prime; img_size=\u00a0\u00bbfull\u00a0\u00bb alignment=\u00a0\u00bbcenter\u00a0\u00bb onclick=\u00a0\u00bbcustom_link\u00a0\u00bb qode_css_animation=\u00a0\u00bb\u00a0\u00bb link=\u00a0\u00bbhttps:\/\/www.saccarta.it\/fr\/sacs-a-gueule-ouverte\/\u00a0\u00bb][vc_empty_space]<a  itemprop=\"url\" href=\"https:\/\/www.saccarta.it\/fr\/sacs-a-gueule-ouverte\/\" target=\"_self\"  class=\"qbutton  small default button_full\" style=\"\">SACS \u00c0 GUEULE OUVERTE<\/a>[vc_empty_space][\/vc_column_inner][vc_column_inner width=\u00a0\u00bb1\/3&Prime;][vc_single_image image=\u00a0\u00bb542&Prime; img_size=\u00a0\u00bbfull\u00a0\u00bb alignment=\u00a0\u00bbcenter\u00a0\u00bb onclick=\u00a0\u00bbcustom_link\u00a0\u00bb qode_css_animation=\u00a0\u00bb\u00a0\u00bb link=\u00a0\u00bbhttps:\/\/www.saccarta.it\/fr\/sacs-a-valve\/\u00a0\u00bb][vc_empty_space]<a  itemprop=\"url\" href=\"https:\/\/www.saccarta.it\/fr\/sacs-a-valve\/\" target=\"_self\"  class=\"qbutton  small default button_full\" style=\"\">SACS \u00c0 VALVE<\/a>[vc_empty_space][\/vc_column_inner][vc_column_inner width=\u00a0\u00bb1\/3&Prime;][vc_single_image image=\u00a0\u00bb477&Prime; img_size=\u00a0\u00bbfull\u00a0\u00bb alignment=\u00a0\u00bbcenter\u00a0\u00bb onclick=\u00a0\u00bbcustom_link\u00a0\u00bb qode_css_animation=\u00a0\u00bb\u00a0\u00bb link=\u00a0\u00bbhttps:\/\/www.saccarta.it\/fr\/sac-cousu\/\u00a0\u00bb][vc_empty_space]<a  itemprop=\"url\" href=\"https:\/\/www.saccarta.it\/fr\/sac-cousu\/\" target=\"_self\"  class=\"qbutton  small default button_full\" style=\"\">SACS COUSUS<\/a>[vc_empty_space][\/vc_column_inner][\/vc_row_inner][\/vc_column][vc_column width=\u00a0\u00bb1\/6&Prime;][\/vc_column][\/vc_row][vc_row css_animation=\u00a0\u00bb\u00a0\u00bb row_type=\u00a0\u00bbrow\u00a0\u00bb use_row_as_full_screen_section=\u00a0\u00bbno\u00a0\u00bb type=\u00a0\u00bbfull_width\u00a0\u00bb angled_section=\u00a0\u00bbno\u00a0\u00bb text_align=\u00a0\u00bbleft\u00a0\u00bb background_image_as_pattern=\u00a0\u00bbwithout_pattern\u00a0\u00bb][vc_column][vc_empty_space][\/vc_column][\/vc_row]<\/p>\n","protected":false},"excerpt":{"rendered":"<p>[vc_row css_animation=\u00a0\u00bb\u00a0\u00bb row_type=\u00a0\u00bbrow\u00a0\u00bb use_row_as_full_screen_section=\u00a0\u00bbno\u00a0\u00bb type=\u00a0\u00bbfull_width\u00a0\u00bb angled_section=\u00a0\u00bbno\u00a0\u00bb text_align=\u00a0\u00bbleft\u00a0\u00bb background_image_as_pattern=\u00a0\u00bbwithout_pattern\u00a0\u00bb][vc_column][vc_empty_space][\/vc_column][\/vc_row][vc_row css_animation=\u00a0\u00bb\u00a0\u00bb row_type=\u00a0\u00bbrow\u00a0\u00bb use_row_as_full_screen_section=\u00a0\u00bbno\u00a0\u00bb type=\u00a0\u00bbgrid\u00a0\u00bb angled_section=\u00a0\u00bbno\u00a0\u00bb text_align=\u00a0\u00bbleft\u00a0\u00bb background_image_as_pattern=\u00a0\u00bbwithout_pattern\u00a0\u00bb z_index=\u00a0\u00bb\u00a0\u00bb][vc_column width=\u00a0\u00bb1\/2&Prime;][vc_column_text] SACS PINCH [\/vc_column_text][vc_empty_space][vc_single_image image=\u00a0\u00bb413&Prime; img_size=\u00a0\u00bbfull\u00a0\u00bb alignment=\u00a0\u00bbcenter\u00a0\u00bb qode_css_animation=\u00a0\u00bb\u00a0\u00bb][\/vc_column][vc_column width=\u00a0\u00bb1\/2&Prime;][vc_empty_space][vc_tabs style=\u00a0\u00bbboxed\u00a0\u00bb][vc_tab title=\u00a0\u00bbLE PRODUIT\u00a0\u00bb tab_id=\u00a0\u00bbc5b211a2-5995-5&Prime;][vc_column_text]Avec ou sans soufflets, les sacs pinch repr\u00e9sentent l&rsquo;\u00e9volution logique du sac cousu avec des am\u00e9liorations techniques&#8230;<\/p>\n","protected":false},"author":1,"featured_media":0,"parent":0,"menu_order":0,"comment_status":"closed","ping_status":"closed","template":"full_width.php","meta":{"footnotes":""},"class_list":["post-423","page","type-page","status-publish","hentry"],"_links":{"self":[{"href":"https:\/\/www.saccarta.it\/fr\/wp-json\/wp\/v2\/pages\/423","targetHints":{"allow":["GET"]}}],"collection":[{"href":"https:\/\/www.saccarta.it\/fr\/wp-json\/wp\/v2\/pages"}],"about":[{"href":"https:\/\/www.saccarta.it\/fr\/wp-json\/wp\/v2\/types\/page"}],"author":[{"embeddable":true,"href":"https:\/\/www.saccarta.it\/fr\/wp-json\/wp\/v2\/users\/1"}],"replies":[{"embeddable":true,"href":"https:\/\/www.saccarta.it\/fr\/wp-json\/wp\/v2\/comments?post=423"}],"version-history":[{"count":17,"href":"https:\/\/www.saccarta.it\/fr\/wp-json\/wp\/v2\/pages\/423\/revisions"}],"predecessor-version":[{"id":916,"href":"https:\/\/www.saccarta.it\/fr\/wp-json\/wp\/v2\/pages\/423\/revisions\/916"}],"wp:attachment":[{"href":"https:\/\/www.saccarta.it\/fr\/wp-json\/wp\/v2\/media?parent=423"}],"curies":[{"name":"wp","href":"https:\/\/api.w.org\/{rel}","templated":true}]}}