{"id":422,"date":"2021-11-20T18:24:36","date_gmt":"2021-11-20T17:24:36","guid":{"rendered":"https:\/\/www.saccarta.it\/?page_id=422"},"modified":"2023-03-27T20:04:25","modified_gmt":"2023-03-27T18:04:25","slug":"sacchi-a-bocca-aperta","status":"publish","type":"page","link":"https:\/\/www.saccarta.it\/fr\/sacs-a-gueule-ouverte\/","title":{"rendered":"SACS \u00c0 GUEULE OUVERTE"},"content":{"rendered":"<p>[vc_row css_animation=\u00a0\u00bb\u00a0\u00bb row_type=\u00a0\u00bbrow\u00a0\u00bb use_row_as_full_screen_section=\u00a0\u00bbno\u00a0\u00bb type=\u00a0\u00bbfull_width\u00a0\u00bb angled_section=\u00a0\u00bbno\u00a0\u00bb text_align=\u00a0\u00bbleft\u00a0\u00bb background_image_as_pattern=\u00a0\u00bbwithout_pattern\u00a0\u00bb][vc_column][vc_empty_space][\/vc_column][\/vc_row][vc_row css_animation=\u00a0\u00bb\u00a0\u00bb row_type=\u00a0\u00bbrow\u00a0\u00bb use_row_as_full_screen_section=\u00a0\u00bbno\u00a0\u00bb type=\u00a0\u00bbgrid\u00a0\u00bb angled_section=\u00a0\u00bbno\u00a0\u00bb text_align=\u00a0\u00bbleft\u00a0\u00bb background_image_as_pattern=\u00a0\u00bbwithout_pattern\u00a0\u00bb z_index=\u00a0\u00bb\u00a0\u00bb][vc_column width=\u00a0\u00bb1\/2&Prime;][vc_column_text]<\/p>\n<h2 style=\"text-align: center;\">SACS \u00c0 GUEULE OUVERTE<\/h2>\n<p>[\/vc_column_text][vc_empty_space][vc_single_image image=\u00a0\u00bb476&Prime; img_size=\u00a0\u00bbfull\u00a0\u00bb alignment=\u00a0\u00bbcenter\u00a0\u00bb qode_css_animation=\u00a0\u00bb\u00a0\u00bb][\/vc_column][vc_column width=\u00a0\u00bb1\/2&Prime;][vc_empty_space][vc_tabs style=\u00a0\u00bbboxed\u00a0\u00bb][vc_tab title=\u00a0\u00bbLE PRODUIT\u00a0\u00bb tab_id=\u00a0\u00bbc5b211a2-5995-5&Prime;][vc_column_text]Il s&rsquo;agit du type de sac le plus traditionnel et il est largement utilis\u00e9 dans toutes les industries. Nous pouvons \u00e9galement fabriquer des sacs \u00e0 gueule ouverte avec l&rsquo;insertion de papiers couche, de films ou de tubulaires en poly\u00e9thyl\u00e8ne haute ou basse densit\u00e9, de papiers m\u00e9tallis\u00e9s et\/ou aluminis\u00e9s pour am\u00e9liorer l&rsquo;effet barri\u00e8re et pour permettre une meilleure fermeture du sac. En plus, des papiers sp\u00e9ciaux (tels que les papiers liss\u00e9s ou brillant) peuvent \u00eatre utilis\u00e9s pour am\u00e9liorer l&rsquo; impression.[\/vc_column_text][\/vc_tab][vc_tab title=\u00a0\u00bbCARACT\u00c9RISTIQUES OPTIONNELLES\u00a0\u00bb tab_id=\u00a0\u00bbdafd6ee0-7cda-5&Prime;][vc_column_text]- Application du fond int\u00e9rieur : am\u00e9liore l&rsquo;\u00e9tanch\u00e9it\u00e9 du sac \u00e0 la poussi\u00e8re et emp\u00eache la sortie du produit.<\/p>\n<p>&#8211; Ouverture facile: une construction sp\u00e9ciale du fond ext\u00e9rieur permet d&rsquo;ouvrir facilement le sac et de lib\u00e9rer rapidement son contenu.<\/p>\n<p>&#8211; Poign\u00e9e : le fond ext\u00e9rieur peut \u00eatre r\u00e9alis\u00e9 avec des mat\u00e9riaux sp\u00e9ciaux qui le rendent apte \u00e0 \u00eatre utilis\u00e9 comme poign\u00e9e, avec une capacit\u00e9 de charge et de transport d&rsquo;environ 10 \/ 15kg.<\/p>\n<p>&#8211; Fen\u00eatre : application d&rsquo;une fen\u00eatre transparente en poly\u00e9thyl\u00e8ne (PE) qui permet de voir le produit \u00e0 l&rsquo;int\u00e9rieur du sac.<\/p>\n<p>&#8211; Syst\u00e8me de pliage Z : insertion d&rsquo;un gaine de poly\u00e9thyl\u00e8ne, soud\u00e9 sur le fond, de sorte que la partie en poly\u00e9thyl\u00e8ne du sac soit plus longue que le papier lui-m\u00eame. Ce syst\u00e8me permet un meilleur remplissage du sac et une fermeture plus facile.[\/vc_column_text][\/vc_tab][vc_tab title=\u00a0\u00bbSP\u00c9CIFICATIONS TECHNIQUES\u00a0\u00bb tab_id=\u00a0\u00bb1636493297184-2-1&Prime;][vc_column_text]Largeur: de 18 \u00e0 72 cm<\/p>\n<p>Fond: jusqu&rsquo;\u00e0 25 cm<\/p>\n<p>Longueur : de 25 \u00e0 130 cm<\/p>\n<p>Nombre de feuilles: de 1 \u00e0 6 feuilles de papier ou de mat\u00e9riaux stratifies<br \/>\n[\/vc_column_text][\/vc_tab][\/vc_tabs][vc_empty_space]<a  itemprop=\"url\" href=\"https:\/\/www.saccarta.it\/fr\/produits\/\" target=\"_self\"  class=\"qbutton  small default\" style=\"\">RETOUR AUX PRODUITS<\/a>[\/vc_column][\/vc_row][vc_row css_animation=\u00a0\u00bb\u00a0\u00bb row_type=\u00a0\u00bbrow\u00a0\u00bb use_row_as_full_screen_section=\u00a0\u00bbno\u00a0\u00bb type=\u00a0\u00bbfull_width\u00a0\u00bb angled_section=\u00a0\u00bbno\u00a0\u00bb text_align=\u00a0\u00bbleft\u00a0\u00bb background_image_as_pattern=\u00a0\u00bbwithout_pattern\u00a0\u00bb][vc_column][vc_empty_space][\/vc_column][\/vc_row][vc_row css_animation=\u00a0\u00bb\u00a0\u00bb row_type=\u00a0\u00bbrow\u00a0\u00bb use_row_as_full_screen_section=\u00a0\u00bbno\u00a0\u00bb type=\u00a0\u00bbgrid\u00a0\u00bb angled_section=\u00a0\u00bbno\u00a0\u00bb text_align=\u00a0\u00bbleft\u00a0\u00bb background_image_as_pattern=\u00a0\u00bbwithout_pattern\u00a0\u00bb z_index=\u00a0\u00bb\u00a0\u00bb css=\u00a0\u00bb.vc_custom_1637081587230{margin-top: 30px !important;background-color: #ffffff !important;}\u00a0\u00bb][vc_column width=\u00a0\u00bb1\/6&Prime;][\/vc_column][vc_column width=\u00a0\u00bb2\/3&Prime;][vc_empty_space][vc_column_text]<\/p>\n<h4 style=\"text-align: center;\">AUTRES PRODUITS<\/h4>\n<p>[\/vc_column_text][vc_separator type=\u00a0\u00bbnormal\u00a0\u00bb][vc_row_inner row_type=\u00a0\u00bbrow\u00a0\u00bb type=\u00a0\u00bbfull_width\u00a0\u00bb text_align=\u00a0\u00bbcenter\u00a0\u00bb css_animation=\u00a0\u00bb\u00a0\u00bb][vc_column_inner width=\u00a0\u00bb1\/3&Prime;][vc_single_image image=\u00a0\u00bb542&Prime; img_size=\u00a0\u00bbfull\u00a0\u00bb alignment=\u00a0\u00bbcenter\u00a0\u00bb onclick=\u00a0\u00bbcustom_link\u00a0\u00bb qode_css_animation=\u00a0\u00bb\u00a0\u00bb link=\u00a0\u00bbhttps:\/\/www.saccarta.it\/fr\/sacs-a-valve\/\u00a0\u00bb][vc_empty_space]<a  itemprop=\"url\" href=\"https:\/\/www.saccarta.it\/fr\/sacs-a-valve\/\" target=\"_self\"  class=\"qbutton  small default button_full\" style=\"\">SACS \u00c0 VALVE<\/a>[vc_empty_space][\/vc_column_inner][vc_column_inner width=\u00a0\u00bb1\/3&Prime;][vc_single_image image=\u00a0\u00bb413&Prime; img_size=\u00a0\u00bbfull\u00a0\u00bb alignment=\u00a0\u00bbcenter\u00a0\u00bb onclick=\u00a0\u00bbcustom_link\u00a0\u00bb qode_css_animation=\u00a0\u00bb\u00a0\u00bb link=\u00a0\u00bbhttps:\/\/www.saccarta.it\/fr\/sacs-pinch-bottom\/\u00a0\u00bb][vc_empty_space]<a  itemprop=\"url\" href=\"https:\/\/www.saccarta.it\/fr\/sacs-pinch-bottom\/\" target=\"_self\"  class=\"qbutton  small default button_full\" style=\"\">SACS PINCH<\/a>[vc_empty_space][\/vc_column_inner][vc_column_inner width=\u00a0\u00bb1\/3&Prime;][vc_single_image image=\u00a0\u00bb477&Prime; img_size=\u00a0\u00bbfull\u00a0\u00bb alignment=\u00a0\u00bbcenter\u00a0\u00bb onclick=\u00a0\u00bbcustom_link\u00a0\u00bb qode_css_animation=\u00a0\u00bb\u00a0\u00bb link=\u00a0\u00bbhttps:\/\/www.saccarta.it\/fr\/sac-cousu\/\u00a0\u00bb][vc_empty_space]<a  itemprop=\"url\" href=\"https:\/\/www.saccarta.it\/fr\/sac-cousu\/\" target=\"_self\"  class=\"qbutton  small default button_full\" style=\"\">SACS COUSUS<\/a>[vc_empty_space][\/vc_column_inner][\/vc_row_inner][\/vc_column][vc_column width=\u00a0\u00bb1\/6&Prime;][\/vc_column][\/vc_row][vc_row css_animation=\u00a0\u00bb\u00a0\u00bb row_type=\u00a0\u00bbrow\u00a0\u00bb use_row_as_full_screen_section=\u00a0\u00bbno\u00a0\u00bb type=\u00a0\u00bbfull_width\u00a0\u00bb angled_section=\u00a0\u00bbno\u00a0\u00bb text_align=\u00a0\u00bbleft\u00a0\u00bb background_image_as_pattern=\u00a0\u00bbwithout_pattern\u00a0\u00bb][vc_column][vc_empty_space][\/vc_column][\/vc_row]<\/p>\n","protected":false},"excerpt":{"rendered":"<p>[vc_row css_animation=\u00a0\u00bb\u00a0\u00bb row_type=\u00a0\u00bbrow\u00a0\u00bb use_row_as_full_screen_section=\u00a0\u00bbno\u00a0\u00bb type=\u00a0\u00bbfull_width\u00a0\u00bb angled_section=\u00a0\u00bbno\u00a0\u00bb text_align=\u00a0\u00bbleft\u00a0\u00bb background_image_as_pattern=\u00a0\u00bbwithout_pattern\u00a0\u00bb][vc_column][vc_empty_space][\/vc_column][\/vc_row][vc_row css_animation=\u00a0\u00bb\u00a0\u00bb row_type=\u00a0\u00bbrow\u00a0\u00bb use_row_as_full_screen_section=\u00a0\u00bbno\u00a0\u00bb type=\u00a0\u00bbgrid\u00a0\u00bb angled_section=\u00a0\u00bbno\u00a0\u00bb text_align=\u00a0\u00bbleft\u00a0\u00bb background_image_as_pattern=\u00a0\u00bbwithout_pattern\u00a0\u00bb z_index=\u00a0\u00bb\u00a0\u00bb][vc_column width=\u00a0\u00bb1\/2&Prime;][vc_column_text] SACS \u00c0 GUEULE OUVERTE [\/vc_column_text][vc_empty_space][vc_single_image image=\u00a0\u00bb476&Prime; img_size=\u00a0\u00bbfull\u00a0\u00bb alignment=\u00a0\u00bbcenter\u00a0\u00bb qode_css_animation=\u00a0\u00bb\u00a0\u00bb][\/vc_column][vc_column width=\u00a0\u00bb1\/2&Prime;][vc_empty_space][vc_tabs style=\u00a0\u00bbboxed\u00a0\u00bb][vc_tab title=\u00a0\u00bbLE PRODUIT\u00a0\u00bb tab_id=\u00a0\u00bbc5b211a2-5995-5&Prime;][vc_column_text]Il s&rsquo;agit du type de sac le plus traditionnel et il est largement utilis\u00e9 dans&#8230;<\/p>\n","protected":false},"author":1,"featured_media":0,"parent":0,"menu_order":0,"comment_status":"closed","ping_status":"closed","template":"full_width.php","meta":{"footnotes":""},"class_list":["post-422","page","type-page","status-publish","hentry"],"_links":{"self":[{"href":"https:\/\/www.saccarta.it\/fr\/wp-json\/wp\/v2\/pages\/422","targetHints":{"allow":["GET"]}}],"collection":[{"href":"https:\/\/www.saccarta.it\/fr\/wp-json\/wp\/v2\/pages"}],"about":[{"href":"https:\/\/www.saccarta.it\/fr\/wp-json\/wp\/v2\/types\/page"}],"author":[{"embeddable":true,"href":"https:\/\/www.saccarta.it\/fr\/wp-json\/wp\/v2\/users\/1"}],"replies":[{"embeddable":true,"href":"https:\/\/www.saccarta.it\/fr\/wp-json\/wp\/v2\/comments?post=422"}],"version-history":[{"count":9,"href":"https:\/\/www.saccarta.it\/fr\/wp-json\/wp\/v2\/pages\/422\/revisions"}],"predecessor-version":[{"id":915,"href":"https:\/\/www.saccarta.it\/fr\/wp-json\/wp\/v2\/pages\/422\/revisions\/915"}],"wp:attachment":[{"href":"https:\/\/www.saccarta.it\/fr\/wp-json\/wp\/v2\/media?parent=422"}],"curies":[{"name":"wp","href":"https:\/\/api.w.org\/{rel}","templated":true}]}}