{"id":349,"date":"2021-11-09T22:38:31","date_gmt":"2021-11-09T21:38:31","guid":{"rendered":"https:\/\/www.saccarta.it\/?page_id=349"},"modified":"2023-10-09T13:45:49","modified_gmt":"2023-10-09T11:45:49","slug":"sacchi-a-valvola","status":"publish","type":"page","link":"https:\/\/www.saccarta.it\/fr\/sacs-a-valve\/","title":{"rendered":"SACS A\u2019 VALVE"},"content":{"rendered":"<p>[vc_row css_animation=\u00a0\u00bb\u00a0\u00bb row_type=\u00a0\u00bbrow\u00a0\u00bb use_row_as_full_screen_section=\u00a0\u00bbno\u00a0\u00bb type=\u00a0\u00bbfull_width\u00a0\u00bb angled_section=\u00a0\u00bbno\u00a0\u00bb text_align=\u00a0\u00bbleft\u00a0\u00bb background_image_as_pattern=\u00a0\u00bbwithout_pattern\u00a0\u00bb][vc_column][vc_empty_space][\/vc_column][\/vc_row][vc_row css_animation=\u00a0\u00bb\u00a0\u00bb row_type=\u00a0\u00bbrow\u00a0\u00bb use_row_as_full_screen_section=\u00a0\u00bbno\u00a0\u00bb type=\u00a0\u00bbgrid\u00a0\u00bb angled_section=\u00a0\u00bbno\u00a0\u00bb text_align=\u00a0\u00bbleft\u00a0\u00bb background_image_as_pattern=\u00a0\u00bbwithout_pattern\u00a0\u00bb z_index=\u00a0\u00bb\u00a0\u00bb][vc_column width=\u00a0\u00bb1\/2&Prime;][vc_column_text]<\/p>\n<h2 style=\"text-align: center;\">SACS A\u2019 VALVE<\/h2>\n<p>[\/vc_column_text][vc_empty_space][vc_single_image image=\u00a0\u00bb542&Prime; img_size=\u00a0\u00bbfull\u00a0\u00bb alignment=\u00a0\u00bbcenter\u00a0\u00bb qode_css_animation=\u00a0\u00bb\u00a0\u00bb][\/vc_column][vc_column width=\u00a0\u00bb1\/2&Prime;][vc_empty_space][vc_tabs style=\u00a0\u00bbboxed\u00a0\u00bb][vc_tab title=\u00a0\u00bbLE PRODUIT\u00a0\u00bb tab_id=\u00a0\u00bbc5b211a2-5995-5&Prime;][vc_column_text]Il s&rsquo;agit du sac le plus utilis\u00e9 dans toutes les industries, con\u00e7u pour un remplissage \u00e0 grande vitesse. Il existe diff\u00e9rents types de valves en fonction du niveau d&rsquo;\u00e9tanch\u00e9it\u00e9 et de propret\u00e9 requis : les valves peuvent \u00eatre \u00e0 fermeture automatique gr\u00e2ce \u00e0 la pression exerc\u00e9e par le produit lors du remplissage, ou peuvent \u00eatre ferm\u00e9es par collage ou par scellage (\u00e0 la chaleur ou aux ultrasons).<\/p>\n<p>&nbsp;<\/p>\n<p>Les sacs \u00e0 valve, par leur construction, garantissent une excellente palettisation.<\/p>\n<p>&nbsp;<\/p>\n<p>Pour une meilleure protection contre l&rsquo;humidit\u00e9, des papier couch\u00e9 poly\u00e9thyl\u00e8ne ou de film poly\u00e9thyl\u00e8ne peuvent \u00eatre incorpor\u00e9es.<\/p>\n<p>&nbsp;<\/p>\n<p>Fen\u00eatre: application d\u2019une fen\u00eatre transparente en poly\u00e9thyl\u00e8ne (PE) qui permet de voir le produit \u00e0 l\u2019int\u00e9rieur du sac[\/vc_column_text][\/vc_tab][vc_tab title=\u00a0\u00bbCARACT\u00c9RISTIQUES OPTIONNELLES\u00a0\u00bb tab_id=\u00a0\u00bbdafd6ee0-7cda-5&Prime;][vc_column_text]- Application du fond int\u00e9rieur : am\u00e9liore l&rsquo;\u00e9tanch\u00e9it\u00e9 du sac \u00e0 la poussi\u00e8re et emp\u00eache la sortie du produit.<\/p>\n<p>&nbsp;<\/p>\n<p>&#8211; Poign\u00e9e : le fond ext\u00e9rieur peut \u00eatre r\u00e9alis\u00e9 avec des mat\u00e9riaux sp\u00e9ciaux qui le rendent apte \u00e0 \u00eatre utilis\u00e9 comme poign\u00e9e, avec une capacit\u00e9 de charge et de transport d&rsquo;environ 10 \/ 15kg.<\/p>\n<p>&nbsp;<\/p>\n<p>&#8211; Diff\u00e9rents syst\u00e8mes de d\u00e9sa\u00e9ration : pour atteindre la vitesse de remplissage maximale.<\/p>\n<p>&nbsp;<\/p>\n<p>&#8211; Ouverture facile : une construction sp\u00e9ciale du fond ext\u00e9rieur permet d&rsquo;ouvrir facilement le sac et de lib\u00e9rer rapidement son contenu.<\/p>\n<p>&nbsp;<\/p>\n<p>&#8211; Valve soudable : pour une fermeture herm\u00e9tique du sac et pour am\u00e9liorer la protection du produit.[\/vc_column_text][\/vc_tab][vc_tab title=\u00a0\u00bbSP\u00c9CIFICATIONS TECHNIQUES\u00a0\u00bb tab_id=\u00a0\u00bb1636493297184-2-1&Prime;][vc_column_text]Largeur: de 18 \u00e0 72 cm<\/p>\n<p>Longueur : de 25 \u00e0 130 cm<\/p>\n<p>Fond\/valve: de 8 \u00e0 22 cm<\/p>\n<p>Nombre de feuilles: de 1 \u00e0 6 feuilles de papier ou de mat\u00e9riaux stratifies[\/vc_column_text][\/vc_tab][\/vc_tabs][vc_empty_space]<a  itemprop=\"url\" href=\"https:\/\/www.saccarta.it\/fr\/produits\/\" target=\"_self\"  class=\"qbutton  small default\" style=\"\">RETOUR AUX PRODUITS<\/a>[\/vc_column][\/vc_row][vc_row css_animation=\u00a0\u00bb\u00a0\u00bb row_type=\u00a0\u00bbrow\u00a0\u00bb use_row_as_full_screen_section=\u00a0\u00bbno\u00a0\u00bb type=\u00a0\u00bbfull_width\u00a0\u00bb angled_section=\u00a0\u00bbno\u00a0\u00bb text_align=\u00a0\u00bbleft\u00a0\u00bb background_image_as_pattern=\u00a0\u00bbwithout_pattern\u00a0\u00bb][vc_column][vc_empty_space][\/vc_column][\/vc_row][vc_row css_animation=\u00a0\u00bb\u00a0\u00bb row_type=\u00a0\u00bbrow\u00a0\u00bb use_row_as_full_screen_section=\u00a0\u00bbno\u00a0\u00bb type=\u00a0\u00bbgrid\u00a0\u00bb angled_section=\u00a0\u00bbno\u00a0\u00bb text_align=\u00a0\u00bbleft\u00a0\u00bb background_image_as_pattern=\u00a0\u00bbwithout_pattern\u00a0\u00bb z_index=\u00a0\u00bb\u00a0\u00bb css=\u00a0\u00bb.vc_custom_1637081587230{margin-top: 30px !important;background-color: #ffffff !important;}\u00a0\u00bb][vc_column width=\u00a0\u00bb1\/6&Prime;][\/vc_column][vc_column width=\u00a0\u00bb2\/3&Prime;][vc_empty_space][vc_column_text]<\/p>\n<h4 style=\"text-align: center;\">AUTRES PRODUITS<\/h4>\n<p>[\/vc_column_text][vc_separator type=\u00a0\u00bbnormal\u00a0\u00bb][vc_row_inner row_type=\u00a0\u00bbrow\u00a0\u00bb type=\u00a0\u00bbfull_width\u00a0\u00bb text_align=\u00a0\u00bbcenter\u00a0\u00bb css_animation=\u00a0\u00bb\u00a0\u00bb][vc_column_inner width=\u00a0\u00bb1\/3&Prime;][vc_single_image image=\u00a0\u00bb476&Prime; img_size=\u00a0\u00bbfull\u00a0\u00bb alignment=\u00a0\u00bbcenter\u00a0\u00bb onclick=\u00a0\u00bbcustom_link\u00a0\u00bb qode_css_animation=\u00a0\u00bb\u00a0\u00bb link=\u00a0\u00bbhttps:\/\/www.saccarta.it\/fr\/sacs-a-gueule-ouverte\/\u00a0\u00bb][vc_empty_space]<a  itemprop=\"url\" href=\"https:\/\/www.saccarta.it\/fr\/sacs-a-gueule-ouverte\/\" target=\"_self\"  class=\"qbutton  small default button_full\" style=\"\">SACS \u00c0 GUEULE OUVERTE<\/a>[vc_empty_space][\/vc_column_inner][vc_column_inner width=\u00a0\u00bb1\/3&Prime;][vc_single_image image=\u00a0\u00bb413&Prime; img_size=\u00a0\u00bbfull\u00a0\u00bb alignment=\u00a0\u00bbcenter\u00a0\u00bb onclick=\u00a0\u00bbcustom_link\u00a0\u00bb qode_css_animation=\u00a0\u00bb\u00a0\u00bb link=\u00a0\u00bbhttps:\/\/www.saccarta.it\/fr\/sacs-pinch-bottom\/\u00a0\u00bb][vc_empty_space]<a  itemprop=\"url\" href=\"https:\/\/www.saccarta.it\/fr\/sacs-pinch-bottom\/\" target=\"_self\"  class=\"qbutton  small default button_full\" style=\"\">SACS PINCH<\/a>[vc_empty_space][\/vc_column_inner][vc_column_inner width=\u00a0\u00bb1\/3&Prime;][vc_single_image image=\u00a0\u00bb477&Prime; img_size=\u00a0\u00bbfull\u00a0\u00bb alignment=\u00a0\u00bbcenter\u00a0\u00bb onclick=\u00a0\u00bbcustom_link\u00a0\u00bb qode_css_animation=\u00a0\u00bb\u00a0\u00bb link=\u00a0\u00bbhttps:\/\/www.saccarta.it\/fr\/sac-cousu\/\u00a0\u00bb][vc_empty_space]<a  itemprop=\"url\" href=\"https:\/\/www.saccarta.it\/fr\/sac-cousu\/\" target=\"_self\"  class=\"qbutton  small default button_full\" style=\"\">SACS COUSUS<\/a>[vc_empty_space][\/vc_column_inner][\/vc_row_inner][\/vc_column][vc_column width=\u00a0\u00bb1\/6&Prime;][\/vc_column][\/vc_row][vc_row css_animation=\u00a0\u00bb\u00a0\u00bb row_type=\u00a0\u00bbrow\u00a0\u00bb use_row_as_full_screen_section=\u00a0\u00bbno\u00a0\u00bb type=\u00a0\u00bbfull_width\u00a0\u00bb angled_section=\u00a0\u00bbno\u00a0\u00bb text_align=\u00a0\u00bbleft\u00a0\u00bb background_image_as_pattern=\u00a0\u00bbwithout_pattern\u00a0\u00bb][vc_column][vc_empty_space][\/vc_column][\/vc_row]<\/p>\n","protected":false},"excerpt":{"rendered":"<p>[vc_row css_animation=\u00a0\u00bb\u00a0\u00bb row_type=\u00a0\u00bbrow\u00a0\u00bb use_row_as_full_screen_section=\u00a0\u00bbno\u00a0\u00bb type=\u00a0\u00bbfull_width\u00a0\u00bb angled_section=\u00a0\u00bbno\u00a0\u00bb text_align=\u00a0\u00bbleft\u00a0\u00bb background_image_as_pattern=\u00a0\u00bbwithout_pattern\u00a0\u00bb][vc_column][vc_empty_space][\/vc_column][\/vc_row][vc_row css_animation=\u00a0\u00bb\u00a0\u00bb row_type=\u00a0\u00bbrow\u00a0\u00bb use_row_as_full_screen_section=\u00a0\u00bbno\u00a0\u00bb type=\u00a0\u00bbgrid\u00a0\u00bb angled_section=\u00a0\u00bbno\u00a0\u00bb text_align=\u00a0\u00bbleft\u00a0\u00bb background_image_as_pattern=\u00a0\u00bbwithout_pattern\u00a0\u00bb z_index=\u00a0\u00bb\u00a0\u00bb][vc_column width=\u00a0\u00bb1\/2&Prime;][vc_column_text] SACS A\u2019 VALVE [\/vc_column_text][vc_empty_space][vc_single_image image=\u00a0\u00bb542&Prime; img_size=\u00a0\u00bbfull\u00a0\u00bb alignment=\u00a0\u00bbcenter\u00a0\u00bb qode_css_animation=\u00a0\u00bb\u00a0\u00bb][\/vc_column][vc_column width=\u00a0\u00bb1\/2&Prime;][vc_empty_space][vc_tabs style=\u00a0\u00bbboxed\u00a0\u00bb][vc_tab title=\u00a0\u00bbLE PRODUIT\u00a0\u00bb tab_id=\u00a0\u00bbc5b211a2-5995-5&Prime;][vc_column_text]Il s&rsquo;agit du sac le plus utilis\u00e9 dans toutes les industries, con\u00e7u pour un remplissage \u00e0&#8230;<\/p>\n","protected":false},"author":1,"featured_media":0,"parent":0,"menu_order":0,"comment_status":"closed","ping_status":"closed","template":"full_width.php","meta":{"footnotes":""},"class_list":["post-349","page","type-page","status-publish","hentry"],"_links":{"self":[{"href":"https:\/\/www.saccarta.it\/fr\/wp-json\/wp\/v2\/pages\/349","targetHints":{"allow":["GET"]}}],"collection":[{"href":"https:\/\/www.saccarta.it\/fr\/wp-json\/wp\/v2\/pages"}],"about":[{"href":"https:\/\/www.saccarta.it\/fr\/wp-json\/wp\/v2\/types\/page"}],"author":[{"embeddable":true,"href":"https:\/\/www.saccarta.it\/fr\/wp-json\/wp\/v2\/users\/1"}],"replies":[{"embeddable":true,"href":"https:\/\/www.saccarta.it\/fr\/wp-json\/wp\/v2\/comments?post=349"}],"version-history":[{"count":18,"href":"https:\/\/www.saccarta.it\/fr\/wp-json\/wp\/v2\/pages\/349\/revisions"}],"predecessor-version":[{"id":956,"href":"https:\/\/www.saccarta.it\/fr\/wp-json\/wp\/v2\/pages\/349\/revisions\/956"}],"wp:attachment":[{"href":"https:\/\/www.saccarta.it\/fr\/wp-json\/wp\/v2\/media?parent=349"}],"curies":[{"name":"wp","href":"https:\/\/api.w.org\/{rel}","templated":true}]}}