{"id":328,"date":"2021-11-09T22:14:45","date_gmt":"2021-11-09T21:14:45","guid":{"rendered":"https:\/\/www.saccarta.it\/?page_id=328"},"modified":"2024-09-27T16:37:21","modified_gmt":"2024-09-27T14:37:21","slug":"prodotti","status":"publish","type":"page","link":"https:\/\/www.saccarta.it\/fr\/produits\/","title":{"rendered":"PRODUITS"},"content":{"rendered":"<p>[vc_row css_animation=\u00a0\u00bb\u00a0\u00bb row_type=\u00a0\u00bbrow\u00a0\u00bb use_row_as_full_screen_section=\u00a0\u00bbno\u00a0\u00bb type=\u00a0\u00bbfull_width\u00a0\u00bb angled_section=\u00a0\u00bbno\u00a0\u00bb text_align=\u00a0\u00bbleft\u00a0\u00bb background_image_as_pattern=\u00a0\u00bbwithout_pattern\u00a0\u00bb][vc_column][vc_single_image image=\u00a0\u00bb435&Prime; img_size=\u00a0\u00bbfull\u00a0\u00bb alignment=\u00a0\u00bbcenter\u00a0\u00bb qode_css_animation=\u00a0\u00bb\u00a0\u00bb][\/vc_column][\/vc_row][vc_row css_animation=\u00a0\u00bb\u00a0\u00bb row_type=\u00a0\u00bbrow\u00a0\u00bb use_row_as_full_screen_section=\u00a0\u00bbno\u00a0\u00bb type=\u00a0\u00bbgrid\u00a0\u00bb angled_section=\u00a0\u00bbno\u00a0\u00bb text_align=\u00a0\u00bbleft\u00a0\u00bb background_image_as_pattern=\u00a0\u00bbwithout_pattern\u00a0\u00bb z_index=\u00a0\u00bb\u00a0\u00bb][vc_column][vc_empty_space][vc_column_text]<\/p>\n<h2><strong>PRODUITS<\/strong><\/h2>\n<p>[\/vc_column_text][vc_empty_space height=\u00a0\u00bb16px\u00a0\u00bb][vc_column_text]La capacit\u00e9 d&rsquo;adaptation rapide aux nouvelles r\u00e9alit\u00e9s technologiques et l&rsquo;int\u00e9gration continue dans les cycles de production, l&rsquo;attention port\u00e9e \u00e0 la qualit\u00e9 et l&rsquo;exp\u00e9rience acquise dans la production de sacs en papier, permettent \u00e0 Saccarta de r\u00e9pondre \u00e0 un march\u00e9 de plus en plus exigeant. L&rsquo;ing\u00e9nierie de chaque sac est faite sur mesure, sur la base des besoins techniques sp\u00e9cifiques de chaque client pour leur enti\u00e8re satisfaction.[\/vc_column_text][vc_empty_space][\/vc_column][\/vc_row][vc_row css_animation=\u00a0\u00bb\u00a0\u00bb row_type=\u00a0\u00bbrow\u00a0\u00bb use_row_as_full_screen_section=\u00a0\u00bbno\u00a0\u00bb type=\u00a0\u00bbgrid\u00a0\u00bb angled_section=\u00a0\u00bbno\u00a0\u00bb text_align=\u00a0\u00bbcenter\u00a0\u00bb background_image_as_pattern=\u00a0\u00bbwithout_pattern\u00a0\u00bb z_index=\u00a0\u00bb\u00a0\u00bb][vc_column width=\u00a0\u00bb1\/2&Prime;]<div class=\"q_image_with_text_over q_iwto_hover\"><div class=\"shader\" style = \"background-color: rgba(255,255,255,0.01)\"><\/div><div class=\"shader_hover\" style=\"background-color: rgba(252,252,252,0.9)\"><\/div><img decoding=\"async\" itemprop=\"image\" src=\"https:\/\/www.saccarta.it\/wp-content\/uploads\/2022\/02\/BOCCA-APERTA.jpeg\" alt=\"\" \/><div class=\"text\"><table><tr><td><h3 class=\"caption no_icon\" style=\"color: #000000;\"><\/h3><\/td><\/tr><\/table><table><tr><td><div class=\"desc\"><\/p>\n<h3 style=\"text-align: center; color: #918888;\">SACS \u00c0 GUEULE OUVERTE<\/h3>\n<p style=\"text-align: center; color: #918888;\">C&rsquo;est le type de sac le plus traditionnel et il est largement utilis\u00e9 dans tous les secteurs industriels..<\/p>\n<p><\/div><\/td><\/tr><\/table><\/div><\/div>[vc_empty_space]<a  itemprop=\"url\" href=\"https:\/\/www.saccarta.it\/fr\/sacs-a-gueule-ouverte\/\" target=\"_self\"  class=\"qbutton  small center default\" style=\"\">EN SAVOIR PLUS<\/a>[vc_empty_space][\/vc_column][vc_column width=\u00a0\u00bb1\/2&Prime;]<div class=\"q_image_with_text_over q_iwto_hover\"><div class=\"shader\" style = \"background-color: rgba(255,255,255,0.01)\"><\/div><div class=\"shader_hover\" style=\"background-color: rgba(252,252,252,0.9)\"><\/div><img decoding=\"async\" itemprop=\"image\" src=\"https:\/\/www.saccarta.it\/wp-content\/uploads\/2021\/11\/PINCH-BOTTOM-BAG.jpg\" alt=\"\" \/><div class=\"text\"><table><tr><td><h3 class=\"caption no_icon\" style=\"color: #000000;\"><\/h3><\/td><\/tr><\/table><table><tr><td><div class=\"desc\"><\/p>\n<h2 style=\"text-align: center; color: #918888;\">SACS PINCH<\/h2>\n<p style=\"text-align: center; color: #918888;\">Avec ou sans soufflets, les sacs pinch repr\u00e9sentent l&rsquo;\u00e9volution logique du sac cousu avec des am\u00e9liorations techniques et esth\u00e9tiques consid\u00e9rables.<\/p>\n<p><\/div><\/td><\/tr><\/table><\/div><\/div>[vc_empty_space]<a  itemprop=\"url\" href=\"https:\/\/www.saccarta.it\/fr\/sacs-pinch-bottom\/\" target=\"_self\"  class=\"qbutton  small center default\" style=\"\">EN SAVOIR PLUS<\/a>[vc_empty_space][\/vc_column][\/vc_row][vc_row css_animation=\u00a0\u00bb\u00a0\u00bb row_type=\u00a0\u00bbrow\u00a0\u00bb use_row_as_full_screen_section=\u00a0\u00bbno\u00a0\u00bb type=\u00a0\u00bbgrid\u00a0\u00bb angled_section=\u00a0\u00bbno\u00a0\u00bb text_align=\u00a0\u00bbcenter\u00a0\u00bb background_image_as_pattern=\u00a0\u00bbwithout_pattern\u00a0\u00bb z_index=\u00a0\u00bb\u00a0\u00bb][vc_column width=\u00a0\u00bb1\/2&Prime;]<div class=\"q_image_with_text_over q_iwto_hover\"><div class=\"shader\" style = \"background-color: rgba(255,255,255,0.01)\"><\/div><div class=\"shader_hover\" style=\"background-color: rgba(252,252,252,0.9)\"><\/div><img decoding=\"async\" itemprop=\"image\" src=\"https:\/\/www.saccarta.it\/wp-content\/uploads\/2022\/03\/SACCO-A-VALVOLA.jpg\" alt=\"\" \/><div class=\"text\"><table><tr><td><h3 class=\"caption no_icon\" style=\"color: #000000;\"><\/h3><\/td><\/tr><\/table><table><tr><td><div class=\"desc\"><\/p>\n<h2 style=\"text-align: center; color: #918888;\">SACS \u00c0 VALVE<\/h2>\n<p style=\"text-align: center; color: #918888;\">Il s&rsquo;agit du sac le plus utilis\u00e9 dans toutes les industries, con\u00e7u pour le remplissage \u00e0 grande vitesse.<\/p>\n<p><\/div><\/td><\/tr><\/table><\/div><\/div>[vc_empty_space]<a  itemprop=\"url\" href=\"https:\/\/www.saccarta.it\/fr\/sacs-a-valve\/\" target=\"_self\"  class=\"qbutton  small center default\" style=\"\">EN SAVOIR PLUS<\/a>[vc_empty_space][\/vc_column][vc_column width=\u00a0\u00bb1\/2&Prime;]<div class=\"q_image_with_text_over q_iwto_hover\"><div class=\"shader\" style = \"background-color: rgba(255,255,255,0.01)\"><\/div><div class=\"shader_hover\" style=\"background-color: rgba(252,252,252,0.9)\"><\/div><img decoding=\"async\" itemprop=\"image\" src=\"https:\/\/www.saccarta.it\/wp-content\/uploads\/2022\/02\/CUCITO.jpeg\" alt=\"\" \/><div class=\"text\"><table><tr><td><h3 class=\"caption no_icon\" style=\"color: #000000;\"><\/h3><\/td><\/tr><\/table><table><tr><td><div class=\"desc\"><\/p>\n<h2 style=\"text-align: center; color: #918888;\">SACS COUSUS<\/h2>\n<p style=\"text-align: center; color: #918888;\">Il s&rsquo;agit du type de sac le plus simple, semblable au sac traditionnel en jute.<\/p>\n<p><\/div><\/td><\/tr><\/table><\/div><\/div>[vc_empty_space]<a  itemprop=\"url\" href=\"https:\/\/www.saccarta.it\/fr\/sac-cousu\/\" target=\"_self\"  class=\"qbutton  small center default\" style=\"\">EN SAVOIR PLUS<\/a>[vc_empty_space][\/vc_column][\/vc_row][vc_row css_animation=\u00a0\u00bb\u00a0\u00bb row_type=\u00a0\u00bbrow\u00a0\u00bb use_row_as_full_screen_section=\u00a0\u00bbno\u00a0\u00bb type=\u00a0\u00bbgrid\u00a0\u00bb angled_section=\u00a0\u00bbno\u00a0\u00bb text_align=\u00a0\u00bbleft\u00a0\u00bb background_image_as_pattern=\u00a0\u00bbwithout_pattern\u00a0\u00bb z_index=\u00a0\u00bb\u00a0\u00bb][vc_column][vc_empty_space][\/vc_column][\/vc_row][vc_row css_animation=\u00a0\u00bb\u00a0\u00bb row_type=\u00a0\u00bbrow\u00a0\u00bb use_row_as_full_screen_section=\u00a0\u00bbno\u00a0\u00bb type=\u00a0\u00bbgrid\u00a0\u00bb angled_section=\u00a0\u00bbno\u00a0\u00bb text_align=\u00a0\u00bbleft\u00a0\u00bb background_image_as_pattern=\u00a0\u00bbwithout_pattern\u00a0\u00bb z_index=\u00a0\u00bb\u00a0\u00bb][vc_column][vc_empty_space][vc_column_text]<\/p>\n<h2><strong>NOS SP\u00c9CIALIT\u00c9S<\/strong><\/h2>\n<p>[\/vc_column_text][vc_empty_space][\/vc_column][\/vc_row][vc_row css_animation=\u00a0\u00bb\u00a0\u00bb row_type=\u00a0\u00bbrow\u00a0\u00bb use_row_as_full_screen_section=\u00a0\u00bbno\u00a0\u00bb type=\u00a0\u00bbgrid\u00a0\u00bb angled_section=\u00a0\u00bbno\u00a0\u00bb text_align=\u00a0\u00bbcenter\u00a0\u00bb background_image_as_pattern=\u00a0\u00bbwithout_pattern\u00a0\u00bb z_index=\u00a0\u00bb\u00a0\u00bb][vc_column width=\u00a0\u00bb1\/3&Prime;]<div class=\"q_image_with_text_over q_iwto_hover\"><div class=\"shader\" style = \"background-color: rgba(255,255,255,0.01)\"><\/div><div class=\"shader_hover\" style=\"background-color: rgba(252,252,252,0.9)\"><\/div><img decoding=\"async\" itemprop=\"image\" src=\"https:\/\/www.saccarta.it\/wp-content\/uploads\/2021\/11\/MANIGLIA.jpg\" alt=\"\" \/><div class=\"text\"><table><tr><td><h3 class=\"caption no_icon\" style=\"color: #000000;\"><\/h3><\/td><\/tr><\/table><table><tr><td><div class=\"desc\"><\/p>\n<h3 style=\"text-align: center; color: #918888;\">POIGN\u00c9E<\/h3>\n<p style=\"text-align: center; color: #918888;\">Le fond ext\u00e9rieur peut \u00eatre r\u00e9alis\u00e9 avec des mat\u00e9riaux sp\u00e9ciaux qui le rendent apte \u00e0 \u00eatre utilis\u00e9 comme poign\u00e9e, avec une capacit\u00e9 de charge et de transport d&rsquo;environ 10 \/ 15kg.<\/p>\n<p><\/div><\/td><\/tr><\/table><\/div><\/div>[vc_empty_space]<a  itemprop=\"url\" href=\"https:\/\/www.saccarta.it\/fr\/poignee\/\" target=\"_self\"  class=\"qbutton  small center default\" style=\"\">EN SAVOIR PLUS<\/a>[vc_empty_space][\/vc_column][vc_column width=\u00a0\u00bb1\/3&Prime;]<div class=\"q_image_with_text_over q_iwto_hover\"><div class=\"shader\" style = \"background-color: rgba(255,255,255,0.01)\"><\/div><div class=\"shader_hover\" style=\"background-color: rgba(252,252,252,0.9)\"><\/div><img decoding=\"async\" itemprop=\"image\" src=\"https:\/\/www.saccarta.it\/wp-content\/uploads\/2022\/02\/DETTAGLIO-EASY-OPEN.jpg\" alt=\"\" \/><div class=\"text\"><table><tr><td><h3 class=\"caption no_icon\" style=\"color: #000000;\"><\/h3><\/td><\/tr><\/table><table><tr><td><div class=\"desc\"><\/p>\n<h3 style=\"text-align: center; color: #918888;\">OUVERTURE FACILE<\/h3>\n<p style=\"text-align: center; color: #918888;\">Une construction sp\u00e9ciale du fond ext\u00e9rieur permet d&rsquo;ouvrir facilement le sac et de lib\u00e9rer rapidement son contenu.<\/p>\n<p><\/div><\/td><\/tr><\/table><\/div><\/div>[vc_empty_space]<a  itemprop=\"url\" href=\"https:\/\/www.saccarta.it\/fr\/ouverture-facile\/\" target=\"_self\"  class=\"qbutton  small center default\" style=\"\">EN SAVOIR PLUS<\/a>[vc_empty_space][\/vc_column][vc_column width=\u00a0\u00bb1\/3&Prime;]<div class=\"q_image_with_text_over q_iwto_hover\"><div class=\"shader\" style = \"background-color: rgba(255,255,255,0.01)\"><\/div><div class=\"shader_hover\" style=\"background-color: rgba(252,252,252,0.9)\"><\/div><img decoding=\"async\" itemprop=\"image\" src=\"https:\/\/www.saccarta.it\/wp-content\/uploads\/2022\/02\/DETTAGLIO-FINESTRA.jpeg\" alt=\"\" \/><div class=\"text\"><table><tr><td><h3 class=\"caption no_icon\" style=\"color: #000000;\"><\/h3><\/td><\/tr><\/table><table><tr><td><div class=\"desc\"><\/p>\n<h2 style=\"text-align: center; color: #918888;\">FEN\u00caTRE<\/h2>\n<h3 style=\"text-align: center; color: #918888;\">(brevet Saccarta)<\/h3>\n<p style=\"text-align: center; color: #918888;\">Il s&rsquo;agit d&rsquo;une application d&rsquo;une fen\u00eatre transparente en poly\u00e9thyl\u00e8ne (PE) qui permet de voir le produit \u00e0 l&rsquo;int\u00e9rieur du sac.<\/p>\n<p><\/div><\/td><\/tr><\/table><\/div><\/div>[vc_empty_space]<a  itemprop=\"url\" href=\"https:\/\/www.saccarta.it\/fr\/fenetre\/\" target=\"_self\"  class=\"qbutton  small center default\" style=\"\">EN SAVOIR PLUS<\/a>[vc_empty_space][\/vc_column][\/vc_row][vc_row css_animation=\u00a0\u00bb\u00a0\u00bb row_type=\u00a0\u00bbrow\u00a0\u00bb use_row_as_full_screen_section=\u00a0\u00bbno\u00a0\u00bb type=\u00a0\u00bbgrid\u00a0\u00bb angled_section=\u00a0\u00bbno\u00a0\u00bb text_align=\u00a0\u00bbcenter\u00a0\u00bb background_image_as_pattern=\u00a0\u00bbwithout_pattern\u00a0\u00bb z_index=\u00a0\u00bb\u00a0\u00bb][vc_column width=\u00a0\u00bb1\/3&Prime;]<div class=\"q_image_with_text_over q_iwto_hover\"><div class=\"shader\" style = \"background-color: rgba(255,255,255,0.01)\"><\/div><div class=\"shader_hover\" style=\"background-color: rgba(252,252,252,0.9)\"><\/div><img decoding=\"async\" itemprop=\"image\" src=\"https:\/\/www.saccarta.it\/wp-content\/uploads\/2022\/02\/DETTAGLIO-VALVOLA-TERMOSALDANTE.jpg\" alt=\"\" \/><div class=\"text\"><table><tr><td><h3 class=\"caption no_icon\" style=\"color: #000000;\"><\/h3><\/td><\/tr><\/table><table><tr><td><div class=\"desc\"><\/p>\n<h2 style=\"text-align: center; color: #918888;\">THERMO VALVE \/ ULTRASONIC VALVE<\/h2>\n<p style=\"text-align: center; color: #918888;\">Un type de valve innovant capable de sceller \u00e0 chaud : les sacs sont scell\u00e9s, sans poussi\u00e8re et garantissent une protection optimale du produit contenu et une prolongation de la dur\u00e9e de conservation du produit.<\/p>\n<p><\/div><\/td><\/tr><\/table><\/div><\/div>[vc_empty_space]<a  itemprop=\"url\" href=\"https:\/\/www.saccarta.it\/fr\/valve-de-thermoscellage\/\" target=\"_self\"  class=\"qbutton  small center default\" style=\"\">EN SAVOIR PLUS<\/a>[vc_empty_space][\/vc_column][vc_column width=\u00a0\u00bb1\/3&Prime;]<div class=\"q_image_with_text_over q_iwto_hover\"><div class=\"shader\" style = \"background-color: rgba(255,255,255,0.01)\"><\/div><div class=\"shader_hover\" style=\"background-color: rgba(252,252,252,0.9)\"><\/div><img decoding=\"async\" itemprop=\"image\" src=\"https:\/\/www.saccarta.it\/wp-content\/uploads\/2021\/11\/TUBOLARE.jpg\" alt=\"\" \/><div class=\"text\"><table><tr><td><h3 class=\"caption no_icon\" style=\"color: #000000;\"><\/h3><\/td><\/tr><\/table><table><tr><td><div class=\"desc\"><\/p>\n<h2 style=\"text-align: center; color: #918888;\">SACS TUBULAIRES<\/h2>\n<p style=\"text-align: center; color: #918888;\">Ces sacs ont une gaine en PE en contact avec le produit pour faire barri\u00e8re \u00e0 l&rsquo;humidit\u00e9 et sont g\u00e9n\u00e9ralement utilis\u00e9s pour les produits de l&rsquo;industrie alimentaire ou de la nutrition animale.<\/p>\n<p><\/div><\/td><\/tr><\/table><\/div><\/div>[vc_empty_space]<a  itemprop=\"url\" href=\"https:\/\/www.saccarta.it\/fr\/sacs-tubulaires\/\" target=\"_self\"  class=\"qbutton  small center default\" style=\"\">EN SAVOIR PLUS<\/a>[vc_empty_space][\/vc_column][vc_column width=\u00a0\u00bb1\/3&Prime;]<div class=\"q_image_with_text_over q_iwto_hover\"><div class=\"shader\" style = \"background-color: rgba(255,255,255,0.01)\"><\/div><div class=\"shader_hover\" style=\"background-color: rgba(252,252,252,0.9)\"><\/div><img decoding=\"async\" itemprop=\"image\" src=\"https:\/\/www.saccarta.it\/wp-content\/uploads\/2021\/11\/ALLUMINATO.jpg\" alt=\"\" \/><div class=\"text\"><table><tr><td><h3 class=\"caption no_icon\" style=\"color: #000000;\"><\/h3><\/td><\/tr><\/table><table><tr><td><div class=\"desc\"><\/p>\n<h2 style=\"text-align: center; color: #918888;\">SACS AVEC PAPIERS BARRI\u00c8RE EN SANDWICH<\/h2>\n<p style=\"text-align: center; color: #918888;\">Ce type de sac est id\u00e9al pour les produits sp\u00e9ciaux qui n\u00e9cessitent une protection \u00e9lev\u00e9e contre la lumi\u00e8re, l&rsquo;humidit\u00e9 et l&rsquo;oxyg\u00e8ne<\/p>\n<p><\/div><\/td><\/tr><\/table><\/div><\/div>[vc_empty_space]<a  itemprop=\"url\" href=\"https:\/\/www.saccarta.it\/fr\/sacs-avec-papiers-barriere-en-sandwich\/\" target=\"_self\"  class=\"qbutton  small center default\" style=\"\">EN SAVOIR PLUS<\/a>[vc_empty_space][\/vc_column][\/vc_row][vc_row css_animation=\u00a0\u00bb\u00a0\u00bb row_type=\u00a0\u00bbrow\u00a0\u00bb use_row_as_full_screen_section=\u00a0\u00bbno\u00a0\u00bb type=\u00a0\u00bbgrid\u00a0\u00bb angled_section=\u00a0\u00bbno\u00a0\u00bb text_align=\u00a0\u00bbleft\u00a0\u00bb background_image_as_pattern=\u00a0\u00bbwithout_pattern\u00a0\u00bb z_index=\u00a0\u00bb\u00a0\u00bb][vc_column][vc_empty_space][vc_empty_space][vc_column_text]<\/p>\n<h3><b>CONDITIONS DE VENTE<\/b><\/h3>\n<p style=\"text-align: left;\">Les conditions de vente appliqu\u00e9es par Saccarta sont celles d\u00e9pos\u00e9es aupr\u00e8s de la Chambre de commerce et commun\u00e9ment adopt\u00e9es par le Groupe GIPSAC (Group italien des fabricants de sacs \u00e0 grand contenu), membre de ASSOGRAFICI (Association nationale italienne des industries graphiques et de transformation du papier) : conditions g\u00e9n\u00e9rales de vente des sacs en papier (<a href=\"https:\/\/www.saccarta.it\/wp-content\/uploads\/2024\/09\/Saccarta_Condizioni-di-vendita_EN.pdf\">t\u00e9l\u00e9charger pdf<\/a>)<\/p>\n<p>[\/vc_column_text][vc_empty_space][vc_column_text]<\/p>\n<h3><b>POLITIQUE DE L&rsquo;ENTREPRISE<\/b><\/h3>\n<p style=\"text-align: left;\">La mission de Saccarta est d&rsquo;offrir \u00e0 ses clients des produits et des services de haute qualit\u00e9, pour obtenir leur enti\u00e8re satisfaction, en travaillant en harmonie avec ses fournisseurs pour l&rsquo;utilisation de technologies plus efficaces et de mati\u00e8res premi\u00e8res compatibles avec les normes d&rsquo;environnement et de s\u00e9curit\u00e9 (<a href=\"https:\/\/www.saccarta.it\/wp-content\/uploads\/2021\/11\/Politica.pdf\">t\u00e9l\u00e9charger pdf<\/a>)<\/p>\n<p>[\/vc_column_text][\/vc_column][\/vc_row][vc_row css_animation=\u00a0\u00bb\u00a0\u00bb row_type=\u00a0\u00bbrow\u00a0\u00bb use_row_as_full_screen_section=\u00a0\u00bbno\u00a0\u00bb type=\u00a0\u00bbfull_width\u00a0\u00bb angled_section=\u00a0\u00bbno\u00a0\u00bb text_align=\u00a0\u00bbleft\u00a0\u00bb background_image_as_pattern=\u00a0\u00bbwithout_pattern\u00a0\u00bb][vc_column][vc_empty_space][vc_empty_space][\/vc_column][\/vc_row]<\/p>\n","protected":false},"excerpt":{"rendered":"<p>[vc_row css_animation=\u00a0\u00bb\u00a0\u00bb row_type=\u00a0\u00bbrow\u00a0\u00bb use_row_as_full_screen_section=\u00a0\u00bbno\u00a0\u00bb type=\u00a0\u00bbfull_width\u00a0\u00bb angled_section=\u00a0\u00bbno\u00a0\u00bb text_align=\u00a0\u00bbleft\u00a0\u00bb background_image_as_pattern=\u00a0\u00bbwithout_pattern\u00a0\u00bb][vc_column][vc_single_image image=\u00a0\u00bb435&Prime; img_size=\u00a0\u00bbfull\u00a0\u00bb alignment=\u00a0\u00bbcenter\u00a0\u00bb qode_css_animation=\u00a0\u00bb\u00a0\u00bb][\/vc_column][\/vc_row][vc_row css_animation=\u00a0\u00bb\u00a0\u00bb row_type=\u00a0\u00bbrow\u00a0\u00bb use_row_as_full_screen_section=\u00a0\u00bbno\u00a0\u00bb type=\u00a0\u00bbgrid\u00a0\u00bb angled_section=\u00a0\u00bbno\u00a0\u00bb text_align=\u00a0\u00bbleft\u00a0\u00bb background_image_as_pattern=\u00a0\u00bbwithout_pattern\u00a0\u00bb z_index=\u00a0\u00bb\u00a0\u00bb][vc_column][vc_empty_space][vc_column_text] PRODUITS [\/vc_column_text][vc_empty_space height=\u00a0\u00bb16px\u00a0\u00bb][vc_column_text]La capacit\u00e9 d&rsquo;adaptation rapide aux nouvelles r\u00e9alit\u00e9s technologiques et l&rsquo;int\u00e9gration continue dans les cycles de production, l&rsquo;attention port\u00e9e \u00e0 la qualit\u00e9 et l&rsquo;exp\u00e9rience&#8230;<\/p>\n","protected":false},"author":1,"featured_media":0,"parent":0,"menu_order":0,"comment_status":"closed","ping_status":"closed","template":"full_width.php","meta":{"footnotes":""},"class_list":["post-328","page","type-page","status-publish","hentry"],"_links":{"self":[{"href":"https:\/\/www.saccarta.it\/fr\/wp-json\/wp\/v2\/pages\/328","targetHints":{"allow":["GET"]}}],"collection":[{"href":"https:\/\/www.saccarta.it\/fr\/wp-json\/wp\/v2\/pages"}],"about":[{"href":"https:\/\/www.saccarta.it\/fr\/wp-json\/wp\/v2\/types\/page"}],"author":[{"embeddable":true,"href":"https:\/\/www.saccarta.it\/fr\/wp-json\/wp\/v2\/users\/1"}],"replies":[{"embeddable":true,"href":"https:\/\/www.saccarta.it\/fr\/wp-json\/wp\/v2\/comments?post=328"}],"version-history":[{"count":46,"href":"https:\/\/www.saccarta.it\/fr\/wp-json\/wp\/v2\/pages\/328\/revisions"}],"predecessor-version":[{"id":977,"href":"https:\/\/www.saccarta.it\/fr\/wp-json\/wp\/v2\/pages\/328\/revisions\/977"}],"wp:attachment":[{"href":"https:\/\/www.saccarta.it\/fr\/wp-json\/wp\/v2\/media?parent=328"}],"curies":[{"name":"wp","href":"https:\/\/api.w.org\/{rel}","templated":true}]}}