{"id":541,"date":"2022-03-22T22:15:48","date_gmt":"2022-03-22T21:15:48","guid":{"rendered":"https:\/\/www.saccarta.it\/?page_id=541"},"modified":"2023-03-31T15:09:38","modified_gmt":"2023-03-31T13:09:38","slug":"home-2","status":"publish","type":"page","link":"https:\/\/www.saccarta.it\/de\/","title":{"rendered":"HOME"},"content":{"rendered":"<p>[vc_row css_animation=&#8220;&#8220; row_type=&#8220;row&#8220; use_row_as_full_screen_section=&#8220;no&#8220; type=&#8220;full_width&#8220; angled_section=&#8220;no&#8220; text_align=&#8220;left&#8220; background_image_as_pattern=&#8220;without_pattern&#8220;][vc_column][vc_single_image image=&#8220;456&#8243; img_size=&#8220;full&#8220; alignment=&#8220;center&#8220; qode_css_animation=&#8220;&#8220;][\/vc_column][\/vc_row][vc_row css_animation=&#8220;&#8220; row_type=&#8220;row&#8220; use_row_as_full_screen_section=&#8220;no&#8220; type=&#8220;full_width&#8220; angled_section=&#8220;no&#8220; text_align=&#8220;left&#8220; background_image_as_pattern=&#8220;without_pattern&#8220; z_index=&#8220;&#8220;][vc_column][vc_row_inner row_type=&#8220;row&#8220; type=&#8220;grid&#8220; text_align=&#8220;left&#8220; css_animation=&#8220;&#8220; css=&#8220;.vc_custom_1637600408822{padding-bottom: 30px !important;}&#8220;][vc_column_inner css=&#8220;.vc_custom_1516708323803{margin-top: -130px !important;}&#8220; offset=&#8220;vc_col-lg-7 vc_col-md-7&#8243;][\/vc_column_inner][vc_column_inner offset=&#8220;vc_col-lg-5 vc_col-md-5&#8243;][\/vc_column_inner][\/vc_row_inner][vc_row_inner row_type=&#8220;row&#8220; type=&#8220;grid&#8220; text_align=&#8220;left&#8220; css_animation=&#8220;&#8220; css=&#8220;.vc_custom_1637079292113{padding-bottom: 30px !important;}&#8220;][vc_column_inner offset=&#8220;vc_col-lg-6 vc_col-md-6&#8243;][qode_elements_holder number_of_columns=&#8220;one_column&#8220;][qode_elements_holder_item vertical_alignment=&#8220;top&#8220; advanced_animations=&#8220;no&#8220; item_padding=&#8220;40px 0px 40px 0px&#8220;][vc_column_text]<\/p>\n<h3>Unsere Geschichte<\/h3>\n<p>[\/vc_column_text][vc_empty_space height=&#8220;22px&#8220;][vc_column_text]Das 1948 gegr\u00fcndete Unternehmen Saccarta Spa ist eines der f\u00fchrenden italienischen Unternehmen &#8211; spezialisiert auf die Herstellung industrieller Papiers\u00e4cke.<\/p>\n<p>&nbsp;<\/p>\n<p>Wir sind in ganz Italien und in einem gro\u00dfen Teil Europas vertreten und bieten &#8222;ma\u00dfgeschneiderte&#8220; Verpackungsl\u00f6sungen, die den spezifischen Anforderungen jedes Kunden, jedes Produkts und jedes Marktes gerecht werden..<\/p>\n<p>&nbsp;<\/p>\n<p>Nach mehr als 70 Jahren Erfahrung in der Branche und Milliarden S\u00e4cken, die unter denselben Unternehmenswerten hergestellt wurden, besteht unser Erfolg darin, dass wir nicht nur eine hervorragende Verpackungstechnologie entwickelt haben, sondern auch unseren Kunden einen tadellosen Service zur vollen Zufriedenheit unserer Kunden bieten.[\/vc_column_text][\/qode_elements_holder_item][\/qode_elements_holder][\/vc_column_inner][vc_column_inner offset=&#8220;vc_col-lg-6 vc_col-md-6&#8243;][vc_empty_space height=&#8220;22px&#8220;][vc_empty_space height=&#8220;22px&#8220;][vc_video link=&#8220;https:\/\/youtu.be\/Rk-FCBXDVk8&#8243;][vc_empty_space height=&#8220;22px&#8220;][\/vc_column_inner][\/vc_row_inner][vc_row_inner row_type=&#8220;row&#8220; type=&#8220;grid&#8220; text_align=&#8220;left&#8220; css_animation=&#8220;&#8220; el_class=&#8220;counter-row&#8220; css=&#8220;.vc_custom_1647983828507{margin-top: 10px !important;margin-bottom: 30px !important;}&#8220;][vc_column_inner css=&#8220;.vc_custom_1516708615725{border-top-width: 1px !important;border-bottom-width: 1px !important;border-left-width: 1px !important;padding-top: 30px !important;background-color: #ffffff !important;border-left-color: #ebeae9 !important;border-left-style: solid !important;border-top-color: #ebeae9 !important;border-top-style: solid !important;border-bottom-color: #ebeae9 !important;border-bottom-style: solid !important;}&#8220; offset=&#8220;vc_col-lg-3 vc_col-md-3&#8243;]<div class=\"q_counter_holder  center\" style=\"\" data-digit=\"+1000\"><span class=\"counter  random\" style=\"color: #2c7b20;font-size: 55px;font-weight: 700;\">+1000<\/span><p class=\"counter_text\" style=\"font-size: 16px;font-weight: 400;color: #323a45;\">Zufriedene Kunden<\/p><\/div>[vc_empty_space height=&#8220;36px&#8220;][\/vc_column_inner][vc_column_inner css=&#8220;.vc_custom_1516708622662{border-top-width: 1px !important;border-bottom-width: 1px !important;padding-top: 30px !important;background-color: #ffffff !important;border-top-color: #ebeae9 !important;border-top-style: solid !important;border-bottom-color: #ebeae9 !important;border-bottom-style: solid !important;}&#8220; offset=&#8220;vc_col-lg-3 vc_col-md-3&#8243;]<div class=\"q_counter_holder  center\" style=\"\" data-digit=\"+70\"><span class=\"counter  random\" style=\"color: #2c7b20;font-size: 55px;font-weight: 700;\">+70<\/span><p class=\"counter_text\" style=\"font-size: 16px;font-weight: 400;color: #323a45;\">Jahre Erfahrung in der Branche<\/p><\/div>[vc_empty_space height=&#8220;36px&#8220;][\/vc_column_inner][vc_column_inner css=&#8220;.vc_custom_1516708629777{border-top-width: 1px !important;border-bottom-width: 1px !important;padding-top: 30px !important;background-color: #ffffff !important;border-top-color: #ebeae9 !important;border-top-style: solid !important;border-bottom-color: #ebeae9 !important;border-bottom-style: solid !important;}&#8220; offset=&#8220;vc_col-lg-3 vc_col-md-3&#8243;]<div class=\"q_counter_holder  center\" style=\"\" data-digit=\"10\"><span class=\"counter  random\" style=\"color: #2c7b20;font-size: 55px;font-weight: 700;\">10<\/span><p class=\"counter_text\" style=\"font-size: 16px;font-weight: 400;color: #323a45;\">Farben f\u00fcr leistungsstarke Dr\u00fccker<\/p><\/div>[vc_empty_space height=&#8220;36px&#8220;][\/vc_column_inner][vc_column_inner css=&#8220;.vc_custom_1516708636956{border-top-width: 1px !important;border-right-width: 1px !important;border-bottom-width: 1px !important;padding-top: 30px !important;background-color: #ffffff !important;border-right-color: #ebeae9 !important;border-right-style: solid !important;border-top-color: #ebeae9 !important;border-top-style: solid !important;border-bottom-color: #ebeae9 !important;border-bottom-style: solid !important;}&#8220; offset=&#8220;vc_col-lg-3 vc_col-md-3&#8243;]<div class=\"q_counter_holder  center\" style=\"\" data-digit=\"5\"><span class=\"counter  random\" style=\"color: #2c7b20;font-size: 55px;font-weight: 700;\">5<\/span><p class=\"counter_text\" style=\"font-size: 16px;font-weight: 400;color: #323a45;\">Moderne Produktionslinien<\/p><\/div>[vc_empty_space height=&#8220;36px&#8220;][\/vc_column_inner][\/vc_row_inner][vc_row_inner row_type=&#8220;row&#8220; type=&#8220;grid&#8220; text_align=&#8220;left&#8220; css_animation=&#8220;&#8220;][vc_column_inner][vc_text_separator title=&#8220;<\/p>\n<h2>Unsere Produkte<\/h2>\n<p>&#8220; css_animation=&#8220;fadeIn&#8220; border=&#8220;no&#8220; title_color=&#8220;#000000&#8243; background_color=&#8220;#fcfcfc&#8220; el_class=&#8220;prodotti_title&#8220;][\/vc_column_inner][\/vc_row_inner][vc_row_inner row_type=&#8220;row&#8220; type=&#8220;grid&#8220; text_align=&#8220;left&#8220; css_animation=&#8220;&#8220; css=&#8220;.vc_custom_1637079785072{margin-top: 30px !important;}&#8220;][vc_column_inner width=&#8220;1\/4&#8243;]<div class=\"qode-info-card\">\n\t\t\t<div class=\"qode-info-card-image\" style=\"background-color:#fff\">\n\t\t\t<img decoding=\"async\" src=\"https:\/\/www.saccarta.it\/wp-content\/uploads\/2022\/02\/BOCCA-APERTA.jpeg\" alt=\"\" \/>\n\t\t<\/div>\n\t\t<div class=\"qode-info-card-text-holder\" style=\"background-color:#fff\">\n\t\t\t\t\t<h4 class=\"qode-info-card-title\" >\n\t\t\t\tKreuzbodens\u00e4cke\t\t\t<\/h4>\n\t\t\t\t\t\t\t<p class=\"qode-info-card-text\" >\n\t\t\t\tDies ist die herk\u00f6mmlichste Art von S\u00e4cken, die in allen Branchen weit verbreitet ist.\t\t\t<\/p>\n\t\t\t<\/div>\n\t\t\t<div class=\"qode-info-card-link-holder\">\n\t\t\t<a itemprop=\"url\" class=\"qode-qbutton-main-color qode-qbutton-full-width qode-qbutton-square\" href=\"https:\/\/www.saccarta.it\/de\/kreuzbodensacke\/\" target=\"_self\" style=\"background-color:#2c7b20;height:40px;line-height:40px\"><span>Mehr erfahren<\/span><\/a>\n\t\t<\/div>\n\t<\/div>[vc_empty_space][\/vc_column_inner][vc_column_inner width=&#8220;1\/4&#8243;]<div class=\"qode-info-card\">\n\t\t\t<div class=\"qode-info-card-image\" style=\"background-color:#fff\">\n\t\t\t<img decoding=\"async\" src=\"https:\/\/www.saccarta.it\/wp-content\/uploads\/2021\/11\/PINCH-BOTTOM-BAG.jpg\" alt=\"\" \/>\n\t\t<\/div>\n\t\t<div class=\"qode-info-card-text-holder\" style=\"background-color:#fff\">\n\t\t\t\t\t<h4 class=\"qode-info-card-title\" >\n\t\t\t\tPinch Bottom S\u00e4cke\t\t\t<\/h4>\n\t\t\t\t\t\t\t<p class=\"qode-info-card-text\" >\n\t\t\t\tOb mit oder ohne Seitenfalten, Pinch Bottom S\u00e4cke sind\t\t\t<\/p>\n\t\t\t<\/div>\n\t\t\t<div class=\"qode-info-card-link-holder\">\n\t\t\t<a itemprop=\"url\" class=\"qode-qbutton-main-color qode-qbutton-full-width qode-qbutton-square\" href=\"https:\/\/www.saccarta.it\/de\/pinch-bottom-sacke\/\" target=\"_self\" style=\"background-color:#2c7b20;height:40px;line-height:40px\"><span>Mehr erfahren<\/span><\/a>\n\t\t<\/div>\n\t<\/div>[vc_empty_space][\/vc_column_inner][vc_column_inner width=&#8220;1\/4&#8243;]<div class=\"qode-info-card\">\n\t\t\t<div class=\"qode-info-card-image\" style=\"background-color:#fff\">\n\t\t\t<img decoding=\"async\" src=\"https:\/\/www.saccarta.it\/wp-content\/uploads\/2022\/03\/SACCO-A-VALVOLA.jpg\" alt=\"\" \/>\n\t\t<\/div>\n\t\t<div class=\"qode-info-card-text-holder\" style=\"background-color:#fff\">\n\t\t\t\t\t<h4 class=\"qode-info-card-title\" >\n\t\t\t\tVentils\u00e4cke\t\t\t<\/h4>\n\t\t\t\t\t\t\t<p class=\"qode-info-card-text\" >\n\t\t\t\tDies ist der in allen Industriebereichen am weitesten verbreitete Sack, der f\u00fcr die Hochgeschwindigkeitsabf\u00fcllung konzipiert ist.\t\t\t<\/p>\n\t\t\t<\/div>\n\t\t\t<div class=\"qode-info-card-link-holder\">\n\t\t\t<a itemprop=\"url\" class=\"qode-qbutton-main-color qode-qbutton-full-width qode-qbutton-square\" href=\"https:\/\/www.saccarta.it\/de\/ventilsacke\/\" target=\"_self\" style=\"background-color:#2c7b20;height:40px;line-height:40px\"><span>Mehr erfahren<\/span><\/a>\n\t\t<\/div>\n\t<\/div>[vc_empty_space][\/vc_column_inner][vc_column_inner width=&#8220;1\/4&#8243;]<div class=\"qode-info-card\">\n\t\t\t<div class=\"qode-info-card-image\" style=\"background-color:#fff\">\n\t\t\t<img decoding=\"async\" src=\"https:\/\/www.saccarta.it\/wp-content\/uploads\/2022\/02\/CUCITO.jpeg\" alt=\"\" \/>\n\t\t<\/div>\n\t\t<div class=\"qode-info-card-text-holder\" style=\"background-color:#fff\">\n\t\t\t\t\t<h4 class=\"qode-info-card-title\" >\n\t\t\t\tGen\u00e4hte S\u00e4cke\t\t\t<\/h4>\n\t\t\t\t\t\t\t<p class=\"qode-info-card-text\" >\n\t\t\t\tEs ist die einfachste Form des Sackes, \u00e4hnlich dem traditionellen Sack aus Jute.\t\t\t<\/p>\n\t\t\t<\/div>\n\t\t\t<div class=\"qode-info-card-link-holder\">\n\t\t\t<a itemprop=\"url\" class=\"qode-qbutton-main-color qode-qbutton-full-width qode-qbutton-square\" href=\"https:\/\/www.saccarta.it\/de\/genahte-sacke\/\" target=\"_self\" style=\"background-color:#2c7b20;height:40px;line-height:40px\"><span>Mehr erfahren<\/span><\/a>\n\t\t<\/div>\n\t<\/div>[vc_empty_space][\/vc_column_inner][\/vc_row_inner][vc_row_inner row_type=&#8220;row&#8220; type=&#8220;grid&#8220; text_align=&#8220;left&#8220; css_animation=&#8220;&#8220; css=&#8220;.vc_custom_1637079189547{margin-top: 40px !important;background-color: #ffffff !important;}&#8220;][vc_column_inner offset=&#8220;vc_col-lg-4 vc_col-md-4&#8243; css=&#8220;.vc_custom_1637078984787{background-color: #ffffff !important;}&#8220;]<div class='q_icon_with_title large custom_icon_image '><div class=\"icon_holder \" style=\" \"><img decoding=\"async\" itemprop=\"image\" style=\"\" src=\"https:\/\/www.saccarta.it\/wp-content\/uploads\/2022\/02\/icona-09.png\" alt=\"\"><\/div><div class=\"icon_text_holder\" style=\"\"><div class=\"icon_text_inner\" style=\"\"><h4 class=\"icon_title\" style=\"font-weight: 500;\">Der Sack ist unser Core Business<\/h4><p style=''>Unser Core Business ist die Herstellung von Papiers\u00e4cken, nicht die Papierherstellung, und wir widmen unsere gesamte Energie und unsere Ressourcen dieser T\u00e4tigkeit.<\/p><\/div><\/div><\/div>[vc_empty_space height=&#8220;36px&#8220;][\/vc_column_inner][vc_column_inner offset=&#8220;vc_col-lg-4 vc_col-md-4&#8243; css=&#8220;.vc_custom_1637079009675{background-color: #ffffff !important;}&#8220;]<div class='q_icon_with_title large custom_icon_image '><div class=\"icon_holder \" style=\" \"><img decoding=\"async\" itemprop=\"image\" style=\"\" src=\"https:\/\/www.saccarta.it\/wp-content\/uploads\/2022\/02\/icona-03.png\" alt=\"\"><\/div><div class=\"icon_text_holder\" style=\"\"><div class=\"icon_text_inner\" style=\"\"><h4 class=\"icon_title\" style=\"font-weight: 500;\">Leistung auf h\u00f6chstem Niveau<\/h4><p style=''>Unsere Verpackungen sind robust, flach und luftdicht und erm\u00f6glichen so eine maximale Absackgeschwindigkeit und eine perfekte Palettierung.<\/p><\/div><\/div><\/div>[vc_empty_space height=&#8220;36px&#8220;][\/vc_column_inner][vc_column_inner offset=&#8220;vc_col-lg-4 vc_col-md-4&#8243; css=&#8220;.vc_custom_1637079016759{background-color: #ffffff !important;}&#8220;]<div class='q_icon_with_title large custom_icon_image '><div class=\"icon_holder \" style=\" \"><img decoding=\"async\" itemprop=\"image\" style=\"\" src=\"https:\/\/www.saccarta.it\/wp-content\/uploads\/2022\/02\/icona-04.png\" alt=\"\"><\/div><div class=\"icon_text_holder\" style=\"\"><div class=\"icon_text_inner\" style=\"\"><h4 class=\"icon_title\" style=\"font-weight: 500;\">H\u00f6chste Papierqualit\u00e4t<\/h4><p style=''>Wir verwenden das beste Papier, das auf dem Markt erh\u00e4ltlich ist, je nach Kundenwunsch, ohne jegliche Einschr\u00e4nkungen. Papier ist ein nat\u00fcrliches, erneuerbares und recycelbares Material.<\/p><\/div><\/div><\/div>[vc_empty_space height=&#8220;36px&#8220;][\/vc_column_inner][\/vc_row_inner][vc_row_inner row_type=&#8220;row&#8220; type=&#8220;grid&#8220; text_align=&#8220;left&#8220; css_animation=&#8220;&#8220; css=&#8220;.vc_custom_1637079161214{background-color: #ffffff !important;}&#8220;][vc_column_inner offset=&#8220;vc_col-lg-4 vc_col-md-4&#8243; css=&#8220;.vc_custom_1637079023267{background-color: #ffffff !important;}&#8220;]<div class='q_icon_with_title large custom_icon_image '><div class=\"icon_holder \" style=\" \"><img decoding=\"async\" itemprop=\"image\" style=\"\" src=\"https:\/\/www.saccarta.it\/wp-content\/uploads\/2022\/02\/icona-05.png\" alt=\"\"><\/div><div class=\"icon_text_holder\" style=\"\"><div class=\"icon_text_inner\" style=\"\"><h4 class=\"icon_title\" style=\"font-weight: 500;\">Qualit\u00e4t, Sicherheit und Service<\/h4><p style=''>Wir verf\u00fcgen seit mehr als 25 Jahren \u00fcber ein zertifiziertes Qualit\u00e4tssystem. Wir garantieren Ihnen schnelle Antworten, hervorragenden Service und ma\u00dfgeschneiderte L\u00f6sungen.<\/p><\/div><\/div><\/div>[vc_empty_space height=&#8220;36px&#8220;][\/vc_column_inner][vc_column_inner offset=&#8220;vc_col-lg-4 vc_col-md-4&#8243; css=&#8220;.vc_custom_1637079030349{background-color: #ffffff !important;}&#8220;]<div class='q_icon_with_title large custom_icon_image '><div class=\"icon_holder \" style=\" \"><img decoding=\"async\" itemprop=\"image\" style=\"\" src=\"https:\/\/www.saccarta.it\/wp-content\/uploads\/2022\/02\/icona-06.png\" alt=\"\"><\/div><div class=\"icon_text_holder\" style=\"\"><div class=\"icon_text_inner\" style=\"\"><h4 class=\"icon_title\" style=\"font-weight: 500;\">Hervorragende Druckqualit\u00e4t<\/h4><p style=''>Unsere hervorragende Druckqualit\u00e4t erm\u00f6glicht es Ihnen, Ihr Label auf dem Markt bestm\u00f6glich zu pr\u00e4sentieren; wir drucken mit bis zu10 Farben auf Wasserbasis mit Standardlack oder Anti-Rutsch-Beschichtung.<\/p><\/div><\/div><\/div>[vc_empty_space height=&#8220;36px&#8220;][\/vc_column_inner][vc_column_inner offset=&#8220;vc_col-lg-4 vc_col-md-4&#8243; css=&#8220;.vc_custom_1637079036443{background-color: #ffffff !important;}&#8220;]<div class='q_icon_with_title large custom_icon_image '><div class=\"icon_holder \" style=\" \"><img decoding=\"async\" itemprop=\"image\" style=\"\" src=\"https:\/\/www.saccarta.it\/wp-content\/uploads\/2022\/02\/icona_01.png\" alt=\"\"><\/div><div class=\"icon_text_holder\" style=\"\"><div class=\"icon_text_inner\" style=\"\"><h4 class=\"icon_title\" style=\"font-weight: 500;\">Innovation<\/h4><p style=''>Wir sind st\u00e4ndig auf der Suche nach innovativen und ``gr\u00fcnen`` L\u00f6sungen zur vollen Kundenzufriedenheit<\/p><\/div><\/div><\/div>[vc_empty_space height=&#8220;36px&#8220;][\/vc_column_inner][\/vc_row_inner][\/vc_column][\/vc_row][vc_row css_animation=&#8220;&#8220; row_type=&#8220;row&#8220; use_row_as_full_screen_section=&#8220;no&#8220; type=&#8220;grid&#8220; angled_section=&#8220;no&#8220; text_align=&#8220;center&#8220; background_image_as_pattern=&#8220;without_pattern&#8220; z_index=&#8220;&#8220;][vc_column][vc_column_text]<div data-post-id=\"747\" class=\"insert-page insert-page-747 \"><style type=\"text\/css\" data-type=\"vc_custom-css\">@media only screen and (min-width: 769px){\r\n    .counter-row .q_counter_holder.center{\r\n        position: relative;\r\n    }\r\n\r\n    .counter-row .q_counter_holder.center:after{\r\n        content: '';\r\n        position: absolute;\r\n        right: -10px;\r\n        top: 50%;\r\n        width: 1px;\r\n        height: 96px;\r\n        background-color: #ebeae9;\r\n        transform: translateY(-50%);\r\n    }\r\n\r\n    .counter-row .section_inner_margin .vc_column_container:last-child .q_counter_holder.center:after{\r\n        display: none;\r\n    }\r\n}\r\n.qode-info-card .qode-info-card-text-holder{\r\npadding-top: 42px;\r\n}\r\n\r\n.qode-info-card .qode-info-card-link-holder .qode-qbutton-square{\r\nfont-size: 16px;\r\nfont-weight: 800;\r\n}\r\n\r\n.qode_content_slider .flex-control-nav{\r\nmargin-top: 20px;\r\n}\r\n\r\n.qode-info-card .qode-info-card-text-holder{\r\nborder: 1px solid #ebeae9;\r\nborder-bottom: none;\r\n}\r\n\r\n.qode-info-card .qode-info-card-link-holder{\r\nborder: 1px solid #ebeae9;\r\nborder-top: none;\r\n}\r\n\r\n.q_icon_with_title.small.custom_icon_image .icon_text_holder{\r\npadding-left: 82px;\r\n}\r\n\r\n.q_icon_with_title.small.custom_icon_image .icon_text_holder .icon_title{\r\nline-height: 35px;\r\nmargin-bottom: 14px;\r\n}\r\n\r\n.qode-info-card .qode-info-card-text{\r\nmargin-top: 26px;\r\n}\r\n\r\n@media only screen and (max-width: 1000px){\r\n.qode_content_slider .flex-viewport{\r\noverflow: visible!important;\r\n}\r\n}\r\n\r\n.qode-info-card .qode-info-card-text{\r\nfont-size: 16px;\r\n}\r\n\r\n.qode_video_box .qode_video_image:hover img{\r\ntransform: none;\r\n}\r\n\r\n.qode_video_box .qode_video_image::after{\r\nbackground-color: rgba(255,255,255,.15); \r\n} \r\n\r\n.qode-info-card .qode-qbutton-main-color:before {\r\n    background-color: #fd7059;\r\n}<\/style><style type=\"text\/css\" data-type=\"vc_shortcodes-custom-css\">.vc_custom_1661974930179{margin-top: 30px !important;padding-bottom: 30px !important;}.vc_custom_1661974827405{padding-left: 50px !important;}.vc_custom_1661974930179{margin-top: 30px !important;padding-bottom: 30px !important;}.vc_custom_1661974827405{padding-left: 50px !important;}.vc_custom_1661974930179{margin-top: 30px !important;padding-bottom: 30px !important;}.vc_custom_1661974827405{padding-left: 50px !important;}.vc_custom_1661974930179{margin-top: 30px !important;padding-bottom: 30px !important;}.vc_custom_1661974827405{padding-left: 50px !important;}<\/style><p>[vc_row css_animation=&#8220;&#8220; row_type=&#8220;row&#8220; use_row_as_full_screen_section=&#8220;no&#8220; type=&#8220;grid&#8220; angled_section=&#8220;no&#8220; text_align=&#8220;center&#8220; background_image_as_pattern=&#8220;without_pattern&#8220; z_index=&#8220;&#8220;][vc_column][vc_row_inner row_type=&#8220;row&#8220; type=&#8220;grid&#8220; text_align=&#8220;left&#8220; css_animation=&#8220;&#8220; css=&#8220;.vc_custom_1661974930179{margin-top: 30px !important;padding-bottom: 30px !important;}&#8220;][vc_column_inner offset=&#8220;vc_col-lg-6 vc_col-md-6&#8243;][vc_empty_space height=&#8220;22px&#8220;][vc_video link=&#8220;https:\/\/youtu.be\/N8-asrdfX1Q&#8220;][vc_empty_space height=&#8220;22px&#8220;][\/vc_column_inner][vc_column_inner offset=&#8220;vc_col-lg-6 vc_col-md-6&#8243; css=&#8220;.vc_custom_1661974827405{padding-left: 50px !important;}&#8220;][qode_elements_holder number_of_columns=&#8220;one_column&#8220;][qode_elements_holder_item vertical_alignment=&#8220;top&#8220; advanced_animations=&#8220;no&#8220; item_padding=&#8220;40px 0px 40px 0px&#8220;][vc_column_text]<\/p>\n<h4>Adresse:<\/h4>\n<p>Via Tonale 50 20823 Copreno di Lentate sul Seveso (MB)[\/vc_column_text][vc_empty_space height=&#8220;20px&#8220;][vc_column_text]<\/p>\n<h4>Telefon:<\/h4>\n<p>+39 0362 577511[\/vc_column_text][vc_empty_space height=&#8220;20px&#8220;][vc_column_text]<\/p>\n<h4>Fax:<\/h4>\n<p>+39 0362 564211[\/vc_column_text][vc_empty_space height=&#8220;20px&#8220;][vc_column_text]<\/p>\n<h4>Email:<\/h4>\n<p><a href=\"mailto:comm@saccarta.it\">comm@saccarta.it<\/a>[\/vc_column_text][\/qode_elements_holder_item][\/qode_elements_holder][\/vc_column_inner][\/vc_row_inner][\/vc_column][\/vc_row]<\/p>\n<\/div>[\/vc_column_text][\/vc_column][\/vc_row]<\/p>\n","protected":false},"excerpt":{"rendered":"<p>[vc_row css_animation=&#8220;&#8220; row_type=&#8220;row&#8220; use_row_as_full_screen_section=&#8220;no&#8220; type=&#8220;full_width&#8220; angled_section=&#8220;no&#8220; text_align=&#8220;left&#8220; background_image_as_pattern=&#8220;without_pattern&#8220;][vc_column][vc_single_image image=&#8220;456&#8243; img_size=&#8220;full&#8220; alignment=&#8220;center&#8220; qode_css_animation=&#8220;&#8220;][\/vc_column][\/vc_row][vc_row css_animation=&#8220;&#8220; row_type=&#8220;row&#8220; use_row_as_full_screen_section=&#8220;no&#8220; type=&#8220;full_width&#8220; angled_section=&#8220;no&#8220; text_align=&#8220;left&#8220; background_image_as_pattern=&#8220;without_pattern&#8220; z_index=&#8220;&#8220;][vc_column][vc_row_inner row_type=&#8220;row&#8220; type=&#8220;grid&#8220; text_align=&#8220;left&#8220; css_animation=&#8220;&#8220; css=&#8220;.vc_custom_1637600408822{padding-bottom: 30px !important;}&#8220;][vc_column_inner css=&#8220;.vc_custom_1516708323803{margin-top: -130px !important;}&#8220; offset=&#8220;vc_col-lg-7 vc_col-md-7&#8243;][\/vc_column_inner][vc_column_inner offset=&#8220;vc_col-lg-5 vc_col-md-5&#8243;][\/vc_column_inner][\/vc_row_inner][vc_row_inner row_type=&#8220;row&#8220; type=&#8220;grid&#8220; text_align=&#8220;left&#8220; css_animation=&#8220;&#8220; css=&#8220;.vc_custom_1637079292113{padding-bottom: 30px !important;}&#8220;][vc_column_inner offset=&#8220;vc_col-lg-6 vc_col-md-6&#8243;][qode_elements_holder number_of_columns=&#8220;one_column&#8220;][qode_elements_holder_item vertical_alignment=&#8220;top&#8220;&#8230;<\/p>\n","protected":false},"author":1,"featured_media":0,"parent":0,"menu_order":0,"comment_status":"closed","ping_status":"closed","template":"full_width.php","meta":{"footnotes":""},"class_list":["post-541","page","type-page","status-publish","hentry"],"_links":{"self":[{"href":"https:\/\/www.saccarta.it\/de\/wp-json\/wp\/v2\/pages\/541","targetHints":{"allow":["GET"]}}],"collection":[{"href":"https:\/\/www.saccarta.it\/de\/wp-json\/wp\/v2\/pages"}],"about":[{"href":"https:\/\/www.saccarta.it\/de\/wp-json\/wp\/v2\/types\/page"}],"author":[{"embeddable":true,"href":"https:\/\/www.saccarta.it\/de\/wp-json\/wp\/v2\/users\/1"}],"replies":[{"embeddable":true,"href":"https:\/\/www.saccarta.it\/de\/wp-json\/wp\/v2\/comments?post=541"}],"version-history":[{"count":28,"href":"https:\/\/www.saccarta.it\/de\/wp-json\/wp\/v2\/pages\/541\/revisions"}],"predecessor-version":[{"id":930,"href":"https:\/\/www.saccarta.it\/de\/wp-json\/wp\/v2\/pages\/541\/revisions\/930"}],"wp:attachment":[{"href":"https:\/\/www.saccarta.it\/de\/wp-json\/wp\/v2\/media?parent=541"}],"curies":[{"name":"wp","href":"https:\/\/api.w.org\/{rel}","templated":true}]}}