{"id":446,"date":"2021-11-22T23:59:06","date_gmt":"2021-11-22T22:59:06","guid":{"rendered":"https:\/\/www.saccarta.it\/?page_id=446"},"modified":"2023-03-27T19:39:07","modified_gmt":"2023-03-27T17:39:07","slug":"tubolare-alluminio","status":"publish","type":"page","link":"https:\/\/www.saccarta.it\/de\/sacke-mit-beschichtetem-papier\/","title":{"rendered":"S\u00e4cke mit beschichtetem Papier"},"content":{"rendered":"<p>[vc_row css_animation=&#8220;&#8220; row_type=&#8220;row&#8220; use_row_as_full_screen_section=&#8220;no&#8220; type=&#8220;full_width&#8220; angled_section=&#8220;no&#8220; text_align=&#8220;left&#8220; background_image_as_pattern=&#8220;without_pattern&#8220;][vc_column][vc_empty_space][\/vc_column][\/vc_row][vc_row css_animation=&#8220;&#8220; row_type=&#8220;row&#8220; use_row_as_full_screen_section=&#8220;no&#8220; type=&#8220;grid&#8220; angled_section=&#8220;no&#8220; text_align=&#8220;left&#8220; background_image_as_pattern=&#8220;without_pattern&#8220; z_index=&#8220;&#8220;][vc_column width=&#8220;1\/2&#8243;][vc_single_image image=&#8220;420&#8243; img_size=&#8220;full&#8220; alignment=&#8220;center&#8220; qode_css_animation=&#8220;&#8220;][\/vc_column][vc_column width=&#8220;1\/2&#8243;][vc_column_text]<\/p>\n<h2>S\u00c4CKE MIT BESCHICHTETEM PAPIER<\/h2>\n<p>[\/vc_column_text][vc_column_text]<\/p>\n<h3>(Papier+Polyethylen+Aluminium+Polyethylen)<\/h3>\n<p>[\/vc_column_text][vc_empty_space][vc_column_text]Der Sack mit alu-beschichtetem Papier ist ideal f\u00fcr alle Produkte (meist aus der Chemie- und Lebensmittelindustrie), die eine hohe W\u00e4rmed\u00e4mmung und maximalen Schutz vor Licht, Feuchtigkeit und Sauerstoff ben\u00f6tigen.<\/p>\n<p>&nbsp;<\/p>\n<p>Das Gewicht des aluminisierten Papiers kann bis zu 140 g betragen, je nach Kundenwunsch und den Besonderheiten des verpackten Produkts.[\/vc_column_text][vc_empty_space]<a  itemprop=\"url\" href=\"https:\/\/www.saccarta.it\/de\/produkte\/\" target=\"_self\"  class=\"qbutton  small default\" style=\"\">ZUR\u00dcCK ZU DEN PRODUKTEN<\/a>[\/vc_column][\/vc_row][vc_row css_animation=&#8220;&#8220; row_type=&#8220;row&#8220; use_row_as_full_screen_section=&#8220;no&#8220; type=&#8220;full_width&#8220; angled_section=&#8220;no&#8220; text_align=&#8220;left&#8220; background_image_as_pattern=&#8220;without_pattern&#8220;][vc_column][vc_empty_space][\/vc_column][\/vc_row][vc_row css_animation=&#8220;&#8220; row_type=&#8220;row&#8220; use_row_as_full_screen_section=&#8220;no&#8220; type=&#8220;grid&#8220; angled_section=&#8220;no&#8220; text_align=&#8220;left&#8220; background_image_as_pattern=&#8220;without_pattern&#8220; z_index=&#8220;&#8220; css=&#8220;.vc_custom_1637620829695{margin-top: 30px !important;padding-top: 20px !important;background-color: #ffffff !important;}&#8220;][vc_column][vc_column_text]<\/p>\n<h4 style=\"text-align: center;\">Entdecken Sie die anderen Spezialit\u00e4ten<\/h4>\n<p>[\/vc_column_text][vc_separator type=&#8220;normal&#8220;][\/vc_column][\/vc_row][vc_row css_animation=&#8220;&#8220; row_type=&#8220;row&#8220; use_row_as_full_screen_section=&#8220;no&#8220; type=&#8220;grid&#8220; angled_section=&#8220;no&#8220; text_align=&#8220;center&#8220; background_image_as_pattern=&#8220;without_pattern&#8220; z_index=&#8220;&#8220; css=&#8220;.vc_custom_1637620499422{background-color: #ffffff !important;}&#8220;][vc_column width=&#8220;1\/5&#8243;][vc_single_image image=&#8220;419&#8243; img_size=&#8220;full&#8220; alignment=&#8220;center&#8220; onclick=&#8220;custom_link&#8220; qode_css_animation=&#8220;&#8220; link=&#8220;https:\/\/www.saccarta.it\/de\/sacke-mit-schlauch-pe\/&#8220;][vc_empty_space]<a  itemprop=\"url\" href=\"https:\/\/www.saccarta.it\/de\/sacke-mit-schlauch-pe\/\" target=\"_self\"  class=\"qbutton  small default button_full\" style=\"\">S\u00e4cke mit Schlauch PE<\/a>[vc_empty_space][\/vc_column][vc_column width=&#8220;1\/5&#8243;][vc_single_image image=&#8220;475&#8243; img_size=&#8220;full&#8220; alignment=&#8220;center&#8220; onclick=&#8220;custom_link&#8220; qode_css_animation=&#8220;&#8220; link=&#8220;https:\/\/www.saccarta.it\/de\/easy-open\/&#8220;][vc_empty_space]<a  itemprop=\"url\" href=\"https:\/\/www.saccarta.it\/de\/easy-open\/\" target=\"_self\"  class=\"qbutton  small default button_full\" style=\"\">EASY OPEN<\/a>[vc_empty_space][\/vc_column][vc_column width=&#8220;1\/5&#8243;][vc_single_image image=&#8220;473&#8243; img_size=&#8220;full&#8220; alignment=&#8220;center&#8220; onclick=&#8220;custom_link&#8220; qode_css_animation=&#8220;&#8220; link=&#8220;https:\/\/www.saccarta.it\/de\/thermoventil\/&#8220;][vc_empty_space]<a  itemprop=\"url\" href=\"https:\/\/www.saccarta.it\/de\/thermoventil\/\" target=\"_self\"  class=\"qbutton  small default button_full\" style=\"\">Thermoventil<\/a>[vc_empty_space][\/vc_column][vc_column width=&#8220;1\/5&#8243;][vc_single_image image=&#8220;474&#8243; img_size=&#8220;full&#8220; alignment=&#8220;center&#8220; onclick=&#8220;custom_link&#8220; qode_css_animation=&#8220;&#8220; link=&#8220;https:\/\/www.saccarta.it\/de\/fenster\/&#8220;][vc_empty_space]<a  itemprop=\"url\" href=\"https:\/\/www.saccarta.it\/de\/fenster\/\" target=\"_self\"  class=\"qbutton  small default button_full\" style=\"\">FENSTER<\/a>[vc_empty_space][\/vc_column][vc_column width=&#8220;1\/5&#8243;][vc_single_image image=&#8220;421&#8243; img_size=&#8220;full&#8220; alignment=&#8220;center&#8220; onclick=&#8220;custom_link&#8220; qode_css_animation=&#8220;&#8220; link=&#8220;https:\/\/www.saccarta.it\/de\/tragegriff\/&#8220;][vc_empty_space]<a  itemprop=\"url\" href=\"https:\/\/www.saccarta.it\/de\/tragegriff\/\" target=\"_self\"  class=\"qbutton  small default button_full\" style=\"\">TRAGEGRIFF<\/a>[vc_empty_space][\/vc_column][\/vc_row][vc_row css_animation=&#8220;&#8220; row_type=&#8220;row&#8220; use_row_as_full_screen_section=&#8220;no&#8220; type=&#8220;full_width&#8220; angled_section=&#8220;no&#8220; text_align=&#8220;left&#8220; background_image_as_pattern=&#8220;without_pattern&#8220;][vc_column][vc_empty_space][\/vc_column][\/vc_row]<\/p>\n","protected":false},"excerpt":{"rendered":"<p>[vc_row css_animation=&#8220;&#8220; row_type=&#8220;row&#8220; use_row_as_full_screen_section=&#8220;no&#8220; type=&#8220;full_width&#8220; angled_section=&#8220;no&#8220; text_align=&#8220;left&#8220; background_image_as_pattern=&#8220;without_pattern&#8220;][vc_column][vc_empty_space][\/vc_column][\/vc_row][vc_row css_animation=&#8220;&#8220; row_type=&#8220;row&#8220; use_row_as_full_screen_section=&#8220;no&#8220; type=&#8220;grid&#8220; angled_section=&#8220;no&#8220; text_align=&#8220;left&#8220; background_image_as_pattern=&#8220;without_pattern&#8220; z_index=&#8220;&#8220;][vc_column width=&#8220;1\/2&#8243;][vc_single_image image=&#8220;420&#8243; img_size=&#8220;full&#8220; alignment=&#8220;center&#8220; qode_css_animation=&#8220;&#8220;][\/vc_column][vc_column width=&#8220;1\/2&#8243;][vc_column_text] S\u00c4CKE MIT BESCHICHTETEM PAPIER [\/vc_column_text][vc_column_text] (Papier+Polyethylen+Aluminium+Polyethylen) [\/vc_column_text][vc_empty_space][vc_column_text]Der Sack mit alu-beschichtetem Papier ist ideal f\u00fcr alle Produkte (meist aus der Chemie- und Lebensmittelindustrie), die&#8230;<\/p>\n","protected":false},"author":1,"featured_media":0,"parent":0,"menu_order":0,"comment_status":"closed","ping_status":"closed","template":"full_width.php","meta":{"footnotes":""},"class_list":["post-446","page","type-page","status-publish","hentry"],"_links":{"self":[{"href":"https:\/\/www.saccarta.it\/de\/wp-json\/wp\/v2\/pages\/446","targetHints":{"allow":["GET"]}}],"collection":[{"href":"https:\/\/www.saccarta.it\/de\/wp-json\/wp\/v2\/pages"}],"about":[{"href":"https:\/\/www.saccarta.it\/de\/wp-json\/wp\/v2\/types\/page"}],"author":[{"embeddable":true,"href":"https:\/\/www.saccarta.it\/de\/wp-json\/wp\/v2\/users\/1"}],"replies":[{"embeddable":true,"href":"https:\/\/www.saccarta.it\/de\/wp-json\/wp\/v2\/comments?post=446"}],"version-history":[{"count":10,"href":"https:\/\/www.saccarta.it\/de\/wp-json\/wp\/v2\/pages\/446\/revisions"}],"predecessor-version":[{"id":908,"href":"https:\/\/www.saccarta.it\/de\/wp-json\/wp\/v2\/pages\/446\/revisions\/908"}],"wp:attachment":[{"href":"https:\/\/www.saccarta.it\/de\/wp-json\/wp\/v2\/media?parent=446"}],"curies":[{"name":"wp","href":"https:\/\/api.w.org\/{rel}","templated":true}]}}