{"id":445,"date":"2021-11-22T23:56:43","date_gmt":"2021-11-22T22:56:43","guid":{"rendered":"https:\/\/www.saccarta.it\/?page_id=445"},"modified":"2023-03-27T19:41:23","modified_gmt":"2023-03-27T17:41:23","slug":"tubolare-pe","status":"publish","type":"page","link":"https:\/\/www.saccarta.it\/de\/sacke-mit-schlauch-pe\/","title":{"rendered":"S\u00e4cke mit Schlauch PE"},"content":{"rendered":"<p>[vc_row css_animation=&#8220;&#8220; row_type=&#8220;row&#8220; use_row_as_full_screen_section=&#8220;no&#8220; type=&#8220;full_width&#8220; angled_section=&#8220;no&#8220; text_align=&#8220;left&#8220; background_image_as_pattern=&#8220;without_pattern&#8220;][vc_column][vc_empty_space][\/vc_column][\/vc_row][vc_row css_animation=&#8220;&#8220; row_type=&#8220;row&#8220; use_row_as_full_screen_section=&#8220;no&#8220; type=&#8220;grid&#8220; angled_section=&#8220;no&#8220; text_align=&#8220;left&#8220; background_image_as_pattern=&#8220;without_pattern&#8220; z_index=&#8220;&#8220;][vc_column width=&#8220;1\/2&#8243;][vc_single_image image=&#8220;419&#8243; img_size=&#8220;full&#8220; alignment=&#8220;center&#8220; qode_css_animation=&#8220;&#8220;][\/vc_column][vc_column width=&#8220;1\/2&#8243;][vc_column_text]<\/p>\n<h2 style=\"text-align: left;\">S\u00c4CKE MIT SCHLAUCH PE<\/h2>\n<p>[\/vc_column_text][vc_empty_space][vc_column_text]Diese S\u00e4cke haben eine PE-Auskleidung als Feuchtigkeitsbarriere, die mit dem Produkt in Kontakt kommt, und werden typischerweise f\u00fcr Produkte aus der Lebensmittelindustrie oder Tiernahrung verwendet. Dieser Sacktyp wird am h\u00e4ufigsten f\u00fcr Milchpulver verwendet.<\/p>\n<p>&nbsp;<\/p>\n<p>Der Schlauch ist in verschiedenen St\u00e4rken, von 10 bis 120 \u03bcm, in verschiedenen Materialien (HD\/LD\/COEX\/EVOH) und in den Farben wei\u00df, transparent und hellblau erh\u00e4ltlich.<\/p>\n<p>&nbsp;<\/p>\n<p>Diese S\u00e4cke k\u00f6nnen mit einem Zeta-Faltsystem ausgestattet werden ( an den Boden angeschwei\u00dfte PE-Schl\u00e4uche, l\u00e4nger\u00a0 als der Papierteil), das eine bessere Bef\u00fcllung des Sackes und ein leichteres Verschlie\u00dfen erm\u00f6glicht.[\/vc_column_text][vc_empty_space]<a  itemprop=\"url\" href=\"https:\/\/www.saccarta.it\/de\/produkte\/\" target=\"_self\"  class=\"qbutton  small default\" style=\"\">ZUR\u00dcCK ZU DEN PRODUKTEN<\/a>[\/vc_column][\/vc_row][vc_row css_animation=&#8220;&#8220; row_type=&#8220;row&#8220; use_row_as_full_screen_section=&#8220;no&#8220; type=&#8220;full_width&#8220; angled_section=&#8220;no&#8220; text_align=&#8220;left&#8220; background_image_as_pattern=&#8220;without_pattern&#8220;][vc_column][vc_empty_space][\/vc_column][\/vc_row][vc_row css_animation=&#8220;&#8220; row_type=&#8220;row&#8220; use_row_as_full_screen_section=&#8220;no&#8220; type=&#8220;grid&#8220; angled_section=&#8220;no&#8220; text_align=&#8220;left&#8220; background_image_as_pattern=&#8220;without_pattern&#8220; z_index=&#8220;&#8220; css=&#8220;.vc_custom_1637620829695{margin-top: 30px !important;padding-top: 20px !important;background-color: #ffffff !important;}&#8220;][vc_column][vc_column_text]<\/p>\n<h4 style=\"text-align: center;\">Entdecken Sie die anderen Spezialit\u00e4ten<\/h4>\n<p>[\/vc_column_text][vc_separator type=&#8220;normal&#8220;][\/vc_column][\/vc_row][vc_row css_animation=&#8220;&#8220; row_type=&#8220;row&#8220; use_row_as_full_screen_section=&#8220;no&#8220; type=&#8220;grid&#8220; angled_section=&#8220;no&#8220; text_align=&#8220;center&#8220; background_image_as_pattern=&#8220;without_pattern&#8220; z_index=&#8220;&#8220; css=&#8220;.vc_custom_1637620499422{background-color: #ffffff !important;}&#8220;][vc_column width=&#8220;1\/5&#8243;][vc_single_image image=&#8220;420&#8243; img_size=&#8220;full&#8220; alignment=&#8220;center&#8220; onclick=&#8220;custom_link&#8220; qode_css_animation=&#8220;&#8220; link=&#8220;https:\/\/www.saccarta.it\/de\/sacke-mit-beschichtetem-papier\/&#8220;][vc_empty_space]<a  itemprop=\"url\" href=\"https:\/\/www.saccarta.it\/de\/sacke-mit-beschichtetem-papier\/\" target=\"_self\"  class=\"qbutton  small default button_full\" style=\"\">S\u00e4cke mit beschichtetem Papier<\/a>[vc_empty_space][\/vc_column][vc_column width=&#8220;1\/5&#8243;][vc_single_image image=&#8220;475&#8243; img_size=&#8220;full&#8220; alignment=&#8220;center&#8220; onclick=&#8220;custom_link&#8220; qode_css_animation=&#8220;&#8220; link=&#8220;https:\/\/www.saccarta.it\/de\/easy-open\/&#8220;][vc_empty_space]<a  itemprop=\"url\" href=\"https:\/\/www.saccarta.it\/easy-open\/\" target=\"_self\"  class=\"qbutton  small default button_full\" style=\"\">EASY OPEN<\/a>[vc_empty_space][\/vc_column][vc_column width=&#8220;1\/5&#8243;][vc_single_image image=&#8220;473&#8243; img_size=&#8220;full&#8220; alignment=&#8220;center&#8220; onclick=&#8220;custom_link&#8220; qode_css_animation=&#8220;&#8220; link=&#8220;https:\/\/www.saccarta.it\/de\/thermoventil\/&#8220;][vc_empty_space]<a  itemprop=\"url\" href=\"https:\/\/www.saccarta.it\/de\/thermoventil\/\" target=\"_self\"  class=\"qbutton  small default button_full\" style=\"\">Thermoventil<\/a>[vc_empty_space][\/vc_column][vc_column width=&#8220;1\/5&#8243;][vc_single_image image=&#8220;474&#8243; img_size=&#8220;full&#8220; alignment=&#8220;center&#8220; onclick=&#8220;custom_link&#8220; qode_css_animation=&#8220;&#8220; link=&#8220;https:\/\/www.saccarta.it\/de\/fenster\/&#8220;][vc_empty_space]<a  itemprop=\"url\" href=\"https:\/\/www.saccarta.it\/de\/fenster\/\" target=\"_self\"  class=\"qbutton  small default button_full\" style=\"\">FENSTER<\/a>[vc_empty_space][\/vc_column][vc_column width=&#8220;1\/5&#8243;][vc_single_image image=&#8220;421&#8243; img_size=&#8220;full&#8220; alignment=&#8220;center&#8220; onclick=&#8220;custom_link&#8220; qode_css_animation=&#8220;&#8220; link=&#8220;https:\/\/www.saccarta.it\/de\/tragegriff\/&#8220;][vc_empty_space]<a  itemprop=\"url\" href=\"https:\/\/www.saccarta.it\/de\/tragegriff\/\" target=\"_self\"  class=\"qbutton  small default button_full\" style=\"\">TRAGEGRIFF<\/a>[vc_empty_space][\/vc_column][\/vc_row][vc_row css_animation=&#8220;&#8220; row_type=&#8220;row&#8220; use_row_as_full_screen_section=&#8220;no&#8220; type=&#8220;full_width&#8220; angled_section=&#8220;no&#8220; text_align=&#8220;left&#8220; background_image_as_pattern=&#8220;without_pattern&#8220;][vc_column][vc_empty_space][\/vc_column][\/vc_row]<\/p>\n","protected":false},"excerpt":{"rendered":"<p>[vc_row css_animation=&#8220;&#8220; row_type=&#8220;row&#8220; use_row_as_full_screen_section=&#8220;no&#8220; type=&#8220;full_width&#8220; angled_section=&#8220;no&#8220; text_align=&#8220;left&#8220; background_image_as_pattern=&#8220;without_pattern&#8220;][vc_column][vc_empty_space][\/vc_column][\/vc_row][vc_row css_animation=&#8220;&#8220; row_type=&#8220;row&#8220; use_row_as_full_screen_section=&#8220;no&#8220; type=&#8220;grid&#8220; angled_section=&#8220;no&#8220; text_align=&#8220;left&#8220; background_image_as_pattern=&#8220;without_pattern&#8220; z_index=&#8220;&#8220;][vc_column width=&#8220;1\/2&#8243;][vc_single_image image=&#8220;419&#8243; img_size=&#8220;full&#8220; alignment=&#8220;center&#8220; qode_css_animation=&#8220;&#8220;][\/vc_column][vc_column width=&#8220;1\/2&#8243;][vc_column_text] S\u00c4CKE MIT SCHLAUCH PE [\/vc_column_text][vc_empty_space][vc_column_text]Diese S\u00e4cke haben eine PE-Auskleidung als Feuchtigkeitsbarriere, die mit dem Produkt in Kontakt kommt, und werden typischerweise f\u00fcr Produkte&#8230;<\/p>\n","protected":false},"author":1,"featured_media":0,"parent":0,"menu_order":0,"comment_status":"closed","ping_status":"closed","template":"full_width.php","meta":{"footnotes":""},"class_list":["post-445","page","type-page","status-publish","hentry"],"_links":{"self":[{"href":"https:\/\/www.saccarta.it\/de\/wp-json\/wp\/v2\/pages\/445","targetHints":{"allow":["GET"]}}],"collection":[{"href":"https:\/\/www.saccarta.it\/de\/wp-json\/wp\/v2\/pages"}],"about":[{"href":"https:\/\/www.saccarta.it\/de\/wp-json\/wp\/v2\/types\/page"}],"author":[{"embeddable":true,"href":"https:\/\/www.saccarta.it\/de\/wp-json\/wp\/v2\/users\/1"}],"replies":[{"embeddable":true,"href":"https:\/\/www.saccarta.it\/de\/wp-json\/wp\/v2\/comments?post=445"}],"version-history":[{"count":12,"href":"https:\/\/www.saccarta.it\/de\/wp-json\/wp\/v2\/pages\/445\/revisions"}],"predecessor-version":[{"id":910,"href":"https:\/\/www.saccarta.it\/de\/wp-json\/wp\/v2\/pages\/445\/revisions\/910"}],"wp:attachment":[{"href":"https:\/\/www.saccarta.it\/de\/wp-json\/wp\/v2\/media?parent=445"}],"curies":[{"name":"wp","href":"https:\/\/api.w.org\/{rel}","templated":true}]}}