{"id":444,"date":"2021-11-22T23:51:50","date_gmt":"2021-11-22T22:51:50","guid":{"rendered":"https:\/\/www.saccarta.it\/?page_id=444"},"modified":"2023-03-27T19:31:59","modified_gmt":"2023-03-27T17:31:59","slug":"valvole-termosaldate","status":"publish","type":"page","link":"https:\/\/www.saccarta.it\/de\/thermoventil\/","title":{"rendered":"Thermoventil"},"content":{"rendered":"<p>[vc_row css_animation=&#8220;&#8220; row_type=&#8220;row&#8220; use_row_as_full_screen_section=&#8220;no&#8220; type=&#8220;full_width&#8220; angled_section=&#8220;no&#8220; text_align=&#8220;left&#8220; background_image_as_pattern=&#8220;without_pattern&#8220;][vc_column][vc_empty_space][\/vc_column][\/vc_row][vc_row css_animation=&#8220;&#8220; row_type=&#8220;row&#8220; use_row_as_full_screen_section=&#8220;no&#8220; type=&#8220;grid&#8220; angled_section=&#8220;no&#8220; text_align=&#8220;left&#8220; background_image_as_pattern=&#8220;without_pattern&#8220; z_index=&#8220;&#8220;][vc_column width=&#8220;1\/2&#8243;][vc_single_image image=&#8220;473&#8243; img_size=&#8220;full&#8220; alignment=&#8220;center&#8220; qode_css_animation=&#8220;&#8220;][\/vc_column][vc_column width=&#8220;1\/2&#8243;][vc_column_text]<\/p>\n<h2>THERMOVENTIL<\/h2>\n<p>[\/vc_column_text][vc_empty_space][vc_column_text]Das Thermoventil ist ein innovativer Ventiltyp, der aus Papier mit mehreren Beschichtungen aus speziellen Materialien hergestellt wird, die sich bei Hitze reaktivieren. Mit Thermoventilen ausgestattete S\u00e4cke sind hermetisch verschlossen und garantieren so einen optimalen Schutz des Produkts vor \u00e4u\u00dferen Verunreinigungen, eine Verl\u00e4ngerung der Produktlagerzeit und einen sauberen, staubfreien Sack.<\/p>\n<p>&nbsp;<\/p>\n<p>Die neueste Generation von Thermoventilen, die wir unseren Kunden anbieten k\u00f6nnen, erm\u00f6glicht ein sehr schnelles Schwei\u00dfen, ideal f\u00fcr die Hochgeschwindigkeitsabf\u00fcllung.[\/vc_column_text][vc_empty_space]<a  itemprop=\"url\" href=\"https:\/\/www.saccarta.it\/de\/produkte\/\" target=\"_self\"  class=\"qbutton  small default\" style=\"\">ZUR\u00dcCK ZU DEN PRODUKTEN<\/a>[\/vc_column][\/vc_row][vc_row css_animation=&#8220;&#8220; row_type=&#8220;row&#8220; use_row_as_full_screen_section=&#8220;no&#8220; type=&#8220;full_width&#8220; angled_section=&#8220;no&#8220; text_align=&#8220;left&#8220; background_image_as_pattern=&#8220;without_pattern&#8220;][vc_column][vc_empty_space][\/vc_column][\/vc_row][vc_row css_animation=&#8220;&#8220; row_type=&#8220;row&#8220; use_row_as_full_screen_section=&#8220;no&#8220; type=&#8220;grid&#8220; angled_section=&#8220;no&#8220; text_align=&#8220;left&#8220; background_image_as_pattern=&#8220;without_pattern&#8220; z_index=&#8220;&#8220; css=&#8220;.vc_custom_1637620829695{margin-top: 30px !important;padding-top: 20px !important;background-color: #ffffff !important;}&#8220;][vc_column][vc_column_text]<\/p>\n<h4 style=\"text-align: center;\">Entdecken Sie die anderen Spezialit\u00e4ten<\/h4>\n<p>[\/vc_column_text][vc_separator type=&#8220;normal&#8220;][\/vc_column][\/vc_row][vc_row css_animation=&#8220;&#8220; row_type=&#8220;row&#8220; use_row_as_full_screen_section=&#8220;no&#8220; type=&#8220;grid&#8220; angled_section=&#8220;no&#8220; text_align=&#8220;center&#8220; background_image_as_pattern=&#8220;without_pattern&#8220; z_index=&#8220;&#8220; css=&#8220;.vc_custom_1637620499422{background-color: #ffffff !important;}&#8220;][vc_column width=&#8220;1\/5&#8243;][vc_single_image image=&#8220;420&#8243; img_size=&#8220;full&#8220; alignment=&#8220;center&#8220; onclick=&#8220;custom_link&#8220; qode_css_animation=&#8220;&#8220; link=&#8220;https:\/\/www.saccarta.it\/de\/sacke-mit-beschichtetem-papier\/&#8220;][vc_empty_space]<a  itemprop=\"url\" href=\"https:\/\/www.saccarta.it\/de\/sacke-mit-beschichtetem-papier\/\" target=\"_self\"  class=\"qbutton  small default button_full\" style=\"\">S\u00e4cke mit beschichtetem Papier<\/a>[vc_empty_space][\/vc_column][vc_column width=&#8220;1\/5&#8243;][vc_single_image image=&#8220;419&#8243; img_size=&#8220;full&#8220; alignment=&#8220;center&#8220; onclick=&#8220;custom_link&#8220; qode_css_animation=&#8220;&#8220; link=&#8220;https:\/\/www.saccarta.it\/de\/sacke-mit-schlauch-pe\/&#8220;][vc_empty_space]<a  itemprop=\"url\" href=\"https:\/\/www.saccarta.it\/de\/sacke-mit-schlauch-pe\/\" target=\"_self\"  class=\"qbutton  small default button_full\" style=\"\">S\u00e4cke mit Schlauch PE<\/a>[vc_empty_space][\/vc_column][vc_column width=&#8220;1\/5&#8243;][vc_single_image image=&#8220;421&#8243; img_size=&#8220;full&#8220; alignment=&#8220;center&#8220; onclick=&#8220;custom_link&#8220; qode_css_animation=&#8220;&#8220; link=&#8220;https:\/\/www.saccarta.it\/de\/tragegriff\/&#8220;][vc_empty_space]<a  itemprop=\"url\" href=\"https:\/\/www.saccarta.it\/de\/tragegriff\/\" target=\"_self\"  class=\"qbutton  small default button_full\" style=\"\">TRAGEGRIFF<\/a>[vc_empty_space][\/vc_column][vc_column width=&#8220;1\/5&#8243;][vc_single_image image=&#8220;474&#8243; img_size=&#8220;full&#8220; alignment=&#8220;center&#8220; onclick=&#8220;custom_link&#8220; qode_css_animation=&#8220;&#8220; link=&#8220;https:\/\/www.saccarta.it\/de\/fenster\/&#8220;][vc_empty_space]<a  itemprop=\"url\" href=\"https:\/\/www.saccarta.it\/de\/fenster\/\" target=\"_self\"  class=\"qbutton  small default button_full\" style=\"\">FENSTER<\/a>[vc_empty_space][\/vc_column][vc_column width=&#8220;1\/5&#8243;][vc_single_image image=&#8220;475&#8243; img_size=&#8220;full&#8220; alignment=&#8220;center&#8220; onclick=&#8220;custom_link&#8220; qode_css_animation=&#8220;&#8220; link=&#8220;https:\/\/www.saccarta.it\/de\/easy-open\/&#8220;][vc_empty_space]<a  itemprop=\"url\" href=\"https:\/\/www.saccarta.it\/de\/easy-open\/\" target=\"_self\"  class=\"qbutton  small default button_full\" style=\"\">EASY OPEN<\/a>[vc_empty_space][\/vc_column][\/vc_row][vc_row css_animation=&#8220;&#8220; row_type=&#8220;row&#8220; use_row_as_full_screen_section=&#8220;no&#8220; type=&#8220;full_width&#8220; angled_section=&#8220;no&#8220; text_align=&#8220;left&#8220; background_image_as_pattern=&#8220;without_pattern&#8220;][vc_column][vc_empty_space][\/vc_column][\/vc_row]<\/p>\n","protected":false},"excerpt":{"rendered":"<p>[vc_row css_animation=&#8220;&#8220; row_type=&#8220;row&#8220; use_row_as_full_screen_section=&#8220;no&#8220; type=&#8220;full_width&#8220; angled_section=&#8220;no&#8220; text_align=&#8220;left&#8220; background_image_as_pattern=&#8220;without_pattern&#8220;][vc_column][vc_empty_space][\/vc_column][\/vc_row][vc_row css_animation=&#8220;&#8220; row_type=&#8220;row&#8220; use_row_as_full_screen_section=&#8220;no&#8220; type=&#8220;grid&#8220; angled_section=&#8220;no&#8220; text_align=&#8220;left&#8220; background_image_as_pattern=&#8220;without_pattern&#8220; z_index=&#8220;&#8220;][vc_column width=&#8220;1\/2&#8243;][vc_single_image image=&#8220;473&#8243; img_size=&#8220;full&#8220; alignment=&#8220;center&#8220; qode_css_animation=&#8220;&#8220;][\/vc_column][vc_column width=&#8220;1\/2&#8243;][vc_column_text] THERMOVENTIL [\/vc_column_text][vc_empty_space][vc_column_text]Das Thermoventil ist ein innovativer Ventiltyp, der aus Papier mit mehreren Beschichtungen aus speziellen Materialien hergestellt wird, die sich bei Hitze reaktivieren&#8230;.<\/p>\n","protected":false},"author":1,"featured_media":0,"parent":0,"menu_order":0,"comment_status":"closed","ping_status":"closed","template":"full_width.php","meta":{"footnotes":""},"class_list":["post-444","page","type-page","status-publish","hentry"],"_links":{"self":[{"href":"https:\/\/www.saccarta.it\/de\/wp-json\/wp\/v2\/pages\/444","targetHints":{"allow":["GET"]}}],"collection":[{"href":"https:\/\/www.saccarta.it\/de\/wp-json\/wp\/v2\/pages"}],"about":[{"href":"https:\/\/www.saccarta.it\/de\/wp-json\/wp\/v2\/types\/page"}],"author":[{"embeddable":true,"href":"https:\/\/www.saccarta.it\/de\/wp-json\/wp\/v2\/users\/1"}],"replies":[{"embeddable":true,"href":"https:\/\/www.saccarta.it\/de\/wp-json\/wp\/v2\/comments?post=444"}],"version-history":[{"count":9,"href":"https:\/\/www.saccarta.it\/de\/wp-json\/wp\/v2\/pages\/444\/revisions"}],"predecessor-version":[{"id":907,"href":"https:\/\/www.saccarta.it\/de\/wp-json\/wp\/v2\/pages\/444\/revisions\/907"}],"wp:attachment":[{"href":"https:\/\/www.saccarta.it\/de\/wp-json\/wp\/v2\/media?parent=444"}],"curies":[{"name":"wp","href":"https:\/\/api.w.org\/{rel}","templated":true}]}}