{"id":432,"date":"2021-11-22T18:24:24","date_gmt":"2021-11-22T17:24:24","guid":{"rendered":"https:\/\/www.saccarta.it\/?page_id=432"},"modified":"2023-03-17T15:48:30","modified_gmt":"2023-03-17T14:48:30","slug":"mercati-2","status":"publish","type":"page","link":"https:\/\/www.saccarta.it\/de\/markte\/","title":{"rendered":"M\u00e4rkte"},"content":{"rendered":"<p>[vc_row css_animation=&#8220;&#8220; row_type=&#8220;row&#8220; use_row_as_full_screen_section=&#8220;no&#8220; type=&#8220;full_width&#8220; angled_section=&#8220;no&#8220; text_align=&#8220;left&#8220; background_image_as_pattern=&#8220;without_pattern&#8220;][vc_column][vc_single_image image=&#8220;454&#8243; img_size=&#8220;full&#8220; qode_css_animation=&#8220;&#8220;][\/vc_column][\/vc_row][vc_row css_animation=&#8220;&#8220; row_type=&#8220;row&#8220; use_row_as_full_screen_section=&#8220;no&#8220; type=&#8220;grid&#8220; angled_section=&#8220;no&#8220; text_align=&#8220;left&#8220; background_image_as_pattern=&#8220;without_pattern&#8220; z_index=&#8220;&#8220;][vc_column][vc_empty_space][vc_column_text]<\/p>\n<h2><b>Einsatzbereiche<\/b><\/h2>\n<p>[\/vc_column_text][vc_empty_space height=&#8220;16px&#8220;][vc_column_text]Die M\u00f6glichkeit, alle Arten von Papiers\u00e4cken f\u00fcr die Industrie zu produzieren, in Verbindung mit dem durch die Produktion von Spezials\u00e4cken erworbenen Know-how und der Einf\u00fchrung eines in der Unternehmenskultur verwurzelten Qualit\u00e4tssystems, das den europ\u00e4ischen Normen und Vorschriften voll und ganz entspricht, hat es Saccarta erm\u00f6glicht, seine Pr\u00e4senz in ganz Italien und in einem gro\u00dfen Teil Europas zu etablieren und Tag f\u00fcr Tag eine positive Zusammenarbeit mit Gesch\u00e4ftspartnern zu entwickeln, um den Kauf und die Verwendung von Papiers\u00e4cken in allen Industriesektoren immer effizienter zu gestalten.[\/vc_column_text][\/vc_column][\/vc_row][vc_row css_animation=&#8220;&#8220; row_type=&#8220;row&#8220; use_row_as_full_screen_section=&#8220;no&#8220; type=&#8220;full_width&#8220; angled_section=&#8220;no&#8220; text_align=&#8220;left&#8220; background_image_as_pattern=&#8220;without_pattern&#8220;][vc_column]<div class=\"qode-workflow  qode-workflow-animate\">\n    <span class=\"main-line\" style=\"background-color:#2c7b20;\"><\/span>\n    <div class=\"qode-workflow-item\">\n    <span class=\"line\" style=\"background-color:#2c7b20;\"><\/span>\n    <div class=\"qode-workflow-item-inner \">\n        <div class=\"qode-workflow-image left\">\n            <img loading=\"lazy\" decoding=\"async\" width=\"800\" height=\"1200\" src=\"https:\/\/www.saccarta.it\/wp-content\/uploads\/2021\/11\/saccarta_edilizia.jpg\" class=\"attachment-full size-full\" alt=\"\" srcset=\"https:\/\/www.saccarta.it\/wp-content\/uploads\/2021\/11\/saccarta_edilizia.jpg 800w, https:\/\/www.saccarta.it\/wp-content\/uploads\/2021\/11\/saccarta_edilizia-200x300.jpg 200w, https:\/\/www.saccarta.it\/wp-content\/uploads\/2021\/11\/saccarta_edilizia-683x1024.jpg 683w, https:\/\/www.saccarta.it\/wp-content\/uploads\/2021\/11\/saccarta_edilizia-768x1152.jpg 768w, https:\/\/www.saccarta.it\/wp-content\/uploads\/2021\/11\/saccarta_edilizia-700x1050.jpg 700w\" sizes=\"auto, (max-width: 800px) 100vw, 800px\" \/>        <\/div>\n        <div class=\"qode-workflow-text\">\n            <span class=\"circle\" style=\"border-color:#2c7b20;background-color:#2c7b20;\"><\/span>\n                            <h4>Baustoffe<\/h4>\n                                                    <p class=\"text\">In der Bauindustrie ist Saccarta in der Lage, S\u00e4cke f\u00fcr verschiedene Produkte herzustellen, wie z.B.:<\/p>\n<p>- Zement<br \/>\n- Vormischungen<br \/>\n- Hydraulische Bindemittel<br \/>\n- Gipse<br \/>\n- Karbonate<\/p>\n<p>Die in diesem Sektor am h\u00e4ufigsten verwendeten S\u00e4cke sind Ventils\u00e4cke, bei denen ein Thermoventil verwendet werden kann, das bei Erhitzung eine bessere F\u00fcllleistung und Dichtigkeit des Sackes garantiert.<\/p>\n<p>Der Tragegriff ist eine zus\u00e4tzliche Besonderheit, die in diesem Bereich h\u00e4ufig f\u00fcr Heimwerkerprodukte verwendet wird: er wird auf dem Boden des Sackes angebracht und erm\u00f6glicht eine Lade- und Tragekapazit\u00e4t von etwa 10\/15 kg.<\/p>\n                    <\/div>\n    <\/div>\n<\/div><div class=\"qode-workflow-item\">\n    <span class=\"line\" style=\"background-color:#2c7b20;\"><\/span>\n    <div class=\"qode-workflow-item-inner reverse\">\n        <div class=\"qode-workflow-image right\">\n            <img loading=\"lazy\" decoding=\"async\" width=\"800\" height=\"1200\" src=\"https:\/\/www.saccarta.it\/wp-content\/uploads\/2021\/11\/saccarta_alimenti.jpg\" class=\"attachment-full size-full\" alt=\"\" srcset=\"https:\/\/www.saccarta.it\/wp-content\/uploads\/2021\/11\/saccarta_alimenti.jpg 800w, https:\/\/www.saccarta.it\/wp-content\/uploads\/2021\/11\/saccarta_alimenti-200x300.jpg 200w, https:\/\/www.saccarta.it\/wp-content\/uploads\/2021\/11\/saccarta_alimenti-683x1024.jpg 683w, https:\/\/www.saccarta.it\/wp-content\/uploads\/2021\/11\/saccarta_alimenti-768x1152.jpg 768w, https:\/\/www.saccarta.it\/wp-content\/uploads\/2021\/11\/saccarta_alimenti-700x1050.jpg 700w\" sizes=\"auto, (max-width: 800px) 100vw, 800px\" \/>        <\/div>\n        <div class=\"qode-workflow-text\">\n            <span class=\"circle\" style=\"border-color:#2c7b20;background-color:#2c7b20;\"><\/span>\n                            <h4>Lebensmittel<\/h4>\n                                                    <p class=\"text\">F\u00fcr Lebensmittel ist Saccarta in der Lage, S\u00e4cke f\u00fcr verschiedene Produkte herzustellen, wie z.B.:<\/p>\n<p>- Mehl<br \/>\n- Milchpulver<br \/>\n- B\u00e4ckereiprodukte<br \/>\n- Gew\u00fcrze<br \/>\n- Zucker<\/p>\n<p>Alle unsere S\u00e4cke sind gem\u00e4\u00df den geltenden europ\u00e4ischen Vorschriften f\u00fcr den Kontakt mit Lebensmitteln zertifiziert.<\/p>\n<p>In diesem Sektor werden am h\u00e4ufigsten Kreuzbodens\u00e4cke - auch mit Schlauch-PE - verwendet, (besonders geeignet f\u00fcr Lebensmittel wie Milchpulver), au\u00dferdem Pinch Bottom S\u00e4cke mit Hotmelt-Verschluss und Ventils\u00e4cke (oft mit Thermo Ventil).<\/p>\n                    <\/div>\n    <\/div>\n<\/div><div class=\"qode-workflow-item\">\n    <span class=\"line\" style=\"background-color:#2c7b20;\"><\/span>\n    <div class=\"qode-workflow-item-inner \">\n        <div class=\"qode-workflow-image left\">\n            <img loading=\"lazy\" decoding=\"async\" width=\"800\" height=\"1200\" src=\"https:\/\/www.saccarta.it\/wp-content\/uploads\/2021\/11\/saccarta_chimica.jpg\" class=\"attachment-full size-full\" alt=\"\" srcset=\"https:\/\/www.saccarta.it\/wp-content\/uploads\/2021\/11\/saccarta_chimica.jpg 800w, https:\/\/www.saccarta.it\/wp-content\/uploads\/2021\/11\/saccarta_chimica-200x300.jpg 200w, https:\/\/www.saccarta.it\/wp-content\/uploads\/2021\/11\/saccarta_chimica-683x1024.jpg 683w, https:\/\/www.saccarta.it\/wp-content\/uploads\/2021\/11\/saccarta_chimica-768x1152.jpg 768w, https:\/\/www.saccarta.it\/wp-content\/uploads\/2021\/11\/saccarta_chimica-700x1050.jpg 700w\" sizes=\"auto, (max-width: 800px) 100vw, 800px\" \/>        <\/div>\n        <div class=\"qode-workflow-text\">\n            <span class=\"circle\" style=\"border-color:#2c7b20;background-color:#2c7b20;\"><\/span>\n                            <h4>Chemische Produkte<\/h4>\n                                                    <p class=\"text\">Im Bereich der chemischen Industrie stellt Saccarta S\u00e4cke f\u00fcr die Verpackung von Chemikalien her:<\/p>\n<p>- Chemikalien in Pulverform<br \/>\n- Polymere<br \/>\n- Klebstoffe<br \/>\n- Pigmente<br \/>\n- Reinigungsmittel<br \/>\n- Pharmazeutika<\/p>\n<p>In diesem Sektor ist das Angebot an Produkten sehr breit gef\u00e4chert. Die am h\u00e4ufigsten verwendeten S\u00e4cke sind S\u00e4cke mit Thermoventil, Kreuzbodens\u00e4cke oder Pinch Bottom S\u00e4cke, diese auch mit Polyethylenschl\u00e4uchen oder Alu-Beschichtung , um so das Sackgut besser zu sch\u00fctzen.<\/p>\n<p>Bei Bedarf bieten wir f\u00fcr Gefahrgut auch die M\u00f6glichkeit, den Sack mit UN IMDG\/ADR\/RID-Zulassung in voller \u00dcbereinstimmung mit den geltenden europ\u00e4ischen Vorschriften zu versehen.<\/p>\n                    <\/div>\n    <\/div>\n<\/div><div class=\"qode-workflow-item\">\n    <span class=\"line\" style=\"background-color:#2c7b20;\"><\/span>\n    <div class=\"qode-workflow-item-inner reverse\">\n        <div class=\"qode-workflow-image right\">\n            <img loading=\"lazy\" decoding=\"async\" width=\"800\" height=\"1200\" src=\"https:\/\/www.saccarta.it\/wp-content\/uploads\/2021\/11\/saccarta_margimi.jpg\" class=\"attachment-full size-full\" alt=\"\" srcset=\"https:\/\/www.saccarta.it\/wp-content\/uploads\/2021\/11\/saccarta_margimi.jpg 800w, https:\/\/www.saccarta.it\/wp-content\/uploads\/2021\/11\/saccarta_margimi-200x300.jpg 200w, https:\/\/www.saccarta.it\/wp-content\/uploads\/2021\/11\/saccarta_margimi-683x1024.jpg 683w, https:\/\/www.saccarta.it\/wp-content\/uploads\/2021\/11\/saccarta_margimi-768x1152.jpg 768w, https:\/\/www.saccarta.it\/wp-content\/uploads\/2021\/11\/saccarta_margimi-700x1050.jpg 700w\" sizes=\"auto, (max-width: 800px) 100vw, 800px\" \/>        <\/div>\n        <div class=\"qode-workflow-text\">\n            <span class=\"circle\" style=\"border-color:#2c7b20;background-color:#2c7b20;\"><\/span>\n                            <h4>Futtermittel<\/h4>\n                                                    <p class=\"text\">Im Bereich Futtermittel verf\u00fcgt Saccarta \u00fcber Erfahrung in der Herstellung von S\u00e4cken f\u00fcr verschiedene Arten von Produkten:<\/p>\n<p>- Tierfutter<br \/>\n- Erg\u00e4nzungen<br \/>\n- Vitamine<br \/>\n- Tierarzneimittel<\/p>\n<p>Alle unsere S\u00e4cke sind gem\u00e4\u00df den geltenden europ\u00e4ischen Vorschriften f\u00fcr den Kontakt mit Lebensmitteln zertifiziert.<\/p>\n<p>Die am h\u00e4ufigsten verwendeten S\u00e4cke in diesem Bereich sind die Kreuzbodens\u00e4cke, denen die PE-Fensterspezialit\u00e4t (patentiert von Saccarta) hinzugef\u00fcgt werden kann, die einen Blick auf das verpackte Produkt erm\u00f6glicht, und die Pinch Bottom S\u00e4cke mit Hot-Melt.<\/p>\n                    <\/div>\n    <\/div>\n<\/div><div class=\"qode-workflow-item\">\n    <span class=\"line\" style=\"background-color:#2c7b20;\"><\/span>\n    <div class=\"qode-workflow-item-inner \">\n        <div class=\"qode-workflow-image left\">\n            <img loading=\"lazy\" decoding=\"async\" width=\"800\" height=\"1200\" src=\"https:\/\/www.saccarta.it\/wp-content\/uploads\/2021\/11\/saccarta_sementi.jpg\" class=\"attachment-full size-full\" alt=\"\" srcset=\"https:\/\/www.saccarta.it\/wp-content\/uploads\/2021\/11\/saccarta_sementi.jpg 800w, https:\/\/www.saccarta.it\/wp-content\/uploads\/2021\/11\/saccarta_sementi-200x300.jpg 200w, https:\/\/www.saccarta.it\/wp-content\/uploads\/2021\/11\/saccarta_sementi-683x1024.jpg 683w, https:\/\/www.saccarta.it\/wp-content\/uploads\/2021\/11\/saccarta_sementi-768x1152.jpg 768w, https:\/\/www.saccarta.it\/wp-content\/uploads\/2021\/11\/saccarta_sementi-700x1050.jpg 700w\" sizes=\"auto, (max-width: 800px) 100vw, 800px\" \/>        <\/div>\n        <div class=\"qode-workflow-text\">\n            <span class=\"circle\" style=\"border-color:#2c7b20;background-color:#2c7b20;\"><\/span>\n                            <h4>Saatgut<\/h4>\n                                                    <p class=\"text\">Im Bereich Saatgut und D\u00fcngemittel produziert Saccarta S\u00e4cke f\u00fcr die Verpackung von:<\/p>\n<p>- Mais<br \/>\n- Sojabohnen<br \/>\n- Sonnenblumen<br \/>\n- D\u00fcngemitteln<\/p>\n<p>Am h\u00e4ufigsten werden Kreuzboden- und Ventils\u00e4cke verwendet.<\/p>\n<p>In beiden F\u00e4llen kann Easy-Open eingebaut werden: eine spezielle Konstruktion des \u00e4u\u00dferen Bodens erm\u00f6glicht es, den Sack leicht zu \u00f6ffnen und den Inhalt schnell und ohne Kontaminationsrisiko freizugeben. In diesem Bereich werden auch h\u00e4ufig S\u00e4cke mit Fenster eingesetzt<\/p>\n                    <\/div>\n    <\/div>\n<\/div><div class=\"qode-workflow-item\">\n    <span class=\"line\" style=\"\"><\/span>\n    <div class=\"qode-workflow-item-inner \">\n        <div class=\"qode-workflow-image center\">\n                    <\/div>\n        <div class=\"qode-workflow-text\">\n            <span class=\"circle\" style=\"\"><\/span>\n                                            <\/div>\n    <\/div>\n<\/div><\/div>[\/vc_column][\/vc_row]<\/p>\n","protected":false},"excerpt":{"rendered":"<p>[vc_row css_animation=&#8220;&#8220; row_type=&#8220;row&#8220; use_row_as_full_screen_section=&#8220;no&#8220; type=&#8220;full_width&#8220; angled_section=&#8220;no&#8220; text_align=&#8220;left&#8220; background_image_as_pattern=&#8220;without_pattern&#8220;][vc_column][vc_single_image image=&#8220;454&#8243; img_size=&#8220;full&#8220; qode_css_animation=&#8220;&#8220;][\/vc_column][\/vc_row][vc_row css_animation=&#8220;&#8220; row_type=&#8220;row&#8220; use_row_as_full_screen_section=&#8220;no&#8220; type=&#8220;grid&#8220; angled_section=&#8220;no&#8220; text_align=&#8220;left&#8220; background_image_as_pattern=&#8220;without_pattern&#8220; z_index=&#8220;&#8220;][vc_column][vc_empty_space][vc_column_text] Einsatzbereiche [\/vc_column_text][vc_empty_space height=&#8220;16px&#8220;][vc_column_text]Die M\u00f6glichkeit, alle Arten von Papiers\u00e4cken f\u00fcr die Industrie zu produzieren, in Verbindung mit dem durch die Produktion von Spezials\u00e4cken erworbenen Know-how und der&#8230;<\/p>\n","protected":false},"author":1,"featured_media":0,"parent":0,"menu_order":0,"comment_status":"closed","ping_status":"closed","template":"full_width.php","meta":{"footnotes":""},"class_list":["post-432","page","type-page","status-publish","hentry"],"_links":{"self":[{"href":"https:\/\/www.saccarta.it\/de\/wp-json\/wp\/v2\/pages\/432","targetHints":{"allow":["GET"]}}],"collection":[{"href":"https:\/\/www.saccarta.it\/de\/wp-json\/wp\/v2\/pages"}],"about":[{"href":"https:\/\/www.saccarta.it\/de\/wp-json\/wp\/v2\/types\/page"}],"author":[{"embeddable":true,"href":"https:\/\/www.saccarta.it\/de\/wp-json\/wp\/v2\/users\/1"}],"replies":[{"embeddable":true,"href":"https:\/\/www.saccarta.it\/de\/wp-json\/wp\/v2\/comments?post=432"}],"version-history":[{"count":7,"href":"https:\/\/www.saccarta.it\/de\/wp-json\/wp\/v2\/pages\/432\/revisions"}],"predecessor-version":[{"id":886,"href":"https:\/\/www.saccarta.it\/de\/wp-json\/wp\/v2\/pages\/432\/revisions\/886"}],"wp:attachment":[{"href":"https:\/\/www.saccarta.it\/de\/wp-json\/wp\/v2\/media?parent=432"}],"curies":[{"name":"wp","href":"https:\/\/api.w.org\/{rel}","templated":true}]}}