{"id":425,"date":"2021-11-20T18:40:15","date_gmt":"2021-11-20T17:40:15","guid":{"rendered":"https:\/\/www.saccarta.it\/?page_id=425"},"modified":"2023-03-27T19:40:09","modified_gmt":"2023-03-27T17:40:09","slug":"sacchi-a-bocca-aperta-2","status":"publish","type":"page","link":"https:\/\/www.saccarta.it\/de\/tragegriff\/","title":{"rendered":"TRAGEGRIFF"},"content":{"rendered":"<p>[vc_row css_animation=&#8220;&#8220; row_type=&#8220;row&#8220; use_row_as_full_screen_section=&#8220;no&#8220; type=&#8220;full_width&#8220; angled_section=&#8220;no&#8220; text_align=&#8220;left&#8220; background_image_as_pattern=&#8220;without_pattern&#8220;][vc_column][vc_empty_space][\/vc_column][\/vc_row][vc_row css_animation=&#8220;&#8220; row_type=&#8220;row&#8220; use_row_as_full_screen_section=&#8220;no&#8220; type=&#8220;grid&#8220; angled_section=&#8220;no&#8220; text_align=&#8220;left&#8220; background_image_as_pattern=&#8220;without_pattern&#8220; z_index=&#8220;&#8220;][vc_column width=&#8220;1\/2&#8243;][vc_single_image image=&#8220;421&#8243; img_size=&#8220;full&#8220; alignment=&#8220;center&#8220; qode_css_animation=&#8220;&#8220;][\/vc_column][vc_column width=&#8220;1\/2&#8243;][vc_column_text]<\/p>\n<h2 style=\"text-align: left;\">TRAGEGRIFF<\/h2>\n<p>[\/vc_column_text][vc_empty_space][vc_column_text]Der Tragegriff kann sowohl in\u00a0 Kreuzbodens\u00e4cken als auch in Ventils\u00e4cken eingef\u00fchrt werden. Er ist aus hochresistenten Spezialmaterialien gefertigt, die eine Belastungsf\u00e4higkeit von ca. 10\/15 kg erm\u00f6glichen.<\/p>\n<p>&nbsp;<\/p>\n<p>Er ist geeignet f\u00fcr kleine und mittlere S\u00e4cke, die f\u00fcr Do-it-yourself-Aktivit\u00e4ten bestimmt sind.[\/vc_column_text][vc_empty_space]<a  itemprop=\"url\" href=\"https:\/\/www.saccarta.it\/de\/produkte\/\" target=\"_self\"  class=\"qbutton  small default\" style=\"\">ZUR\u00dcCK ZU DEN PRODUKTEN<\/a>[\/vc_column][\/vc_row][vc_row css_animation=&#8220;&#8220; row_type=&#8220;row&#8220; use_row_as_full_screen_section=&#8220;no&#8220; type=&#8220;full_width&#8220; angled_section=&#8220;no&#8220; text_align=&#8220;left&#8220; background_image_as_pattern=&#8220;without_pattern&#8220;][vc_column][vc_empty_space][\/vc_column][\/vc_row][vc_row css_animation=&#8220;&#8220; row_type=&#8220;row&#8220; use_row_as_full_screen_section=&#8220;no&#8220; type=&#8220;grid&#8220; angled_section=&#8220;no&#8220; text_align=&#8220;left&#8220; background_image_as_pattern=&#8220;without_pattern&#8220; z_index=&#8220;&#8220; css=&#8220;.vc_custom_1637620829695{margin-top: 30px !important;padding-top: 20px !important;background-color: #ffffff !important;}&#8220;][vc_column][vc_column_text]<\/p>\n<h4 style=\"text-align: center;\">Entdecken Sie die anderen Spezialit\u00e4ten<\/h4>\n<p>[\/vc_column_text][vc_separator type=&#8220;normal&#8220;][\/vc_column][\/vc_row][vc_row css_animation=&#8220;&#8220; row_type=&#8220;row&#8220; use_row_as_full_screen_section=&#8220;no&#8220; type=&#8220;grid&#8220; angled_section=&#8220;no&#8220; text_align=&#8220;center&#8220; background_image_as_pattern=&#8220;without_pattern&#8220; z_index=&#8220;&#8220; css=&#8220;.vc_custom_1637620499422{background-color: #ffffff !important;}&#8220;][vc_column width=&#8220;1\/5&#8243;][vc_single_image image=&#8220;420&#8243; img_size=&#8220;full&#8220; alignment=&#8220;center&#8220; onclick=&#8220;custom_link&#8220; qode_css_animation=&#8220;&#8220; link=&#8220;https:\/\/www.saccarta.it\/de\/sacke-mit-beschichtetem-papier\/&#8220;][vc_empty_space]<a  itemprop=\"url\" href=\"https:\/\/www.saccarta.it\/de\/sacke-mit-beschichtetem-papier\/\" target=\"_self\"  class=\"qbutton  small default button_full\" style=\"\">S\u00e4cke mit beschichtetem Papier<\/a>[vc_empty_space][\/vc_column][vc_column width=&#8220;1\/5&#8243;][vc_single_image image=&#8220;419&#8243; img_size=&#8220;full&#8220; alignment=&#8220;center&#8220; onclick=&#8220;custom_link&#8220; qode_css_animation=&#8220;&#8220; link=&#8220;https:\/\/www.saccarta.it\/de\/sacke-mit-schlauch-pe\/&#8220;][vc_empty_space]<a  itemprop=\"url\" href=\"https:\/\/www.saccarta.it\/de\/sacke-mit-schlauch-pe\/\" target=\"_self\"  class=\"qbutton  small default button_full\" style=\"\">S\u00e4cke mit Schlauch PE<\/a>[vc_empty_space][\/vc_column][vc_column width=&#8220;1\/5&#8243;][vc_single_image image=&#8220;473&#8243; img_size=&#8220;full&#8220; alignment=&#8220;center&#8220; onclick=&#8220;custom_link&#8220; qode_css_animation=&#8220;&#8220; link=&#8220;https:\/\/www.saccarta.it\/de\/thermoventil\/&#8220;][vc_empty_space]<a  itemprop=\"url\" href=\"https:\/\/www.saccarta.it\/de\/thermoventil\/\" target=\"_self\"  class=\"qbutton  small default button_full\" style=\"\">Thermoventil<\/a>[vc_empty_space][\/vc_column][vc_column width=&#8220;1\/5&#8243;][vc_single_image image=&#8220;474&#8243; img_size=&#8220;full&#8220; alignment=&#8220;center&#8220; onclick=&#8220;custom_link&#8220; qode_css_animation=&#8220;&#8220; link=&#8220;https:\/\/www.saccarta.it\/de\/fenster\/&#8220;][vc_empty_space]<a  itemprop=\"url\" href=\"https:\/\/www.saccarta.it\/de\/fenster\/\" target=\"_self\"  class=\"qbutton  small default button_full\" style=\"\">FENSTER<\/a>[vc_empty_space][\/vc_column][vc_column width=&#8220;1\/5&#8243;][vc_single_image image=&#8220;475&#8243; img_size=&#8220;full&#8220; alignment=&#8220;center&#8220; onclick=&#8220;custom_link&#8220; qode_css_animation=&#8220;&#8220; link=&#8220;https:\/\/www.saccarta.it\/de\/easy-open\/&#8220;][vc_empty_space]<a  itemprop=\"url\" href=\"https:\/\/www.saccarta.it\/de\/easy-open\/\" target=\"_self\"  class=\"qbutton  small default button_full\" style=\"\">EASY OPEN<\/a>[vc_empty_space][\/vc_column][\/vc_row][vc_row css_animation=&#8220;&#8220; row_type=&#8220;row&#8220; use_row_as_full_screen_section=&#8220;no&#8220; type=&#8220;full_width&#8220; angled_section=&#8220;no&#8220; text_align=&#8220;left&#8220; background_image_as_pattern=&#8220;without_pattern&#8220;][vc_column][vc_empty_space][\/vc_column][\/vc_row]<\/p>\n","protected":false},"excerpt":{"rendered":"<p>[vc_row css_animation=&#8220;&#8220; row_type=&#8220;row&#8220; use_row_as_full_screen_section=&#8220;no&#8220; type=&#8220;full_width&#8220; angled_section=&#8220;no&#8220; text_align=&#8220;left&#8220; background_image_as_pattern=&#8220;without_pattern&#8220;][vc_column][vc_empty_space][\/vc_column][\/vc_row][vc_row css_animation=&#8220;&#8220; row_type=&#8220;row&#8220; use_row_as_full_screen_section=&#8220;no&#8220; type=&#8220;grid&#8220; angled_section=&#8220;no&#8220; text_align=&#8220;left&#8220; background_image_as_pattern=&#8220;without_pattern&#8220; z_index=&#8220;&#8220;][vc_column width=&#8220;1\/2&#8243;][vc_single_image image=&#8220;421&#8243; img_size=&#8220;full&#8220; alignment=&#8220;center&#8220; qode_css_animation=&#8220;&#8220;][\/vc_column][vc_column width=&#8220;1\/2&#8243;][vc_column_text] TRAGEGRIFF [\/vc_column_text][vc_empty_space][vc_column_text]Der Tragegriff kann sowohl in\u00a0 Kreuzbodens\u00e4cken als auch in Ventils\u00e4cken eingef\u00fchrt werden. Er ist aus hochresistenten Spezialmaterialien gefertigt, die eine Belastungsf\u00e4higkeit von&#8230;<\/p>\n","protected":false},"author":1,"featured_media":0,"parent":0,"menu_order":0,"comment_status":"closed","ping_status":"closed","template":"full_width.php","meta":{"footnotes":""},"class_list":["post-425","page","type-page","status-publish","hentry"],"_links":{"self":[{"href":"https:\/\/www.saccarta.it\/de\/wp-json\/wp\/v2\/pages\/425","targetHints":{"allow":["GET"]}}],"collection":[{"href":"https:\/\/www.saccarta.it\/de\/wp-json\/wp\/v2\/pages"}],"about":[{"href":"https:\/\/www.saccarta.it\/de\/wp-json\/wp\/v2\/types\/page"}],"author":[{"embeddable":true,"href":"https:\/\/www.saccarta.it\/de\/wp-json\/wp\/v2\/users\/1"}],"replies":[{"embeddable":true,"href":"https:\/\/www.saccarta.it\/de\/wp-json\/wp\/v2\/comments?post=425"}],"version-history":[{"count":13,"href":"https:\/\/www.saccarta.it\/de\/wp-json\/wp\/v2\/pages\/425\/revisions"}],"predecessor-version":[{"id":909,"href":"https:\/\/www.saccarta.it\/de\/wp-json\/wp\/v2\/pages\/425\/revisions\/909"}],"wp:attachment":[{"href":"https:\/\/www.saccarta.it\/de\/wp-json\/wp\/v2\/media?parent=425"}],"curies":[{"name":"wp","href":"https:\/\/api.w.org\/{rel}","templated":true}]}}