{"id":423,"date":"2021-11-20T18:28:43","date_gmt":"2021-11-20T17:28:43","guid":{"rendered":"https:\/\/www.saccarta.it\/?page_id=423"},"modified":"2023-03-27T20:16:19","modified_gmt":"2023-03-27T18:16:19","slug":"sacchi-pinch","status":"publish","type":"page","link":"https:\/\/www.saccarta.it\/de\/pinch-bottom-sacke\/","title":{"rendered":"Pinch Bottom S\u00e4cke"},"content":{"rendered":"<p>[vc_row css_animation=&#8220;&#8220; row_type=&#8220;row&#8220; use_row_as_full_screen_section=&#8220;no&#8220; type=&#8220;full_width&#8220; angled_section=&#8220;no&#8220; text_align=&#8220;left&#8220; background_image_as_pattern=&#8220;without_pattern&#8220;][vc_column][vc_empty_space][\/vc_column][\/vc_row][vc_row css_animation=&#8220;&#8220; row_type=&#8220;row&#8220; use_row_as_full_screen_section=&#8220;no&#8220; type=&#8220;grid&#8220; angled_section=&#8220;no&#8220; text_align=&#8220;left&#8220; background_image_as_pattern=&#8220;without_pattern&#8220; z_index=&#8220;&#8220;][vc_column width=&#8220;1\/2&#8243;][vc_column_text]<\/p>\n<h2 style=\"text-align: center;\">PINCH BOTTOM S\u00c4CKE<\/h2>\n<p>[\/vc_column_text][vc_empty_space][vc_single_image image=&#8220;413&#8243; img_size=&#8220;full&#8220; alignment=&#8220;center&#8220; qode_css_animation=&#8220;&#8220;][\/vc_column][vc_column width=&#8220;1\/2&#8243;][vc_empty_space][vc_tabs style=&#8220;boxed&#8220;][vc_tab title=&#8220;PRODUKT&#8220; tab_id=&#8220;c5b211a2-5995-5&#8243;][vc_column_text]Ob mit oder ohne Seitenfalten, Pinch Bottom S\u00e4cke sind die logische Weiterentwicklung des gen\u00e4hten Sackes mit erheblichen technischen und \u00e4sthetischen Verbesserungen. Der gef\u00fcllte Sack hat eine quadratische Form mit einem stabilen Boden, der eine hervorragende Palettierung und eine wirkungsvolle Produktpr\u00e4sentation erm\u00f6glicht.<\/p>\n<p>F\u00fcr einen besseren Produktschutz und eine maximale W\u00e4rmed\u00e4mmung steht eine breite Palette von Barrierematerialien zur Verf\u00fcgung (z. B. Polyethylenpapier, beschichtete Folie oder Polyethylenfolie zwischen den Papierschichten).[\/vc_column_text][\/vc_tab][vc_tab title=&#8220;AUSF\u00dcHRUNGEN&#8220; tab_id=&#8220;dafd6ee0-7cda-5&#8243;][vc_column_text]- Hot-Melt: Sie wird an der Sack\u00f6ffnung angebracht und kann nach dem Bef\u00fcllen hei\u00df verschmolzen werden, wodurch der Sack hermetisch verschlossen werden kann.<\/p>\n<p>&nbsp;<\/p>\n<p>&#8211; hermetischer Bodenverschluss: diagonale Versiegelung der Ecken und des Bodens, um eine bessere Bef\u00fcllung und Palettierung des Sackes zu erm\u00f6glichen.<\/p>\n<p>&nbsp;<\/p>\n<p>&#8211; Easy Open: Durch eine spezielle Konstruktion des \u00e4u\u00dferen Bodens l\u00e4sst sich der Sack leicht \u00f6ffnen und der Inhalt schnell herausnehmen.[\/vc_column_text][\/vc_tab][vc_tab title=&#8220;TECHNISCHEDATEN&#8220; tab_id=&#8220;1636493297184-2-1&#8243;][vc_column_text]Breite: 23 bis 60 cm<\/p>\n<p>L\u00e4nge: 44 bis 127 cm<\/p>\n<p>Seitenfalte: 2.5 bis 11 cm<\/p>\n<p>Anzahl der Lagen: 1 bis 4 Lagen aus Papier oder beschichteten Materialien[\/vc_column_text][\/vc_tab][\/vc_tabs][vc_empty_space]<a  itemprop=\"url\" href=\"https:\/\/www.saccarta.it\/de\/produkte\/\" target=\"_self\"  class=\"qbutton  small default\" style=\"\">ZUR\u00dcCK ZU DEN PRODUKTEN<\/a>[\/vc_column][\/vc_row][vc_row css_animation=&#8220;&#8220; row_type=&#8220;row&#8220; use_row_as_full_screen_section=&#8220;no&#8220; type=&#8220;full_width&#8220; angled_section=&#8220;no&#8220; text_align=&#8220;left&#8220; background_image_as_pattern=&#8220;without_pattern&#8220;][vc_column][vc_empty_space][\/vc_column][\/vc_row][vc_row css_animation=&#8220;&#8220; row_type=&#8220;row&#8220; use_row_as_full_screen_section=&#8220;no&#8220; type=&#8220;grid&#8220; angled_section=&#8220;no&#8220; text_align=&#8220;left&#8220; background_image_as_pattern=&#8220;without_pattern&#8220; z_index=&#8220;&#8220; css=&#8220;.vc_custom_1637081587230{margin-top: 30px !important;background-color: #ffffff !important;}&#8220;][vc_column width=&#8220;1\/6&#8243;][\/vc_column][vc_column width=&#8220;2\/3&#8243;][vc_empty_space][vc_column_text]<\/p>\n<h4 style=\"text-align: center;\">ANDERE PRODUKTE<\/h4>\n<p>[\/vc_column_text][vc_separator type=&#8220;normal&#8220;][vc_row_inner row_type=&#8220;row&#8220; type=&#8220;full_width&#8220; text_align=&#8220;center&#8220; css_animation=&#8220;&#8220;][vc_column_inner width=&#8220;1\/3&#8243;][vc_single_image image=&#8220;476&#8243; img_size=&#8220;full&#8220; alignment=&#8220;center&#8220; onclick=&#8220;custom_link&#8220; qode_css_animation=&#8220;&#8220; link=&#8220;https:\/\/www.saccarta.it\/de\/kreuzbodensacke\/&#8220;][vc_empty_space]<a  itemprop=\"url\" href=\"https:\/\/www.saccarta.it\/de\/kreuzbodensacke\/\" target=\"_self\"  class=\"qbutton  small default button_full\" style=\"\">KREUZBODENS\u00c4CKE<\/a>[vc_empty_space][\/vc_column_inner][vc_column_inner width=&#8220;1\/3&#8243;][vc_single_image image=&#8220;542&#8243; img_size=&#8220;full&#8220; alignment=&#8220;center&#8220; onclick=&#8220;custom_link&#8220; qode_css_animation=&#8220;&#8220; link=&#8220;https:\/\/www.saccarta.it\/de\/ventilsacke\/&#8220;][vc_empty_space]<a  itemprop=\"url\" href=\"https:\/\/www.saccarta.it\/de\/ventilsacke\/\" target=\"_self\"  class=\"qbutton  small default button_full\" style=\"\">VENTILS\u00c4CKE<\/a>[vc_empty_space][\/vc_column_inner][vc_column_inner width=&#8220;1\/3&#8243;][vc_single_image image=&#8220;477&#8243; img_size=&#8220;full&#8220; alignment=&#8220;center&#8220; onclick=&#8220;custom_link&#8220; qode_css_animation=&#8220;&#8220; link=&#8220;https:\/\/www.saccarta.it\/de\/genahte-sacke\/&#8220;][vc_empty_space]<a  itemprop=\"url\" href=\"https:\/\/www.saccarta.it\/de\/genahte-sacke\/\" target=\"_self\"  class=\"qbutton  small default button_full\" style=\"\">GEN\u00c4HTE S\u00c4CKE<\/a>[vc_empty_space][\/vc_column_inner][\/vc_row_inner][\/vc_column][vc_column width=&#8220;1\/6&#8243;][\/vc_column][\/vc_row][vc_row css_animation=&#8220;&#8220; row_type=&#8220;row&#8220; use_row_as_full_screen_section=&#8220;no&#8220; type=&#8220;full_width&#8220; angled_section=&#8220;no&#8220; text_align=&#8220;left&#8220; background_image_as_pattern=&#8220;without_pattern&#8220;][vc_column][vc_empty_space][\/vc_column][\/vc_row]<\/p>\n","protected":false},"excerpt":{"rendered":"<p>[vc_row css_animation=&#8220;&#8220; row_type=&#8220;row&#8220; use_row_as_full_screen_section=&#8220;no&#8220; type=&#8220;full_width&#8220; angled_section=&#8220;no&#8220; text_align=&#8220;left&#8220; background_image_as_pattern=&#8220;without_pattern&#8220;][vc_column][vc_empty_space][\/vc_column][\/vc_row][vc_row css_animation=&#8220;&#8220; row_type=&#8220;row&#8220; use_row_as_full_screen_section=&#8220;no&#8220; type=&#8220;grid&#8220; angled_section=&#8220;no&#8220; text_align=&#8220;left&#8220; background_image_as_pattern=&#8220;without_pattern&#8220; z_index=&#8220;&#8220;][vc_column width=&#8220;1\/2&#8243;][vc_column_text] PINCH BOTTOM S\u00c4CKE [\/vc_column_text][vc_empty_space][vc_single_image image=&#8220;413&#8243; img_size=&#8220;full&#8220; alignment=&#8220;center&#8220; qode_css_animation=&#8220;&#8220;][\/vc_column][vc_column width=&#8220;1\/2&#8243;][vc_empty_space][vc_tabs style=&#8220;boxed&#8220;][vc_tab title=&#8220;PRODUKT&#8220; tab_id=&#8220;c5b211a2-5995-5&#8243;][vc_column_text]Ob mit oder ohne Seitenfalten, Pinch Bottom S\u00e4cke sind die logische Weiterentwicklung des gen\u00e4hten Sackes mit erheblichen&#8230;<\/p>\n","protected":false},"author":1,"featured_media":0,"parent":0,"menu_order":0,"comment_status":"closed","ping_status":"closed","template":"full_width.php","meta":{"footnotes":""},"class_list":["post-423","page","type-page","status-publish","hentry"],"_links":{"self":[{"href":"https:\/\/www.saccarta.it\/de\/wp-json\/wp\/v2\/pages\/423","targetHints":{"allow":["GET"]}}],"collection":[{"href":"https:\/\/www.saccarta.it\/de\/wp-json\/wp\/v2\/pages"}],"about":[{"href":"https:\/\/www.saccarta.it\/de\/wp-json\/wp\/v2\/types\/page"}],"author":[{"embeddable":true,"href":"https:\/\/www.saccarta.it\/de\/wp-json\/wp\/v2\/users\/1"}],"replies":[{"embeddable":true,"href":"https:\/\/www.saccarta.it\/de\/wp-json\/wp\/v2\/comments?post=423"}],"version-history":[{"count":17,"href":"https:\/\/www.saccarta.it\/de\/wp-json\/wp\/v2\/pages\/423\/revisions"}],"predecessor-version":[{"id":916,"href":"https:\/\/www.saccarta.it\/de\/wp-json\/wp\/v2\/pages\/423\/revisions\/916"}],"wp:attachment":[{"href":"https:\/\/www.saccarta.it\/de\/wp-json\/wp\/v2\/media?parent=423"}],"curies":[{"name":"wp","href":"https:\/\/api.w.org\/{rel}","templated":true}]}}