{"id":422,"date":"2021-11-20T18:24:36","date_gmt":"2021-11-20T17:24:36","guid":{"rendered":"https:\/\/www.saccarta.it\/?page_id=422"},"modified":"2023-03-27T20:04:25","modified_gmt":"2023-03-27T18:04:25","slug":"sacchi-a-bocca-aperta","status":"publish","type":"page","link":"https:\/\/www.saccarta.it\/de\/kreuzbodensacke\/","title":{"rendered":"Kreuzbodens\u00e4cke"},"content":{"rendered":"<p>[vc_row css_animation=&#8220;&#8220; row_type=&#8220;row&#8220; use_row_as_full_screen_section=&#8220;no&#8220; type=&#8220;full_width&#8220; angled_section=&#8220;no&#8220; text_align=&#8220;left&#8220; background_image_as_pattern=&#8220;without_pattern&#8220;][vc_column][vc_empty_space][\/vc_column][\/vc_row][vc_row css_animation=&#8220;&#8220; row_type=&#8220;row&#8220; use_row_as_full_screen_section=&#8220;no&#8220; type=&#8220;grid&#8220; angled_section=&#8220;no&#8220; text_align=&#8220;left&#8220; background_image_as_pattern=&#8220;without_pattern&#8220; z_index=&#8220;&#8220;][vc_column width=&#8220;1\/2&#8243;][vc_column_text]<\/p>\n<h2 style=\"text-align: center;\">KREUZBODENS\u00c4CKE<\/h2>\n<p>[\/vc_column_text][vc_empty_space][vc_single_image image=&#8220;476&#8243; img_size=&#8220;full&#8220; alignment=&#8220;center&#8220; qode_css_animation=&#8220;&#8220;][\/vc_column][vc_column width=&#8220;1\/2&#8243;][vc_empty_space][vc_tabs style=&#8220;boxed&#8220;][vc_tab title=&#8220;PRODUKT&#8220; tab_id=&#8220;c5b211a2-5995-5&#8243;][vc_column_text]Dies ist die herk\u00f6mmlichste Art von S\u00e4cken, die in allen Branchen weit verbreitet ist. Wir k\u00f6nnen Kreuzbodens\u00e4cke in Kombination\u00a0 mit PE ,\u00a0 HDPE , LDPE sowie mit schlauchf\u00f6rmigen, metallisierten und\/oder aluminisierten beschichteten\u00a0 Papieren herstellen, um die Barrierewirkung zu verbessern und das Verschwei\u00dfung zu erm\u00f6glichen. Dar\u00fcber hinaus k\u00f6nnen spezielle Papiere (z. B. gegl\u00e4ttete und\u00a0 gestrichene Papiere) verwendet werden, um den Aufdruck besser zur Geltung zu bringen.[\/vc_column_text][\/vc_tab][vc_tab title=&#8220;AUSF\u00dcHRUNGEN&#8220; tab_id=&#8220;dafd6ee0-7cda-5&#8243;][vc_column_text]-Innenboden: verbessert die Abdichtung des Sackes gegen Staub und verhindert das Austreten des Produkts<\/p>\n<p>&nbsp;<\/p>\n<p>&#8211; Easy Open: Durch eine spezielle Konstruktion des \u00e4u\u00dferen Bodens l\u00e4sst sich der Sack leicht \u00f6ffnen und der Inhalt schnell herausnehmen.<\/p>\n<p>&nbsp;<\/p>\n<p>&#8211; Tragegriff: Der \u00e4u\u00dfere Boden kann aus speziellen Materialien hergestellt werden, dadurch kann er als Tragegriff mit einer Belastung von etwa 10\/15 kg verwendet werden.<\/p>\n<p>&nbsp;<\/p>\n<p>&#8211; Fenster: Anbringung eines transparenten Fensters aus Polyethylen (PE), das die Sicht auf das verpackte Produkt erm\u00f6glicht.<\/p>\n<p>&#8211; Z-Falt-System: Einsetzen eines Polyethylen-Schlauches, der am Boden angeschwei\u00dft ist, so dass der Polyethylen-Teil des Sackes l\u00e4nger ist als der Papier-Teil. Dieses System erm\u00f6glicht eine bessere Bef\u00fcllung des Sackes und einen leichteren Verschluss.[\/vc_column_text][\/vc_tab][vc_tab title=&#8220;TECHNISCHEDATEN&#8220; tab_id=&#8220;1636493297184-2-1&#8243;][vc_column_text]Breite: 18 bis 72 cm<\/p>\n<p>Boden: bis 25 cm<\/p>\n<p>L\u00e4nge: 25 bis 130 cm<\/p>\n<p>Anzahl der Lagen : 1 bis 6 Lagen aus Papier oder beschichteten Materialien[\/vc_column_text][\/vc_tab][\/vc_tabs][vc_empty_space]<a  itemprop=\"url\" href=\"https:\/\/www.saccarta.it\/de\/produkte\/\" target=\"_self\"  class=\"qbutton  small default\" style=\"\">Zur\u00fcck zu den Produk<\/a>[\/vc_column][\/vc_row][vc_row css_animation=&#8220;&#8220; row_type=&#8220;row&#8220; use_row_as_full_screen_section=&#8220;no&#8220; type=&#8220;full_width&#8220; angled_section=&#8220;no&#8220; text_align=&#8220;left&#8220; background_image_as_pattern=&#8220;without_pattern&#8220;][vc_column][vc_empty_space][\/vc_column][\/vc_row][vc_row css_animation=&#8220;&#8220; row_type=&#8220;row&#8220; use_row_as_full_screen_section=&#8220;no&#8220; type=&#8220;grid&#8220; angled_section=&#8220;no&#8220; text_align=&#8220;left&#8220; background_image_as_pattern=&#8220;without_pattern&#8220; z_index=&#8220;&#8220; css=&#8220;.vc_custom_1637081587230{margin-top: 30px !important;background-color: #ffffff !important;}&#8220;][vc_column width=&#8220;1\/6&#8243;][\/vc_column][vc_column width=&#8220;2\/3&#8243;][vc_empty_space][vc_column_text]<\/p>\n<h4 style=\"text-align: center;\">ANDERE PRODUKTE<\/h4>\n<p>[\/vc_column_text][vc_separator type=&#8220;normal&#8220;][vc_row_inner row_type=&#8220;row&#8220; type=&#8220;full_width&#8220; text_align=&#8220;center&#8220; css_animation=&#8220;&#8220;][vc_column_inner width=&#8220;1\/3&#8243;][vc_single_image image=&#8220;542&#8243; img_size=&#8220;full&#8220; alignment=&#8220;center&#8220; onclick=&#8220;custom_link&#8220; qode_css_animation=&#8220;&#8220; link=&#8220;https:\/\/www.saccarta.it\/de\/ventilsacke\/&#8220;][vc_empty_space]<a  itemprop=\"url\" href=\"https:\/\/www.saccarta.it\/de\/ventilsacke\/\" target=\"_self\"  class=\"qbutton  small default button_full\" style=\"\">VENTILS\u00c4CKE<\/a>[vc_empty_space][\/vc_column_inner][vc_column_inner width=&#8220;1\/3&#8243;][vc_single_image image=&#8220;413&#8243; img_size=&#8220;full&#8220; alignment=&#8220;center&#8220; onclick=&#8220;custom_link&#8220; qode_css_animation=&#8220;&#8220; link=&#8220;https:\/\/www.saccarta.it\/de\/pinch-bottom-sacke\/&#8220;][vc_empty_space]<a  itemprop=\"url\" href=\"https:\/\/www.saccarta.it\/de\/pinch-bottom-sacke\/\" target=\"_self\"  class=\"qbutton  small default button_full\" style=\"\">Pinch Bottom S\u00e4cke<\/a>[vc_empty_space][\/vc_column_inner][vc_column_inner width=&#8220;1\/3&#8243;][vc_single_image image=&#8220;477&#8243; img_size=&#8220;full&#8220; alignment=&#8220;center&#8220; onclick=&#8220;custom_link&#8220; qode_css_animation=&#8220;&#8220; link=&#8220;https:\/\/www.saccarta.it\/de\/genahte-sacke\/&#8220;][vc_empty_space]<a  itemprop=\"url\" href=\"https:\/\/www.saccarta.it\/de\/genahte-sacke\/\" target=\"_self\"  class=\"qbutton  small default button_full\" style=\"\">GEN\u00c4HTE S\u00c4CKE<\/a>[vc_empty_space][\/vc_column_inner][\/vc_row_inner][\/vc_column][vc_column width=&#8220;1\/6&#8243;][\/vc_column][\/vc_row][vc_row css_animation=&#8220;&#8220; row_type=&#8220;row&#8220; use_row_as_full_screen_section=&#8220;no&#8220; type=&#8220;full_width&#8220; angled_section=&#8220;no&#8220; text_align=&#8220;left&#8220; background_image_as_pattern=&#8220;without_pattern&#8220;][vc_column][vc_empty_space][\/vc_column][\/vc_row]<\/p>\n","protected":false},"excerpt":{"rendered":"<p>[vc_row css_animation=&#8220;&#8220; row_type=&#8220;row&#8220; use_row_as_full_screen_section=&#8220;no&#8220; type=&#8220;full_width&#8220; angled_section=&#8220;no&#8220; text_align=&#8220;left&#8220; background_image_as_pattern=&#8220;without_pattern&#8220;][vc_column][vc_empty_space][\/vc_column][\/vc_row][vc_row css_animation=&#8220;&#8220; row_type=&#8220;row&#8220; use_row_as_full_screen_section=&#8220;no&#8220; type=&#8220;grid&#8220; angled_section=&#8220;no&#8220; text_align=&#8220;left&#8220; background_image_as_pattern=&#8220;without_pattern&#8220; z_index=&#8220;&#8220;][vc_column width=&#8220;1\/2&#8243;][vc_column_text] KREUZBODENS\u00c4CKE [\/vc_column_text][vc_empty_space][vc_single_image image=&#8220;476&#8243; img_size=&#8220;full&#8220; alignment=&#8220;center&#8220; qode_css_animation=&#8220;&#8220;][\/vc_column][vc_column width=&#8220;1\/2&#8243;][vc_empty_space][vc_tabs style=&#8220;boxed&#8220;][vc_tab title=&#8220;PRODUKT&#8220; tab_id=&#8220;c5b211a2-5995-5&#8243;][vc_column_text]Dies ist die herk\u00f6mmlichste Art von S\u00e4cken, die in allen Branchen weit verbreitet ist. Wir k\u00f6nnen Kreuzbodens\u00e4cke in Kombination\u00a0&#8230;<\/p>\n","protected":false},"author":1,"featured_media":0,"parent":0,"menu_order":0,"comment_status":"closed","ping_status":"closed","template":"full_width.php","meta":{"footnotes":""},"class_list":["post-422","page","type-page","status-publish","hentry"],"_links":{"self":[{"href":"https:\/\/www.saccarta.it\/de\/wp-json\/wp\/v2\/pages\/422","targetHints":{"allow":["GET"]}}],"collection":[{"href":"https:\/\/www.saccarta.it\/de\/wp-json\/wp\/v2\/pages"}],"about":[{"href":"https:\/\/www.saccarta.it\/de\/wp-json\/wp\/v2\/types\/page"}],"author":[{"embeddable":true,"href":"https:\/\/www.saccarta.it\/de\/wp-json\/wp\/v2\/users\/1"}],"replies":[{"embeddable":true,"href":"https:\/\/www.saccarta.it\/de\/wp-json\/wp\/v2\/comments?post=422"}],"version-history":[{"count":9,"href":"https:\/\/www.saccarta.it\/de\/wp-json\/wp\/v2\/pages\/422\/revisions"}],"predecessor-version":[{"id":915,"href":"https:\/\/www.saccarta.it\/de\/wp-json\/wp\/v2\/pages\/422\/revisions\/915"}],"wp:attachment":[{"href":"https:\/\/www.saccarta.it\/de\/wp-json\/wp\/v2\/media?parent=422"}],"curies":[{"name":"wp","href":"https:\/\/api.w.org\/{rel}","templated":true}]}}