{"id":391,"date":"2021-11-15T21:17:02","date_gmt":"2021-11-15T20:17:02","guid":{"rendered":"https:\/\/www.saccarta.it\/?page_id=391"},"modified":"2026-03-12T14:11:39","modified_gmt":"2026-03-12T13:11:39","slug":"qualita","status":"publish","type":"page","link":"https:\/\/www.saccarta.it\/de\/qualita\/","title":{"rendered":"Qualit\u00e4t"},"content":{"rendered":"<p>[vc_row css_animation=&#8220;&#8220; row_type=&#8220;row&#8220; use_row_as_full_screen_section=&#8220;no&#8220; type=&#8220;full_width&#8220; angled_section=&#8220;no&#8220; text_align=&#8220;left&#8220; background_image_as_pattern=&#8220;without_pattern&#8220;][vc_column][vc_single_image image=&#8220;455&#8243; img_size=&#8220;full&#8220; qode_css_animation=&#8220;&#8220;][\/vc_column][\/vc_row][vc_row css_animation=&#8220;&#8220; row_type=&#8220;row&#8220; use_row_as_full_screen_section=&#8220;no&#8220; type=&#8220;grid&#8220; angled_section=&#8220;no&#8220; text_align=&#8220;left&#8220; background_image_as_pattern=&#8220;without_pattern&#8220; z_index=&#8220;&#8220;][vc_column][vc_empty_space][vc_column_text]<\/p>\n<h2>QUALIT\u00c4T&#8216;<\/h2>\n<p>[\/vc_column_text][vc_empty_space height=&#8220;16px&#8220;][vc_column_text]Ein wichtiger Teil unserer Arbeit besteht darin, unsere Kunden gut kennen zu lernen, um stets eine Verpackungsl\u00f6sung anbieten zu k\u00f6nnen, die die verschiedenen Bed\u00fcrfnisse miteinander in Einklang bringt und optimiert.<br \/>\nUnsere Anlagen und unsere Erfahrung erm\u00f6glichen es uns, technisch einwandfreie Papiers\u00e4cke zu produzieren und zu liefern, aber worauf wir am meisten stolz sind, ist der Service, den wir unseren Kunden bieten.<\/p>\n<p>Unsere Schl\u00fcsselw\u00f6rter sind direkter Kontakt, Service und Flexibilit\u00e4t. Die Kunden werden bei ihren Entscheidungen von unseren Mitarbeitern unterst\u00fctzt, die sie in ihrer eigenen Sprache mit einem umfassenden kundenorientierten Verkaufs- und Kundendienst betreuen.<br \/>\n[\/vc_column_text][vc_empty_space][\/vc_column][\/vc_row][vc_row css_animation=&#8220;&#8220; row_type=&#8220;row&#8220; use_row_as_full_screen_section=&#8220;no&#8220; type=&#8220;grid&#8220; angled_section=&#8220;no&#8220; text_align=&#8220;left&#8220; background_image_as_pattern=&#8220;without_pattern&#8220; z_index=&#8220;&#8220; css=&#8220;.vc_custom_1647985895503{padding-top: 30px !important;background-color: #ffffff !important;}&#8220;][vc_column width=&#8220;1\/3&#8243;]<div class='q_icon_with_title very_large custom_icon_image '><div class=\"icon_holder \" style=\" \"><img decoding=\"async\" itemprop=\"image\" style=\"\" src=\"https:\/\/www.saccarta.it\/wp-content\/uploads\/2022\/02\/icona_01.png\" alt=\"\"><\/div><div class=\"icon_text_holder\" style=\"\"><div class=\"icon_text_inner\" style=\"\"><h4 class=\"icon_title\" style=\"font-weight: 500;\">Innovation<\/h4><p style=''>Es ist nicht die st\u00e4rkste Spezies, die \u00fcberlebt, noch die intelligenteste, die \u00fcberlebt. Es ist diejenige, die am anpassungsf\u00e4higsten an Ver\u00e4nderungen ist.<\/p><\/div><\/div><\/div>[vc_column_text]<\/p>\n<p style=\"text-align: right;\"><em>Charles Darwin<\/em><\/p>\n<p>[\/vc_column_text][\/vc_column][vc_column width=&#8220;1\/3&#8243;]<div class='q_icon_with_title very_large custom_icon_image '><div class=\"icon_holder \" style=\" \"><img decoding=\"async\" itemprop=\"image\" style=\"\" src=\"https:\/\/www.saccarta.it\/wp-content\/uploads\/2022\/02\/icona-05.png\" alt=\"\"><\/div><div class=\"icon_text_holder\" style=\"\"><div class=\"icon_text_inner\" style=\"\"><h4 class=\"icon_title\" style=\"font-weight: 500;\">Qualit\u00e4t<\/h4><p style=''>Qualit\u00e4t bedeutet, es richtig zu machen, wenn niemand hinschaut<\/p><\/div><\/div><\/div>[vc_empty_space height=&#8220;20px&#8220;][vc_column_text]<\/p>\n<p style=\"text-align: right;\"><em>Henry Ford<\/em><\/p>\n<p>[\/vc_column_text][\/vc_column][vc_column width=&#8220;1\/3&#8243;]<div class='q_icon_with_title very_large custom_icon_image '><div class=\"icon_holder \" style=\" \"><img decoding=\"async\" itemprop=\"image\" style=\"\" src=\"https:\/\/www.saccarta.it\/wp-content\/uploads\/2022\/02\/icona-12.png\" alt=\"\"><\/div><div class=\"icon_text_holder\" style=\"\"><div class=\"icon_text_inner\" style=\"\"><h4 class=\"icon_title\" style=\"font-weight: 500;\">Kundendienst<\/h4><p style=''>Kundenservice sollte keine Abteilung sein, sondern das gesamte Unternehmen.<\/p><\/div><\/div><\/div>[vc_column_text]<\/p>\n<p style=\"text-align: right;\"><em>Tony Hsieh<\/em><\/p>\n<p>[\/vc_column_text][\/vc_column][\/vc_row][vc_row css_animation=&#8220;&#8220; row_type=&#8220;row&#8220; use_row_as_full_screen_section=&#8220;no&#8220; type=&#8220;grid&#8220; angled_section=&#8220;no&#8220; text_align=&#8220;left&#8220; background_image_as_pattern=&#8220;without_pattern&#8220; z_index=&#8220;&#8220; css=&#8220;.vc_custom_1647986012439{padding-top: 30px !important;background-color: #ffffff !important;}&#8220;][vc_column width=&#8220;1\/3&#8243;]<div class='q_icon_with_title very_large custom_icon_image '><div class=\"icon_holder \" style=\" \"><img decoding=\"async\" itemprop=\"image\" style=\"\" src=\"https:\/\/www.saccarta.it\/wp-content\/uploads\/2022\/02\/icona-04.png\" alt=\"\"><\/div><div class=\"icon_text_holder\" style=\"\"><div class=\"icon_text_inner\" style=\"\"><h4 class=\"icon_title\" style=\"font-weight: 500;\">Tradition<\/h4><p style=''>Studieren Sie die Vergangenheit, wenn Sie die Zukunft definieren wollen.<\/p><\/div><\/div><\/div>[vc_empty_space height=&#8220;20px&#8220;][vc_column_text]<\/p>\n<p style=\"text-align: right;\"><em>Confucio<\/em><\/p>\n<p>[\/vc_column_text][\/vc_column][vc_column width=&#8220;1\/3&#8243;]<div class='q_icon_with_title very_large custom_icon_image '><div class=\"icon_holder \" style=\" \"><img decoding=\"async\" itemprop=\"image\" style=\"\" src=\"https:\/\/www.saccarta.it\/wp-content\/uploads\/2022\/02\/icona-08.png\" alt=\"\"><\/div><div class=\"icon_text_holder\" style=\"\"><div class=\"icon_text_inner\" style=\"\"><h4 class=\"icon_title\" style=\"font-weight: 500;\">Sicherheit<\/h4><p style=''>Tue so, als w\u00fcrde das, was du tust, einen Unterschied machen. Es tut<\/p><\/div><\/div><\/div>[vc_column_text]<\/p>\n<p style=\"text-align: right;\"><em>William James<\/em><\/p>\n<p>[\/vc_column_text][\/vc_column][vc_column width=&#8220;1\/3&#8243;]<div class='q_icon_with_title very_large custom_icon_image '><div class=\"icon_holder \" style=\" \"><img decoding=\"async\" itemprop=\"image\" style=\"\" src=\"https:\/\/www.saccarta.it\/wp-content\/uploads\/2022\/02\/icona-02.png\" alt=\"\"><\/div><div class=\"icon_text_holder\" style=\"\"><div class=\"icon_text_inner\" style=\"\"><h4 class=\"icon_title\" style=\"font-weight: 500;\">Umfeld<\/h4><p style=''>Ich denke, Land zu haben und es nicht zu ruinieren, ist die sch\u00f6nste Kunst, die man sich nur w\u00fcnschen kann<\/p><\/div><\/div><\/div>[vc_column_text]<\/p>\n<p style=\"text-align: right;\"><em>Andy Warhol<\/em><\/p>\n<p>[\/vc_column_text][\/vc_column][\/vc_row][vc_row css_animation=&#8220;&#8220; row_type=&#8220;row&#8220; use_row_as_full_screen_section=&#8220;no&#8220; type=&#8220;grid&#8220; angled_section=&#8220;no&#8220; text_align=&#8220;left&#8220; background_image_as_pattern=&#8220;without_pattern&#8220; z_index=&#8220;&#8220; css=&#8220;.vc_custom_1647986005519{background-color: #ffffff !important;}&#8220;][vc_column][vc_empty_space][\/vc_column][\/vc_row][vc_row css_animation=&#8220;&#8220; row_type=&#8220;row&#8220; use_row_as_full_screen_section=&#8220;no&#8220; type=&#8220;grid&#8220; angled_section=&#8220;no&#8220; text_align=&#8220;left&#8220; background_image_as_pattern=&#8220;without_pattern&#8220; z_index=&#8220;&#8220; css=&#8220;.vc_custom_1647985663950{margin-top: 30px !important;}&#8220;][vc_column][vc_empty_space][vc_column_text]<\/p>\n<h2>UNSERE ZERTIFIZIERUNGEN<\/h2>\n<p>[\/vc_column_text][vc_empty_space]<div class='q_list circle'>ISO 9001 &#8211; Zertifizierung des Umweltmanagementsystems &#8211; <a href=\"https:\/\/www.saccarta.it\/wp-content\/uploads\/2024\/06\/ISO-9001_2015.pdf\">Download PDF<\/a><\/p>\n<p>FSSC 22000 &#8211; Zertifizierung\u00a0 f\u00fcr die Lebensmittelsicherheit &#8211; <a href=\"https:\/\/www.saccarta.it\/wp-content\/uploads\/2024\/02\/29301_240202_CQ.pdf\">Download PDF<\/a><\/p>\n<p>ISO 45001 &#8211; Zertifizierung f\u00fcr Sicherheit und Gesundheitsschutz am Arbeitsplatz (OHSMS) &#8211; <a href=\"https:\/\/www.saccarta.it\/wp-content\/uploads\/2022\/02\/ISO-45001_2018.pdf\">Download PDF<\/a><\/p>\n<p>Chain of Custody &#8211; <a href=\"https:\/\/www.saccarta.it\/wp-content\/uploads\/2022\/02\/FSC-000454_091118.pdf\">Download PDF<\/a><\/p>\n<p>ISO 14001 &#8211; Zertifizierung des unternehmensweiten Qualit\u00e4tsmanagementsystems &#8211; <a href=\"https:\/\/www.saccarta.it\/wp-content\/uploads\/2026\/03\/ISO-14001_2015.pdf\">Download PDF<\/a><\/div>[vc_empty_space][\/vc_column][\/vc_row][vc_row css_animation=&#8220;&#8220; row_type=&#8220;row&#8220; use_row_as_full_screen_section=&#8220;no&#8220; type=&#8220;grid&#8220; angled_section=&#8220;no&#8220; text_align=&#8220;left&#8220; background_image_as_pattern=&#8220;without_pattern&#8220; z_index=&#8220;&#8220; css=&#8220;.vc_custom_1637601141360{padding-top: 30px !important;padding-bottom: 30px !important;background-color: #ffffff !important;}&#8220;][vc_column][vc_row_inner row_type=&#8220;row&#8220; type=&#8220;full_width&#8220; text_align=&#8220;center&#8220; css_animation=&#8220;&#8220;][vc_column_inner width=&#8220;1\/2&#8243;][vc_column_text]<\/p>\n<h2 style=\"text-align: left;\">UMWELTSCHUTZ<\/h2>\n<p>[\/vc_column_text][vc_empty_space height=&#8220;16px&#8220;][vc_column_text]<\/p>\n<p style=\"text-align: left;\">Heute ist es wichtiger denn je, umweltfreundliche Entscheidungen f\u00fcr eine nachhaltige Zukunft zu treffen, und unsere Papiers\u00e4cke bieten ein komplettes Paket modernster Leistungen, das den Bed\u00fcrfnissen der Kunden sowohl in Bezug auf die Verpackung als auch auf die Umweltvertr\u00e4glichkeit perfekt entspricht.<\/p>\n<p>&nbsp;<\/p>\n<p style=\"text-align: left;\">Inspiriert von der Natur, die uns gro\u00dfartige nat\u00fcrliche Verpackungsl\u00f6sungen bietet, entwickeln wir weiterhin Produkte, die den Bed\u00fcrfnissen unserer Kunden entsprechen, und verwenden dabei \u00fcberwiegend Rohstoffe nat\u00fcrlichen Ursprungs.<\/p>\n<p>&nbsp;<\/p>\n<p style=\"text-align: left;\">Der Hauptrohstoff f\u00fcr unsere Papiers\u00e4cke ist Kraftpapier, das zu 100 Prozent aus Frischfasern besteht und aus nachhaltig bewirtschafteten europ\u00e4ischen W\u00e4ldern stammt. Unsere Arbeit basiert bei allem was wir machen auf einem hohen Ma\u00df an Erfahrung und Fachwissen.<br \/>\nPapiers\u00e4cke sind die richtige Wahl f\u00fcr Hersteller und Abf\u00fcller von trockenen Masseng\u00fctern: Sie bieten ein gutes Preis-Leistungs-Verh\u00e4ltnis, sch\u00fctzen das Produkt wirksam w\u00e4hrend der gesamten Lieferkette und beeintr\u00e4chtigen die Lebensqualit\u00e4t k\u00fcnftiger Generationen nicht.<\/p>\n<p>[\/vc_column_text][\/vc_column_inner][vc_column_inner width=&#8220;1\/2&#8243;][vc_empty_space][vc_video link=&#8220;https:\/\/www.youtube.com\/watch?v=epChPc6mJsI&#8220;][vc_empty_space][\/vc_column_inner][\/vc_row_inner][\/vc_column][\/vc_row][vc_row css_animation=&#8220;&#8220; row_type=&#8220;row&#8220; use_row_as_full_screen_section=&#8220;no&#8220; type=&#8220;full_width&#8220; angled_section=&#8220;no&#8220; text_align=&#8220;left&#8220; background_image_as_pattern=&#8220;without_pattern&#8220;][vc_column][vc_empty_space][\/vc_column][\/vc_row]<\/p>\n","protected":false},"excerpt":{"rendered":"<p>[vc_row css_animation=&#8220;&#8220; row_type=&#8220;row&#8220; use_row_as_full_screen_section=&#8220;no&#8220; type=&#8220;full_width&#8220; angled_section=&#8220;no&#8220; text_align=&#8220;left&#8220; background_image_as_pattern=&#8220;without_pattern&#8220;][vc_column][vc_single_image image=&#8220;455&#8243; img_size=&#8220;full&#8220; qode_css_animation=&#8220;&#8220;][\/vc_column][\/vc_row][vc_row css_animation=&#8220;&#8220; row_type=&#8220;row&#8220; use_row_as_full_screen_section=&#8220;no&#8220; type=&#8220;grid&#8220; angled_section=&#8220;no&#8220; text_align=&#8220;left&#8220; background_image_as_pattern=&#8220;without_pattern&#8220; z_index=&#8220;&#8220;][vc_column][vc_empty_space][vc_column_text] QUALIT\u00c4T&#8216; [\/vc_column_text][vc_empty_space height=&#8220;16px&#8220;][vc_column_text]Ein wichtiger Teil unserer Arbeit besteht darin, unsere Kunden gut kennen zu lernen, um stets eine Verpackungsl\u00f6sung anbieten zu k\u00f6nnen, die die verschiedenen Bed\u00fcrfnisse&#8230;<\/p>\n","protected":false},"author":1,"featured_media":0,"parent":0,"menu_order":0,"comment_status":"closed","ping_status":"closed","template":"full_width.php","meta":{"footnotes":""},"class_list":["post-391","page","type-page","status-publish","hentry"],"_links":{"self":[{"href":"https:\/\/www.saccarta.it\/de\/wp-json\/wp\/v2\/pages\/391","targetHints":{"allow":["GET"]}}],"collection":[{"href":"https:\/\/www.saccarta.it\/de\/wp-json\/wp\/v2\/pages"}],"about":[{"href":"https:\/\/www.saccarta.it\/de\/wp-json\/wp\/v2\/types\/page"}],"author":[{"embeddable":true,"href":"https:\/\/www.saccarta.it\/de\/wp-json\/wp\/v2\/users\/1"}],"replies":[{"embeddable":true,"href":"https:\/\/www.saccarta.it\/de\/wp-json\/wp\/v2\/comments?post=391"}],"version-history":[{"count":32,"href":"https:\/\/www.saccarta.it\/de\/wp-json\/wp\/v2\/pages\/391\/revisions"}],"predecessor-version":[{"id":997,"href":"https:\/\/www.saccarta.it\/de\/wp-json\/wp\/v2\/pages\/391\/revisions\/997"}],"wp:attachment":[{"href":"https:\/\/www.saccarta.it\/de\/wp-json\/wp\/v2\/media?parent=391"}],"curies":[{"name":"wp","href":"https:\/\/api.w.org\/{rel}","templated":true}]}}