{"id":328,"date":"2021-11-09T22:14:45","date_gmt":"2021-11-09T21:14:45","guid":{"rendered":"https:\/\/www.saccarta.it\/?page_id=328"},"modified":"2024-09-27T16:37:21","modified_gmt":"2024-09-27T14:37:21","slug":"prodotti","status":"publish","type":"page","link":"https:\/\/www.saccarta.it\/de\/produkte\/","title":{"rendered":"Produkte"},"content":{"rendered":"<p>[vc_row css_animation=&#8220;&#8220; row_type=&#8220;row&#8220; use_row_as_full_screen_section=&#8220;no&#8220; type=&#8220;full_width&#8220; angled_section=&#8220;no&#8220; text_align=&#8220;left&#8220; background_image_as_pattern=&#8220;without_pattern&#8220;][vc_column][vc_single_image image=&#8220;435&#8243; img_size=&#8220;full&#8220; alignment=&#8220;center&#8220; qode_css_animation=&#8220;&#8220;][\/vc_column][\/vc_row][vc_row css_animation=&#8220;&#8220; row_type=&#8220;row&#8220; use_row_as_full_screen_section=&#8220;no&#8220; type=&#8220;grid&#8220; angled_section=&#8220;no&#8220; text_align=&#8220;left&#8220; background_image_as_pattern=&#8220;without_pattern&#8220; z_index=&#8220;&#8220;][vc_column][vc_empty_space][vc_column_text]<\/p>\n<h2><strong>UNSERE PRODUKTE<\/strong><\/h2>\n<p>[\/vc_column_text][vc_empty_space height=&#8220;16px&#8220;][vc_column_text]Die st\u00e4ndige Anpassung an die neuen technologischen Gegebenheiten, die in die Produktionszyklen einflie\u00dfen, das Qualit\u00e4tsbewusstsein und die Erfahrung bei der Herstellung von S\u00e4cken erm\u00f6glichen es uns, auf einen immer anspruchsvolleren Markt zu reagieren: Die Ausf\u00fchrung jedes Sacks ist auf die spezifischen technischen Anforderungen der Kunden zugeschnitten, um diese voll und ganz zufrieden zu stellen.[\/vc_column_text][vc_empty_space][\/vc_column][\/vc_row][vc_row css_animation=&#8220;&#8220; row_type=&#8220;row&#8220; use_row_as_full_screen_section=&#8220;no&#8220; type=&#8220;grid&#8220; angled_section=&#8220;no&#8220; text_align=&#8220;center&#8220; background_image_as_pattern=&#8220;without_pattern&#8220; z_index=&#8220;&#8220;][vc_column width=&#8220;1\/2&#8243;]<div class=\"q_image_with_text_over q_iwto_hover\"><div class=\"shader\" style = \"background-color: rgba(255,255,255,0.01)\"><\/div><div class=\"shader_hover\" style=\"background-color: rgba(252,252,252,0.9)\"><\/div><img decoding=\"async\" itemprop=\"image\" src=\"https:\/\/www.saccarta.it\/wp-content\/uploads\/2022\/02\/BOCCA-APERTA.jpeg\" alt=\"\" \/><div class=\"text\"><table><tr><td><h3 class=\"caption no_icon\" style=\"color: #000000;\"><\/h3><\/td><\/tr><\/table><table><tr><td><div class=\"desc\"><\/p>\n<h3 style=\"text-align: center; color: #918888;\">KREUZBODENS\u00c4CKE<\/h3>\n<p style=\"text-align: center; color: #918888;\">Dies ist die herk\u00f6mmlichste Art von S\u00e4cken, die in allen Branchen weit verbreitet ist.<\/p>\n<p><\/div><\/td><\/tr><\/table><\/div><\/div>[vc_empty_space]<a  itemprop=\"url\" href=\"https:\/\/www.saccarta.it\/de\/kreuzbodensacke\/\" target=\"_self\"  class=\"qbutton  small center default\" style=\"\">Mehr erfahren<\/a>[vc_empty_space][\/vc_column][vc_column width=&#8220;1\/2&#8243;]<div class=\"q_image_with_text_over q_iwto_hover\"><div class=\"shader\" style = \"background-color: rgba(255,255,255,0.01)\"><\/div><div class=\"shader_hover\" style=\"background-color: rgba(252,252,252,0.9)\"><\/div><img decoding=\"async\" itemprop=\"image\" src=\"https:\/\/www.saccarta.it\/wp-content\/uploads\/2021\/11\/PINCH-BOTTOM-BAG.jpg\" alt=\"\" \/><div class=\"text\"><table><tr><td><h3 class=\"caption no_icon\" style=\"color: #000000;\"><\/h3><\/td><\/tr><\/table><table><tr><td><div class=\"desc\"><\/p>\n<h2 style=\"text-align: center; color: #918888;\">Pinch Bottom S\u00e4cke<\/h2>\n<p style=\"text-align: center; color: #918888;\">Ob mit oder ohne Seitenfalten, Pinch Bottom S\u00e4cke sind<\/p>\n<p><\/div><\/td><\/tr><\/table><\/div><\/div>[vc_empty_space]<a  itemprop=\"url\" href=\"https:\/\/www.saccarta.it\/de\/pinch-bottom-sacke\/\" target=\"_self\"  class=\"qbutton  small center default\" style=\"\">Mehr erfahren<\/a>[vc_empty_space][\/vc_column][\/vc_row][vc_row css_animation=&#8220;&#8220; row_type=&#8220;row&#8220; use_row_as_full_screen_section=&#8220;no&#8220; type=&#8220;grid&#8220; angled_section=&#8220;no&#8220; text_align=&#8220;center&#8220; background_image_as_pattern=&#8220;without_pattern&#8220; z_index=&#8220;&#8220;][vc_column width=&#8220;1\/2&#8243;]<div class=\"q_image_with_text_over q_iwto_hover\"><div class=\"shader\" style = \"background-color: rgba(255,255,255,0.01)\"><\/div><div class=\"shader_hover\" style=\"background-color: rgba(252,252,252,0.9)\"><\/div><img decoding=\"async\" itemprop=\"image\" src=\"https:\/\/www.saccarta.it\/wp-content\/uploads\/2022\/03\/SACCO-A-VALVOLA.jpg\" alt=\"\" \/><div class=\"text\"><table><tr><td><h3 class=\"caption no_icon\" style=\"color: #000000;\"><\/h3><\/td><\/tr><\/table><table><tr><td><div class=\"desc\"><\/p>\n<h2 style=\"text-align: center; color: #918888;\">VENTILS\u00c4CKE<\/h2>\n<p style=\"text-align: center; color: #918888;\">Dies ist der in allen Industriebereichen am weitesten verbreitete Sack, der f\u00fcr die Hochgeschwindigkeitsabf\u00fcllung konzipiert ist.<\/p>\n<p><\/div><\/td><\/tr><\/table><\/div><\/div>[vc_empty_space]<a  itemprop=\"url\" href=\"https:\/\/www.saccarta.it\/de\/ventilsacke\/\" target=\"_self\"  class=\"qbutton  small center default\" style=\"\">Mehr erfahren<\/a>[vc_empty_space][\/vc_column][vc_column width=&#8220;1\/2&#8243;]<div class=\"q_image_with_text_over q_iwto_hover\"><div class=\"shader\" style = \"background-color: rgba(255,255,255,0.01)\"><\/div><div class=\"shader_hover\" style=\"background-color: rgba(252,252,252,0.9)\"><\/div><img decoding=\"async\" itemprop=\"image\" src=\"https:\/\/www.saccarta.it\/wp-content\/uploads\/2022\/02\/CUCITO.jpeg\" alt=\"\" \/><div class=\"text\"><table><tr><td><h3 class=\"caption no_icon\" style=\"color: #000000;\"><\/h3><\/td><\/tr><\/table><table><tr><td><div class=\"desc\"><\/p>\n<h2 style=\"text-align: center; color: #918888;\">GEN\u00c4HTE S\u00c4CKE<\/h2>\n<p style=\"text-align: center; color: #918888;\">Es ist die einfachste Form des Sackes, \u00e4hnlich dem traditionellen Sack aus Jute<\/p>\n<p><\/div><\/td><\/tr><\/table><\/div><\/div>[vc_empty_space]<a  itemprop=\"url\" href=\"https:\/\/www.saccarta.it\/de\/genahte-sacke\/\" target=\"_self\"  class=\"qbutton  small center default\" style=\"\">Mehr erfahren<\/a>[vc_empty_space][\/vc_column][\/vc_row][vc_row css_animation=&#8220;&#8220; row_type=&#8220;row&#8220; use_row_as_full_screen_section=&#8220;no&#8220; type=&#8220;grid&#8220; angled_section=&#8220;no&#8220; text_align=&#8220;left&#8220; background_image_as_pattern=&#8220;without_pattern&#8220; z_index=&#8220;&#8220;][vc_column][vc_empty_space][\/vc_column][\/vc_row][vc_row css_animation=&#8220;&#8220; row_type=&#8220;row&#8220; use_row_as_full_screen_section=&#8220;no&#8220; type=&#8220;grid&#8220; angled_section=&#8220;no&#8220; text_align=&#8220;left&#8220; background_image_as_pattern=&#8220;without_pattern&#8220; z_index=&#8220;&#8220;][vc_column][vc_empty_space][vc_column_text]<\/p>\n<h2>UNSERE SPEZIALIT\u00c4TEN<\/h2>\n<p>[\/vc_column_text][vc_empty_space][\/vc_column][\/vc_row][vc_row css_animation=&#8220;&#8220; row_type=&#8220;row&#8220; use_row_as_full_screen_section=&#8220;no&#8220; type=&#8220;grid&#8220; angled_section=&#8220;no&#8220; text_align=&#8220;center&#8220; background_image_as_pattern=&#8220;without_pattern&#8220; z_index=&#8220;&#8220;][vc_column width=&#8220;1\/3&#8243;]<div class=\"q_image_with_text_over q_iwto_hover\"><div class=\"shader\" style = \"background-color: rgba(255,255,255,0.01)\"><\/div><div class=\"shader_hover\" style=\"background-color: rgba(252,252,252,0.9)\"><\/div><img decoding=\"async\" itemprop=\"image\" src=\"https:\/\/www.saccarta.it\/wp-content\/uploads\/2021\/11\/MANIGLIA.jpg\" alt=\"\" \/><div class=\"text\"><table><tr><td><h3 class=\"caption no_icon\" style=\"color: #000000;\"><\/h3><\/td><\/tr><\/table><table><tr><td><div class=\"desc\"><\/p>\n<h3 style=\"text-align: center; color: #918888;\">TRAGEGRIFF<\/h3>\n<p style=\"text-align: center; color: #918888;\">Der \u00e4u\u00dfere Geh\u00e4useboden ist aus speziellen hochbest\u00e4ndigen Materialien hergestellt, um eine Trag- und Transportkapazit\u00e4t von etwa 10\/15 kg zu erm\u00f6glichen.<\/p>\n<p><\/div><\/td><\/tr><\/table><\/div><\/div>[vc_empty_space]<a  itemprop=\"url\" href=\"https:\/\/www.saccarta.it\/de\/tragegriff\/\" target=\"_self\"  class=\"qbutton  small center default\" style=\"\">Mehr erfahren<\/a>[vc_empty_space][\/vc_column][vc_column width=&#8220;1\/3&#8243;]<div class=\"q_image_with_text_over q_iwto_hover\"><div class=\"shader\" style = \"background-color: rgba(255,255,255,0.01)\"><\/div><div class=\"shader_hover\" style=\"background-color: rgba(252,252,252,0.9)\"><\/div><img decoding=\"async\" itemprop=\"image\" src=\"https:\/\/www.saccarta.it\/wp-content\/uploads\/2022\/02\/DETTAGLIO-EASY-OPEN.jpg\" alt=\"\" \/><div class=\"text\"><table><tr><td><h3 class=\"caption no_icon\" style=\"color: #000000;\"><\/h3><\/td><\/tr><\/table><table><tr><td><div class=\"desc\"><\/p>\n<h3 style=\"text-align: center; color: #918888;\">EASY OPEN<\/h3>\n<p style=\"text-align: center; color: #918888;\">Es sind verschiedene Arten von Easy Open erh\u00e4ltlich, die alle die Funktion haben, das \u00d6ffnen des Beutels und das Freigeben des Inhalts zu erleichtern.<\/p>\n<p><\/div><\/td><\/tr><\/table><\/div><\/div>[vc_empty_space]<a  itemprop=\"url\" href=\"https:\/\/www.saccarta.it\/de\/easy-open\/\" target=\"_self\"  class=\"qbutton  small center default\" style=\"\">Mehr erfahren<\/a>[vc_empty_space][\/vc_column][vc_column width=&#8220;1\/3&#8243;]<div class=\"q_image_with_text_over q_iwto_hover\"><div class=\"shader\" style = \"background-color: rgba(255,255,255,0.01)\"><\/div><div class=\"shader_hover\" style=\"background-color: rgba(252,252,252,0.9)\"><\/div><img decoding=\"async\" itemprop=\"image\" src=\"https:\/\/www.saccarta.it\/wp-content\/uploads\/2022\/02\/DETTAGLIO-FINESTRA.jpeg\" alt=\"\" \/><div class=\"text\"><table><tr><td><h3 class=\"caption no_icon\" style=\"color: #000000;\"><\/h3><\/td><\/tr><\/table><table><tr><td><div class=\"desc\"><\/p>\n<h2 style=\"text-align: center; color: #918888;\">FENSTER<\/h2>\n<h3 style=\"text-align: center; color: #918888;\">(Saccarta-Patent)<\/h3>\n<p style=\"text-align: center; color: #918888;\">Ein vollst\u00e4ndig aus Papier bestehender Beutel, der mit einem transparenten Polyethylenfenster ausgestattet ist, durch das Sie das Produkt im Inneren des Beutels sehen k\u00f6nnen.<\/p>\n<p><\/div><\/td><\/tr><\/table><\/div><\/div>[vc_empty_space]<a  itemprop=\"url\" href=\"https:\/\/www.saccarta.it\/de\/fenster\/\" target=\"_self\"  class=\"qbutton  small center default\" style=\"\">Mehr erfahren<\/a>[vc_empty_space][\/vc_column][\/vc_row][vc_row css_animation=&#8220;&#8220; row_type=&#8220;row&#8220; use_row_as_full_screen_section=&#8220;no&#8220; type=&#8220;grid&#8220; angled_section=&#8220;no&#8220; text_align=&#8220;center&#8220; background_image_as_pattern=&#8220;without_pattern&#8220; z_index=&#8220;&#8220;][vc_column width=&#8220;1\/3&#8243;]<div class=\"q_image_with_text_over q_iwto_hover\"><div class=\"shader\" style = \"background-color: rgba(255,255,255,0.01)\"><\/div><div class=\"shader_hover\" style=\"background-color: rgba(252,252,252,0.9)\"><\/div><img decoding=\"async\" itemprop=\"image\" src=\"https:\/\/www.saccarta.it\/wp-content\/uploads\/2022\/02\/DETTAGLIO-VALVOLA-TERMOSALDANTE.jpg\" alt=\"\" \/><div class=\"text\"><table><tr><td><h3 class=\"caption no_icon\" style=\"color: #000000;\"><\/h3><\/td><\/tr><\/table><table><tr><td><div class=\"desc\"><\/p>\n<h2 style=\"text-align: center; color: #918888;\">THERMOVENTIL<\/h2>\n<p style=\"text-align: center; color: #918888;\">Ein innovativer Ventiltyp, der durch W\u00e4rme belebt werden kann: Die Beutel sind versiegelt, staubfrei und garantieren einen optimalen Schutz des enthaltenen Produkts und eine Verl\u00e4ngerung der Haltbarkeit des Produkts.<\/p>\n<p><\/div><\/td><\/tr><\/table><\/div><\/div>[vc_empty_space]<a  itemprop=\"url\" href=\"https:\/\/www.saccarta.it\/de\/thermoventil\/\" target=\"_self\"  class=\"qbutton  small center default\" style=\"\">Mehr erfahren<\/a>[vc_empty_space][\/vc_column][vc_column width=&#8220;1\/3&#8243;]<div class=\"q_image_with_text_over q_iwto_hover\"><div class=\"shader\" style = \"background-color: rgba(255,255,255,0.01)\"><\/div><div class=\"shader_hover\" style=\"background-color: rgba(252,252,252,0.9)\"><\/div><img decoding=\"async\" itemprop=\"image\" src=\"https:\/\/www.saccarta.it\/wp-content\/uploads\/2021\/11\/TUBOLARE.jpg\" alt=\"\" \/><div class=\"text\"><table><tr><td><h3 class=\"caption no_icon\" style=\"color: #000000;\"><\/h3><\/td><\/tr><\/table><table><tr><td><div class=\"desc\"><\/p>\n<h2 style=\"text-align: center; color: #918888;\">S\u00c4CKE MIT SCHLAUCH PE<\/h2>\n<p style=\"text-align: center; color: #918888;\">Diese Beutel verf\u00fcgen \u00fcber eine produktber\u00fchrte PE-Auskleidung als Feuchtigkeitsbarriere und werden typischerweise f\u00fcr Produkte in der Lebensmittel- oder Tierern\u00e4hrungsindustrie verwendet.<\/p>\n<p><\/div><\/td><\/tr><\/table><\/div><\/div>[vc_empty_space]<a  itemprop=\"url\" href=\"https:\/\/www.saccarta.it\/de\/sacke-mit-schlauch-pe\/\" target=\"_self\"  class=\"qbutton  small center default\" style=\"\">Mehr erfahren<\/a>[vc_empty_space][\/vc_column][vc_column width=&#8220;1\/3&#8243;]<div class=\"q_image_with_text_over q_iwto_hover\"><div class=\"shader\" style = \"background-color: rgba(255,255,255,0.01)\"><\/div><div class=\"shader_hover\" style=\"background-color: rgba(252,252,252,0.9)\"><\/div><img decoding=\"async\" itemprop=\"image\" src=\"https:\/\/www.saccarta.it\/wp-content\/uploads\/2021\/11\/ALLUMINATO.jpg\" alt=\"\" \/><div class=\"text\"><table><tr><td><h3 class=\"caption no_icon\" style=\"color: #000000;\"><\/h3><\/td><\/tr><\/table><table><tr><td><div class=\"desc\"><\/p>\n<h2 style=\"text-align: center; color: #918888;\">S\u00c4CKE MIT BESCHICHTETEM PAPIER<\/h2>\n<p style=\"text-align: center; color: #918888;\">Diese Beutel verf\u00fcgen \u00fcber eine produktber\u00fchrte PE-Auskleidung als Feuchtigkeitsbarriere und werden typischerweise f\u00fcr Produkte in der Lebensmittel- oder Tierern\u00e4hrungsindustrie verwendet.<\/p>\n<p><\/div><\/td><\/tr><\/table><\/div><\/div>[vc_empty_space]<a  itemprop=\"url\" href=\"https:\/\/www.saccarta.it\/de\/sacke-mit-schlauch-pe\/\" target=\"_self\"  class=\"qbutton  small center default\" style=\"\">Mehr erfahren<\/a>[vc_empty_space][\/vc_column][\/vc_row][vc_row css_animation=&#8220;&#8220; row_type=&#8220;row&#8220; use_row_as_full_screen_section=&#8220;no&#8220; type=&#8220;grid&#8220; angled_section=&#8220;no&#8220; text_align=&#8220;left&#8220; background_image_as_pattern=&#8220;without_pattern&#8220; z_index=&#8220;&#8220;][vc_column][vc_empty_space][vc_empty_space][vc_column_text]<\/p>\n<h3><b>ALLGEMEINE GESCH\u00c4FTSBEDINGUNGEN<\/b><\/h3>\n<p style=\"text-align: left;\">Die von Saccarta angewandten Verkaufsbedingungen entsprechen den bei der Handelskammer hinterlegten und von der GIPSAC-Gruppe (Gruppo Italiano Produttori Sacchi A Grande Content), einem Mitglied der ASSOGRAFICI (Associazione Nazionale Italiana Industrie Grafiche Cartotecniche e Trasformatrici), allgemein angenommenen Bedingungen: Allgemeine Verkaufsbedingungen f\u00fcr Papiers\u00e4cke (<a href=\"https:\/\/www.saccarta.it\/wp-content\/uploads\/2024\/09\/Saccarta_Condizioni-di-vendita_EN.pdf\">PDF Herunterladen<\/a>)<\/p>\n<p>[\/vc_column_text][vc_empty_space][vc_column_text]<\/p>\n<h3><b>UNTERNEHMENSPOLITIK<\/b><\/h3>\n<p style=\"text-align: left;\">Saccarta hat es sich zur Aufgabe gemacht, seinen Kunden qualitativ hochwertige Produkte und Dienstleistungen anzubieten, um sie voll und ganz zufrieden zu stellen. Dabei arbeiten wir mit unseren Lieferanten zusammen, um die effizientesten und umweltfreundlichsten Technologien und Rohstoffe zu verwenden (<a href=\" https:\/\/www.saccarta.it\/wp-content\/uploads\/2022\/04\/Politica-2021_EN.pdf\">PDF Herunterladen<\/a>)<\/p>\n<p>[\/vc_column_text][\/vc_column][\/vc_row][vc_row css_animation=&#8220;&#8220; row_type=&#8220;row&#8220; use_row_as_full_screen_section=&#8220;no&#8220; type=&#8220;full_width&#8220; angled_section=&#8220;no&#8220; text_align=&#8220;left&#8220; background_image_as_pattern=&#8220;without_pattern&#8220;][vc_column][vc_empty_space][vc_empty_space][\/vc_column][\/vc_row]<\/p>\n","protected":false},"excerpt":{"rendered":"<p>[vc_row css_animation=&#8220;&#8220; row_type=&#8220;row&#8220; use_row_as_full_screen_section=&#8220;no&#8220; type=&#8220;full_width&#8220; angled_section=&#8220;no&#8220; text_align=&#8220;left&#8220; background_image_as_pattern=&#8220;without_pattern&#8220;][vc_column][vc_single_image image=&#8220;435&#8243; img_size=&#8220;full&#8220; alignment=&#8220;center&#8220; qode_css_animation=&#8220;&#8220;][\/vc_column][\/vc_row][vc_row css_animation=&#8220;&#8220; row_type=&#8220;row&#8220; use_row_as_full_screen_section=&#8220;no&#8220; type=&#8220;grid&#8220; angled_section=&#8220;no&#8220; text_align=&#8220;left&#8220; background_image_as_pattern=&#8220;without_pattern&#8220; z_index=&#8220;&#8220;][vc_column][vc_empty_space][vc_column_text] UNSERE PRODUKTE [\/vc_column_text][vc_empty_space height=&#8220;16px&#8220;][vc_column_text]Die st\u00e4ndige Anpassung an die neuen technologischen Gegebenheiten, die in die Produktionszyklen einflie\u00dfen, das Qualit\u00e4tsbewusstsein und die Erfahrung bei der Herstellung von&#8230;<\/p>\n","protected":false},"author":1,"featured_media":0,"parent":0,"menu_order":0,"comment_status":"closed","ping_status":"closed","template":"full_width.php","meta":{"footnotes":""},"class_list":["post-328","page","type-page","status-publish","hentry"],"_links":{"self":[{"href":"https:\/\/www.saccarta.it\/de\/wp-json\/wp\/v2\/pages\/328","targetHints":{"allow":["GET"]}}],"collection":[{"href":"https:\/\/www.saccarta.it\/de\/wp-json\/wp\/v2\/pages"}],"about":[{"href":"https:\/\/www.saccarta.it\/de\/wp-json\/wp\/v2\/types\/page"}],"author":[{"embeddable":true,"href":"https:\/\/www.saccarta.it\/de\/wp-json\/wp\/v2\/users\/1"}],"replies":[{"embeddable":true,"href":"https:\/\/www.saccarta.it\/de\/wp-json\/wp\/v2\/comments?post=328"}],"version-history":[{"count":46,"href":"https:\/\/www.saccarta.it\/de\/wp-json\/wp\/v2\/pages\/328\/revisions"}],"predecessor-version":[{"id":977,"href":"https:\/\/www.saccarta.it\/de\/wp-json\/wp\/v2\/pages\/328\/revisions\/977"}],"wp:attachment":[{"href":"https:\/\/www.saccarta.it\/de\/wp-json\/wp\/v2\/media?parent=328"}],"curies":[{"name":"wp","href":"https:\/\/api.w.org\/{rel}","templated":true}]}}